{"id":19589,"date":"2022-04-04T10:26:23","date_gmt":"2022-04-04T08:26:23","guid":{"rendered":"https:\/\/font-romeu.fr\/moures\/btt\/"},"modified":"2023-06-24T09:47:53","modified_gmt":"2023-06-24T07:47:53","slug":"btt","status":"publish","type":"page","link":"https:\/\/font-romeu.fr\/ca\/btt\/","title":{"rendered":"BTT"},"content":{"rendered":"<p>L&#8217;espai BTT-*FFC dels Pirineus Catalans proposa <strong>40 circuits BTT <\/strong>amb \u00a0<strong>502 km de pistes senyalitzades.<\/strong><\/p>\n<p>Font-Romeu i el seu altipl\u00e0 cerd\u00e0 ofereixen una qualitat de terreny inigualable a aquesta altitud (+1500 metres). En un majestu\u00f3s paisatge muntanyenc, entre boscos i pastures, sota la cust\u00f2dia del Carlit, aquest lloc BTT es caracteritza per la suavitat del relleu combinat amb els tranquils camins de les \u00e0mplies pistes d&#8217;esqu\u00ed de fons. Un veritable equilibri que permet que la pr\u00e0ctica i el plaer prevalguin per damunt l&#8217;esfor\u00e7.<\/p>\n<p>El transport de BTT en els telecadires des de la Calma\u00a0 tamb\u00e9 ofereix m\u00faltiples possibilitats de rutes de descens.<\/p>\n<p>Cal no oblidar, les oficines de Muntanya i els gu\u00edes especialitzats que proposen sortides amb materials originals; Quad BTT, BTT el\u00e8ctrica, descens BTT\/tornada amb el Tren Groc&#8230;<\/p>\n<p><em>*Lloguer i venda de bicicletes de muntanya al cor de l&#8217;estaci\u00f3<\/em><br \/>\n<em>*Mapa en venda en l&#8217;Oficina de Turisme<\/em><\/p>\n","protected":false},"excerpt":{"rendered":"<p>L&#8217;espai\u00a0BTT-*FFC\u00a0dels Pirineus Catalans proposa 40 circuits BTT amb \u00a0502 km de pistes senyalitzades.<\/p>\n","protected":false},"author":15,"featured_media":19103,"parent":0,"menu_order":0,"comment_status":"closed","ping_status":"closed","template":"page-offresSimple.php","meta":{"_acf_changed":false,"footnotes":""},"class_list":["post-19589","page","type-page","status-publish","has-post-thumbnail","hentry"],"acf":[],"yoast_head":"<!-- This site is optimized with the Yoast SEO plugin v27.3 - https:\/\/yoast.com\/product\/yoast-seo-wordpress\/ -->\n<title>BTT - Font-Romeu<\/title>\n<meta name=\"robots\" content=\"index, follow, max-snippet:-1, max-image-preview:large, max-video-preview:-1\" \/>\n<link rel=\"canonical\" href=\"https:\/\/font-romeu.fr\/ca\/btt\/\" \/>\n<meta property=\"og:locale\" content=\"ca_ES\" \/>\n<meta property=\"og:type\" content=\"article\" \/>\n<meta property=\"og:title\" content=\"BTT - Font-Romeu\" \/>\n<meta property=\"og:description\" content=\"L&#039;espai\u00a0BTT-*FFC\u00a0dels Pirineus Catalans proposa 40 circuits BTT amb \u00a0502 km de pistes senyalitzades.\" \/>\n<meta property=\"og:url\" content=\"https:\/\/font-romeu.fr\/ca\/btt\/\" \/>\n<meta property=\"og:site_name\" content=\"Font-Romeu\" \/>\n<meta property=\"article:modified_time\" content=\"2023-06-24T07:47:53+00:00\" \/>\n<meta property=\"og:image\" content=\"https:\/\/font-romeu.fr\/wp-content\/uploads\/2022\/04\/vtt.jpg\" \/>\n\t<meta property=\"og:image:width\" content=\"1024\" \/>\n\t<meta property=\"og:image:height\" content=\"640\" \/>\n\t<meta property=\"og:image:type\" content=\"image\/jpeg\" \/>\n<meta name=\"twitter:card\" content=\"summary_large_image\" \/>\n<meta name=\"twitter:label1\" content=\"Temps estimat de lectura\" \/>\n\t<meta name=\"twitter:data1\" content=\"1 minut\" \/>\n<script type=\"application\/ld+json\" class=\"yoast-schema-graph\">{\"@context\":\"https:\\\/\\\/schema.org\",\"@graph\":[{\"@type\":\"WebPage\",\"@id\":\"https:\\\/\\\/font-romeu.fr\\\/ca\\\/btt\\\/\",\"url\":\"https:\\\/\\\/font-romeu.fr\\\/ca\\\/btt\\\/\",\"name\":\"BTT - Font-Romeu\",\"isPartOf\":{\"@id\":\"https:\\\/\\\/font-romeu.fr\\\/ca\\\/#website\"},\"primaryImageOfPage\":{\"@id\":\"https:\\\/\\\/font-romeu.fr\\\/ca\\\/btt\\\/#primaryimage\"},\"image\":{\"@id\":\"https:\\\/\\\/font-romeu.fr\\\/ca\\\/btt\\\/#primaryimage\"},\"thumbnailUrl\":\"https:\\\/\\\/font-romeu.fr\\\/wp-content\\\/uploads\\\/2022\\\/04\\\/vtt.jpg\",\"datePublished\":\"2022-04-04T08:26:23+00:00\",\"dateModified\":\"2023-06-24T07:47:53+00:00\",\"breadcrumb\":{\"@id\":\"https:\\\/\\\/font-romeu.fr\\\/ca\\\/btt\\\/#breadcrumb\"},\"inLanguage\":\"ca\",\"potentialAction\":[{\"@type\":\"ReadAction\",\"target\":[\"https:\\\/\\\/font-romeu.fr\\\/ca\\\/btt\\\/\"]}]},{\"@type\":\"ImageObject\",\"inLanguage\":\"ca\",\"@id\":\"https:\\\/\\\/font-romeu.fr\\\/ca\\\/btt\\\/#primaryimage\",\"url\":\"https:\\\/\\\/font-romeu.fr\\\/wp-content\\\/uploads\\\/2022\\\/04\\\/vtt.jpg\",\"contentUrl\":\"https:\\\/\\\/font-romeu.fr\\\/wp-content\\\/uploads\\\/2022\\\/04\\\/vtt.jpg\",\"width\":1024,\"height\":640},{\"@type\":\"BreadcrumbList\",\"@id\":\"https:\\\/\\\/font-romeu.fr\\\/ca\\\/btt\\\/#breadcrumb\",\"itemListElement\":[{\"@type\":\"ListItem\",\"position\":1,\"name\":\"Accueil\",\"item\":\"https:\\\/\\\/font-romeu.fr\\\/ca\\\/\"},{\"@type\":\"ListItem\",\"position\":2,\"name\":\"BTT\"}]},{\"@type\":\"WebSite\",\"@id\":\"https:\\\/\\\/font-romeu.fr\\\/ca\\\/#website\",\"url\":\"https:\\\/\\\/font-romeu.fr\\\/ca\\\/\",\"name\":\"Font-romeu\",\"description\":\"Changez d&#039;altitude\",\"publisher\":{\"@id\":\"https:\\\/\\\/font-romeu.fr\\\/ca\\\/#organization\"},\"potentialAction\":[{\"@type\":\"SearchAction\",\"target\":{\"@type\":\"EntryPoint\",\"urlTemplate\":\"https:\\\/\\\/font-romeu.fr\\\/ca\\\/?s={search_term_string}\"},\"query-input\":{\"@type\":\"PropertyValueSpecification\",\"valueRequired\":true,\"valueName\":\"search_term_string\"}}],\"inLanguage\":\"ca\"},{\"@type\":\"Organization\",\"@id\":\"https:\\\/\\\/font-romeu.fr\\\/ca\\\/#organization\",\"name\":\"Office de Tourisme de Font-Romeu\",\"url\":\"https:\\\/\\\/font-romeu.fr\\\/ca\\\/\",\"logo\":{\"@type\":\"ImageObject\",\"inLanguage\":\"ca\",\"@id\":\"https:\\\/\\\/font-romeu.fr\\\/ca\\\/#\\\/schema\\\/logo\\\/image\\\/\",\"url\":\"https:\\\/\\\/font-romeu.fr\\\/wp-content\\\/uploads\\\/2021\\\/11\\\/LogoFontRomeu_orange-1.svg\",\"contentUrl\":\"https:\\\/\\\/font-romeu.fr\\\/wp-content\\\/uploads\\\/2021\\\/11\\\/LogoFontRomeu_orange-1.svg\",\"width\":1,\"height\":1,\"caption\":\"Office de Tourisme de Font-Romeu\"},\"image\":{\"@id\":\"https:\\\/\\\/font-romeu.fr\\\/ca\\\/#\\\/schema\\\/logo\\\/image\\\/\"},\"sameAs\":[\"https:\\\/\\\/www.instagram.com\\\/stationfontromeu\\\/\"]}]}<\/script>\n<!-- \/ Yoast SEO plugin. -->","yoast_head_json":{"title":"BTT - Font-Romeu","robots":{"index":"index","follow":"follow","max-snippet":"max-snippet:-1","max-image-preview":"max-image-preview:large","max-video-preview":"max-video-preview:-1"},"canonical":"https:\/\/font-romeu.fr\/ca\/btt\/","og_locale":"ca_ES","og_type":"article","og_title":"BTT - Font-Romeu","og_description":"L'espai\u00a0BTT-*FFC\u00a0dels Pirineus Catalans proposa 40 circuits BTT amb \u00a0502 km de pistes senyalitzades.","og_url":"https:\/\/font-romeu.fr\/ca\/btt\/","og_site_name":"Font-Romeu","article_modified_time":"2023-06-24T07:47:53+00:00","og_image":[{"width":1024,"height":640,"url":"https:\/\/font-romeu.fr\/wp-content\/uploads\/2022\/04\/vtt.jpg","type":"image\/jpeg"}],"twitter_card":"summary_large_image","twitter_misc":{"Temps estimat de lectura":"1 minut"},"schema":{"@context":"https:\/\/schema.org","@graph":[{"@type":"WebPage","@id":"https:\/\/font-romeu.fr\/ca\/btt\/","url":"https:\/\/font-romeu.fr\/ca\/btt\/","name":"BTT - Font-Romeu","isPartOf":{"@id":"https:\/\/font-romeu.fr\/ca\/#website"},"primaryImageOfPage":{"@id":"https:\/\/font-romeu.fr\/ca\/btt\/#primaryimage"},"image":{"@id":"https:\/\/font-romeu.fr\/ca\/btt\/#primaryimage"},"thumbnailUrl":"https:\/\/font-romeu.fr\/wp-content\/uploads\/2022\/04\/vtt.jpg","datePublished":"2022-04-04T08:26:23+00:00","dateModified":"2023-06-24T07:47:53+00:00","breadcrumb":{"@id":"https:\/\/font-romeu.fr\/ca\/btt\/#breadcrumb"},"inLanguage":"ca","potentialAction":[{"@type":"ReadAction","target":["https:\/\/font-romeu.fr\/ca\/btt\/"]}]},{"@type":"ImageObject","inLanguage":"ca","@id":"https:\/\/font-romeu.fr\/ca\/btt\/#primaryimage","url":"https:\/\/font-romeu.fr\/wp-content\/uploads\/2022\/04\/vtt.jpg","contentUrl":"https:\/\/font-romeu.fr\/wp-content\/uploads\/2022\/04\/vtt.jpg","width":1024,"height":640},{"@type":"BreadcrumbList","@id":"https:\/\/font-romeu.fr\/ca\/btt\/#breadcrumb","itemListElement":[{"@type":"ListItem","position":1,"name":"Accueil","item":"https:\/\/font-romeu.fr\/ca\/"},{"@type":"ListItem","position":2,"name":"BTT"}]},{"@type":"WebSite","@id":"https:\/\/font-romeu.fr\/ca\/#website","url":"https:\/\/font-romeu.fr\/ca\/","name":"Font-romeu","description":"Changez d&#039;altitude","publisher":{"@id":"https:\/\/font-romeu.fr\/ca\/#organization"},"potentialAction":[{"@type":"SearchAction","target":{"@type":"EntryPoint","urlTemplate":"https:\/\/font-romeu.fr\/ca\/?s={search_term_string}"},"query-input":{"@type":"PropertyValueSpecification","valueRequired":true,"valueName":"search_term_string"}}],"inLanguage":"ca"},{"@type":"Organization","@id":"https:\/\/font-romeu.fr\/ca\/#organization","name":"Office de Tourisme de Font-Romeu","url":"https:\/\/font-romeu.fr\/ca\/","logo":{"@type":"ImageObject","inLanguage":"ca","@id":"https:\/\/font-romeu.fr\/ca\/#\/schema\/logo\/image\/","url":"https:\/\/font-romeu.fr\/wp-content\/uploads\/2021\/11\/LogoFontRomeu_orange-1.svg","contentUrl":"https:\/\/font-romeu.fr\/wp-content\/uploads\/2021\/11\/LogoFontRomeu_orange-1.svg","width":1,"height":1,"caption":"Office de Tourisme de Font-Romeu"},"image":{"@id":"https:\/\/font-romeu.fr\/ca\/#\/schema\/logo\/image\/"},"sameAs":["https:\/\/www.instagram.com\/stationfontromeu\/"]}]}},"_links":{"self":[{"href":"https:\/\/font-romeu.fr\/ca\/wp-json\/wp\/v2\/pages\/19589","targetHints":{"allow":["GET"]}}],"collection":[{"href":"https:\/\/font-romeu.fr\/ca\/wp-json\/wp\/v2\/pages"}],"about":[{"href":"https:\/\/font-romeu.fr\/ca\/wp-json\/wp\/v2\/types\/page"}],"author":[{"embeddable":true,"href":"https:\/\/font-romeu.fr\/ca\/wp-json\/wp\/v2\/users\/15"}],"replies":[{"embeddable":true,"href":"https:\/\/font-romeu.fr\/ca\/wp-json\/wp\/v2\/comments?post=19589"}],"version-history":[{"count":2,"href":"https:\/\/font-romeu.fr\/ca\/wp-json\/wp\/v2\/pages\/19589\/revisions"}],"predecessor-version":[{"id":23334,"href":"https:\/\/font-romeu.fr\/ca\/wp-json\/wp\/v2\/pages\/19589\/revisions\/23334"}],"wp:featuredmedia":[{"embeddable":true,"href":"https:\/\/font-romeu.fr\/ca\/wp-json\/wp\/v2\/media\/19103"}],"wp:attachment":[{"href":"https:\/\/font-romeu.fr\/ca\/wp-json\/wp\/v2\/media?parent=19589"}],"curies":[{"name":"wp","href":"https:\/\/api.w.org\/{rel}","templated":true}]}}