{"id":19591,"date":"2021-10-11T11:23:33","date_gmt":"2021-10-11T09:23:33","guid":{"rendered":"https:\/\/font-romeu.fr\/descobrir\/"},"modified":"2023-08-19T10:16:15","modified_gmt":"2023-08-19T08:16:15","slug":"descobrir","status":"publish","type":"page","link":"https:\/\/font-romeu.fr\/ca\/descobrir\/","title":{"rendered":"Descobrir"},"content":{"rendered":"<h2>L&#8217;estaci\u00f3 de Font-Romeu<\/h2>\n<p>Font-Romeu \u00e9s una aut\u00e8ntica estaci\u00f3 de muntanya, esportiva i assolellada, enfilada a 1800 m d&#8217;altitud, enmig dels boscos, a 10 km de Catalunya.<\/p>\n<p>Aquesta estaci\u00f3 \u00abviu\u00bb tot l&#8217;any gr\u00e0cies als seus prop de 2000 habitants, els \u00abRomeufontains\u00bb. Nombroses segones resid\u00e8ncies\u00a0 completen el paisatge.<\/p>\n<p>El municipi de Font-Romeu-Odeillo-Via ofereix infraestructures esportives\u00a0 d&#8217; al\u00e7ada al centre d&#8217;entrenament preol\u00edmpic que alberga esportistes de tot el m\u00f3n que\u00a0 v\u00e9nen a entrenar-se al Centre Nacional d&#8217;Entrenament en Altitud (CNEA). El municipi tamb\u00e9 ofereix nombroses instal\u00b7lacions esportives accessibles per a tots.<\/p>\n","protected":false},"excerpt":{"rendered":"<p>L&#8217;estaci\u00f3 de Font-Romeu Font-Romeu \u00e9s una aut\u00e8ntica estaci\u00f3 de muntanya, esportiva i assolellada, enfilada a 1800 m d&#8217;altitud, enmig dels boscos, a 10 km de Catalunya. Aquesta estaci\u00f3 \u00abviu\u00bb tot l&#8217;any gr\u00e0cies als seus prop de 2000 habitants, els \u00abRomeufontains\u00bb. Nombroses segones resid\u00e8ncies\u00a0 completen el paisatge. El municipi de Font-Romeu-Odeillo-Via ofereix infraestructures esportives\u00a0 d&#8217; al\u00e7ada [&hellip;]<\/p>\n","protected":false},"author":15,"featured_media":18052,"parent":0,"menu_order":0,"comment_status":"closed","ping_status":"closed","template":"page-listePages.php","meta":{"_acf_changed":false,"footnotes":""},"class_list":["post-19591","page","type-page","status-publish","has-post-thumbnail","hentry"],"acf":[],"yoast_head":"<!-- This site is optimized with the Yoast SEO plugin v27.3 - https:\/\/yoast.com\/product\/yoast-seo-wordpress\/ -->\n<title>Descobrir - Font-Romeu<\/title>\n<meta name=\"description\" content=\"Font-Romeu \u00e9s una aut\u00e8ntica estaci\u00f3 de muntanya, esportiva i assolellada, enfilada a 1800 m d&#039;altitud, enmig dels boscos\" \/>\n<meta name=\"robots\" content=\"index, follow, max-snippet:-1, max-image-preview:large, max-video-preview:-1\" \/>\n<link rel=\"canonical\" href=\"https:\/\/font-romeu.fr\/ca\/descobrir\/\" \/>\n<meta property=\"og:locale\" content=\"ca_ES\" \/>\n<meta property=\"og:type\" content=\"article\" \/>\n<meta property=\"og:title\" content=\"Descobrir - Font-Romeu\" \/>\n<meta property=\"og:description\" content=\"Font-Romeu \u00e9s una aut\u00e8ntica estaci\u00f3 de muntanya, esportiva i assolellada, enfilada a 1800 m d&#039;altitud, enmig dels boscos\" \/>\n<meta property=\"og:url\" content=\"https:\/\/font-romeu.fr\/ca\/descobrir\/\" \/>\n<meta property=\"og:site_name\" content=\"Font-Romeu\" \/>\n<meta property=\"article:modified_time\" content=\"2023-08-19T08:16:15+00:00\" \/>\n<meta property=\"og:image\" content=\"https:\/\/font-romeu.fr\/wp-content\/uploads\/2021\/11\/decouvrir.jpg\" \/>\n\t<meta property=\"og:image:width\" content=\"1024\" \/>\n\t<meta property=\"og:image:height\" content=\"640\" \/>\n\t<meta property=\"og:image:type\" content=\"image\/jpeg\" \/>\n<meta name=\"twitter:card\" content=\"summary_large_image\" \/>\n<script type=\"application\/ld+json\" class=\"yoast-schema-graph\">{\"@context\":\"https:\\\/\\\/schema.org\",\"@graph\":[{\"@type\":\"WebPage\",\"@id\":\"https:\\\/\\\/font-romeu.fr\\\/ca\\\/descobrir\\\/\",\"url\":\"https:\\\/\\\/font-romeu.fr\\\/ca\\\/descobrir\\\/\",\"name\":\"Descobrir - Font-Romeu\",\"isPartOf\":{\"@id\":\"https:\\\/\\\/font-romeu.fr\\\/ca\\\/#website\"},\"primaryImageOfPage\":{\"@id\":\"https:\\\/\\\/font-romeu.fr\\\/ca\\\/descobrir\\\/#primaryimage\"},\"image\":{\"@id\":\"https:\\\/\\\/font-romeu.fr\\\/ca\\\/descobrir\\\/#primaryimage\"},\"thumbnailUrl\":\"https:\\\/\\\/font-romeu.fr\\\/wp-content\\\/uploads\\\/2021\\\/11\\\/decouvrir.jpg\",\"datePublished\":\"2021-10-11T09:23:33+00:00\",\"dateModified\":\"2023-08-19T08:16:15+00:00\",\"description\":\"Font-Romeu \u00e9s una aut\u00e8ntica estaci\u00f3 de muntanya, esportiva i assolellada, enfilada a 1800 m d'altitud, enmig dels boscos\",\"breadcrumb\":{\"@id\":\"https:\\\/\\\/font-romeu.fr\\\/ca\\\/descobrir\\\/#breadcrumb\"},\"inLanguage\":\"ca\",\"potentialAction\":[{\"@type\":\"ReadAction\",\"target\":[\"https:\\\/\\\/font-romeu.fr\\\/ca\\\/descobrir\\\/\"]}]},{\"@type\":\"ImageObject\",\"inLanguage\":\"ca\",\"@id\":\"https:\\\/\\\/font-romeu.fr\\\/ca\\\/descobrir\\\/#primaryimage\",\"url\":\"https:\\\/\\\/font-romeu.fr\\\/wp-content\\\/uploads\\\/2021\\\/11\\\/decouvrir.jpg\",\"contentUrl\":\"https:\\\/\\\/font-romeu.fr\\\/wp-content\\\/uploads\\\/2021\\\/11\\\/decouvrir.jpg\",\"width\":1024,\"height\":640},{\"@type\":\"BreadcrumbList\",\"@id\":\"https:\\\/\\\/font-romeu.fr\\\/ca\\\/descobrir\\\/#breadcrumb\",\"itemListElement\":[{\"@type\":\"ListItem\",\"position\":1,\"name\":\"Accueil\",\"item\":\"https:\\\/\\\/font-romeu.fr\\\/ca\\\/\"},{\"@type\":\"ListItem\",\"position\":2,\"name\":\"Descobrir\"}]},{\"@type\":\"WebSite\",\"@id\":\"https:\\\/\\\/font-romeu.fr\\\/ca\\\/#website\",\"url\":\"https:\\\/\\\/font-romeu.fr\\\/ca\\\/\",\"name\":\"Font-romeu\",\"description\":\"Changez d&#039;altitude\",\"publisher\":{\"@id\":\"https:\\\/\\\/font-romeu.fr\\\/ca\\\/#organization\"},\"potentialAction\":[{\"@type\":\"SearchAction\",\"target\":{\"@type\":\"EntryPoint\",\"urlTemplate\":\"https:\\\/\\\/font-romeu.fr\\\/ca\\\/?s={search_term_string}\"},\"query-input\":{\"@type\":\"PropertyValueSpecification\",\"valueRequired\":true,\"valueName\":\"search_term_string\"}}],\"inLanguage\":\"ca\"},{\"@type\":\"Organization\",\"@id\":\"https:\\\/\\\/font-romeu.fr\\\/ca\\\/#organization\",\"name\":\"Office de Tourisme de Font-Romeu\",\"url\":\"https:\\\/\\\/font-romeu.fr\\\/ca\\\/\",\"logo\":{\"@type\":\"ImageObject\",\"inLanguage\":\"ca\",\"@id\":\"https:\\\/\\\/font-romeu.fr\\\/ca\\\/#\\\/schema\\\/logo\\\/image\\\/\",\"url\":\"https:\\\/\\\/font-romeu.fr\\\/wp-content\\\/uploads\\\/2021\\\/11\\\/LogoFontRomeu_orange-1.svg\",\"contentUrl\":\"https:\\\/\\\/font-romeu.fr\\\/wp-content\\\/uploads\\\/2021\\\/11\\\/LogoFontRomeu_orange-1.svg\",\"width\":1,\"height\":1,\"caption\":\"Office de Tourisme de Font-Romeu\"},\"image\":{\"@id\":\"https:\\\/\\\/font-romeu.fr\\\/ca\\\/#\\\/schema\\\/logo\\\/image\\\/\"},\"sameAs\":[\"https:\\\/\\\/www.instagram.com\\\/stationfontromeu\\\/\"]}]}<\/script>\n<!-- \/ Yoast SEO plugin. -->","yoast_head_json":{"title":"Descobrir - Font-Romeu","description":"Font-Romeu \u00e9s una aut\u00e8ntica estaci\u00f3 de muntanya, esportiva i assolellada, enfilada a 1800 m d'altitud, enmig dels boscos","robots":{"index":"index","follow":"follow","max-snippet":"max-snippet:-1","max-image-preview":"max-image-preview:large","max-video-preview":"max-video-preview:-1"},"canonical":"https:\/\/font-romeu.fr\/ca\/descobrir\/","og_locale":"ca_ES","og_type":"article","og_title":"Descobrir - Font-Romeu","og_description":"Font-Romeu \u00e9s una aut\u00e8ntica estaci\u00f3 de muntanya, esportiva i assolellada, enfilada a 1800 m d'altitud, enmig dels boscos","og_url":"https:\/\/font-romeu.fr\/ca\/descobrir\/","og_site_name":"Font-Romeu","article_modified_time":"2023-08-19T08:16:15+00:00","og_image":[{"width":1024,"height":640,"url":"https:\/\/font-romeu.fr\/wp-content\/uploads\/2021\/11\/decouvrir.jpg","type":"image\/jpeg"}],"twitter_card":"summary_large_image","schema":{"@context":"https:\/\/schema.org","@graph":[{"@type":"WebPage","@id":"https:\/\/font-romeu.fr\/ca\/descobrir\/","url":"https:\/\/font-romeu.fr\/ca\/descobrir\/","name":"Descobrir - Font-Romeu","isPartOf":{"@id":"https:\/\/font-romeu.fr\/ca\/#website"},"primaryImageOfPage":{"@id":"https:\/\/font-romeu.fr\/ca\/descobrir\/#primaryimage"},"image":{"@id":"https:\/\/font-romeu.fr\/ca\/descobrir\/#primaryimage"},"thumbnailUrl":"https:\/\/font-romeu.fr\/wp-content\/uploads\/2021\/11\/decouvrir.jpg","datePublished":"2021-10-11T09:23:33+00:00","dateModified":"2023-08-19T08:16:15+00:00","description":"Font-Romeu \u00e9s una aut\u00e8ntica estaci\u00f3 de muntanya, esportiva i assolellada, enfilada a 1800 m d'altitud, enmig dels boscos","breadcrumb":{"@id":"https:\/\/font-romeu.fr\/ca\/descobrir\/#breadcrumb"},"inLanguage":"ca","potentialAction":[{"@type":"ReadAction","target":["https:\/\/font-romeu.fr\/ca\/descobrir\/"]}]},{"@type":"ImageObject","inLanguage":"ca","@id":"https:\/\/font-romeu.fr\/ca\/descobrir\/#primaryimage","url":"https:\/\/font-romeu.fr\/wp-content\/uploads\/2021\/11\/decouvrir.jpg","contentUrl":"https:\/\/font-romeu.fr\/wp-content\/uploads\/2021\/11\/decouvrir.jpg","width":1024,"height":640},{"@type":"BreadcrumbList","@id":"https:\/\/font-romeu.fr\/ca\/descobrir\/#breadcrumb","itemListElement":[{"@type":"ListItem","position":1,"name":"Accueil","item":"https:\/\/font-romeu.fr\/ca\/"},{"@type":"ListItem","position":2,"name":"Descobrir"}]},{"@type":"WebSite","@id":"https:\/\/font-romeu.fr\/ca\/#website","url":"https:\/\/font-romeu.fr\/ca\/","name":"Font-romeu","description":"Changez d&#039;altitude","publisher":{"@id":"https:\/\/font-romeu.fr\/ca\/#organization"},"potentialAction":[{"@type":"SearchAction","target":{"@type":"EntryPoint","urlTemplate":"https:\/\/font-romeu.fr\/ca\/?s={search_term_string}"},"query-input":{"@type":"PropertyValueSpecification","valueRequired":true,"valueName":"search_term_string"}}],"inLanguage":"ca"},{"@type":"Organization","@id":"https:\/\/font-romeu.fr\/ca\/#organization","name":"Office de Tourisme de Font-Romeu","url":"https:\/\/font-romeu.fr\/ca\/","logo":{"@type":"ImageObject","inLanguage":"ca","@id":"https:\/\/font-romeu.fr\/ca\/#\/schema\/logo\/image\/","url":"https:\/\/font-romeu.fr\/wp-content\/uploads\/2021\/11\/LogoFontRomeu_orange-1.svg","contentUrl":"https:\/\/font-romeu.fr\/wp-content\/uploads\/2021\/11\/LogoFontRomeu_orange-1.svg","width":1,"height":1,"caption":"Office de Tourisme de Font-Romeu"},"image":{"@id":"https:\/\/font-romeu.fr\/ca\/#\/schema\/logo\/image\/"},"sameAs":["https:\/\/www.instagram.com\/stationfontromeu\/"]}]}},"_links":{"self":[{"href":"https:\/\/font-romeu.fr\/ca\/wp-json\/wp\/v2\/pages\/19591","targetHints":{"allow":["GET"]}}],"collection":[{"href":"https:\/\/font-romeu.fr\/ca\/wp-json\/wp\/v2\/pages"}],"about":[{"href":"https:\/\/font-romeu.fr\/ca\/wp-json\/wp\/v2\/types\/page"}],"author":[{"embeddable":true,"href":"https:\/\/font-romeu.fr\/ca\/wp-json\/wp\/v2\/users\/15"}],"replies":[{"embeddable":true,"href":"https:\/\/font-romeu.fr\/ca\/wp-json\/wp\/v2\/comments?post=19591"}],"version-history":[{"count":2,"href":"https:\/\/font-romeu.fr\/ca\/wp-json\/wp\/v2\/pages\/19591\/revisions"}],"predecessor-version":[{"id":23335,"href":"https:\/\/font-romeu.fr\/ca\/wp-json\/wp\/v2\/pages\/19591\/revisions\/23335"}],"wp:featuredmedia":[{"embeddable":true,"href":"https:\/\/font-romeu.fr\/ca\/wp-json\/wp\/v2\/media\/18052"}],"wp:attachment":[{"href":"https:\/\/font-romeu.fr\/ca\/wp-json\/wp\/v2\/media?parent=19591"}],"curies":[{"name":"wp","href":"https:\/\/api.w.org\/{rel}","templated":true}]}}