{"id":19632,"date":"2021-10-11T11:37:34","date_gmt":"2021-10-11T09:37:34","guid":{"rendered":"https:\/\/font-romeu.fr\/descobrir\/contacte\/"},"modified":"2024-07-13T11:02:29","modified_gmt":"2024-07-13T09:02:29","slug":"contacte","status":"publish","type":"page","link":"https:\/\/font-romeu.fr\/ca\/descobrir\/contacte\/","title":{"rendered":"Contacte"},"content":{"rendered":"<p>Per a qualsevol pregunta, necessitat d&#8217;informaci\u00f3 addicional, suggeriments o comentaris, no dubti a utilitzar el seg\u00fcent formulari. Et respondrem el m\u00e9s aviat possible. L&#8217;equip de l&#8217;Oficina de Turisme de Font-Romeu.<\/p>\n<p>Oficina de Turisme de Font-Romeu (1a categoria)<br \/>\n43 avinguda Emmanuel Brousse<br \/>\n66120 Font-Romeu<\/p>\n<p>Tel: +33 (0)4 68 30 68 30<br \/>\nLloc web: www.font-romeu.fr<br \/>\noffice@font-romeu.fr<\/p>\n<p>Obert tots els dies de 9 a 12 h i de 14 a 18 h.<br \/>\nVacances Escolars d&#8217;estiu de 9 a 12.30 h i de 14 a 19 h.<br \/>\nTancament excepcional els diumenges fora de vacances escolars.<br \/>\nCoordenades GPS: 42.505074, 2.041135<\/p>\n","protected":false},"excerpt":{"rendered":"<p>Per a qualsevol pregunta, necessitat d&#8217;informaci\u00f3 addicional, suggeriments o comentaris, no dubti a utilitzar el seg\u00fcent formulari. Et respondrem el m\u00e9s aviat possible. L&#8217;equip de l&#8217;Oficina de Turisme de Font-Romeu. Oficina de Turisme de Font-Romeu (1a categoria) 43 avinguda Emmanuel Brousse 66120 Font-Romeu Tel: +33 (0)4 68 30 68 30 Lloc web: www.font-romeu.fr office@font-romeu.fr Obert [&hellip;]<\/p>\n","protected":false},"author":15,"featured_media":25313,"parent":19591,"menu_order":0,"comment_status":"closed","ping_status":"closed","template":"page-article.php","meta":{"_acf_changed":false,"footnotes":""},"class_list":["post-19632","page","type-page","status-publish","has-post-thumbnail","hentry"],"acf":[],"yoast_head":"<!-- This site is optimized with the Yoast SEO plugin v27.3 - https:\/\/yoast.com\/product\/yoast-seo-wordpress\/ -->\n<title>Contacte - Font-Romeu<\/title>\n<meta name=\"description\" content=\"Per a qualsevol pregunta, necessitat m\u00e9s informaci\u00f3, suggeriment o observaci\u00f3, no dubteu a utilitzar el formulari de sota.\" \/>\n<meta name=\"robots\" content=\"index, follow, max-snippet:-1, max-image-preview:large, max-video-preview:-1\" \/>\n<link rel=\"canonical\" href=\"https:\/\/font-romeu.fr\/ca\/descobrir\/contacte\/\" \/>\n<meta property=\"og:locale\" content=\"ca_ES\" \/>\n<meta property=\"og:type\" content=\"article\" \/>\n<meta property=\"og:title\" content=\"Contacte - Font-Romeu\" \/>\n<meta property=\"og:description\" content=\"Per a qualsevol pregunta, necessitat m\u00e9s informaci\u00f3, suggeriment o observaci\u00f3, no dubteu a utilitzar el formulari de sota.\" \/>\n<meta property=\"og:url\" content=\"https:\/\/font-romeu.fr\/ca\/descobrir\/contacte\/\" \/>\n<meta property=\"og:site_name\" content=\"Font-Romeu\" \/>\n<meta property=\"article:modified_time\" content=\"2024-07-13T09:02:29+00:00\" \/>\n<meta property=\"og:image\" content=\"https:\/\/font-romeu.fr\/wp-content\/uploads\/2021\/11\/FONT-ROMEU-guide-accueil-hiver-2021-2022-couv.jpg\" \/>\n\t<meta property=\"og:image:width\" content=\"1181\" \/>\n\t<meta property=\"og:image:height\" content=\"2339\" \/>\n\t<meta property=\"og:image:type\" content=\"image\/jpeg\" \/>\n<meta name=\"twitter:card\" content=\"summary_large_image\" \/>\n<script type=\"application\/ld+json\" class=\"yoast-schema-graph\">{\"@context\":\"https:\\\/\\\/schema.org\",\"@graph\":[{\"@type\":\"WebPage\",\"@id\":\"https:\\\/\\\/font-romeu.fr\\\/ca\\\/descobrir\\\/contacte\\\/\",\"url\":\"https:\\\/\\\/font-romeu.fr\\\/ca\\\/descobrir\\\/contacte\\\/\",\"name\":\"Contacte - Font-Romeu\",\"isPartOf\":{\"@id\":\"https:\\\/\\\/font-romeu.fr\\\/ca\\\/#website\"},\"primaryImageOfPage\":{\"@id\":\"https:\\\/\\\/font-romeu.fr\\\/ca\\\/descobrir\\\/contacte\\\/#primaryimage\"},\"image\":{\"@id\":\"https:\\\/\\\/font-romeu.fr\\\/ca\\\/descobrir\\\/contacte\\\/#primaryimage\"},\"thumbnailUrl\":\"https:\\\/\\\/font-romeu.fr\\\/wp-content\\\/uploads\\\/2023\\\/09\\\/contact.jpeg\",\"datePublished\":\"2021-10-11T09:37:34+00:00\",\"dateModified\":\"2024-07-13T09:02:29+00:00\",\"description\":\"Per a qualsevol pregunta, necessitat m\u00e9s informaci\u00f3, suggeriment o observaci\u00f3, no dubteu a utilitzar el formulari de sota.\",\"breadcrumb\":{\"@id\":\"https:\\\/\\\/font-romeu.fr\\\/ca\\\/descobrir\\\/contacte\\\/#breadcrumb\"},\"inLanguage\":\"ca\",\"potentialAction\":[{\"@type\":\"ReadAction\",\"target\":[\"https:\\\/\\\/font-romeu.fr\\\/ca\\\/descobrir\\\/contacte\\\/\"]}]},{\"@type\":\"ImageObject\",\"inLanguage\":\"ca\",\"@id\":\"https:\\\/\\\/font-romeu.fr\\\/ca\\\/descobrir\\\/contacte\\\/#primaryimage\",\"url\":\"https:\\\/\\\/font-romeu.fr\\\/wp-content\\\/uploads\\\/2023\\\/09\\\/contact.jpeg\",\"contentUrl\":\"https:\\\/\\\/font-romeu.fr\\\/wp-content\\\/uploads\\\/2023\\\/09\\\/contact.jpeg\",\"width\":1200,\"height\":750,\"caption\":\"Hand putting wooden block cube symbol telephone, email, address. Website page contact us or e-mail marketing concept\"},{\"@type\":\"BreadcrumbList\",\"@id\":\"https:\\\/\\\/font-romeu.fr\\\/ca\\\/descobrir\\\/contacte\\\/#breadcrumb\",\"itemListElement\":[{\"@type\":\"ListItem\",\"position\":1,\"name\":\"Accueil\",\"item\":\"https:\\\/\\\/font-romeu.fr\\\/ca\\\/\"},{\"@type\":\"ListItem\",\"position\":2,\"name\":\"Descobrir\",\"item\":\"https:\\\/\\\/font-romeu.fr\\\/ca\\\/decouvrir\\\/\"},{\"@type\":\"ListItem\",\"position\":3,\"name\":\"Contacte\"}]},{\"@type\":\"WebSite\",\"@id\":\"https:\\\/\\\/font-romeu.fr\\\/ca\\\/#website\",\"url\":\"https:\\\/\\\/font-romeu.fr\\\/ca\\\/\",\"name\":\"Font-romeu\",\"description\":\"Changez d&#039;altitude\",\"publisher\":{\"@id\":\"https:\\\/\\\/font-romeu.fr\\\/ca\\\/#organization\"},\"potentialAction\":[{\"@type\":\"SearchAction\",\"target\":{\"@type\":\"EntryPoint\",\"urlTemplate\":\"https:\\\/\\\/font-romeu.fr\\\/ca\\\/?s={search_term_string}\"},\"query-input\":{\"@type\":\"PropertyValueSpecification\",\"valueRequired\":true,\"valueName\":\"search_term_string\"}}],\"inLanguage\":\"ca\"},{\"@type\":\"Organization\",\"@id\":\"https:\\\/\\\/font-romeu.fr\\\/ca\\\/#organization\",\"name\":\"Office de Tourisme de Font-Romeu\",\"url\":\"https:\\\/\\\/font-romeu.fr\\\/ca\\\/\",\"logo\":{\"@type\":\"ImageObject\",\"inLanguage\":\"ca\",\"@id\":\"https:\\\/\\\/font-romeu.fr\\\/ca\\\/#\\\/schema\\\/logo\\\/image\\\/\",\"url\":\"https:\\\/\\\/font-romeu.fr\\\/wp-content\\\/uploads\\\/2021\\\/11\\\/LogoFontRomeu_orange-1.svg\",\"contentUrl\":\"https:\\\/\\\/font-romeu.fr\\\/wp-content\\\/uploads\\\/2021\\\/11\\\/LogoFontRomeu_orange-1.svg\",\"width\":1,\"height\":1,\"caption\":\"Office de Tourisme de Font-Romeu\"},\"image\":{\"@id\":\"https:\\\/\\\/font-romeu.fr\\\/ca\\\/#\\\/schema\\\/logo\\\/image\\\/\"},\"sameAs\":[\"https:\\\/\\\/www.instagram.com\\\/stationfontromeu\\\/\"]}]}<\/script>\n<!-- \/ Yoast SEO plugin. -->","yoast_head_json":{"title":"Contacte - Font-Romeu","description":"Per a qualsevol pregunta, necessitat m\u00e9s informaci\u00f3, suggeriment o observaci\u00f3, no dubteu a utilitzar el formulari de sota.","robots":{"index":"index","follow":"follow","max-snippet":"max-snippet:-1","max-image-preview":"max-image-preview:large","max-video-preview":"max-video-preview:-1"},"canonical":"https:\/\/font-romeu.fr\/ca\/descobrir\/contacte\/","og_locale":"ca_ES","og_type":"article","og_title":"Contacte - Font-Romeu","og_description":"Per a qualsevol pregunta, necessitat m\u00e9s informaci\u00f3, suggeriment o observaci\u00f3, no dubteu a utilitzar el formulari de sota.","og_url":"https:\/\/font-romeu.fr\/ca\/descobrir\/contacte\/","og_site_name":"Font-Romeu","article_modified_time":"2024-07-13T09:02:29+00:00","og_image":[{"width":1181,"height":2339,"url":"https:\/\/font-romeu.fr\/wp-content\/uploads\/2021\/11\/FONT-ROMEU-guide-accueil-hiver-2021-2022-couv.jpg","type":"image\/jpeg"}],"twitter_card":"summary_large_image","schema":{"@context":"https:\/\/schema.org","@graph":[{"@type":"WebPage","@id":"https:\/\/font-romeu.fr\/ca\/descobrir\/contacte\/","url":"https:\/\/font-romeu.fr\/ca\/descobrir\/contacte\/","name":"Contacte - Font-Romeu","isPartOf":{"@id":"https:\/\/font-romeu.fr\/ca\/#website"},"primaryImageOfPage":{"@id":"https:\/\/font-romeu.fr\/ca\/descobrir\/contacte\/#primaryimage"},"image":{"@id":"https:\/\/font-romeu.fr\/ca\/descobrir\/contacte\/#primaryimage"},"thumbnailUrl":"https:\/\/font-romeu.fr\/wp-content\/uploads\/2023\/09\/contact.jpeg","datePublished":"2021-10-11T09:37:34+00:00","dateModified":"2024-07-13T09:02:29+00:00","description":"Per a qualsevol pregunta, necessitat m\u00e9s informaci\u00f3, suggeriment o observaci\u00f3, no dubteu a utilitzar el formulari de sota.","breadcrumb":{"@id":"https:\/\/font-romeu.fr\/ca\/descobrir\/contacte\/#breadcrumb"},"inLanguage":"ca","potentialAction":[{"@type":"ReadAction","target":["https:\/\/font-romeu.fr\/ca\/descobrir\/contacte\/"]}]},{"@type":"ImageObject","inLanguage":"ca","@id":"https:\/\/font-romeu.fr\/ca\/descobrir\/contacte\/#primaryimage","url":"https:\/\/font-romeu.fr\/wp-content\/uploads\/2023\/09\/contact.jpeg","contentUrl":"https:\/\/font-romeu.fr\/wp-content\/uploads\/2023\/09\/contact.jpeg","width":1200,"height":750,"caption":"Hand putting wooden block cube symbol telephone, email, address. Website page contact us or e-mail marketing concept"},{"@type":"BreadcrumbList","@id":"https:\/\/font-romeu.fr\/ca\/descobrir\/contacte\/#breadcrumb","itemListElement":[{"@type":"ListItem","position":1,"name":"Accueil","item":"https:\/\/font-romeu.fr\/ca\/"},{"@type":"ListItem","position":2,"name":"Descobrir","item":"https:\/\/font-romeu.fr\/ca\/decouvrir\/"},{"@type":"ListItem","position":3,"name":"Contacte"}]},{"@type":"WebSite","@id":"https:\/\/font-romeu.fr\/ca\/#website","url":"https:\/\/font-romeu.fr\/ca\/","name":"Font-romeu","description":"Changez d&#039;altitude","publisher":{"@id":"https:\/\/font-romeu.fr\/ca\/#organization"},"potentialAction":[{"@type":"SearchAction","target":{"@type":"EntryPoint","urlTemplate":"https:\/\/font-romeu.fr\/ca\/?s={search_term_string}"},"query-input":{"@type":"PropertyValueSpecification","valueRequired":true,"valueName":"search_term_string"}}],"inLanguage":"ca"},{"@type":"Organization","@id":"https:\/\/font-romeu.fr\/ca\/#organization","name":"Office de Tourisme de Font-Romeu","url":"https:\/\/font-romeu.fr\/ca\/","logo":{"@type":"ImageObject","inLanguage":"ca","@id":"https:\/\/font-romeu.fr\/ca\/#\/schema\/logo\/image\/","url":"https:\/\/font-romeu.fr\/wp-content\/uploads\/2021\/11\/LogoFontRomeu_orange-1.svg","contentUrl":"https:\/\/font-romeu.fr\/wp-content\/uploads\/2021\/11\/LogoFontRomeu_orange-1.svg","width":1,"height":1,"caption":"Office de Tourisme de Font-Romeu"},"image":{"@id":"https:\/\/font-romeu.fr\/ca\/#\/schema\/logo\/image\/"},"sameAs":["https:\/\/www.instagram.com\/stationfontromeu\/"]}]}},"_links":{"self":[{"href":"https:\/\/font-romeu.fr\/ca\/wp-json\/wp\/v2\/pages\/19632","targetHints":{"allow":["GET"]}}],"collection":[{"href":"https:\/\/font-romeu.fr\/ca\/wp-json\/wp\/v2\/pages"}],"about":[{"href":"https:\/\/font-romeu.fr\/ca\/wp-json\/wp\/v2\/types\/page"}],"author":[{"embeddable":true,"href":"https:\/\/font-romeu.fr\/ca\/wp-json\/wp\/v2\/users\/15"}],"replies":[{"embeddable":true,"href":"https:\/\/font-romeu.fr\/ca\/wp-json\/wp\/v2\/comments?post=19632"}],"version-history":[{"count":2,"href":"https:\/\/font-romeu.fr\/ca\/wp-json\/wp\/v2\/pages\/19632\/revisions"}],"predecessor-version":[{"id":27527,"href":"https:\/\/font-romeu.fr\/ca\/wp-json\/wp\/v2\/pages\/19632\/revisions\/27527"}],"up":[{"embeddable":true,"href":"https:\/\/font-romeu.fr\/ca\/wp-json\/wp\/v2\/pages\/19591"}],"wp:featuredmedia":[{"embeddable":true,"href":"https:\/\/font-romeu.fr\/ca\/wp-json\/wp\/v2\/media\/25313"}],"wp:attachment":[{"href":"https:\/\/font-romeu.fr\/ca\/wp-json\/wp\/v2\/media?parent=19632"}],"curies":[{"name":"wp","href":"https:\/\/api.w.org\/{rel}","templated":true}]}}