{"id":19634,"date":"2021-10-11T11:37:04","date_gmt":"2021-10-11T09:37:04","guid":{"rendered":"https:\/\/font-romeu.fr\/descobrir\/oficina-de-turisme\/"},"modified":"2024-07-13T10:53:15","modified_gmt":"2024-07-13T08:53:15","slug":"oficina-de-turisme","status":"publish","type":"page","link":"https:\/\/font-romeu.fr\/ca\/descobrir\/oficina-de-turisme\/","title":{"rendered":"Oficina de Turisme"},"content":{"rendered":"<h2>Punt Informaci\u00f3 Turisme<\/h2>\n<p>Organisme de promoci\u00f3, acolliment, animaci\u00f3 i comercialitzaci\u00f3 de l&#8217;oferta tur\u00edstica de Font-Romeu.<\/p>\n<p>Acc\u00e9s ilimitat a Internet i WIFI.<\/p>\n<p>Oficina de Turisme 1a categoria \u00a0(<a href=\"https:\/\/font-romeu.fr\/decouvrir\/qualite-tourisme\/\">Qualit\u00e9 tourisme<\/a>).<\/p>\n<p><img decoding=\"async\" class=\"alignnone size-full wp-image-18832\" src=\"https:\/\/font-romeu.fr\/wp-content\/uploads\/2021\/11\/logo-Offices-de-Tourisme-de-France-2.jpg\" alt=\"\" width=\"60\" height=\"96\" \/><\/p>\n<p><strong>Adre\u00e7a :<\/strong><br \/>\n43 avenue Emmanuel Brousse<br \/>\n66120 FONT-ROMEU-ODEILLO-VIA<\/p>\n<p><strong>T\u00e9l. :\u00a0<\/strong>+33 4 68 30 68 30<\/p>\n<p><a class=\"btn\" href=\"https:\/\/www.google.fr\/maps\/place\/Office+de+Tourisme+de+Font-Romeu+***\/@42.505272,2.041872,3a,75y,353.84h,90t\/data=!3m5!1e1!3m3!1stMDa_5hQkMoAAAAGOpHouA!2e0!3e2!4m2!3m1!1s0x0:0x4e1f38b9c00b697e!6m1!1e1\" target=\"_blank\" rel=\"noopener\">Visita l&#8217;oficina de turisme<\/a><\/p>\n","protected":false},"excerpt":{"rendered":"<p>Punt Informaci\u00f3 Turisme Organisme de promoci\u00f3, acolliment, animaci\u00f3 i comercialitzaci\u00f3 de l&#8217;oferta tur\u00edstica de Font-Romeu. Acc\u00e9s ilimitat a Internet i WIFI. Oficina de Turisme 1a categoria \u00a0(Qualit\u00e9 tourisme). Adre\u00e7a : 43 avenue Emmanuel Brousse 66120 FONT-ROMEU-ODEILLO-VIA T\u00e9l. :\u00a0+33 4 68 30 68 30 Visita l&#8217;oficina de turisme<\/p>\n","protected":false},"author":15,"featured_media":27656,"parent":19591,"menu_order":0,"comment_status":"closed","ping_status":"closed","template":"page-article.php","meta":{"_acf_changed":false,"footnotes":""},"class_list":["post-19634","page","type-page","status-publish","has-post-thumbnail","hentry"],"acf":[],"yoast_head":"<!-- This site is optimized with the Yoast SEO plugin v27.3 - https:\/\/yoast.com\/product\/yoast-seo-wordpress\/ -->\n<title>Oficina de Turisme - Font-Romeu<\/title>\n<meta name=\"robots\" content=\"index, follow, max-snippet:-1, max-image-preview:large, max-video-preview:-1\" \/>\n<link rel=\"canonical\" href=\"https:\/\/font-romeu.fr\/ca\/descobrir\/oficina-de-turisme\/\" \/>\n<meta property=\"og:locale\" content=\"ca_ES\" \/>\n<meta property=\"og:type\" content=\"article\" \/>\n<meta property=\"og:title\" content=\"Oficina de Turisme - Font-Romeu\" \/>\n<meta property=\"og:description\" content=\"Punt Informaci\u00f3 Turisme Organisme de promoci\u00f3, acolliment, animaci\u00f3 i comercialitzaci\u00f3 de l&#8217;oferta tur\u00edstica de Font-Romeu. Acc\u00e9s ilimitat a Internet i WIFI. Oficina de Turisme 1a categoria \u00a0(Qualit\u00e9 tourisme). Adre\u00e7a : 43 avenue Emmanuel Brousse 66120 FONT-ROMEU-ODEILLO-VIA T\u00e9l. :\u00a0+33 4 68 30 68 30 Visita l&#8217;oficina de turisme\" \/>\n<meta property=\"og:url\" content=\"https:\/\/font-romeu.fr\/ca\/descobrir\/oficina-de-turisme\/\" \/>\n<meta property=\"og:site_name\" content=\"Font-Romeu\" \/>\n<meta property=\"article:modified_time\" content=\"2024-07-13T08:53:15+00:00\" \/>\n<meta property=\"og:image\" content=\"https:\/\/font-romeu.fr\/wp-content\/uploads\/2021\/10\/office.jpg\" \/>\n\t<meta property=\"og:image:width\" content=\"1024\" \/>\n\t<meta property=\"og:image:height\" content=\"638\" \/>\n\t<meta property=\"og:image:type\" content=\"image\/jpeg\" \/>\n<meta name=\"twitter:card\" content=\"summary_large_image\" \/>\n<script type=\"application\/ld+json\" class=\"yoast-schema-graph\">{\"@context\":\"https:\\\/\\\/schema.org\",\"@graph\":[{\"@type\":\"WebPage\",\"@id\":\"https:\\\/\\\/font-romeu.fr\\\/ca\\\/descobrir\\\/oficina-de-turisme\\\/\",\"url\":\"https:\\\/\\\/font-romeu.fr\\\/ca\\\/descobrir\\\/oficina-de-turisme\\\/\",\"name\":\"Oficina de Turisme - Font-Romeu\",\"isPartOf\":{\"@id\":\"https:\\\/\\\/font-romeu.fr\\\/ca\\\/#website\"},\"primaryImageOfPage\":{\"@id\":\"https:\\\/\\\/font-romeu.fr\\\/ca\\\/descobrir\\\/oficina-de-turisme\\\/#primaryimage\"},\"image\":{\"@id\":\"https:\\\/\\\/font-romeu.fr\\\/ca\\\/descobrir\\\/oficina-de-turisme\\\/#primaryimage\"},\"thumbnailUrl\":\"https:\\\/\\\/font-romeu.fr\\\/wp-content\\\/uploads\\\/2024\\\/08\\\/NOUVEL-OT-FACADE-scaled.jpg\",\"datePublished\":\"2021-10-11T09:37:04+00:00\",\"dateModified\":\"2024-07-13T08:53:15+00:00\",\"breadcrumb\":{\"@id\":\"https:\\\/\\\/font-romeu.fr\\\/ca\\\/descobrir\\\/oficina-de-turisme\\\/#breadcrumb\"},\"inLanguage\":\"ca\",\"potentialAction\":[{\"@type\":\"ReadAction\",\"target\":[\"https:\\\/\\\/font-romeu.fr\\\/ca\\\/descobrir\\\/oficina-de-turisme\\\/\"]}]},{\"@type\":\"ImageObject\",\"inLanguage\":\"ca\",\"@id\":\"https:\\\/\\\/font-romeu.fr\\\/ca\\\/descobrir\\\/oficina-de-turisme\\\/#primaryimage\",\"url\":\"https:\\\/\\\/font-romeu.fr\\\/wp-content\\\/uploads\\\/2024\\\/08\\\/NOUVEL-OT-FACADE-scaled.jpg\",\"contentUrl\":\"https:\\\/\\\/font-romeu.fr\\\/wp-content\\\/uploads\\\/2024\\\/08\\\/NOUVEL-OT-FACADE-scaled.jpg\",\"width\":2560,\"height\":1920},{\"@type\":\"BreadcrumbList\",\"@id\":\"https:\\\/\\\/font-romeu.fr\\\/ca\\\/descobrir\\\/oficina-de-turisme\\\/#breadcrumb\",\"itemListElement\":[{\"@type\":\"ListItem\",\"position\":1,\"name\":\"Accueil\",\"item\":\"https:\\\/\\\/font-romeu.fr\\\/ca\\\/\"},{\"@type\":\"ListItem\",\"position\":2,\"name\":\"Descobrir\",\"item\":\"https:\\\/\\\/font-romeu.fr\\\/ca\\\/decouvrir\\\/\"},{\"@type\":\"ListItem\",\"position\":3,\"name\":\"Oficina de Turisme\"}]},{\"@type\":\"WebSite\",\"@id\":\"https:\\\/\\\/font-romeu.fr\\\/ca\\\/#website\",\"url\":\"https:\\\/\\\/font-romeu.fr\\\/ca\\\/\",\"name\":\"Font-romeu\",\"description\":\"Changez d&#039;altitude\",\"publisher\":{\"@id\":\"https:\\\/\\\/font-romeu.fr\\\/ca\\\/#organization\"},\"potentialAction\":[{\"@type\":\"SearchAction\",\"target\":{\"@type\":\"EntryPoint\",\"urlTemplate\":\"https:\\\/\\\/font-romeu.fr\\\/ca\\\/?s={search_term_string}\"},\"query-input\":{\"@type\":\"PropertyValueSpecification\",\"valueRequired\":true,\"valueName\":\"search_term_string\"}}],\"inLanguage\":\"ca\"},{\"@type\":\"Organization\",\"@id\":\"https:\\\/\\\/font-romeu.fr\\\/ca\\\/#organization\",\"name\":\"Office de Tourisme de Font-Romeu\",\"url\":\"https:\\\/\\\/font-romeu.fr\\\/ca\\\/\",\"logo\":{\"@type\":\"ImageObject\",\"inLanguage\":\"ca\",\"@id\":\"https:\\\/\\\/font-romeu.fr\\\/ca\\\/#\\\/schema\\\/logo\\\/image\\\/\",\"url\":\"https:\\\/\\\/font-romeu.fr\\\/wp-content\\\/uploads\\\/2021\\\/11\\\/LogoFontRomeu_orange-1.svg\",\"contentUrl\":\"https:\\\/\\\/font-romeu.fr\\\/wp-content\\\/uploads\\\/2021\\\/11\\\/LogoFontRomeu_orange-1.svg\",\"width\":1,\"height\":1,\"caption\":\"Office de Tourisme de Font-Romeu\"},\"image\":{\"@id\":\"https:\\\/\\\/font-romeu.fr\\\/ca\\\/#\\\/schema\\\/logo\\\/image\\\/\"},\"sameAs\":[\"https:\\\/\\\/www.instagram.com\\\/stationfontromeu\\\/\"]}]}<\/script>\n<!-- \/ Yoast SEO plugin. -->","yoast_head_json":{"title":"Oficina de Turisme - Font-Romeu","robots":{"index":"index","follow":"follow","max-snippet":"max-snippet:-1","max-image-preview":"max-image-preview:large","max-video-preview":"max-video-preview:-1"},"canonical":"https:\/\/font-romeu.fr\/ca\/descobrir\/oficina-de-turisme\/","og_locale":"ca_ES","og_type":"article","og_title":"Oficina de Turisme - Font-Romeu","og_description":"Punt Informaci\u00f3 Turisme Organisme de promoci\u00f3, acolliment, animaci\u00f3 i comercialitzaci\u00f3 de l&#8217;oferta tur\u00edstica de Font-Romeu. Acc\u00e9s ilimitat a Internet i WIFI. Oficina de Turisme 1a categoria \u00a0(Qualit\u00e9 tourisme). Adre\u00e7a : 43 avenue Emmanuel Brousse 66120 FONT-ROMEU-ODEILLO-VIA T\u00e9l. :\u00a0+33 4 68 30 68 30 Visita l&#8217;oficina de turisme","og_url":"https:\/\/font-romeu.fr\/ca\/descobrir\/oficina-de-turisme\/","og_site_name":"Font-Romeu","article_modified_time":"2024-07-13T08:53:15+00:00","og_image":[{"width":1024,"height":638,"url":"https:\/\/font-romeu.fr\/wp-content\/uploads\/2021\/10\/office.jpg","type":"image\/jpeg"}],"twitter_card":"summary_large_image","schema":{"@context":"https:\/\/schema.org","@graph":[{"@type":"WebPage","@id":"https:\/\/font-romeu.fr\/ca\/descobrir\/oficina-de-turisme\/","url":"https:\/\/font-romeu.fr\/ca\/descobrir\/oficina-de-turisme\/","name":"Oficina de Turisme - Font-Romeu","isPartOf":{"@id":"https:\/\/font-romeu.fr\/ca\/#website"},"primaryImageOfPage":{"@id":"https:\/\/font-romeu.fr\/ca\/descobrir\/oficina-de-turisme\/#primaryimage"},"image":{"@id":"https:\/\/font-romeu.fr\/ca\/descobrir\/oficina-de-turisme\/#primaryimage"},"thumbnailUrl":"https:\/\/font-romeu.fr\/wp-content\/uploads\/2024\/08\/NOUVEL-OT-FACADE-scaled.jpg","datePublished":"2021-10-11T09:37:04+00:00","dateModified":"2024-07-13T08:53:15+00:00","breadcrumb":{"@id":"https:\/\/font-romeu.fr\/ca\/descobrir\/oficina-de-turisme\/#breadcrumb"},"inLanguage":"ca","potentialAction":[{"@type":"ReadAction","target":["https:\/\/font-romeu.fr\/ca\/descobrir\/oficina-de-turisme\/"]}]},{"@type":"ImageObject","inLanguage":"ca","@id":"https:\/\/font-romeu.fr\/ca\/descobrir\/oficina-de-turisme\/#primaryimage","url":"https:\/\/font-romeu.fr\/wp-content\/uploads\/2024\/08\/NOUVEL-OT-FACADE-scaled.jpg","contentUrl":"https:\/\/font-romeu.fr\/wp-content\/uploads\/2024\/08\/NOUVEL-OT-FACADE-scaled.jpg","width":2560,"height":1920},{"@type":"BreadcrumbList","@id":"https:\/\/font-romeu.fr\/ca\/descobrir\/oficina-de-turisme\/#breadcrumb","itemListElement":[{"@type":"ListItem","position":1,"name":"Accueil","item":"https:\/\/font-romeu.fr\/ca\/"},{"@type":"ListItem","position":2,"name":"Descobrir","item":"https:\/\/font-romeu.fr\/ca\/decouvrir\/"},{"@type":"ListItem","position":3,"name":"Oficina de Turisme"}]},{"@type":"WebSite","@id":"https:\/\/font-romeu.fr\/ca\/#website","url":"https:\/\/font-romeu.fr\/ca\/","name":"Font-romeu","description":"Changez d&#039;altitude","publisher":{"@id":"https:\/\/font-romeu.fr\/ca\/#organization"},"potentialAction":[{"@type":"SearchAction","target":{"@type":"EntryPoint","urlTemplate":"https:\/\/font-romeu.fr\/ca\/?s={search_term_string}"},"query-input":{"@type":"PropertyValueSpecification","valueRequired":true,"valueName":"search_term_string"}}],"inLanguage":"ca"},{"@type":"Organization","@id":"https:\/\/font-romeu.fr\/ca\/#organization","name":"Office de Tourisme de Font-Romeu","url":"https:\/\/font-romeu.fr\/ca\/","logo":{"@type":"ImageObject","inLanguage":"ca","@id":"https:\/\/font-romeu.fr\/ca\/#\/schema\/logo\/image\/","url":"https:\/\/font-romeu.fr\/wp-content\/uploads\/2021\/11\/LogoFontRomeu_orange-1.svg","contentUrl":"https:\/\/font-romeu.fr\/wp-content\/uploads\/2021\/11\/LogoFontRomeu_orange-1.svg","width":1,"height":1,"caption":"Office de Tourisme de Font-Romeu"},"image":{"@id":"https:\/\/font-romeu.fr\/ca\/#\/schema\/logo\/image\/"},"sameAs":["https:\/\/www.instagram.com\/stationfontromeu\/"]}]}},"_links":{"self":[{"href":"https:\/\/font-romeu.fr\/ca\/wp-json\/wp\/v2\/pages\/19634","targetHints":{"allow":["GET"]}}],"collection":[{"href":"https:\/\/font-romeu.fr\/ca\/wp-json\/wp\/v2\/pages"}],"about":[{"href":"https:\/\/font-romeu.fr\/ca\/wp-json\/wp\/v2\/types\/page"}],"author":[{"embeddable":true,"href":"https:\/\/font-romeu.fr\/ca\/wp-json\/wp\/v2\/users\/15"}],"replies":[{"embeddable":true,"href":"https:\/\/font-romeu.fr\/ca\/wp-json\/wp\/v2\/comments?post=19634"}],"version-history":[{"count":1,"href":"https:\/\/font-romeu.fr\/ca\/wp-json\/wp\/v2\/pages\/19634\/revisions"}],"predecessor-version":[{"id":27522,"href":"https:\/\/font-romeu.fr\/ca\/wp-json\/wp\/v2\/pages\/19634\/revisions\/27522"}],"up":[{"embeddable":true,"href":"https:\/\/font-romeu.fr\/ca\/wp-json\/wp\/v2\/pages\/19591"}],"wp:featuredmedia":[{"embeddable":true,"href":"https:\/\/font-romeu.fr\/ca\/wp-json\/wp\/v2\/media\/27656"}],"wp:attachment":[{"href":"https:\/\/font-romeu.fr\/ca\/wp-json\/wp\/v2\/media?parent=19634"}],"curies":[{"name":"wp","href":"https:\/\/api.w.org\/{rel}","templated":true}]}}