{"id":19773,"date":"2021-10-20T12:24:57","date_gmt":"2021-10-20T10:24:57","guid":{"rendered":"https:\/\/font-romeu.fr\/en-familia\/familia-plus\/"},"modified":"2024-07-24T12:02:36","modified_gmt":"2024-07-24T10:02:36","slug":"familia-plus","status":"publish","type":"page","link":"https:\/\/font-romeu.fr\/ca\/en-familia\/familia-plus\/","title":{"rendered":"Fam\u00edlia Plus"},"content":{"rendered":"<h2>FONT-ROMEU, ESTACI\u00d3 \u00abFAM\u00cdLIA M\u00c9S\u00bb PER A VACANCES EN FAM\u00cdLIA REEIXIDES!<\/h2>\n<p>6 compromisos per a l&#8217;acollida dels petits i grans:<\/p>\n<ul>\n<li>Una acollida personalitzada per a les fam\u00edlies<\/li>\n<li>Animacions adaptades per a totes les edats<\/li>\n<li>Des del m\u00e9s petit fins al m\u00e9s gran: a cadascun la seva tarifa<\/li>\n<li>Activitats per petits i grans, per viure junts o per separat<\/li>\n<li>Tots els comer\u00e7os i serveis a m\u00e0<\/li>\n<li>Els nens mimats pels nostres professionals<\/li>\n<\/ul>\n<p>L&#8217;etiqueta Fam\u00edlia Plus garanteix el millor acolliment per a la teva fam\u00edlia i una atenci\u00f3 adequada per als teus fills. M\u00e9s informaci\u00f3 a : <a href=\"https:\/\/www.familleplus.fr\/\" target=\"_blank\" rel=\"noopener\">www.familleplus.fr\/fr\/font-romeu<\/a><\/p>\n<p>&nbsp;<\/p>\n<p>Et convidem a descarregar-te el\u00a0 <a href=\"https:\/\/font-romeu.fr\/en-famille\/documents-a-telecharger\/\">nostre llibret familia<\/a>,amb les nostres recomanacions sobre activitats per als joves.<\/p>\n<p>Vols gaudir d&#8217;activitats diferents cadascun pel seu costat, per\u00f2 no saps on podeu trobar-vos despr\u00e9s? L&#8217;Oficina de Turisme \u00e9s el vostre Punt de Trobada Fam\u00edlia. Situat en el cor d&#8217;estaci\u00f3, prop de tots els comer\u00e7os i activitats, \u00e9s el lloc ideal per a trobar-vos f\u00e0cilment al final del dia.<\/p>\n<p>En el camp d&#8217;esqu\u00ed, el vostre Punt de Rencontre Famille Plus est\u00e0 situat davant l&#8217;oficina Altiservice a les\u00a0 Airelles, enfront de la xalet de la ESF.<\/p>\n<p>&nbsp;<\/p>\n<p><b>El rac\u00f3 infantil<\/b><\/p>\n<p>Mentre que els adults recuperen tota la informaci\u00f3 necess\u00e0ria per a la vostra estada, els nens es poden relaxar i jugar al seu espai Acondicionat amb llibres, colors, joguines, taules i bancs de fusta. Els dibuixos animats s\u00f3n difosos en una televisi\u00f3.<\/p>\n<p>En cas de mal temps, s&#8217;organitzen concursos de dibuix.<\/p>\n<p>&nbsp;<\/p>\n<p>La teva opini\u00f3 ens interessa, no dubtis a respondre al nostre <a href=\"https:\/\/docs.google.com\/forms\/d\/e\/1FAIpQLScMORJ7HFxdkJaSh0GW-qJNQk8XOUPtjaJTWPyeeS8cao1Frg\/viewform?fbclid=IwZXh0bgNhZW0CMTAAAR1fmagMoV4SjJ-0Ssnl_WMhl43_D9T2DgBE9iDNg9Xo6e8Uh2tMlIFGyi4_aem_Ls83zZJ5MrzdKZsKiFKkMQ\">questionari de satisfacci\u00f3<\/a>\u00a0!<\/p>\n","protected":false},"excerpt":{"rendered":"<p>FONT-ROMEU, ESTACI\u00d3 \u00abFAM\u00cdLIA M\u00c9S\u00bb PER A VACANCES EN FAM\u00cdLIA REEIXIDES! 6 compromisos per a l&#8217;acollida dels petits i grans: Una acollida personalitzada per a les fam\u00edlies Animacions adaptades per a totes les edats Des del m\u00e9s petit fins al m\u00e9s gran: a cadascun la seva tarifa Activitats per petits i grans, per viure junts o [&hellip;]<\/p>\n","protected":false},"author":15,"featured_media":18611,"parent":19763,"menu_order":0,"comment_status":"closed","ping_status":"closed","template":"page-famillePlus.php","meta":{"_acf_changed":false,"footnotes":""},"class_list":["post-19773","page","type-page","status-publish","has-post-thumbnail","hentry"],"acf":[],"yoast_head":"<!-- This site is optimized with the Yoast SEO plugin v27.3 - https:\/\/yoast.com\/product\/yoast-seo-wordpress\/ -->\n<title>Fam\u00edlia Plus - Font-Romeu<\/title>\n<meta name=\"robots\" content=\"index, follow, max-snippet:-1, max-image-preview:large, max-video-preview:-1\" \/>\n<link rel=\"canonical\" href=\"https:\/\/font-romeu.fr\/ca\/en-familia\/familia-plus\/\" \/>\n<meta property=\"og:locale\" content=\"ca_ES\" \/>\n<meta property=\"og:type\" content=\"article\" \/>\n<meta property=\"og:title\" content=\"Fam\u00edlia Plus - Font-Romeu\" \/>\n<meta property=\"og:description\" content=\"FONT-ROMEU, ESTACI\u00d3 \u00abFAM\u00cdLIA M\u00c9S\u00bb PER A VACANCES EN FAM\u00cdLIA REEIXIDES! 6 compromisos per a l&#8217;acollida dels petits i grans: Una acollida personalitzada per a les fam\u00edlies Animacions adaptades per a totes les edats Des del m\u00e9s petit fins al m\u00e9s gran: a cadascun la seva tarifa Activitats per petits i grans, per viure junts o [&hellip;]\" \/>\n<meta property=\"og:url\" content=\"https:\/\/font-romeu.fr\/ca\/en-familia\/familia-plus\/\" \/>\n<meta property=\"og:site_name\" content=\"Font-Romeu\" \/>\n<meta property=\"article:modified_time\" content=\"2024-07-24T10:02:36+00:00\" \/>\n<meta property=\"og:image\" content=\"https:\/\/font-romeu.fr\/wp-content\/uploads\/2021\/11\/label-famille-plus.jpg\" \/>\n\t<meta property=\"og:image:width\" content=\"1025\" \/>\n\t<meta property=\"og:image:height\" content=\"640\" \/>\n\t<meta property=\"og:image:type\" content=\"image\/jpeg\" \/>\n<meta name=\"twitter:card\" content=\"summary_large_image\" \/>\n<meta name=\"twitter:label1\" content=\"Temps estimat de lectura\" \/>\n\t<meta name=\"twitter:data1\" content=\"1 minut\" \/>\n<script type=\"application\/ld+json\" class=\"yoast-schema-graph\">{\"@context\":\"https:\\\/\\\/schema.org\",\"@graph\":[{\"@type\":\"WebPage\",\"@id\":\"https:\\\/\\\/font-romeu.fr\\\/ca\\\/en-familia\\\/familia-plus\\\/\",\"url\":\"https:\\\/\\\/font-romeu.fr\\\/ca\\\/en-familia\\\/familia-plus\\\/\",\"name\":\"Fam\u00edlia Plus - Font-Romeu\",\"isPartOf\":{\"@id\":\"https:\\\/\\\/font-romeu.fr\\\/ca\\\/#website\"},\"primaryImageOfPage\":{\"@id\":\"https:\\\/\\\/font-romeu.fr\\\/ca\\\/en-familia\\\/familia-plus\\\/#primaryimage\"},\"image\":{\"@id\":\"https:\\\/\\\/font-romeu.fr\\\/ca\\\/en-familia\\\/familia-plus\\\/#primaryimage\"},\"thumbnailUrl\":\"https:\\\/\\\/font-romeu.fr\\\/wp-content\\\/uploads\\\/2021\\\/11\\\/label-famille-plus.jpg\",\"datePublished\":\"2021-10-20T10:24:57+00:00\",\"dateModified\":\"2024-07-24T10:02:36+00:00\",\"breadcrumb\":{\"@id\":\"https:\\\/\\\/font-romeu.fr\\\/ca\\\/en-familia\\\/familia-plus\\\/#breadcrumb\"},\"inLanguage\":\"ca\",\"potentialAction\":[{\"@type\":\"ReadAction\",\"target\":[\"https:\\\/\\\/font-romeu.fr\\\/ca\\\/en-familia\\\/familia-plus\\\/\"]}]},{\"@type\":\"ImageObject\",\"inLanguage\":\"ca\",\"@id\":\"https:\\\/\\\/font-romeu.fr\\\/ca\\\/en-familia\\\/familia-plus\\\/#primaryimage\",\"url\":\"https:\\\/\\\/font-romeu.fr\\\/wp-content\\\/uploads\\\/2021\\\/11\\\/label-famille-plus.jpg\",\"contentUrl\":\"https:\\\/\\\/font-romeu.fr\\\/wp-content\\\/uploads\\\/2021\\\/11\\\/label-famille-plus.jpg\",\"width\":1025,\"height\":640},{\"@type\":\"BreadcrumbList\",\"@id\":\"https:\\\/\\\/font-romeu.fr\\\/ca\\\/en-familia\\\/familia-plus\\\/#breadcrumb\",\"itemListElement\":[{\"@type\":\"ListItem\",\"position\":1,\"name\":\"Accueil\",\"item\":\"https:\\\/\\\/font-romeu.fr\\\/ca\\\/\"},{\"@type\":\"ListItem\",\"position\":2,\"name\":\"En fam\u00edlia\",\"item\":\"https:\\\/\\\/font-romeu.fr\\\/ca\\\/en-familia\\\/\"},{\"@type\":\"ListItem\",\"position\":3,\"name\":\"Fam\u00edlia Plus\"}]},{\"@type\":\"WebSite\",\"@id\":\"https:\\\/\\\/font-romeu.fr\\\/ca\\\/#website\",\"url\":\"https:\\\/\\\/font-romeu.fr\\\/ca\\\/\",\"name\":\"Font-romeu\",\"description\":\"Changez d&#039;altitude\",\"publisher\":{\"@id\":\"https:\\\/\\\/font-romeu.fr\\\/ca\\\/#organization\"},\"potentialAction\":[{\"@type\":\"SearchAction\",\"target\":{\"@type\":\"EntryPoint\",\"urlTemplate\":\"https:\\\/\\\/font-romeu.fr\\\/ca\\\/?s={search_term_string}\"},\"query-input\":{\"@type\":\"PropertyValueSpecification\",\"valueRequired\":true,\"valueName\":\"search_term_string\"}}],\"inLanguage\":\"ca\"},{\"@type\":\"Organization\",\"@id\":\"https:\\\/\\\/font-romeu.fr\\\/ca\\\/#organization\",\"name\":\"Office de Tourisme de Font-Romeu\",\"url\":\"https:\\\/\\\/font-romeu.fr\\\/ca\\\/\",\"logo\":{\"@type\":\"ImageObject\",\"inLanguage\":\"ca\",\"@id\":\"https:\\\/\\\/font-romeu.fr\\\/ca\\\/#\\\/schema\\\/logo\\\/image\\\/\",\"url\":\"https:\\\/\\\/font-romeu.fr\\\/wp-content\\\/uploads\\\/2021\\\/11\\\/LogoFontRomeu_orange-1.svg\",\"contentUrl\":\"https:\\\/\\\/font-romeu.fr\\\/wp-content\\\/uploads\\\/2021\\\/11\\\/LogoFontRomeu_orange-1.svg\",\"width\":1,\"height\":1,\"caption\":\"Office de Tourisme de Font-Romeu\"},\"image\":{\"@id\":\"https:\\\/\\\/font-romeu.fr\\\/ca\\\/#\\\/schema\\\/logo\\\/image\\\/\"},\"sameAs\":[\"https:\\\/\\\/www.instagram.com\\\/stationfontromeu\\\/\"]}]}<\/script>\n<!-- \/ Yoast SEO plugin. -->","yoast_head_json":{"title":"Fam\u00edlia Plus - Font-Romeu","robots":{"index":"index","follow":"follow","max-snippet":"max-snippet:-1","max-image-preview":"max-image-preview:large","max-video-preview":"max-video-preview:-1"},"canonical":"https:\/\/font-romeu.fr\/ca\/en-familia\/familia-plus\/","og_locale":"ca_ES","og_type":"article","og_title":"Fam\u00edlia Plus - Font-Romeu","og_description":"FONT-ROMEU, ESTACI\u00d3 \u00abFAM\u00cdLIA M\u00c9S\u00bb PER A VACANCES EN FAM\u00cdLIA REEIXIDES! 6 compromisos per a l&#8217;acollida dels petits i grans: Una acollida personalitzada per a les fam\u00edlies Animacions adaptades per a totes les edats Des del m\u00e9s petit fins al m\u00e9s gran: a cadascun la seva tarifa Activitats per petits i grans, per viure junts o [&hellip;]","og_url":"https:\/\/font-romeu.fr\/ca\/en-familia\/familia-plus\/","og_site_name":"Font-Romeu","article_modified_time":"2024-07-24T10:02:36+00:00","og_image":[{"width":1025,"height":640,"url":"https:\/\/font-romeu.fr\/wp-content\/uploads\/2021\/11\/label-famille-plus.jpg","type":"image\/jpeg"}],"twitter_card":"summary_large_image","twitter_misc":{"Temps estimat de lectura":"1 minut"},"schema":{"@context":"https:\/\/schema.org","@graph":[{"@type":"WebPage","@id":"https:\/\/font-romeu.fr\/ca\/en-familia\/familia-plus\/","url":"https:\/\/font-romeu.fr\/ca\/en-familia\/familia-plus\/","name":"Fam\u00edlia Plus - Font-Romeu","isPartOf":{"@id":"https:\/\/font-romeu.fr\/ca\/#website"},"primaryImageOfPage":{"@id":"https:\/\/font-romeu.fr\/ca\/en-familia\/familia-plus\/#primaryimage"},"image":{"@id":"https:\/\/font-romeu.fr\/ca\/en-familia\/familia-plus\/#primaryimage"},"thumbnailUrl":"https:\/\/font-romeu.fr\/wp-content\/uploads\/2021\/11\/label-famille-plus.jpg","datePublished":"2021-10-20T10:24:57+00:00","dateModified":"2024-07-24T10:02:36+00:00","breadcrumb":{"@id":"https:\/\/font-romeu.fr\/ca\/en-familia\/familia-plus\/#breadcrumb"},"inLanguage":"ca","potentialAction":[{"@type":"ReadAction","target":["https:\/\/font-romeu.fr\/ca\/en-familia\/familia-plus\/"]}]},{"@type":"ImageObject","inLanguage":"ca","@id":"https:\/\/font-romeu.fr\/ca\/en-familia\/familia-plus\/#primaryimage","url":"https:\/\/font-romeu.fr\/wp-content\/uploads\/2021\/11\/label-famille-plus.jpg","contentUrl":"https:\/\/font-romeu.fr\/wp-content\/uploads\/2021\/11\/label-famille-plus.jpg","width":1025,"height":640},{"@type":"BreadcrumbList","@id":"https:\/\/font-romeu.fr\/ca\/en-familia\/familia-plus\/#breadcrumb","itemListElement":[{"@type":"ListItem","position":1,"name":"Accueil","item":"https:\/\/font-romeu.fr\/ca\/"},{"@type":"ListItem","position":2,"name":"En fam\u00edlia","item":"https:\/\/font-romeu.fr\/ca\/en-familia\/"},{"@type":"ListItem","position":3,"name":"Fam\u00edlia Plus"}]},{"@type":"WebSite","@id":"https:\/\/font-romeu.fr\/ca\/#website","url":"https:\/\/font-romeu.fr\/ca\/","name":"Font-romeu","description":"Changez d&#039;altitude","publisher":{"@id":"https:\/\/font-romeu.fr\/ca\/#organization"},"potentialAction":[{"@type":"SearchAction","target":{"@type":"EntryPoint","urlTemplate":"https:\/\/font-romeu.fr\/ca\/?s={search_term_string}"},"query-input":{"@type":"PropertyValueSpecification","valueRequired":true,"valueName":"search_term_string"}}],"inLanguage":"ca"},{"@type":"Organization","@id":"https:\/\/font-romeu.fr\/ca\/#organization","name":"Office de Tourisme de Font-Romeu","url":"https:\/\/font-romeu.fr\/ca\/","logo":{"@type":"ImageObject","inLanguage":"ca","@id":"https:\/\/font-romeu.fr\/ca\/#\/schema\/logo\/image\/","url":"https:\/\/font-romeu.fr\/wp-content\/uploads\/2021\/11\/LogoFontRomeu_orange-1.svg","contentUrl":"https:\/\/font-romeu.fr\/wp-content\/uploads\/2021\/11\/LogoFontRomeu_orange-1.svg","width":1,"height":1,"caption":"Office de Tourisme de Font-Romeu"},"image":{"@id":"https:\/\/font-romeu.fr\/ca\/#\/schema\/logo\/image\/"},"sameAs":["https:\/\/www.instagram.com\/stationfontromeu\/"]}]}},"_links":{"self":[{"href":"https:\/\/font-romeu.fr\/ca\/wp-json\/wp\/v2\/pages\/19773","targetHints":{"allow":["GET"]}}],"collection":[{"href":"https:\/\/font-romeu.fr\/ca\/wp-json\/wp\/v2\/pages"}],"about":[{"href":"https:\/\/font-romeu.fr\/ca\/wp-json\/wp\/v2\/types\/page"}],"author":[{"embeddable":true,"href":"https:\/\/font-romeu.fr\/ca\/wp-json\/wp\/v2\/users\/15"}],"replies":[{"embeddable":true,"href":"https:\/\/font-romeu.fr\/ca\/wp-json\/wp\/v2\/comments?post=19773"}],"version-history":[{"count":3,"href":"https:\/\/font-romeu.fr\/ca\/wp-json\/wp\/v2\/pages\/19773\/revisions"}],"predecessor-version":[{"id":27604,"href":"https:\/\/font-romeu.fr\/ca\/wp-json\/wp\/v2\/pages\/19773\/revisions\/27604"}],"up":[{"embeddable":true,"href":"https:\/\/font-romeu.fr\/ca\/wp-json\/wp\/v2\/pages\/19763"}],"wp:featuredmedia":[{"embeddable":true,"href":"https:\/\/font-romeu.fr\/ca\/wp-json\/wp\/v2\/media\/18611"}],"wp:attachment":[{"href":"https:\/\/font-romeu.fr\/ca\/wp-json\/wp\/v2\/media?parent=19773"}],"curies":[{"name":"wp","href":"https:\/\/api.w.org\/{rel}","templated":true}]}}