{"id":20006,"date":"2021-11-04T10:33:25","date_gmt":"2021-11-04T09:33:25","guid":{"rendered":"https:\/\/font-romeu.fr\/escape-game\/"},"modified":"2023-06-25T09:29:22","modified_gmt":"2023-06-25T07:29:22","slug":"escape-game","status":"publish","type":"page","link":"https:\/\/font-romeu.fr\/ca\/escape-game\/","title":{"rendered":"Escape Game"},"content":{"rendered":"<h2>Viu l&#8217;experi\u00e8ncia Escape Game en fam\u00edlia o entre amics al cor del vell poble d&#8217;Odeillo<\/h2>\n<p>L&#8217;oficina de Turisme de Font-Romeu ofereix 2 nous jocs permanents d&#8217;Escape Game al mig del vell poble d&#8217;Odeillo amb endevinalles l\u00fadiques i d&#8217;estrat\u00e8gia, per a totes les edats.<\/p>\n<div class=\"traductor-textarea form-group\">\n<div class=\"textarea-desti col-xs-12 col-sm-6\">\n<div class=\"form-control second-textarea\">\n<p>Una aventura en immersi\u00f3 total amb un recorregut familiar \u00abLa llegenda del Pr\u00edncep i de la pastora d&#8217;Odeillo \u00bb (nens de 6 a 14 anys) i un recorregut Adult (a partir de 14 anys) \u00ab El tresor male\u00eft del Conquistador perdut\u00bb.<\/p>\n<p>En els dos casos, la teva cerca acabar\u00e0 a l&#8217;Oficina de Turisme per intentar, amb la bona combinaci\u00f3, obrir les caixes que guarden aquests tresors perduts i obtenir aix\u00ed la teva certificaci\u00f3 d&#8217;aventurer experimentat! Aquests jocs estan disponibles a l&#8217;aplicaci\u00f3 Font-Romeu<\/p>\n<\/div>\n<\/div>\n<\/div>\n<div class=\"traductor-checkbox form-group\">\n<div id=\"panel-radioneuronal\" class=\"row\">\n<div class=\"col-sm-5\"><\/div>\n<\/div>\n<\/div>\n","protected":false},"excerpt":{"rendered":"<p>Viu l&#8217;experi\u00e8ncia Escape Game en fam\u00edlia o entre amics al cor del vell poble d&#8217;Odeillo L&#8217;oficina de Turisme de Font-Romeu ofereix 2 nous jocs permanents d&#8217;Escape Game al mig del vell poble d&#8217;Odeillo amb endevinalles l\u00fadiques i d&#8217;estrat\u00e8gia, per a totes les edats. Una aventura en immersi\u00f3 total amb un recorregut familiar \u00abLa llegenda del [&hellip;]<\/p>\n","protected":false},"author":15,"featured_media":18531,"parent":0,"menu_order":0,"comment_status":"closed","ping_status":"closed","template":"page-offresSimple.php","meta":{"_acf_changed":false,"footnotes":""},"class_list":["post-20006","page","type-page","status-publish","has-post-thumbnail","hentry"],"acf":[],"yoast_head":"<!-- This site is optimized with the Yoast SEO plugin v27.3 - https:\/\/yoast.com\/product\/yoast-seo-wordpress\/ -->\n<title>Escape Game - Font-Romeu<\/title>\n<meta name=\"robots\" content=\"index, follow, max-snippet:-1, max-image-preview:large, max-video-preview:-1\" \/>\n<link rel=\"canonical\" href=\"https:\/\/font-romeu.fr\/ca\/escape-game\/\" \/>\n<meta property=\"og:locale\" content=\"ca_ES\" \/>\n<meta property=\"og:type\" content=\"article\" \/>\n<meta property=\"og:title\" content=\"Escape Game - Font-Romeu\" \/>\n<meta property=\"og:description\" content=\"Viu l&#8217;experi\u00e8ncia Escape Game en fam\u00edlia o entre amics al cor del vell poble d&#8217;Odeillo L&#8217;oficina de Turisme de Font-Romeu ofereix 2 nous jocs permanents d&#8217;Escape Game al mig del vell poble d&#8217;Odeillo amb endevinalles l\u00fadiques i d&#8217;estrat\u00e8gia, per a totes les edats. Una aventura en immersi\u00f3 total amb un recorregut familiar \u00abLa llegenda del [&hellip;]\" \/>\n<meta property=\"og:url\" content=\"https:\/\/font-romeu.fr\/ca\/escape-game\/\" \/>\n<meta property=\"og:site_name\" content=\"Font-Romeu\" \/>\n<meta property=\"article:modified_time\" content=\"2023-06-25T07:29:22+00:00\" \/>\n<meta property=\"og:image\" content=\"https:\/\/font-romeu.fr\/wp-content\/uploads\/2021\/11\/listjeux.jpg\" \/>\n\t<meta property=\"og:image:width\" content=\"768\" \/>\n\t<meta property=\"og:image:height\" content=\"492\" \/>\n\t<meta property=\"og:image:type\" content=\"image\/jpeg\" \/>\n<meta name=\"twitter:card\" content=\"summary_large_image\" \/>\n<meta name=\"twitter:label1\" content=\"Temps estimat de lectura\" \/>\n\t<meta name=\"twitter:data1\" content=\"1 minut\" \/>\n<script type=\"application\/ld+json\" class=\"yoast-schema-graph\">{\"@context\":\"https:\\\/\\\/schema.org\",\"@graph\":[{\"@type\":\"WebPage\",\"@id\":\"https:\\\/\\\/font-romeu.fr\\\/ca\\\/escape-game\\\/\",\"url\":\"https:\\\/\\\/font-romeu.fr\\\/ca\\\/escape-game\\\/\",\"name\":\"Escape Game - Font-Romeu\",\"isPartOf\":{\"@id\":\"https:\\\/\\\/font-romeu.fr\\\/ca\\\/#website\"},\"primaryImageOfPage\":{\"@id\":\"https:\\\/\\\/font-romeu.fr\\\/ca\\\/escape-game\\\/#primaryimage\"},\"image\":{\"@id\":\"https:\\\/\\\/font-romeu.fr\\\/ca\\\/escape-game\\\/#primaryimage\"},\"thumbnailUrl\":\"https:\\\/\\\/font-romeu.fr\\\/wp-content\\\/uploads\\\/2021\\\/11\\\/listjeux.jpg\",\"datePublished\":\"2021-11-04T09:33:25+00:00\",\"dateModified\":\"2023-06-25T07:29:22+00:00\",\"breadcrumb\":{\"@id\":\"https:\\\/\\\/font-romeu.fr\\\/ca\\\/escape-game\\\/#breadcrumb\"},\"inLanguage\":\"ca\",\"potentialAction\":[{\"@type\":\"ReadAction\",\"target\":[\"https:\\\/\\\/font-romeu.fr\\\/ca\\\/escape-game\\\/\"]}]},{\"@type\":\"ImageObject\",\"inLanguage\":\"ca\",\"@id\":\"https:\\\/\\\/font-romeu.fr\\\/ca\\\/escape-game\\\/#primaryimage\",\"url\":\"https:\\\/\\\/font-romeu.fr\\\/wp-content\\\/uploads\\\/2021\\\/11\\\/listjeux.jpg\",\"contentUrl\":\"https:\\\/\\\/font-romeu.fr\\\/wp-content\\\/uploads\\\/2021\\\/11\\\/listjeux.jpg\",\"width\":768,\"height\":492,\"caption\":\"escape game font romeu\"},{\"@type\":\"BreadcrumbList\",\"@id\":\"https:\\\/\\\/font-romeu.fr\\\/ca\\\/escape-game\\\/#breadcrumb\",\"itemListElement\":[{\"@type\":\"ListItem\",\"position\":1,\"name\":\"Accueil\",\"item\":\"https:\\\/\\\/font-romeu.fr\\\/ca\\\/\"},{\"@type\":\"ListItem\",\"position\":2,\"name\":\"Escape Game\"}]},{\"@type\":\"WebSite\",\"@id\":\"https:\\\/\\\/font-romeu.fr\\\/ca\\\/#website\",\"url\":\"https:\\\/\\\/font-romeu.fr\\\/ca\\\/\",\"name\":\"Font-romeu\",\"description\":\"Changez d&#039;altitude\",\"publisher\":{\"@id\":\"https:\\\/\\\/font-romeu.fr\\\/ca\\\/#organization\"},\"potentialAction\":[{\"@type\":\"SearchAction\",\"target\":{\"@type\":\"EntryPoint\",\"urlTemplate\":\"https:\\\/\\\/font-romeu.fr\\\/ca\\\/?s={search_term_string}\"},\"query-input\":{\"@type\":\"PropertyValueSpecification\",\"valueRequired\":true,\"valueName\":\"search_term_string\"}}],\"inLanguage\":\"ca\"},{\"@type\":\"Organization\",\"@id\":\"https:\\\/\\\/font-romeu.fr\\\/ca\\\/#organization\",\"name\":\"Office de Tourisme de Font-Romeu\",\"url\":\"https:\\\/\\\/font-romeu.fr\\\/ca\\\/\",\"logo\":{\"@type\":\"ImageObject\",\"inLanguage\":\"ca\",\"@id\":\"https:\\\/\\\/font-romeu.fr\\\/ca\\\/#\\\/schema\\\/logo\\\/image\\\/\",\"url\":\"https:\\\/\\\/font-romeu.fr\\\/wp-content\\\/uploads\\\/2021\\\/11\\\/LogoFontRomeu_orange-1.svg\",\"contentUrl\":\"https:\\\/\\\/font-romeu.fr\\\/wp-content\\\/uploads\\\/2021\\\/11\\\/LogoFontRomeu_orange-1.svg\",\"width\":1,\"height\":1,\"caption\":\"Office de Tourisme de Font-Romeu\"},\"image\":{\"@id\":\"https:\\\/\\\/font-romeu.fr\\\/ca\\\/#\\\/schema\\\/logo\\\/image\\\/\"},\"sameAs\":[\"https:\\\/\\\/www.instagram.com\\\/stationfontromeu\\\/\"]}]}<\/script>\n<!-- \/ Yoast SEO plugin. -->","yoast_head_json":{"title":"Escape Game - Font-Romeu","robots":{"index":"index","follow":"follow","max-snippet":"max-snippet:-1","max-image-preview":"max-image-preview:large","max-video-preview":"max-video-preview:-1"},"canonical":"https:\/\/font-romeu.fr\/ca\/escape-game\/","og_locale":"ca_ES","og_type":"article","og_title":"Escape Game - Font-Romeu","og_description":"Viu l&#8217;experi\u00e8ncia Escape Game en fam\u00edlia o entre amics al cor del vell poble d&#8217;Odeillo L&#8217;oficina de Turisme de Font-Romeu ofereix 2 nous jocs permanents d&#8217;Escape Game al mig del vell poble d&#8217;Odeillo amb endevinalles l\u00fadiques i d&#8217;estrat\u00e8gia, per a totes les edats. Una aventura en immersi\u00f3 total amb un recorregut familiar \u00abLa llegenda del [&hellip;]","og_url":"https:\/\/font-romeu.fr\/ca\/escape-game\/","og_site_name":"Font-Romeu","article_modified_time":"2023-06-25T07:29:22+00:00","og_image":[{"width":768,"height":492,"url":"https:\/\/font-romeu.fr\/wp-content\/uploads\/2021\/11\/listjeux.jpg","type":"image\/jpeg"}],"twitter_card":"summary_large_image","twitter_misc":{"Temps estimat de lectura":"1 minut"},"schema":{"@context":"https:\/\/schema.org","@graph":[{"@type":"WebPage","@id":"https:\/\/font-romeu.fr\/ca\/escape-game\/","url":"https:\/\/font-romeu.fr\/ca\/escape-game\/","name":"Escape Game - Font-Romeu","isPartOf":{"@id":"https:\/\/font-romeu.fr\/ca\/#website"},"primaryImageOfPage":{"@id":"https:\/\/font-romeu.fr\/ca\/escape-game\/#primaryimage"},"image":{"@id":"https:\/\/font-romeu.fr\/ca\/escape-game\/#primaryimage"},"thumbnailUrl":"https:\/\/font-romeu.fr\/wp-content\/uploads\/2021\/11\/listjeux.jpg","datePublished":"2021-11-04T09:33:25+00:00","dateModified":"2023-06-25T07:29:22+00:00","breadcrumb":{"@id":"https:\/\/font-romeu.fr\/ca\/escape-game\/#breadcrumb"},"inLanguage":"ca","potentialAction":[{"@type":"ReadAction","target":["https:\/\/font-romeu.fr\/ca\/escape-game\/"]}]},{"@type":"ImageObject","inLanguage":"ca","@id":"https:\/\/font-romeu.fr\/ca\/escape-game\/#primaryimage","url":"https:\/\/font-romeu.fr\/wp-content\/uploads\/2021\/11\/listjeux.jpg","contentUrl":"https:\/\/font-romeu.fr\/wp-content\/uploads\/2021\/11\/listjeux.jpg","width":768,"height":492,"caption":"escape game font romeu"},{"@type":"BreadcrumbList","@id":"https:\/\/font-romeu.fr\/ca\/escape-game\/#breadcrumb","itemListElement":[{"@type":"ListItem","position":1,"name":"Accueil","item":"https:\/\/font-romeu.fr\/ca\/"},{"@type":"ListItem","position":2,"name":"Escape Game"}]},{"@type":"WebSite","@id":"https:\/\/font-romeu.fr\/ca\/#website","url":"https:\/\/font-romeu.fr\/ca\/","name":"Font-romeu","description":"Changez d&#039;altitude","publisher":{"@id":"https:\/\/font-romeu.fr\/ca\/#organization"},"potentialAction":[{"@type":"SearchAction","target":{"@type":"EntryPoint","urlTemplate":"https:\/\/font-romeu.fr\/ca\/?s={search_term_string}"},"query-input":{"@type":"PropertyValueSpecification","valueRequired":true,"valueName":"search_term_string"}}],"inLanguage":"ca"},{"@type":"Organization","@id":"https:\/\/font-romeu.fr\/ca\/#organization","name":"Office de Tourisme de Font-Romeu","url":"https:\/\/font-romeu.fr\/ca\/","logo":{"@type":"ImageObject","inLanguage":"ca","@id":"https:\/\/font-romeu.fr\/ca\/#\/schema\/logo\/image\/","url":"https:\/\/font-romeu.fr\/wp-content\/uploads\/2021\/11\/LogoFontRomeu_orange-1.svg","contentUrl":"https:\/\/font-romeu.fr\/wp-content\/uploads\/2021\/11\/LogoFontRomeu_orange-1.svg","width":1,"height":1,"caption":"Office de Tourisme de Font-Romeu"},"image":{"@id":"https:\/\/font-romeu.fr\/ca\/#\/schema\/logo\/image\/"},"sameAs":["https:\/\/www.instagram.com\/stationfontromeu\/"]}]}},"_links":{"self":[{"href":"https:\/\/font-romeu.fr\/ca\/wp-json\/wp\/v2\/pages\/20006","targetHints":{"allow":["GET"]}}],"collection":[{"href":"https:\/\/font-romeu.fr\/ca\/wp-json\/wp\/v2\/pages"}],"about":[{"href":"https:\/\/font-romeu.fr\/ca\/wp-json\/wp\/v2\/types\/page"}],"author":[{"embeddable":true,"href":"https:\/\/font-romeu.fr\/ca\/wp-json\/wp\/v2\/users\/15"}],"replies":[{"embeddable":true,"href":"https:\/\/font-romeu.fr\/ca\/wp-json\/wp\/v2\/comments?post=20006"}],"version-history":[{"count":2,"href":"https:\/\/font-romeu.fr\/ca\/wp-json\/wp\/v2\/pages\/20006\/revisions"}],"predecessor-version":[{"id":23349,"href":"https:\/\/font-romeu.fr\/ca\/wp-json\/wp\/v2\/pages\/20006\/revisions\/23349"}],"wp:featuredmedia":[{"embeddable":true,"href":"https:\/\/font-romeu.fr\/ca\/wp-json\/wp\/v2\/media\/18531"}],"wp:attachment":[{"href":"https:\/\/font-romeu.fr\/ca\/wp-json\/wp\/v2\/media?parent=20006"}],"curies":[{"name":"wp","href":"https:\/\/api.w.org\/{rel}","templated":true}]}}