{"id":20011,"date":"2019-05-17T10:42:44","date_gmt":"2019-05-17T08:42:44","guid":{"rendered":"https:\/\/font-romeu.fr\/mencions-legals\/"},"modified":"2023-08-19T11:49:44","modified_gmt":"2023-08-19T09:49:44","slug":"mencions-legals","status":"publish","type":"page","link":"https:\/\/font-romeu.fr\/ca\/mencions-legals\/","title":{"rendered":"Mencions legals"},"content":{"rendered":"<h2>DRETS D\u2019AUTOR<\/h2>\n<p>Le site internet\u00a0<a href=\"http:\/\/www.font-romeu.fr\/\">http:\/\/www.font-romeu.fr<\/a> \u00e9s propietat de l\u2019Oficina de Turisme de Font Romeu<\/p>\n<pre id=\"tw-target-text\" class=\"tw-data-text tw-text-large tw-ta\" dir=\"ltr\" data-placeholder=\"Traduction\"><span class=\"Y2IQFc\" lang=\"ca\">D'acord amb el Codi de Propietat Intel\u00b7lectual, queda totalment prohibit qualsevol \u00fas (representaci\u00f3 o reproducci\u00f3) de tot o part del lloc web sense l'autoritzaci\u00f3 expressa i pr\u00e8via de l'Oficina de Turisme de Font Romeu.<\/span><\/pre>\n<p>&nbsp;<\/p>\n<h2 id=\"tw-target-text\" class=\"tw-data-text tw-text-large tw-ta\" dir=\"ltr\" data-placeholder=\"Traduction\"><strong><span class=\"Y2IQFc\" lang=\"ca\">RESPECTE A LA PRIVACITAT I NO RECOLLIDA DE DADES DES DE L&#8217;APLICACI\u00d3 M\u00d2BIL<\/span><\/strong><\/h2>\n<pre id=\"tw-target-text\" class=\"tw-data-text tw-text-large tw-ta\" dir=\"ltr\" data-placeholder=\"Traduction\"><span class=\"Y2IQFc\" lang=\"ca\">L'aplicaci\u00f3 m\u00f2bil Font Romeu distribu\u00efda a Google Playstore no emmagatzema la informaci\u00f3 seg\u00fcent<\/span><\/pre>\n<p>\u2013 <span class=\"Y2IQFc\" lang=\"ca\">les dades privades de l&#8217;usuari ja sigui el seu correu electr\u00f2nic, cognoms, nom, adre\u00e7a o tel\u00e8fon<\/span>.<br \/>\n\u2013 <span class=\"Y2IQFc\" lang=\"ca\">les coordenades de la ubicaci\u00f3 GPS o qualsevol informaci\u00f3 recuperada mitjan\u00e7ant els components natius del tel\u00e8fon (c\u00e0mera, sensor, giroscopi, etc.)<\/span><\/p>\n<p>\u2013 <span class=\"Y2IQFc\" lang=\"ca\">informaci\u00f3, com ara el nom de l&#8217;equip i el temps de finalitzaci\u00f3, es guarda a l&#8217;emmagatzematge del vostre dispositiu amb l&#8217;\u00fanic prop\u00f2sit d&#8217;establir una classificaci\u00f3 i no s&#8217;utilitza per a cap altre prop\u00f2sit.<\/span><\/p>\n<pre id=\"tw-target-text\" class=\"tw-data-text tw-text-large tw-ta\" dir=\"ltr\" data-placeholder=\"Traduction\"><span class=\"Y2IQFc\" lang=\"ca\">L'aplicaci\u00f3 nom\u00e9s emmagatzema els resultats del joc d'escapada el nom de l'equip del qual (i nom\u00e9s el nom) s'ha completat quan s'inicia el joc. No hi ha cap altra dada afiliada a aquest resultat.<\/span><\/pre>\n<p>&nbsp;<\/p>\n<h2>ADVERTIMENT<\/h2>\n<pre id=\"tw-target-text\" class=\"tw-data-text tw-text-large tw-ta\" dir=\"ltr\" data-placeholder=\"Traduction\"><span class=\"Y2IQFc\" lang=\"ca\">Les dades no exhaustives que es presenten al web de l'Oficina de Turisme de Font Romeu es faciliten a t\u00edtol informatiu. Es recullen mesos abans de la seva publicaci\u00f3. Per tant, l'Oficina de Turisme de Font Romeu no es fa responsable dels canvis que es puguin produir durant l'any. En conseq\u00fc\u00e8ncia, \u00e9s la vostra responsabilitat verificar l'exactitud de la informaci\u00f3 amb els nostres prove\u00efdors de serveis.<\/span><\/pre>\n<p>&nbsp;<\/p>\n<h2 id=\"tw-target-text\" class=\"tw-data-text tw-text-large tw-ta\" dir=\"ltr\" data-placeholder=\"Traduction\"><strong><span class=\"Y2IQFc\" lang=\"ca\">ENLLA\u00c7OS HIPERTEXTOS<\/span><\/strong><\/h2>\n<pre id=\"tw-target-text\" class=\"tw-data-text tw-text-large tw-ta\" dir=\"ltr\" data-placeholder=\"Traduction\"><span class=\"Y2IQFc\" lang=\"ca\">L'Oficina de Turisme de Font Romeu no assumeix cap responsabilitat pels llocs web accessibles des del seu propi lloc<\/span>.<\/pre>\n<pre id=\"tw-target-text\" class=\"tw-data-text tw-text-large tw-ta\" dir=\"ltr\" data-placeholder=\"Traduction\"><span class=\"Y2IQFc\" lang=\"ca\">Un enlla\u00e7 al lloc http:\/\/www.font-romeu.fr nom\u00e9s es pot crear despr\u00e9s de l'autoritzaci\u00f3 expressa i pr\u00e8via de Manche Tourisme.<\/span><\/pre>\n<p>&nbsp;<\/p>\n<h2 id=\"tw-target-text\" class=\"tw-data-text tw-text-large tw-ta\" dir=\"ltr\" data-placeholder=\"Traduction\"><strong><span class=\"Y2IQFc\" lang=\"ca\">INFORM\u00c0TICA I LLIBERTAT<\/span><\/strong><\/h2>\n<p id=\"tw-target-text\" class=\"tw-data-text tw-text-large tw-ta\" dir=\"ltr\" data-placeholder=\"Traduction\"><span class=\"Y2IQFc\" lang=\"ca\">La web de l&#8217;Oficina de Turisme de Font Romeu ha estat declarada a la Comissi\u00f3 Nacional d&#8217;Inform\u00e0tica i Llibertats (CNIL).<\/span><\/p>\n<p id=\"tw-target-text\" class=\"tw-data-text tw-text-large tw-ta\" dir=\"ltr\" data-placeholder=\"Traduction\"><span class=\"Y2IQFc\" lang=\"ca\">Teniu dret a accedir, modificar, rectificar i suprimir les dades que us concerneixen (art. 34 de la Llei \u201cInformatique et Libert\u00e9s\u201d de 6 de gener de 1978). Per a qualsevol sol\u00b7licitud, poseu-vos en contacte amb:<\/span><\/p>\n<p><strong>Oficina de Turisme de Font Romeu<\/strong><br \/>\n43 avenue Emmanuel Brousse<br \/>\nB.P. 55 \u2013 66122 Font-Romeu Cedex<br \/>\nTelf. (0)4.68.30.68.30 \u2013 Fax (0)4.68.30.29.70<\/p>\n<p>&nbsp;<\/p>\n<h2 id=\"tw-target-text\" class=\"tw-data-text tw-text-large tw-ta\" dir=\"ltr\" data-placeholder=\"Traduction\"><strong><span class=\"Y2IQFc\" lang=\"ca\">CR\u00c8DIT FOTOGR\u00c0FIC<\/span><\/strong><\/h2>\n<pre id=\"tw-target-text\" class=\"tw-data-text tw-text-large tw-ta\" dir=\"ltr\" data-placeholder=\"Traduction\"><span class=\"Y2IQFc\" lang=\"ca\">Cr\u00e8dits fotogr\u00e0fics<\/span><\/pre>\n<p>&nbsp;<\/p>\n<h2>INFORMACIONS LEGALS<\/h2>\n<h3>Director de publicacions :<\/h3>\n<p>Christian Sarran, Director<\/p>\n<h3 id=\"tw-target-text\" class=\"tw-data-text tw-text-large tw-ta\" dir=\"ltr\" data-placeholder=\"Traduction\"><strong><span class=\"Y2IQFc\" lang=\"ca\">Disseny, producci\u00f3 i allotjament web:<\/span><\/strong><\/h3>\n<h3>:<\/h3>\n<p><strong>Agence Hookipa<\/strong><br \/>\n3 rue des Arts 31000 Toulouse<br \/>\nT\u00e9l : 05 61 20 91 80<\/p>\n<p>Lloc Web : <a href=\"https:\/\/agence-hookipa.com\/\" target=\"_blank\" rel=\"noopener\">agence-hookipa.com<\/a><\/p>\n","protected":false},"excerpt":{"rendered":"<p>DRETS D\u2019AUTOR Le site internet\u00a0http:\/\/www.font-romeu.fr \u00e9s propietat de l\u2019Oficina de Turisme de Font Romeu D&#8217;acord amb el Codi de Propietat Intel\u00b7lectual, queda totalment prohibit qualsevol \u00fas (representaci\u00f3 o reproducci\u00f3) de tot o part del lloc web sense l&#8217;autoritzaci\u00f3 expressa i pr\u00e8via de l&#8217;Oficina de Turisme de Font Romeu. &nbsp; RESPECTE A LA PRIVACITAT I NO [&hellip;]<\/p>\n","protected":false},"author":15,"featured_media":0,"parent":0,"menu_order":0,"comment_status":"closed","ping_status":"closed","template":"","meta":{"_acf_changed":false,"footnotes":""},"class_list":["post-20011","page","type-page","status-publish","hentry"],"acf":[],"yoast_head":"<!-- This site is optimized with the Yoast SEO plugin v27.3 - https:\/\/yoast.com\/product\/yoast-seo-wordpress\/ -->\n<title>Mencions legals - Font-Romeu<\/title>\n<meta name=\"robots\" content=\"index, follow, max-snippet:-1, max-image-preview:large, max-video-preview:-1\" \/>\n<link rel=\"canonical\" href=\"https:\/\/font-romeu.fr\/ca\/mencions-legals\/\" \/>\n<meta property=\"og:locale\" content=\"ca_ES\" \/>\n<meta property=\"og:type\" content=\"article\" \/>\n<meta property=\"og:title\" content=\"Mencions legals - Font-Romeu\" \/>\n<meta property=\"og:description\" content=\"DRETS D\u2019AUTOR Le site internet\u00a0http:\/\/www.font-romeu.fr \u00e9s propietat de l\u2019Oficina de Turisme de Font Romeu D&#039;acord amb el Codi de Propietat Intel\u00b7lectual, queda totalment prohibit qualsevol \u00fas (representaci\u00f3 o reproducci\u00f3) de tot o part del lloc web sense l&#039;autoritzaci\u00f3 expressa i pr\u00e8via de l&#039;Oficina de Turisme de Font Romeu. &nbsp; RESPECTE A LA PRIVACITAT I NO [&hellip;]\" \/>\n<meta property=\"og:url\" content=\"https:\/\/font-romeu.fr\/ca\/mencions-legals\/\" \/>\n<meta property=\"og:site_name\" content=\"Font-Romeu\" \/>\n<meta property=\"article:modified_time\" content=\"2023-08-19T09:49:44+00:00\" \/>\n<meta property=\"og:image\" content=\"https:\/\/font-romeu.fr\/wp-content\/uploads\/2021\/11\/FONT-ROMEU-guide-accueil-hiver-2021-2022-couv.jpg\" \/>\n\t<meta property=\"og:image:width\" content=\"1181\" \/>\n\t<meta property=\"og:image:height\" content=\"2339\" \/>\n\t<meta property=\"og:image:type\" content=\"image\/jpeg\" \/>\n<meta name=\"twitter:card\" content=\"summary_large_image\" \/>\n<meta name=\"twitter:label1\" content=\"Temps estimat de lectura\" \/>\n\t<meta name=\"twitter:data1\" content=\"2 minuts\" \/>\n<script type=\"application\/ld+json\" class=\"yoast-schema-graph\">{\"@context\":\"https:\\\/\\\/schema.org\",\"@graph\":[{\"@type\":\"WebPage\",\"@id\":\"https:\\\/\\\/font-romeu.fr\\\/ca\\\/mencions-legals\\\/\",\"url\":\"https:\\\/\\\/font-romeu.fr\\\/ca\\\/mencions-legals\\\/\",\"name\":\"Mencions legals - Font-Romeu\",\"isPartOf\":{\"@id\":\"https:\\\/\\\/font-romeu.fr\\\/ca\\\/#website\"},\"datePublished\":\"2019-05-17T08:42:44+00:00\",\"dateModified\":\"2023-08-19T09:49:44+00:00\",\"breadcrumb\":{\"@id\":\"https:\\\/\\\/font-romeu.fr\\\/ca\\\/mencions-legals\\\/#breadcrumb\"},\"inLanguage\":\"ca\",\"potentialAction\":[{\"@type\":\"ReadAction\",\"target\":[\"https:\\\/\\\/font-romeu.fr\\\/ca\\\/mencions-legals\\\/\"]}]},{\"@type\":\"BreadcrumbList\",\"@id\":\"https:\\\/\\\/font-romeu.fr\\\/ca\\\/mencions-legals\\\/#breadcrumb\",\"itemListElement\":[{\"@type\":\"ListItem\",\"position\":1,\"name\":\"Accueil\",\"item\":\"https:\\\/\\\/font-romeu.fr\\\/ca\\\/\"},{\"@type\":\"ListItem\",\"position\":2,\"name\":\"Mencions legals\"}]},{\"@type\":\"WebSite\",\"@id\":\"https:\\\/\\\/font-romeu.fr\\\/ca\\\/#website\",\"url\":\"https:\\\/\\\/font-romeu.fr\\\/ca\\\/\",\"name\":\"Font-romeu\",\"description\":\"Changez d&#039;altitude\",\"publisher\":{\"@id\":\"https:\\\/\\\/font-romeu.fr\\\/ca\\\/#organization\"},\"potentialAction\":[{\"@type\":\"SearchAction\",\"target\":{\"@type\":\"EntryPoint\",\"urlTemplate\":\"https:\\\/\\\/font-romeu.fr\\\/ca\\\/?s={search_term_string}\"},\"query-input\":{\"@type\":\"PropertyValueSpecification\",\"valueRequired\":true,\"valueName\":\"search_term_string\"}}],\"inLanguage\":\"ca\"},{\"@type\":\"Organization\",\"@id\":\"https:\\\/\\\/font-romeu.fr\\\/ca\\\/#organization\",\"name\":\"Office de Tourisme de Font-Romeu\",\"url\":\"https:\\\/\\\/font-romeu.fr\\\/ca\\\/\",\"logo\":{\"@type\":\"ImageObject\",\"inLanguage\":\"ca\",\"@id\":\"https:\\\/\\\/font-romeu.fr\\\/ca\\\/#\\\/schema\\\/logo\\\/image\\\/\",\"url\":\"https:\\\/\\\/font-romeu.fr\\\/wp-content\\\/uploads\\\/2021\\\/11\\\/LogoFontRomeu_orange-1.svg\",\"contentUrl\":\"https:\\\/\\\/font-romeu.fr\\\/wp-content\\\/uploads\\\/2021\\\/11\\\/LogoFontRomeu_orange-1.svg\",\"width\":1,\"height\":1,\"caption\":\"Office de Tourisme de Font-Romeu\"},\"image\":{\"@id\":\"https:\\\/\\\/font-romeu.fr\\\/ca\\\/#\\\/schema\\\/logo\\\/image\\\/\"},\"sameAs\":[\"https:\\\/\\\/www.instagram.com\\\/stationfontromeu\\\/\"]}]}<\/script>\n<!-- \/ Yoast SEO plugin. -->","yoast_head_json":{"title":"Mencions legals - Font-Romeu","robots":{"index":"index","follow":"follow","max-snippet":"max-snippet:-1","max-image-preview":"max-image-preview:large","max-video-preview":"max-video-preview:-1"},"canonical":"https:\/\/font-romeu.fr\/ca\/mencions-legals\/","og_locale":"ca_ES","og_type":"article","og_title":"Mencions legals - Font-Romeu","og_description":"DRETS D\u2019AUTOR Le site internet\u00a0http:\/\/www.font-romeu.fr \u00e9s propietat de l\u2019Oficina de Turisme de Font Romeu D'acord amb el Codi de Propietat Intel\u00b7lectual, queda totalment prohibit qualsevol \u00fas (representaci\u00f3 o reproducci\u00f3) de tot o part del lloc web sense l'autoritzaci\u00f3 expressa i pr\u00e8via de l'Oficina de Turisme de Font Romeu. &nbsp; RESPECTE A LA PRIVACITAT I NO [&hellip;]","og_url":"https:\/\/font-romeu.fr\/ca\/mencions-legals\/","og_site_name":"Font-Romeu","article_modified_time":"2023-08-19T09:49:44+00:00","og_image":[{"width":1181,"height":2339,"url":"https:\/\/font-romeu.fr\/wp-content\/uploads\/2021\/11\/FONT-ROMEU-guide-accueil-hiver-2021-2022-couv.jpg","type":"image\/jpeg"}],"twitter_card":"summary_large_image","twitter_misc":{"Temps estimat de lectura":"2 minuts"},"schema":{"@context":"https:\/\/schema.org","@graph":[{"@type":"WebPage","@id":"https:\/\/font-romeu.fr\/ca\/mencions-legals\/","url":"https:\/\/font-romeu.fr\/ca\/mencions-legals\/","name":"Mencions legals - Font-Romeu","isPartOf":{"@id":"https:\/\/font-romeu.fr\/ca\/#website"},"datePublished":"2019-05-17T08:42:44+00:00","dateModified":"2023-08-19T09:49:44+00:00","breadcrumb":{"@id":"https:\/\/font-romeu.fr\/ca\/mencions-legals\/#breadcrumb"},"inLanguage":"ca","potentialAction":[{"@type":"ReadAction","target":["https:\/\/font-romeu.fr\/ca\/mencions-legals\/"]}]},{"@type":"BreadcrumbList","@id":"https:\/\/font-romeu.fr\/ca\/mencions-legals\/#breadcrumb","itemListElement":[{"@type":"ListItem","position":1,"name":"Accueil","item":"https:\/\/font-romeu.fr\/ca\/"},{"@type":"ListItem","position":2,"name":"Mencions legals"}]},{"@type":"WebSite","@id":"https:\/\/font-romeu.fr\/ca\/#website","url":"https:\/\/font-romeu.fr\/ca\/","name":"Font-romeu","description":"Changez d&#039;altitude","publisher":{"@id":"https:\/\/font-romeu.fr\/ca\/#organization"},"potentialAction":[{"@type":"SearchAction","target":{"@type":"EntryPoint","urlTemplate":"https:\/\/font-romeu.fr\/ca\/?s={search_term_string}"},"query-input":{"@type":"PropertyValueSpecification","valueRequired":true,"valueName":"search_term_string"}}],"inLanguage":"ca"},{"@type":"Organization","@id":"https:\/\/font-romeu.fr\/ca\/#organization","name":"Office de Tourisme de Font-Romeu","url":"https:\/\/font-romeu.fr\/ca\/","logo":{"@type":"ImageObject","inLanguage":"ca","@id":"https:\/\/font-romeu.fr\/ca\/#\/schema\/logo\/image\/","url":"https:\/\/font-romeu.fr\/wp-content\/uploads\/2021\/11\/LogoFontRomeu_orange-1.svg","contentUrl":"https:\/\/font-romeu.fr\/wp-content\/uploads\/2021\/11\/LogoFontRomeu_orange-1.svg","width":1,"height":1,"caption":"Office de Tourisme de Font-Romeu"},"image":{"@id":"https:\/\/font-romeu.fr\/ca\/#\/schema\/logo\/image\/"},"sameAs":["https:\/\/www.instagram.com\/stationfontromeu\/"]}]}},"_links":{"self":[{"href":"https:\/\/font-romeu.fr\/ca\/wp-json\/wp\/v2\/pages\/20011","targetHints":{"allow":["GET"]}}],"collection":[{"href":"https:\/\/font-romeu.fr\/ca\/wp-json\/wp\/v2\/pages"}],"about":[{"href":"https:\/\/font-romeu.fr\/ca\/wp-json\/wp\/v2\/types\/page"}],"author":[{"embeddable":true,"href":"https:\/\/font-romeu.fr\/ca\/wp-json\/wp\/v2\/users\/15"}],"replies":[{"embeddable":true,"href":"https:\/\/font-romeu.fr\/ca\/wp-json\/wp\/v2\/comments?post=20011"}],"version-history":[{"count":2,"href":"https:\/\/font-romeu.fr\/ca\/wp-json\/wp\/v2\/pages\/20011\/revisions"}],"predecessor-version":[{"id":24613,"href":"https:\/\/font-romeu.fr\/ca\/wp-json\/wp\/v2\/pages\/20011\/revisions\/24613"}],"wp:attachment":[{"href":"https:\/\/font-romeu.fr\/ca\/wp-json\/wp\/v2\/media?parent=20011"}],"curies":[{"name":"wp","href":"https:\/\/api.w.org\/{rel}","templated":true}]}}