{"id":20016,"date":"2021-11-04T11:11:11","date_gmt":"2021-11-04T10:11:11","guid":{"rendered":"https:\/\/font-romeu.fr\/paybyphone\/"},"modified":"2023-08-19T11:52:40","modified_gmt":"2023-08-19T09:52:40","slug":"paybyphone","status":"publish","type":"page","link":"https:\/\/font-romeu.fr\/ca\/paybyphone\/","title":{"rendered":"Paybyphone"},"content":{"rendered":"<h2>Aparcar \u00e9s m\u00e9s f\u00e0cil !<\/h2>\n<p><strong>Els Romeufontans poden pagar el seu aparcament amb PayByPhone.<\/strong><\/p>\n<p>Oblida&#8217;t dels tiquets i del paper i dona la benvinguda a la llibertat! Els automobilistes de Font-Romeu poden pagar i gestionar el seu aparcament a dist\u00e0ncia gr\u00e0cies a PayByPhone. Ja no necessitar\u00e0s dur monedes, ni registrar la teva matr\u00edcula al parqu\u00edmetre a cada estacionament, ni c\u00f3rrer per agafar un nou tiquet: amb PayByPhone, els automobilistes tenen el parqu\u00edmetre a la seva butxaca! Un guany de temps considerable que facilitar\u00e0 enormement la teva vida di\u00e0ria i els teus despla\u00e7aments.<\/p>\n<ul>\n<li>Paga a dist\u00e0ncia<\/li>\n<li>Prolonga o atura l&#8217;estacionament<\/li>\n<li>No necesites diners en efectiu<\/li>\n<li>Recordatori del temps d&#8217;estacionament, abans del final del termini<\/li>\n<\/ul>\n<p><a href=\"https:\/\/font-romeu.fr\/wp-content\/themes\/hookipa-theme\/assets\/video\/paybyphone.mp4\" target=\"_blank\" rel=\"noopener\" data-fancybox=\"\" data-type=\"iframe\">Veure el video<\/a><\/p>\n","protected":false},"excerpt":{"rendered":"<p>Aparcar \u00e9s m\u00e9s f\u00e0cil ! Els Romeufontans poden pagar el seu aparcament amb PayByPhone. Oblida&#8217;t dels tiquets i del paper i dona la benvinguda a la llibertat! Els automobilistes de Font-Romeu poden pagar i gestionar el seu aparcament a dist\u00e0ncia gr\u00e0cies a PayByPhone. Ja no necessitar\u00e0s dur monedes, ni registrar la teva matr\u00edcula al parqu\u00edmetre [&hellip;]<\/p>\n","protected":false},"author":15,"featured_media":18532,"parent":0,"menu_order":0,"comment_status":"closed","ping_status":"closed","template":"page-article.php","meta":{"_acf_changed":false,"footnotes":""},"class_list":["post-20016","page","type-page","status-publish","has-post-thumbnail","hentry"],"acf":[],"yoast_head":"<!-- This site is optimized with the Yoast SEO plugin v27.3 - https:\/\/yoast.com\/product\/yoast-seo-wordpress\/ -->\n<title>Paybyphone - Font-Romeu<\/title>\n<meta name=\"robots\" content=\"index, follow, max-snippet:-1, max-image-preview:large, max-video-preview:-1\" \/>\n<link rel=\"canonical\" href=\"https:\/\/font-romeu.fr\/ca\/paybyphone\/\" \/>\n<meta property=\"og:locale\" content=\"ca_ES\" \/>\n<meta property=\"og:type\" content=\"article\" \/>\n<meta property=\"og:title\" content=\"Paybyphone - Font-Romeu\" \/>\n<meta property=\"og:description\" content=\"Aparcar \u00e9s m\u00e9s f\u00e0cil ! Els Romeufontans poden pagar el seu aparcament amb PayByPhone. Oblida&#8217;t dels tiquets i del paper i dona la benvinguda a la llibertat! Els automobilistes de Font-Romeu poden pagar i gestionar el seu aparcament a dist\u00e0ncia gr\u00e0cies a PayByPhone. Ja no necessitar\u00e0s dur monedes, ni registrar la teva matr\u00edcula al parqu\u00edmetre [&hellip;]\" \/>\n<meta property=\"og:url\" content=\"https:\/\/font-romeu.fr\/ca\/paybyphone\/\" \/>\n<meta property=\"og:site_name\" content=\"Font-Romeu\" \/>\n<meta property=\"article:modified_time\" content=\"2023-08-19T09:52:40+00:00\" \/>\n<meta property=\"og:image\" content=\"https:\/\/font-romeu.fr\/wp-content\/uploads\/2021\/11\/paybyphone-720x360-1.jpg\" \/>\n\t<meta property=\"og:image:width\" content=\"768\" \/>\n\t<meta property=\"og:image:height\" content=\"492\" \/>\n\t<meta property=\"og:image:type\" content=\"image\/jpeg\" \/>\n<meta name=\"twitter:card\" content=\"summary_large_image\" \/>\n<meta name=\"twitter:label1\" content=\"Temps estimat de lectura\" \/>\n\t<meta name=\"twitter:data1\" content=\"1 minut\" \/>\n<script type=\"application\/ld+json\" class=\"yoast-schema-graph\">{\"@context\":\"https:\\\/\\\/schema.org\",\"@graph\":[{\"@type\":\"WebPage\",\"@id\":\"https:\\\/\\\/font-romeu.fr\\\/ca\\\/paybyphone\\\/\",\"url\":\"https:\\\/\\\/font-romeu.fr\\\/ca\\\/paybyphone\\\/\",\"name\":\"Paybyphone - Font-Romeu\",\"isPartOf\":{\"@id\":\"https:\\\/\\\/font-romeu.fr\\\/ca\\\/#website\"},\"primaryImageOfPage\":{\"@id\":\"https:\\\/\\\/font-romeu.fr\\\/ca\\\/paybyphone\\\/#primaryimage\"},\"image\":{\"@id\":\"https:\\\/\\\/font-romeu.fr\\\/ca\\\/paybyphone\\\/#primaryimage\"},\"thumbnailUrl\":\"https:\\\/\\\/font-romeu.fr\\\/wp-content\\\/uploads\\\/2021\\\/11\\\/paybyphone-720x360-1.jpg\",\"datePublished\":\"2021-11-04T10:11:11+00:00\",\"dateModified\":\"2023-08-19T09:52:40+00:00\",\"breadcrumb\":{\"@id\":\"https:\\\/\\\/font-romeu.fr\\\/ca\\\/paybyphone\\\/#breadcrumb\"},\"inLanguage\":\"ca\",\"potentialAction\":[{\"@type\":\"ReadAction\",\"target\":[\"https:\\\/\\\/font-romeu.fr\\\/ca\\\/paybyphone\\\/\"]}]},{\"@type\":\"ImageObject\",\"inLanguage\":\"ca\",\"@id\":\"https:\\\/\\\/font-romeu.fr\\\/ca\\\/paybyphone\\\/#primaryimage\",\"url\":\"https:\\\/\\\/font-romeu.fr\\\/wp-content\\\/uploads\\\/2021\\\/11\\\/paybyphone-720x360-1.jpg\",\"contentUrl\":\"https:\\\/\\\/font-romeu.fr\\\/wp-content\\\/uploads\\\/2021\\\/11\\\/paybyphone-720x360-1.jpg\",\"width\":768,\"height\":492,\"caption\":\"paybyphone font romeu\"},{\"@type\":\"BreadcrumbList\",\"@id\":\"https:\\\/\\\/font-romeu.fr\\\/ca\\\/paybyphone\\\/#breadcrumb\",\"itemListElement\":[{\"@type\":\"ListItem\",\"position\":1,\"name\":\"Accueil\",\"item\":\"https:\\\/\\\/font-romeu.fr\\\/ca\\\/\"},{\"@type\":\"ListItem\",\"position\":2,\"name\":\"Paybyphone\"}]},{\"@type\":\"WebSite\",\"@id\":\"https:\\\/\\\/font-romeu.fr\\\/ca\\\/#website\",\"url\":\"https:\\\/\\\/font-romeu.fr\\\/ca\\\/\",\"name\":\"Font-romeu\",\"description\":\"Changez d&#039;altitude\",\"publisher\":{\"@id\":\"https:\\\/\\\/font-romeu.fr\\\/ca\\\/#organization\"},\"potentialAction\":[{\"@type\":\"SearchAction\",\"target\":{\"@type\":\"EntryPoint\",\"urlTemplate\":\"https:\\\/\\\/font-romeu.fr\\\/ca\\\/?s={search_term_string}\"},\"query-input\":{\"@type\":\"PropertyValueSpecification\",\"valueRequired\":true,\"valueName\":\"search_term_string\"}}],\"inLanguage\":\"ca\"},{\"@type\":\"Organization\",\"@id\":\"https:\\\/\\\/font-romeu.fr\\\/ca\\\/#organization\",\"name\":\"Office de Tourisme de Font-Romeu\",\"url\":\"https:\\\/\\\/font-romeu.fr\\\/ca\\\/\",\"logo\":{\"@type\":\"ImageObject\",\"inLanguage\":\"ca\",\"@id\":\"https:\\\/\\\/font-romeu.fr\\\/ca\\\/#\\\/schema\\\/logo\\\/image\\\/\",\"url\":\"https:\\\/\\\/font-romeu.fr\\\/wp-content\\\/uploads\\\/2021\\\/11\\\/LogoFontRomeu_orange-1.svg\",\"contentUrl\":\"https:\\\/\\\/font-romeu.fr\\\/wp-content\\\/uploads\\\/2021\\\/11\\\/LogoFontRomeu_orange-1.svg\",\"width\":1,\"height\":1,\"caption\":\"Office de Tourisme de Font-Romeu\"},\"image\":{\"@id\":\"https:\\\/\\\/font-romeu.fr\\\/ca\\\/#\\\/schema\\\/logo\\\/image\\\/\"},\"sameAs\":[\"https:\\\/\\\/www.instagram.com\\\/stationfontromeu\\\/\"]}]}<\/script>\n<!-- \/ Yoast SEO plugin. -->","yoast_head_json":{"title":"Paybyphone - Font-Romeu","robots":{"index":"index","follow":"follow","max-snippet":"max-snippet:-1","max-image-preview":"max-image-preview:large","max-video-preview":"max-video-preview:-1"},"canonical":"https:\/\/font-romeu.fr\/ca\/paybyphone\/","og_locale":"ca_ES","og_type":"article","og_title":"Paybyphone - Font-Romeu","og_description":"Aparcar \u00e9s m\u00e9s f\u00e0cil ! Els Romeufontans poden pagar el seu aparcament amb PayByPhone. Oblida&#8217;t dels tiquets i del paper i dona la benvinguda a la llibertat! Els automobilistes de Font-Romeu poden pagar i gestionar el seu aparcament a dist\u00e0ncia gr\u00e0cies a PayByPhone. Ja no necessitar\u00e0s dur monedes, ni registrar la teva matr\u00edcula al parqu\u00edmetre [&hellip;]","og_url":"https:\/\/font-romeu.fr\/ca\/paybyphone\/","og_site_name":"Font-Romeu","article_modified_time":"2023-08-19T09:52:40+00:00","og_image":[{"width":768,"height":492,"url":"https:\/\/font-romeu.fr\/wp-content\/uploads\/2021\/11\/paybyphone-720x360-1.jpg","type":"image\/jpeg"}],"twitter_card":"summary_large_image","twitter_misc":{"Temps estimat de lectura":"1 minut"},"schema":{"@context":"https:\/\/schema.org","@graph":[{"@type":"WebPage","@id":"https:\/\/font-romeu.fr\/ca\/paybyphone\/","url":"https:\/\/font-romeu.fr\/ca\/paybyphone\/","name":"Paybyphone - Font-Romeu","isPartOf":{"@id":"https:\/\/font-romeu.fr\/ca\/#website"},"primaryImageOfPage":{"@id":"https:\/\/font-romeu.fr\/ca\/paybyphone\/#primaryimage"},"image":{"@id":"https:\/\/font-romeu.fr\/ca\/paybyphone\/#primaryimage"},"thumbnailUrl":"https:\/\/font-romeu.fr\/wp-content\/uploads\/2021\/11\/paybyphone-720x360-1.jpg","datePublished":"2021-11-04T10:11:11+00:00","dateModified":"2023-08-19T09:52:40+00:00","breadcrumb":{"@id":"https:\/\/font-romeu.fr\/ca\/paybyphone\/#breadcrumb"},"inLanguage":"ca","potentialAction":[{"@type":"ReadAction","target":["https:\/\/font-romeu.fr\/ca\/paybyphone\/"]}]},{"@type":"ImageObject","inLanguage":"ca","@id":"https:\/\/font-romeu.fr\/ca\/paybyphone\/#primaryimage","url":"https:\/\/font-romeu.fr\/wp-content\/uploads\/2021\/11\/paybyphone-720x360-1.jpg","contentUrl":"https:\/\/font-romeu.fr\/wp-content\/uploads\/2021\/11\/paybyphone-720x360-1.jpg","width":768,"height":492,"caption":"paybyphone font romeu"},{"@type":"BreadcrumbList","@id":"https:\/\/font-romeu.fr\/ca\/paybyphone\/#breadcrumb","itemListElement":[{"@type":"ListItem","position":1,"name":"Accueil","item":"https:\/\/font-romeu.fr\/ca\/"},{"@type":"ListItem","position":2,"name":"Paybyphone"}]},{"@type":"WebSite","@id":"https:\/\/font-romeu.fr\/ca\/#website","url":"https:\/\/font-romeu.fr\/ca\/","name":"Font-romeu","description":"Changez d&#039;altitude","publisher":{"@id":"https:\/\/font-romeu.fr\/ca\/#organization"},"potentialAction":[{"@type":"SearchAction","target":{"@type":"EntryPoint","urlTemplate":"https:\/\/font-romeu.fr\/ca\/?s={search_term_string}"},"query-input":{"@type":"PropertyValueSpecification","valueRequired":true,"valueName":"search_term_string"}}],"inLanguage":"ca"},{"@type":"Organization","@id":"https:\/\/font-romeu.fr\/ca\/#organization","name":"Office de Tourisme de Font-Romeu","url":"https:\/\/font-romeu.fr\/ca\/","logo":{"@type":"ImageObject","inLanguage":"ca","@id":"https:\/\/font-romeu.fr\/ca\/#\/schema\/logo\/image\/","url":"https:\/\/font-romeu.fr\/wp-content\/uploads\/2021\/11\/LogoFontRomeu_orange-1.svg","contentUrl":"https:\/\/font-romeu.fr\/wp-content\/uploads\/2021\/11\/LogoFontRomeu_orange-1.svg","width":1,"height":1,"caption":"Office de Tourisme de Font-Romeu"},"image":{"@id":"https:\/\/font-romeu.fr\/ca\/#\/schema\/logo\/image\/"},"sameAs":["https:\/\/www.instagram.com\/stationfontromeu\/"]}]}},"_links":{"self":[{"href":"https:\/\/font-romeu.fr\/ca\/wp-json\/wp\/v2\/pages\/20016","targetHints":{"allow":["GET"]}}],"collection":[{"href":"https:\/\/font-romeu.fr\/ca\/wp-json\/wp\/v2\/pages"}],"about":[{"href":"https:\/\/font-romeu.fr\/ca\/wp-json\/wp\/v2\/types\/page"}],"author":[{"embeddable":true,"href":"https:\/\/font-romeu.fr\/ca\/wp-json\/wp\/v2\/users\/15"}],"replies":[{"embeddable":true,"href":"https:\/\/font-romeu.fr\/ca\/wp-json\/wp\/v2\/comments?post=20016"}],"version-history":[{"count":3,"href":"https:\/\/font-romeu.fr\/ca\/wp-json\/wp\/v2\/pages\/20016\/revisions"}],"predecessor-version":[{"id":24615,"href":"https:\/\/font-romeu.fr\/ca\/wp-json\/wp\/v2\/pages\/20016\/revisions\/24615"}],"wp:featuredmedia":[{"embeddable":true,"href":"https:\/\/font-romeu.fr\/ca\/wp-json\/wp\/v2\/media\/18532"}],"wp:attachment":[{"href":"https:\/\/font-romeu.fr\/ca\/wp-json\/wp\/v2\/media?parent=20016"}],"curies":[{"name":"wp","href":"https:\/\/api.w.org\/{rel}","templated":true}]}}