{"id":20021,"date":"2019-05-16T14:48:15","date_gmt":"2019-05-16T12:48:15","guid":{"rendered":"https:\/\/font-romeu.fr\/politique-de-confidentialite\/"},"modified":"2023-08-19T12:14:34","modified_gmt":"2023-08-19T10:14:34","slug":"politique-de-confidentialite","status":"publish","type":"page","link":"https:\/\/font-romeu.fr\/ca\/politique-de-confidentialite\/","title":{"rendered":"Pol\u00edtica de privacitat"},"content":{"rendered":"&#13;\n<h2 class=\"wp-block-heading\">Qui som\u00a0?<\/h2>&#13;\n&#13;\n<p>L\u2019adre\u00e7a del notre lloc Web \u00e9s\u00a0: https:\/\/font-romeu.fr.<\/p>&#13;\n&#13;\n<h2 class=\"wp-block-heading\">\u00das de les dades personals recollides<\/h2>&#13;\n&#13;\n<h3 class=\"wp-block-heading\">Comentaris<\/h3>&#13;\n&#13;\n<p>&#13;\nQuan deixis un comentari al nostre lloc web, es recullen les dades introdu\u00efdes al formulari de comentaris, per\u00f2 tamb\u00e9 la teva adre\u00e7a IP i l&#8217;agent d&#8217;usuari del vostre navegador, per ajudar-nos a detectar comentaris no desitjats.<\/p>&#13;\n&#13;\n<p>Es pot enviar una cadena an\u00f2nima creada a partir de la vostra adre\u00e7a de correu electr\u00f2nic (tamb\u00e9 anomenada hash) al servei Gravatar per comprovar si l&#8217;est\u00e0s utilitzant. Els avisos de privadesa del servei Gravatar estan disponibles aqu\u00ed: https:\/\/automattic.com\/privacy\/. Despr\u00e9s de validar el teu comentari, la teva foto de perfil ser\u00e0 visible p\u00fablicament al costat del teu comentari.<\/p>&#13;\n&#13;\n<h3 class=\"wp-block-heading\">Mitjans de comunicaci\u00f3<\/h3>&#13;\n&#13;\n<p>Si ets un usuari registrat i penges imatges al lloc web, et recomanem que evitis penjar imatges que continguin dades de coordenades GPS EXIF \u200b\u200b\u200b\u200b. Els visitants del teu lloc web poden baixar i extreure dades d&#8217;ubicaci\u00f3 d&#8217;aquestes imatges.<\/p>&#13;\n&#13;\n<h3 class=\"wp-block-heading\">Formularis de contacte<\/h3>&#13;\n&#13;\n<h3 class=\"wp-block-heading\">Cookies<\/h3>&#13;\n&#13;\n<p>Si deixes un comentari al nostre lloc, et demanarem que desis el teu nom, adre\u00e7a de correu electr\u00f2nic i lloc web a les cookies. Aix\u00f2 nom\u00e9s \u00e9s per a la teva comoditat perqu\u00e8 no hagis d&#8217;introduir aquesta informaci\u00f3 si deixes un altre comentari m\u00e9s tard. Aquestes cookies caduquen al cap d&#8217;un any.<\/p>&#13;\n&#13;\n<p>Si vas a la p\u00e0gina d&#8217;inici de sessi\u00f3, es crear\u00e0 una cookie temporal per determinar si el teu navegador accepta cookies. No cont\u00e9 dades personals i s&#8217;eliminar\u00e0 autom\u00e0ticament quan tanquis el navegador.<\/p>&#13;\n&#13;\n<p>Quan inici\u00efs la sessi\u00f3, establirem una s\u00e8rie de cookies per desar les teves dades d&#8217;inici de sessi\u00f3 i les prefer\u00e8ncies de pantalla. La vida \u00fatil d&#8217;una cookie de connexi\u00f3 \u00e9s de dos dies, la d&#8217;una cookie d&#8217;opci\u00f3 de pantalla \u00e9s d&#8217;un any. Si marques &#8220;Recorda&#8217;m&#8221;, la cookie d&#8217;inici de sessi\u00f3 s&#8217;emmagatzemar\u00e0 durant dues setmanes. Si tanques la sessi\u00f3 del teu compte, la cookie d&#8217;inici de sessi\u00f3 s&#8217;esborrar\u00e0.<\/p>&#13;\n&#13;\n<p>En editar o publicar una publicaci\u00f3, es desar\u00e0 una cookie addicional al teu navegador. Aquesta cookie no inclou cap dada personal. Nom\u00e9s mostra l&#8217;identificador de la publicaci\u00f3 que acabes d&#8217;editar. Caduca al cap d&#8217;un dia.<\/p>&#13;\n&#13;\n<h3 class=\"wp-block-heading\">Contingut incrustat d&#8217;altres llocs<\/h3>&#13;\n&#13;\n<p>Els articles d&#8217;aquest lloc poden incloure contingut incrustat (per exemple, v\u00eddeos, imatges, articles, etc.). El contingut incrustat d&#8217;altres llocs es comporta igual que si el visitant estigu\u00e9s a aquest altre lloc.<\/p>&#13;\n&#13;\n<p>Aquests llocs web podrien recopilar dades sobre tu, utilitzar cookies, incrustar eines de seguiment de tercers, fer un seguiment de les teves interaccions amb aquest contingut incrustat si tens un compte connectat al teu lloc web.<\/p>&#13;\n&#13;\n<h3 class=\"wp-block-heading\">Estad\u00edstiques i mesures d&#8217;audi\u00e8ncia<\/h3>&#13;\n&#13;\n<h2 class=\"wp-block-heading\">\u00das i transmissi\u00f3 de les teves dades personals<\/h2>&#13;\n&#13;\n<h2 class=\"wp-block-heading\">Temps d&#8217;emmagatzematge de les teves dades<\/h2>&#13;\n&#13;\n<p>Si deixes un comentari, el comentari i les teves metadades es conserven indefinidament. Aix\u00f2 reconeix i aprova autom\u00e0ticament els comentaris posteriors en lloc de deixar-los a la cua de moderaci\u00f3.<\/p>&#13;\n&#13;\n<p>Per als usuaris que es registren al nostre lloc (si \u00e9s possible), tamb\u00e9 emmagatzemem les dades personals indicades al seu perfil. Tots els usuaris poden veure, modificar o eliminar la seva informaci\u00f3 personal en qualsevol moment (excepte el seu nom d&#8217;usuari\/a). Els administradors del lloc tamb\u00e9 poden veure i editar aquesta informaci\u00f3.<\/p>&#13;\n&#13;\n<h2 class=\"wp-block-heading\">Els teus drets en relaci\u00f3 a les teves dades<\/h2>&#13;\n&#13;\n<p>Si tens un compte o si deixes comentaris al lloc, pots sol\u00b7licitar rebre un fitxer que contingui totes les teves dades personals que tenim , incloses les que ens has proporcionat. Tamb\u00e9 pots sol\u00b7licitar la supressi\u00f3 de les dades personals que et concerneixen. Aix\u00f2 no t\u00e9 en compte les dades emmagatzemades per motius administratius, legals o de seguretat.<\/p>&#13;\n&#13;\n<h2 class=\"wp-block-heading\">Transmissi\u00f3 de les teves dades personals<\/h2>&#13;\n&#13;\n<p>Els comentaris dels visitants es poden comprovar mitjan\u00e7ant un servei automatitzat de detecci\u00f3 de correu brossa.<\/p>&#13;\n&#13;\n<h2 class=\"wp-block-heading\">Informaci\u00f3 de contacte<\/h2>&#13;\n&#13;\n<h2 class=\"wp-block-heading\">Informaci\u00f3 adicional<\/h2>&#13;\n&#13;\n<h3 class=\"wp-block-heading\">Com protegim les teves dades<\/h3>&#13;\n&#13;\n<h3 class=\"wp-block-heading\"> Procediments implementats en cas de fuga de dades<\/h3>&#13;\n&#13;\n<h3 class=\"wp-block-heading\">Serveis de tercers que ens transmeten dades<\/h3>&#13;\n&#13;\n<h3 class=\"wp-block-heading\">Operacions automatitzades de m\u00e0rqueting i\/o perfils realitzades amb dades personals<\/h3>&#13;\n&#13;\n<h3 class=\"wp-block-heading\">Visualitzaci\u00f3 d&#8217;informaci\u00f3 relacionada amb sectors subjectes a normativa espec\u00edfica<\/h3>&#13;\n<h3>Revoca les galetes<\/h3>&#13;\n<p>[cookies_revoke]<\/p>&#13;\n<h3>Sol\u00b7licitud d&#8217;exportaci\u00f3 o eliminaci\u00f3 de dades personals<\/h3>&#13;\n<p>[gpdr-data-request]<\/p>&#13;\n","protected":false},"excerpt":{"rendered":"<p>&#13; Qui som\u00a0? &#13; &#13; L\u2019adre\u00e7a del notre lloc Web \u00e9s\u00a0: https:\/\/font-romeu.fr. &#13; &#13; \u00das de les dades personals recollides &#13; &#13; Comentaris &#13; &#13; &#13; Quan deixis un comentari al nostre lloc web, es recullen les dades introdu\u00efdes al formulari de comentaris, per\u00f2 tamb\u00e9 la teva adre\u00e7a IP i l&#8217;agent d&#8217;usuari del vostre navegador, [&hellip;]<\/p>\n","protected":false},"author":15,"featured_media":0,"parent":0,"menu_order":0,"comment_status":"closed","ping_status":"open","template":"","meta":{"_acf_changed":false,"footnotes":""},"class_list":["post-20021","page","type-page","status-publish","hentry"],"acf":[],"yoast_head":"<!-- This site is optimized with the Yoast SEO plugin v27.3 - https:\/\/yoast.com\/product\/yoast-seo-wordpress\/ -->\n<title>Pol\u00edtica de privacitat - Font-Romeu<\/title>\n<meta name=\"robots\" content=\"index, follow, max-snippet:-1, max-image-preview:large, max-video-preview:-1\" \/>\n<link rel=\"canonical\" href=\"https:\/\/font-romeu.fr\/ca\/politique-de-confidentialite\/\" \/>\n<meta property=\"og:locale\" content=\"ca_ES\" \/>\n<meta property=\"og:type\" content=\"article\" \/>\n<meta property=\"og:title\" content=\"Pol\u00edtica de privacitat - Font-Romeu\" \/>\n<meta property=\"og:description\" content=\"&#013; Qui som\u00a0? &#013; &#013; L\u2019adre\u00e7a del notre lloc Web \u00e9s\u00a0: https:\/\/font-romeu.fr. &#013; &#013; \u00das de les dades personals recollides &#013; &#013; Comentaris &#013; &#013; &#013; Quan deixis un comentari al nostre lloc web, es recullen les dades introdu\u00efdes al formulari de comentaris, per\u00f2 tamb\u00e9 la teva adre\u00e7a IP i l&#8217;agent d&#8217;usuari del vostre navegador, [&hellip;]\" \/>\n<meta property=\"og:url\" content=\"https:\/\/font-romeu.fr\/ca\/politique-de-confidentialite\/\" \/>\n<meta property=\"og:site_name\" content=\"Font-Romeu\" \/>\n<meta property=\"article:modified_time\" content=\"2023-08-19T10:14:34+00:00\" \/>\n<meta property=\"og:image\" content=\"https:\/\/font-romeu.fr\/wp-content\/uploads\/2021\/11\/FONT-ROMEU-guide-accueil-hiver-2021-2022-couv.jpg\" \/>\n\t<meta property=\"og:image:width\" content=\"1181\" \/>\n\t<meta property=\"og:image:height\" content=\"2339\" \/>\n\t<meta property=\"og:image:type\" content=\"image\/jpeg\" \/>\n<meta name=\"twitter:card\" content=\"summary_large_image\" \/>\n<meta name=\"twitter:label1\" content=\"Temps estimat de lectura\" \/>\n\t<meta name=\"twitter:data1\" content=\"3 minuts\" \/>\n<script type=\"application\/ld+json\" class=\"yoast-schema-graph\">{\"@context\":\"https:\\\/\\\/schema.org\",\"@graph\":[{\"@type\":\"WebPage\",\"@id\":\"https:\\\/\\\/font-romeu.fr\\\/ca\\\/politique-de-confidentialite\\\/\",\"url\":\"https:\\\/\\\/font-romeu.fr\\\/ca\\\/politique-de-confidentialite\\\/\",\"name\":\"Pol\u00edtica de privacitat - Font-Romeu\",\"isPartOf\":{\"@id\":\"https:\\\/\\\/font-romeu.fr\\\/ca\\\/#website\"},\"datePublished\":\"2019-05-16T12:48:15+00:00\",\"dateModified\":\"2023-08-19T10:14:34+00:00\",\"breadcrumb\":{\"@id\":\"https:\\\/\\\/font-romeu.fr\\\/ca\\\/politique-de-confidentialite\\\/#breadcrumb\"},\"inLanguage\":\"ca\",\"potentialAction\":[{\"@type\":\"ReadAction\",\"target\":[\"https:\\\/\\\/font-romeu.fr\\\/ca\\\/politique-de-confidentialite\\\/\"]}]},{\"@type\":\"BreadcrumbList\",\"@id\":\"https:\\\/\\\/font-romeu.fr\\\/ca\\\/politique-de-confidentialite\\\/#breadcrumb\",\"itemListElement\":[{\"@type\":\"ListItem\",\"position\":1,\"name\":\"Accueil\",\"item\":\"https:\\\/\\\/font-romeu.fr\\\/ca\\\/\"},{\"@type\":\"ListItem\",\"position\":2,\"name\":\"Pol\u00edtica de privacitat\"}]},{\"@type\":\"WebSite\",\"@id\":\"https:\\\/\\\/font-romeu.fr\\\/ca\\\/#website\",\"url\":\"https:\\\/\\\/font-romeu.fr\\\/ca\\\/\",\"name\":\"Font-romeu\",\"description\":\"Changez d&#039;altitude\",\"publisher\":{\"@id\":\"https:\\\/\\\/font-romeu.fr\\\/ca\\\/#organization\"},\"potentialAction\":[{\"@type\":\"SearchAction\",\"target\":{\"@type\":\"EntryPoint\",\"urlTemplate\":\"https:\\\/\\\/font-romeu.fr\\\/ca\\\/?s={search_term_string}\"},\"query-input\":{\"@type\":\"PropertyValueSpecification\",\"valueRequired\":true,\"valueName\":\"search_term_string\"}}],\"inLanguage\":\"ca\"},{\"@type\":\"Organization\",\"@id\":\"https:\\\/\\\/font-romeu.fr\\\/ca\\\/#organization\",\"name\":\"Office de Tourisme de Font-Romeu\",\"url\":\"https:\\\/\\\/font-romeu.fr\\\/ca\\\/\",\"logo\":{\"@type\":\"ImageObject\",\"inLanguage\":\"ca\",\"@id\":\"https:\\\/\\\/font-romeu.fr\\\/ca\\\/#\\\/schema\\\/logo\\\/image\\\/\",\"url\":\"https:\\\/\\\/font-romeu.fr\\\/wp-content\\\/uploads\\\/2021\\\/11\\\/LogoFontRomeu_orange-1.svg\",\"contentUrl\":\"https:\\\/\\\/font-romeu.fr\\\/wp-content\\\/uploads\\\/2021\\\/11\\\/LogoFontRomeu_orange-1.svg\",\"width\":1,\"height\":1,\"caption\":\"Office de Tourisme de Font-Romeu\"},\"image\":{\"@id\":\"https:\\\/\\\/font-romeu.fr\\\/ca\\\/#\\\/schema\\\/logo\\\/image\\\/\"},\"sameAs\":[\"https:\\\/\\\/www.instagram.com\\\/stationfontromeu\\\/\"]}]}<\/script>\n<!-- \/ Yoast SEO plugin. -->","yoast_head_json":{"title":"Pol\u00edtica de privacitat - Font-Romeu","robots":{"index":"index","follow":"follow","max-snippet":"max-snippet:-1","max-image-preview":"max-image-preview:large","max-video-preview":"max-video-preview:-1"},"canonical":"https:\/\/font-romeu.fr\/ca\/politique-de-confidentialite\/","og_locale":"ca_ES","og_type":"article","og_title":"Pol\u00edtica de privacitat - Font-Romeu","og_description":"&#13; Qui som\u00a0? &#13; &#13; L\u2019adre\u00e7a del notre lloc Web \u00e9s\u00a0: https:\/\/font-romeu.fr. &#13; &#13; \u00das de les dades personals recollides &#13; &#13; Comentaris &#13; &#13; &#13; Quan deixis un comentari al nostre lloc web, es recullen les dades introdu\u00efdes al formulari de comentaris, per\u00f2 tamb\u00e9 la teva adre\u00e7a IP i l&#8217;agent d&#8217;usuari del vostre navegador, [&hellip;]","og_url":"https:\/\/font-romeu.fr\/ca\/politique-de-confidentialite\/","og_site_name":"Font-Romeu","article_modified_time":"2023-08-19T10:14:34+00:00","og_image":[{"width":1181,"height":2339,"url":"https:\/\/font-romeu.fr\/wp-content\/uploads\/2021\/11\/FONT-ROMEU-guide-accueil-hiver-2021-2022-couv.jpg","type":"image\/jpeg"}],"twitter_card":"summary_large_image","twitter_misc":{"Temps estimat de lectura":"3 minuts"},"schema":{"@context":"https:\/\/schema.org","@graph":[{"@type":"WebPage","@id":"https:\/\/font-romeu.fr\/ca\/politique-de-confidentialite\/","url":"https:\/\/font-romeu.fr\/ca\/politique-de-confidentialite\/","name":"Pol\u00edtica de privacitat - Font-Romeu","isPartOf":{"@id":"https:\/\/font-romeu.fr\/ca\/#website"},"datePublished":"2019-05-16T12:48:15+00:00","dateModified":"2023-08-19T10:14:34+00:00","breadcrumb":{"@id":"https:\/\/font-romeu.fr\/ca\/politique-de-confidentialite\/#breadcrumb"},"inLanguage":"ca","potentialAction":[{"@type":"ReadAction","target":["https:\/\/font-romeu.fr\/ca\/politique-de-confidentialite\/"]}]},{"@type":"BreadcrumbList","@id":"https:\/\/font-romeu.fr\/ca\/politique-de-confidentialite\/#breadcrumb","itemListElement":[{"@type":"ListItem","position":1,"name":"Accueil","item":"https:\/\/font-romeu.fr\/ca\/"},{"@type":"ListItem","position":2,"name":"Pol\u00edtica de privacitat"}]},{"@type":"WebSite","@id":"https:\/\/font-romeu.fr\/ca\/#website","url":"https:\/\/font-romeu.fr\/ca\/","name":"Font-romeu","description":"Changez d&#039;altitude","publisher":{"@id":"https:\/\/font-romeu.fr\/ca\/#organization"},"potentialAction":[{"@type":"SearchAction","target":{"@type":"EntryPoint","urlTemplate":"https:\/\/font-romeu.fr\/ca\/?s={search_term_string}"},"query-input":{"@type":"PropertyValueSpecification","valueRequired":true,"valueName":"search_term_string"}}],"inLanguage":"ca"},{"@type":"Organization","@id":"https:\/\/font-romeu.fr\/ca\/#organization","name":"Office de Tourisme de Font-Romeu","url":"https:\/\/font-romeu.fr\/ca\/","logo":{"@type":"ImageObject","inLanguage":"ca","@id":"https:\/\/font-romeu.fr\/ca\/#\/schema\/logo\/image\/","url":"https:\/\/font-romeu.fr\/wp-content\/uploads\/2021\/11\/LogoFontRomeu_orange-1.svg","contentUrl":"https:\/\/font-romeu.fr\/wp-content\/uploads\/2021\/11\/LogoFontRomeu_orange-1.svg","width":1,"height":1,"caption":"Office de Tourisme de Font-Romeu"},"image":{"@id":"https:\/\/font-romeu.fr\/ca\/#\/schema\/logo\/image\/"},"sameAs":["https:\/\/www.instagram.com\/stationfontromeu\/"]}]}},"_links":{"self":[{"href":"https:\/\/font-romeu.fr\/ca\/wp-json\/wp\/v2\/pages\/20021","targetHints":{"allow":["GET"]}}],"collection":[{"href":"https:\/\/font-romeu.fr\/ca\/wp-json\/wp\/v2\/pages"}],"about":[{"href":"https:\/\/font-romeu.fr\/ca\/wp-json\/wp\/v2\/types\/page"}],"author":[{"embeddable":true,"href":"https:\/\/font-romeu.fr\/ca\/wp-json\/wp\/v2\/users\/15"}],"replies":[{"embeddable":true,"href":"https:\/\/font-romeu.fr\/ca\/wp-json\/wp\/v2\/comments?post=20021"}],"version-history":[{"count":3,"href":"https:\/\/font-romeu.fr\/ca\/wp-json\/wp\/v2\/pages\/20021\/revisions"}],"predecessor-version":[{"id":24623,"href":"https:\/\/font-romeu.fr\/ca\/wp-json\/wp\/v2\/pages\/20021\/revisions\/24623"}],"wp:attachment":[{"href":"https:\/\/font-romeu.fr\/ca\/wp-json\/wp\/v2\/media?parent=20021"}],"curies":[{"name":"wp","href":"https:\/\/api.w.org\/{rel}","templated":true}]}}