{"id":20029,"date":"2021-10-19T15:48:24","date_gmt":"2021-10-19T13:48:24","guid":{"rendered":"https:\/\/font-romeu.fr\/divertir-se\/"},"modified":"2023-08-19T12:30:01","modified_gmt":"2023-08-19T10:30:01","slug":"divertir-se","status":"publish","type":"page","link":"https:\/\/font-romeu.fr\/ca\/divertir-se\/","title":{"rendered":"Divertir-se"},"content":{"rendered":"<h2>Una estaci\u00f3 per a divertir-se!<\/h2>\n<p><strong>Ja sigui sol, en fam\u00edlia o amb amics, les vacances tamb\u00e9 poden ser una ocasi\u00f3 per a sortir de festa. Font-Romeu et far\u00e0 apreciar en tota conviv\u00e8ncia l&#8217;ambient tan particular dels seus bars tem\u00e0tics i musicals, la seva discoteca, el seu cinema i casino o fins i tot el\u00a0 bowling a Pirineus 2000.Un estat d&#8217;\u00e0nim festiu i un art de viure amb accent catal\u00e0 i al ritme\u00a0 meridional.<\/strong><\/p>\n<p>Gaudeix d&#8217;un descans tonificat durant la teva setmana d&#8217;estada i aprofita de les nostres ofertes d&#8217;activitats. Nombroses possibilitats per a escapar, sol o acompanyat, cap a grans espais verges, altiplans panor\u00e0mics, sotaboscos adormits o llacs d&#8217;altitud&#8230; Moments de plaer, perqu\u00e8 la teva estada sigui tamb\u00e9 un moment de descobriment, relaxaci\u00f3 i oci compartit&#8230;<\/p>\n","protected":false},"excerpt":{"rendered":"<p>Una estaci\u00f3 per a divertir-se! Ja sigui sol, en fam\u00edlia o amb amics, les vacances tamb\u00e9 poden ser una ocasi\u00f3 per a sortir de festa. Font-Romeu et far\u00e0 apreciar en tota conviv\u00e8ncia l&#8217;ambient tan particular dels seus bars tem\u00e0tics i musicals, la seva discoteca, el seu cinema i casino o fins i tot el\u00a0 bowling [&hellip;]<\/p>\n","protected":false},"author":15,"featured_media":28045,"parent":0,"menu_order":0,"comment_status":"closed","ping_status":"closed","template":"page-listePages.php","meta":{"_acf_changed":false,"footnotes":""},"class_list":["post-20029","page","type-page","status-publish","has-post-thumbnail","hentry"],"acf":[],"yoast_head":"<!-- This site is optimized with the Yoast SEO plugin v27.3 - https:\/\/yoast.com\/product\/yoast-seo-wordpress\/ -->\n<title>Divertir-se - Font-Romeu<\/title>\n<meta name=\"robots\" content=\"index, follow, max-snippet:-1, max-image-preview:large, max-video-preview:-1\" \/>\n<link rel=\"canonical\" href=\"https:\/\/font-romeu.fr\/ca\/divertir-se\/\" \/>\n<meta property=\"og:locale\" content=\"ca_ES\" \/>\n<meta property=\"og:type\" content=\"article\" \/>\n<meta property=\"og:title\" content=\"Divertir-se - Font-Romeu\" \/>\n<meta property=\"og:description\" content=\"Una estaci\u00f3 per a divertir-se! Ja sigui sol, en fam\u00edlia o amb amics, les vacances tamb\u00e9 poden ser una ocasi\u00f3 per a sortir de festa. Font-Romeu et far\u00e0 apreciar en tota conviv\u00e8ncia l&#8217;ambient tan particular dels seus bars tem\u00e0tics i musicals, la seva discoteca, el seu cinema i casino o fins i tot el\u00a0 bowling [&hellip;]\" \/>\n<meta property=\"og:url\" content=\"https:\/\/font-romeu.fr\/ca\/divertir-se\/\" \/>\n<meta property=\"og:site_name\" content=\"Font-Romeu\" \/>\n<meta property=\"article:modified_time\" content=\"2023-08-19T10:30:01+00:00\" \/>\n<meta property=\"og:image\" content=\"https:\/\/font-romeu.fr\/wp-content\/uploads\/2021\/11\/se-divertir.jpg\" \/>\n\t<meta property=\"og:image:width\" content=\"1024\" \/>\n\t<meta property=\"og:image:height\" content=\"640\" \/>\n\t<meta property=\"og:image:type\" content=\"image\/jpeg\" \/>\n<meta name=\"twitter:card\" content=\"summary_large_image\" \/>\n<meta name=\"twitter:label1\" content=\"Temps estimat de lectura\" \/>\n\t<meta name=\"twitter:data1\" content=\"1 minut\" \/>\n<script type=\"application\/ld+json\" class=\"yoast-schema-graph\">{\"@context\":\"https:\\\/\\\/schema.org\",\"@graph\":[{\"@type\":\"WebPage\",\"@id\":\"https:\\\/\\\/font-romeu.fr\\\/ca\\\/divertir-se\\\/\",\"url\":\"https:\\\/\\\/font-romeu.fr\\\/ca\\\/divertir-se\\\/\",\"name\":\"Divertir-se - Font-Romeu\",\"isPartOf\":{\"@id\":\"https:\\\/\\\/font-romeu.fr\\\/ca\\\/#website\"},\"primaryImageOfPage\":{\"@id\":\"https:\\\/\\\/font-romeu.fr\\\/ca\\\/divertir-se\\\/#primaryimage\"},\"image\":{\"@id\":\"https:\\\/\\\/font-romeu.fr\\\/ca\\\/divertir-se\\\/#primaryimage\"},\"thumbnailUrl\":\"https:\\\/\\\/font-romeu.fr\\\/wp-content\\\/uploads\\\/2024\\\/10\\\/Espace-Ludique-54-scaled.jpg\",\"datePublished\":\"2021-10-19T13:48:24+00:00\",\"dateModified\":\"2023-08-19T10:30:01+00:00\",\"breadcrumb\":{\"@id\":\"https:\\\/\\\/font-romeu.fr\\\/ca\\\/divertir-se\\\/#breadcrumb\"},\"inLanguage\":\"ca\",\"potentialAction\":[{\"@type\":\"ReadAction\",\"target\":[\"https:\\\/\\\/font-romeu.fr\\\/ca\\\/divertir-se\\\/\"]}]},{\"@type\":\"ImageObject\",\"inLanguage\":\"ca\",\"@id\":\"https:\\\/\\\/font-romeu.fr\\\/ca\\\/divertir-se\\\/#primaryimage\",\"url\":\"https:\\\/\\\/font-romeu.fr\\\/wp-content\\\/uploads\\\/2024\\\/10\\\/Espace-Ludique-54-scaled.jpg\",\"contentUrl\":\"https:\\\/\\\/font-romeu.fr\\\/wp-content\\\/uploads\\\/2024\\\/10\\\/Espace-Ludique-54-scaled.jpg\",\"width\":2560,\"height\":1707},{\"@type\":\"BreadcrumbList\",\"@id\":\"https:\\\/\\\/font-romeu.fr\\\/ca\\\/divertir-se\\\/#breadcrumb\",\"itemListElement\":[{\"@type\":\"ListItem\",\"position\":1,\"name\":\"Accueil\",\"item\":\"https:\\\/\\\/font-romeu.fr\\\/ca\\\/\"},{\"@type\":\"ListItem\",\"position\":2,\"name\":\"Divertir-se\"}]},{\"@type\":\"WebSite\",\"@id\":\"https:\\\/\\\/font-romeu.fr\\\/ca\\\/#website\",\"url\":\"https:\\\/\\\/font-romeu.fr\\\/ca\\\/\",\"name\":\"Font-romeu\",\"description\":\"Changez d&#039;altitude\",\"publisher\":{\"@id\":\"https:\\\/\\\/font-romeu.fr\\\/ca\\\/#organization\"},\"potentialAction\":[{\"@type\":\"SearchAction\",\"target\":{\"@type\":\"EntryPoint\",\"urlTemplate\":\"https:\\\/\\\/font-romeu.fr\\\/ca\\\/?s={search_term_string}\"},\"query-input\":{\"@type\":\"PropertyValueSpecification\",\"valueRequired\":true,\"valueName\":\"search_term_string\"}}],\"inLanguage\":\"ca\"},{\"@type\":\"Organization\",\"@id\":\"https:\\\/\\\/font-romeu.fr\\\/ca\\\/#organization\",\"name\":\"Office de Tourisme de Font-Romeu\",\"url\":\"https:\\\/\\\/font-romeu.fr\\\/ca\\\/\",\"logo\":{\"@type\":\"ImageObject\",\"inLanguage\":\"ca\",\"@id\":\"https:\\\/\\\/font-romeu.fr\\\/ca\\\/#\\\/schema\\\/logo\\\/image\\\/\",\"url\":\"https:\\\/\\\/font-romeu.fr\\\/wp-content\\\/uploads\\\/2021\\\/11\\\/LogoFontRomeu_orange-1.svg\",\"contentUrl\":\"https:\\\/\\\/font-romeu.fr\\\/wp-content\\\/uploads\\\/2021\\\/11\\\/LogoFontRomeu_orange-1.svg\",\"width\":1,\"height\":1,\"caption\":\"Office de Tourisme de Font-Romeu\"},\"image\":{\"@id\":\"https:\\\/\\\/font-romeu.fr\\\/ca\\\/#\\\/schema\\\/logo\\\/image\\\/\"},\"sameAs\":[\"https:\\\/\\\/www.instagram.com\\\/stationfontromeu\\\/\"]}]}<\/script>\n<!-- \/ Yoast SEO plugin. -->","yoast_head_json":{"title":"Divertir-se - Font-Romeu","robots":{"index":"index","follow":"follow","max-snippet":"max-snippet:-1","max-image-preview":"max-image-preview:large","max-video-preview":"max-video-preview:-1"},"canonical":"https:\/\/font-romeu.fr\/ca\/divertir-se\/","og_locale":"ca_ES","og_type":"article","og_title":"Divertir-se - Font-Romeu","og_description":"Una estaci\u00f3 per a divertir-se! Ja sigui sol, en fam\u00edlia o amb amics, les vacances tamb\u00e9 poden ser una ocasi\u00f3 per a sortir de festa. Font-Romeu et far\u00e0 apreciar en tota conviv\u00e8ncia l&#8217;ambient tan particular dels seus bars tem\u00e0tics i musicals, la seva discoteca, el seu cinema i casino o fins i tot el\u00a0 bowling [&hellip;]","og_url":"https:\/\/font-romeu.fr\/ca\/divertir-se\/","og_site_name":"Font-Romeu","article_modified_time":"2023-08-19T10:30:01+00:00","og_image":[{"width":1024,"height":640,"url":"https:\/\/font-romeu.fr\/wp-content\/uploads\/2021\/11\/se-divertir.jpg","type":"image\/jpeg"}],"twitter_card":"summary_large_image","twitter_misc":{"Temps estimat de lectura":"1 minut"},"schema":{"@context":"https:\/\/schema.org","@graph":[{"@type":"WebPage","@id":"https:\/\/font-romeu.fr\/ca\/divertir-se\/","url":"https:\/\/font-romeu.fr\/ca\/divertir-se\/","name":"Divertir-se - Font-Romeu","isPartOf":{"@id":"https:\/\/font-romeu.fr\/ca\/#website"},"primaryImageOfPage":{"@id":"https:\/\/font-romeu.fr\/ca\/divertir-se\/#primaryimage"},"image":{"@id":"https:\/\/font-romeu.fr\/ca\/divertir-se\/#primaryimage"},"thumbnailUrl":"https:\/\/font-romeu.fr\/wp-content\/uploads\/2024\/10\/Espace-Ludique-54-scaled.jpg","datePublished":"2021-10-19T13:48:24+00:00","dateModified":"2023-08-19T10:30:01+00:00","breadcrumb":{"@id":"https:\/\/font-romeu.fr\/ca\/divertir-se\/#breadcrumb"},"inLanguage":"ca","potentialAction":[{"@type":"ReadAction","target":["https:\/\/font-romeu.fr\/ca\/divertir-se\/"]}]},{"@type":"ImageObject","inLanguage":"ca","@id":"https:\/\/font-romeu.fr\/ca\/divertir-se\/#primaryimage","url":"https:\/\/font-romeu.fr\/wp-content\/uploads\/2024\/10\/Espace-Ludique-54-scaled.jpg","contentUrl":"https:\/\/font-romeu.fr\/wp-content\/uploads\/2024\/10\/Espace-Ludique-54-scaled.jpg","width":2560,"height":1707},{"@type":"BreadcrumbList","@id":"https:\/\/font-romeu.fr\/ca\/divertir-se\/#breadcrumb","itemListElement":[{"@type":"ListItem","position":1,"name":"Accueil","item":"https:\/\/font-romeu.fr\/ca\/"},{"@type":"ListItem","position":2,"name":"Divertir-se"}]},{"@type":"WebSite","@id":"https:\/\/font-romeu.fr\/ca\/#website","url":"https:\/\/font-romeu.fr\/ca\/","name":"Font-romeu","description":"Changez d&#039;altitude","publisher":{"@id":"https:\/\/font-romeu.fr\/ca\/#organization"},"potentialAction":[{"@type":"SearchAction","target":{"@type":"EntryPoint","urlTemplate":"https:\/\/font-romeu.fr\/ca\/?s={search_term_string}"},"query-input":{"@type":"PropertyValueSpecification","valueRequired":true,"valueName":"search_term_string"}}],"inLanguage":"ca"},{"@type":"Organization","@id":"https:\/\/font-romeu.fr\/ca\/#organization","name":"Office de Tourisme de Font-Romeu","url":"https:\/\/font-romeu.fr\/ca\/","logo":{"@type":"ImageObject","inLanguage":"ca","@id":"https:\/\/font-romeu.fr\/ca\/#\/schema\/logo\/image\/","url":"https:\/\/font-romeu.fr\/wp-content\/uploads\/2021\/11\/LogoFontRomeu_orange-1.svg","contentUrl":"https:\/\/font-romeu.fr\/wp-content\/uploads\/2021\/11\/LogoFontRomeu_orange-1.svg","width":1,"height":1,"caption":"Office de Tourisme de Font-Romeu"},"image":{"@id":"https:\/\/font-romeu.fr\/ca\/#\/schema\/logo\/image\/"},"sameAs":["https:\/\/www.instagram.com\/stationfontromeu\/"]}]}},"_links":{"self":[{"href":"https:\/\/font-romeu.fr\/ca\/wp-json\/wp\/v2\/pages\/20029","targetHints":{"allow":["GET"]}}],"collection":[{"href":"https:\/\/font-romeu.fr\/ca\/wp-json\/wp\/v2\/pages"}],"about":[{"href":"https:\/\/font-romeu.fr\/ca\/wp-json\/wp\/v2\/types\/page"}],"author":[{"embeddable":true,"href":"https:\/\/font-romeu.fr\/ca\/wp-json\/wp\/v2\/users\/15"}],"replies":[{"embeddable":true,"href":"https:\/\/font-romeu.fr\/ca\/wp-json\/wp\/v2\/comments?post=20029"}],"version-history":[{"count":2,"href":"https:\/\/font-romeu.fr\/ca\/wp-json\/wp\/v2\/pages\/20029\/revisions"}],"predecessor-version":[{"id":24625,"href":"https:\/\/font-romeu.fr\/ca\/wp-json\/wp\/v2\/pages\/20029\/revisions\/24625"}],"wp:featuredmedia":[{"embeddable":true,"href":"https:\/\/font-romeu.fr\/ca\/wp-json\/wp\/v2\/media\/28045"}],"wp:attachment":[{"href":"https:\/\/font-romeu.fr\/ca\/wp-json\/wp\/v2\/media?parent=20029"}],"curies":[{"name":"wp","href":"https:\/\/api.w.org\/{rel}","templated":true}]}}