{"id":20065,"date":"2021-10-14T16:30:57","date_gmt":"2021-10-14T14:30:57","guid":{"rendered":"https:\/\/font-romeu.fr\/allotjar-se\/comercos-i-serveis\/transports\/"},"modified":"2023-08-19T12:34:22","modified_gmt":"2023-08-19T10:34:22","slug":"transports","status":"publish","type":"page","link":"https:\/\/font-romeu.fr\/ca\/allotjar-se\/comercos-i-serveis\/transports\/","title":{"rendered":"Transports"},"content":{"rendered":"<h2>Mitjans de transport a Font-Romeu<\/h2>\n<p>Tots els serveis regulars i professionals de transport local per a facilitar-te tots els despla\u00e7aments durant la teva estada. Tren, l\u00ednies regulars d&#8217;autob\u00fas, Skibus , telecabina, taxis&#8230;<\/p>\n","protected":false},"excerpt":{"rendered":"<p>Mitjans de transport a Font-Romeu Tots els serveis regulars i professionals de transport local per a facilitar-te tots els despla\u00e7aments durant la teva estada. Tren, l\u00ednies regulars d&#8217;autob\u00fas, Skibus , telecabina, taxis&#8230;<\/p>\n","protected":false},"author":15,"featured_media":17839,"parent":20054,"menu_order":0,"comment_status":"closed","ping_status":"closed","template":"page-annuaire.php","meta":{"_acf_changed":false,"footnotes":""},"class_list":["post-20065","page","type-page","status-publish","has-post-thumbnail","hentry"],"acf":[],"yoast_head":"<!-- This site is optimized with the Yoast SEO plugin v27.3 - https:\/\/yoast.com\/product\/yoast-seo-wordpress\/ -->\n<title>Transports - Font-Romeu<\/title>\n<meta name=\"robots\" content=\"index, follow, max-snippet:-1, max-image-preview:large, max-video-preview:-1\" \/>\n<link rel=\"canonical\" href=\"https:\/\/font-romeu.fr\/ca\/allotjar-se\/comercos-i-serveis\/transports\/\" \/>\n<meta property=\"og:locale\" content=\"ca_ES\" \/>\n<meta property=\"og:type\" content=\"article\" \/>\n<meta property=\"og:title\" content=\"Transports - Font-Romeu\" \/>\n<meta property=\"og:description\" content=\"Mitjans de transport a Font-Romeu Tots els serveis regulars i professionals de transport local per a facilitar-te tots els despla\u00e7aments durant la teva estada. Tren, l\u00ednies regulars d&#8217;autob\u00fas, Skibus , telecabina, taxis&#8230;\" \/>\n<meta property=\"og:url\" content=\"https:\/\/font-romeu.fr\/ca\/allotjar-se\/comercos-i-serveis\/transports\/\" \/>\n<meta property=\"og:site_name\" content=\"Font-Romeu\" \/>\n<meta property=\"article:modified_time\" content=\"2023-08-19T10:34:22+00:00\" \/>\n<meta property=\"og:image\" content=\"https:\/\/font-romeu.fr\/wp-content\/uploads\/2021\/10\/transports.jpg\" \/>\n\t<meta property=\"og:image:width\" content=\"1024\" \/>\n\t<meta property=\"og:image:height\" content=\"640\" \/>\n\t<meta property=\"og:image:type\" content=\"image\/jpeg\" \/>\n<meta name=\"twitter:card\" content=\"summary_large_image\" \/>\n<script type=\"application\/ld+json\" class=\"yoast-schema-graph\">{\"@context\":\"https:\\\/\\\/schema.org\",\"@graph\":[{\"@type\":\"WebPage\",\"@id\":\"https:\\\/\\\/font-romeu.fr\\\/ca\\\/allotjar-se\\\/comercos-i-serveis\\\/transports\\\/\",\"url\":\"https:\\\/\\\/font-romeu.fr\\\/ca\\\/allotjar-se\\\/comercos-i-serveis\\\/transports\\\/\",\"name\":\"Transports - Font-Romeu\",\"isPartOf\":{\"@id\":\"https:\\\/\\\/font-romeu.fr\\\/ca\\\/#website\"},\"primaryImageOfPage\":{\"@id\":\"https:\\\/\\\/font-romeu.fr\\\/ca\\\/allotjar-se\\\/comercos-i-serveis\\\/transports\\\/#primaryimage\"},\"image\":{\"@id\":\"https:\\\/\\\/font-romeu.fr\\\/ca\\\/allotjar-se\\\/comercos-i-serveis\\\/transports\\\/#primaryimage\"},\"thumbnailUrl\":\"https:\\\/\\\/font-romeu.fr\\\/wp-content\\\/uploads\\\/2021\\\/10\\\/transports.jpg\",\"datePublished\":\"2021-10-14T14:30:57+00:00\",\"dateModified\":\"2023-08-19T10:34:22+00:00\",\"breadcrumb\":{\"@id\":\"https:\\\/\\\/font-romeu.fr\\\/ca\\\/allotjar-se\\\/comercos-i-serveis\\\/transports\\\/#breadcrumb\"},\"inLanguage\":\"ca\",\"potentialAction\":[{\"@type\":\"ReadAction\",\"target\":[\"https:\\\/\\\/font-romeu.fr\\\/ca\\\/allotjar-se\\\/comercos-i-serveis\\\/transports\\\/\"]}]},{\"@type\":\"ImageObject\",\"inLanguage\":\"ca\",\"@id\":\"https:\\\/\\\/font-romeu.fr\\\/ca\\\/allotjar-se\\\/comercos-i-serveis\\\/transports\\\/#primaryimage\",\"url\":\"https:\\\/\\\/font-romeu.fr\\\/wp-content\\\/uploads\\\/2021\\\/10\\\/transports.jpg\",\"contentUrl\":\"https:\\\/\\\/font-romeu.fr\\\/wp-content\\\/uploads\\\/2021\\\/10\\\/transports.jpg\",\"width\":1024,\"height\":640},{\"@type\":\"BreadcrumbList\",\"@id\":\"https:\\\/\\\/font-romeu.fr\\\/ca\\\/allotjar-se\\\/comercos-i-serveis\\\/transports\\\/#breadcrumb\",\"itemListElement\":[{\"@type\":\"ListItem\",\"position\":1,\"name\":\"Accueil\",\"item\":\"https:\\\/\\\/font-romeu.fr\\\/ca\\\/\"},{\"@type\":\"ListItem\",\"position\":2,\"name\":\"allotjar-se\",\"item\":\"https:\\\/\\\/font-romeu.fr\\\/ca\\\/allotjar-se\\\/\"},{\"@type\":\"ListItem\",\"position\":3,\"name\":\"Botigues i Serveis\",\"item\":\"https:\\\/\\\/font-romeu.fr\\\/ca\\\/allotjar-se\\\/comercos-i-serveis\\\/\"},{\"@type\":\"ListItem\",\"position\":4,\"name\":\"Transports\"}]},{\"@type\":\"WebSite\",\"@id\":\"https:\\\/\\\/font-romeu.fr\\\/ca\\\/#website\",\"url\":\"https:\\\/\\\/font-romeu.fr\\\/ca\\\/\",\"name\":\"Font-romeu\",\"description\":\"Changez d&#039;altitude\",\"publisher\":{\"@id\":\"https:\\\/\\\/font-romeu.fr\\\/ca\\\/#organization\"},\"potentialAction\":[{\"@type\":\"SearchAction\",\"target\":{\"@type\":\"EntryPoint\",\"urlTemplate\":\"https:\\\/\\\/font-romeu.fr\\\/ca\\\/?s={search_term_string}\"},\"query-input\":{\"@type\":\"PropertyValueSpecification\",\"valueRequired\":true,\"valueName\":\"search_term_string\"}}],\"inLanguage\":\"ca\"},{\"@type\":\"Organization\",\"@id\":\"https:\\\/\\\/font-romeu.fr\\\/ca\\\/#organization\",\"name\":\"Office de Tourisme de Font-Romeu\",\"url\":\"https:\\\/\\\/font-romeu.fr\\\/ca\\\/\",\"logo\":{\"@type\":\"ImageObject\",\"inLanguage\":\"ca\",\"@id\":\"https:\\\/\\\/font-romeu.fr\\\/ca\\\/#\\\/schema\\\/logo\\\/image\\\/\",\"url\":\"https:\\\/\\\/font-romeu.fr\\\/wp-content\\\/uploads\\\/2021\\\/11\\\/LogoFontRomeu_orange-1.svg\",\"contentUrl\":\"https:\\\/\\\/font-romeu.fr\\\/wp-content\\\/uploads\\\/2021\\\/11\\\/LogoFontRomeu_orange-1.svg\",\"width\":1,\"height\":1,\"caption\":\"Office de Tourisme de Font-Romeu\"},\"image\":{\"@id\":\"https:\\\/\\\/font-romeu.fr\\\/ca\\\/#\\\/schema\\\/logo\\\/image\\\/\"},\"sameAs\":[\"https:\\\/\\\/www.instagram.com\\\/stationfontromeu\\\/\"]}]}<\/script>\n<!-- \/ Yoast SEO plugin. -->","yoast_head_json":{"title":"Transports - Font-Romeu","robots":{"index":"index","follow":"follow","max-snippet":"max-snippet:-1","max-image-preview":"max-image-preview:large","max-video-preview":"max-video-preview:-1"},"canonical":"https:\/\/font-romeu.fr\/ca\/allotjar-se\/comercos-i-serveis\/transports\/","og_locale":"ca_ES","og_type":"article","og_title":"Transports - Font-Romeu","og_description":"Mitjans de transport a Font-Romeu Tots els serveis regulars i professionals de transport local per a facilitar-te tots els despla\u00e7aments durant la teva estada. Tren, l\u00ednies regulars d&#8217;autob\u00fas, Skibus , telecabina, taxis&#8230;","og_url":"https:\/\/font-romeu.fr\/ca\/allotjar-se\/comercos-i-serveis\/transports\/","og_site_name":"Font-Romeu","article_modified_time":"2023-08-19T10:34:22+00:00","og_image":[{"width":1024,"height":640,"url":"https:\/\/font-romeu.fr\/wp-content\/uploads\/2021\/10\/transports.jpg","type":"image\/jpeg"}],"twitter_card":"summary_large_image","schema":{"@context":"https:\/\/schema.org","@graph":[{"@type":"WebPage","@id":"https:\/\/font-romeu.fr\/ca\/allotjar-se\/comercos-i-serveis\/transports\/","url":"https:\/\/font-romeu.fr\/ca\/allotjar-se\/comercos-i-serveis\/transports\/","name":"Transports - Font-Romeu","isPartOf":{"@id":"https:\/\/font-romeu.fr\/ca\/#website"},"primaryImageOfPage":{"@id":"https:\/\/font-romeu.fr\/ca\/allotjar-se\/comercos-i-serveis\/transports\/#primaryimage"},"image":{"@id":"https:\/\/font-romeu.fr\/ca\/allotjar-se\/comercos-i-serveis\/transports\/#primaryimage"},"thumbnailUrl":"https:\/\/font-romeu.fr\/wp-content\/uploads\/2021\/10\/transports.jpg","datePublished":"2021-10-14T14:30:57+00:00","dateModified":"2023-08-19T10:34:22+00:00","breadcrumb":{"@id":"https:\/\/font-romeu.fr\/ca\/allotjar-se\/comercos-i-serveis\/transports\/#breadcrumb"},"inLanguage":"ca","potentialAction":[{"@type":"ReadAction","target":["https:\/\/font-romeu.fr\/ca\/allotjar-se\/comercos-i-serveis\/transports\/"]}]},{"@type":"ImageObject","inLanguage":"ca","@id":"https:\/\/font-romeu.fr\/ca\/allotjar-se\/comercos-i-serveis\/transports\/#primaryimage","url":"https:\/\/font-romeu.fr\/wp-content\/uploads\/2021\/10\/transports.jpg","contentUrl":"https:\/\/font-romeu.fr\/wp-content\/uploads\/2021\/10\/transports.jpg","width":1024,"height":640},{"@type":"BreadcrumbList","@id":"https:\/\/font-romeu.fr\/ca\/allotjar-se\/comercos-i-serveis\/transports\/#breadcrumb","itemListElement":[{"@type":"ListItem","position":1,"name":"Accueil","item":"https:\/\/font-romeu.fr\/ca\/"},{"@type":"ListItem","position":2,"name":"allotjar-se","item":"https:\/\/font-romeu.fr\/ca\/allotjar-se\/"},{"@type":"ListItem","position":3,"name":"Botigues i Serveis","item":"https:\/\/font-romeu.fr\/ca\/allotjar-se\/comercos-i-serveis\/"},{"@type":"ListItem","position":4,"name":"Transports"}]},{"@type":"WebSite","@id":"https:\/\/font-romeu.fr\/ca\/#website","url":"https:\/\/font-romeu.fr\/ca\/","name":"Font-romeu","description":"Changez d&#039;altitude","publisher":{"@id":"https:\/\/font-romeu.fr\/ca\/#organization"},"potentialAction":[{"@type":"SearchAction","target":{"@type":"EntryPoint","urlTemplate":"https:\/\/font-romeu.fr\/ca\/?s={search_term_string}"},"query-input":{"@type":"PropertyValueSpecification","valueRequired":true,"valueName":"search_term_string"}}],"inLanguage":"ca"},{"@type":"Organization","@id":"https:\/\/font-romeu.fr\/ca\/#organization","name":"Office de Tourisme de Font-Romeu","url":"https:\/\/font-romeu.fr\/ca\/","logo":{"@type":"ImageObject","inLanguage":"ca","@id":"https:\/\/font-romeu.fr\/ca\/#\/schema\/logo\/image\/","url":"https:\/\/font-romeu.fr\/wp-content\/uploads\/2021\/11\/LogoFontRomeu_orange-1.svg","contentUrl":"https:\/\/font-romeu.fr\/wp-content\/uploads\/2021\/11\/LogoFontRomeu_orange-1.svg","width":1,"height":1,"caption":"Office de Tourisme de Font-Romeu"},"image":{"@id":"https:\/\/font-romeu.fr\/ca\/#\/schema\/logo\/image\/"},"sameAs":["https:\/\/www.instagram.com\/stationfontromeu\/"]}]}},"_links":{"self":[{"href":"https:\/\/font-romeu.fr\/ca\/wp-json\/wp\/v2\/pages\/20065","targetHints":{"allow":["GET"]}}],"collection":[{"href":"https:\/\/font-romeu.fr\/ca\/wp-json\/wp\/v2\/pages"}],"about":[{"href":"https:\/\/font-romeu.fr\/ca\/wp-json\/wp\/v2\/types\/page"}],"author":[{"embeddable":true,"href":"https:\/\/font-romeu.fr\/ca\/wp-json\/wp\/v2\/users\/15"}],"replies":[{"embeddable":true,"href":"https:\/\/font-romeu.fr\/ca\/wp-json\/wp\/v2\/comments?post=20065"}],"version-history":[{"count":1,"href":"https:\/\/font-romeu.fr\/ca\/wp-json\/wp\/v2\/pages\/20065\/revisions"}],"predecessor-version":[{"id":23360,"href":"https:\/\/font-romeu.fr\/ca\/wp-json\/wp\/v2\/pages\/20065\/revisions\/23360"}],"up":[{"embeddable":true,"href":"https:\/\/font-romeu.fr\/ca\/wp-json\/wp\/v2\/pages\/20054"}],"wp:featuredmedia":[{"embeddable":true,"href":"https:\/\/font-romeu.fr\/ca\/wp-json\/wp\/v2\/media\/17839"}],"wp:attachment":[{"href":"https:\/\/font-romeu.fr\/ca\/wp-json\/wp\/v2\/media?parent=20065"}],"curies":[{"name":"wp","href":"https:\/\/api.w.org\/{rel}","templated":true}]}}