{"id":20072,"date":"2021-10-14T14:01:12","date_gmt":"2021-10-14T12:01:12","guid":{"rendered":"https:\/\/font-romeu.fr\/allotjar-se\/allotjament\/agencia-immobiliaria\/"},"modified":"2023-08-19T12:35:20","modified_gmt":"2023-08-19T10:35:20","slug":"agencia-immobiliaria","status":"publish","type":"page","link":"https:\/\/font-romeu.fr\/ca\/allotjar-se\/allotjament\/agencia-immobiliaria\/","title":{"rendered":"Ag\u00e8ncia immobili\u00e0ria"},"content":{"rendered":"<p>Consulta les nostres ag\u00e8ncies immobili\u00e0ries per a gaudir d&#8217;una \u00e0mplia selecci\u00f3 d&#8217;apartaments i cases per a llogar (o comprar).<\/p>\n<p>Petites i grans superf\u00edcies, al centre del poble o en plena natura. Aquesta oferta professional et garantir\u00e0 sempre un acompanyament especialitzat i un allotjament de qualitat per a la teva estada!<\/p>\n","protected":false},"excerpt":{"rendered":"<p>Consulta les nostres ag\u00e8ncies immobili\u00e0ries per a gaudir d&#8217;una \u00e0mplia selecci\u00f3 d&#8217;apartaments i cases per a llogar (o comprar). Petites i grans superf\u00edcies, al centre del poble o en plena natura. Aquesta oferta professional et garantir\u00e0 sempre un acompanyament especialitzat i un allotjament de qualitat per a la teva estada!<\/p>\n","protected":false},"author":15,"featured_media":17833,"parent":20066,"menu_order":0,"comment_status":"closed","ping_status":"closed","template":"page-offresSimple.php","meta":{"_acf_changed":false,"footnotes":""},"class_list":["post-20072","page","type-page","status-publish","has-post-thumbnail","hentry"],"acf":[],"yoast_head":"<!-- This site is optimized with the Yoast SEO plugin v27.3 - https:\/\/yoast.com\/product\/yoast-seo-wordpress\/ -->\n<title>Ag\u00e8ncia immobili\u00e0ria - Font-Romeu<\/title>\n<meta name=\"robots\" content=\"index, follow, max-snippet:-1, max-image-preview:large, max-video-preview:-1\" \/>\n<link rel=\"canonical\" href=\"https:\/\/font-romeu.fr\/ca\/allotjar-se\/allotjament\/agencia-immobiliaria\/\" \/>\n<meta property=\"og:locale\" content=\"ca_ES\" \/>\n<meta property=\"og:type\" content=\"article\" \/>\n<meta property=\"og:title\" content=\"Ag\u00e8ncia immobili\u00e0ria - Font-Romeu\" \/>\n<meta property=\"og:description\" content=\"Consulta les nostres ag\u00e8ncies immobili\u00e0ries per a gaudir d&#8217;una \u00e0mplia selecci\u00f3 d&#8217;apartaments i cases per a llogar (o comprar). Petites i grans superf\u00edcies, al centre del poble o en plena natura. Aquesta oferta professional et garantir\u00e0 sempre un acompanyament especialitzat i un allotjament de qualitat per a la teva estada!\" \/>\n<meta property=\"og:url\" content=\"https:\/\/font-romeu.fr\/ca\/allotjar-se\/allotjament\/agencia-immobiliaria\/\" \/>\n<meta property=\"og:site_name\" content=\"Font-Romeu\" \/>\n<meta property=\"article:modified_time\" content=\"2023-08-19T10:35:20+00:00\" \/>\n<meta property=\"og:image\" content=\"https:\/\/font-romeu.fr\/wp-content\/uploads\/2021\/10\/agence-immobiliere.jpg\" \/>\n\t<meta property=\"og:image:width\" content=\"1024\" \/>\n\t<meta property=\"og:image:height\" content=\"653\" \/>\n\t<meta property=\"og:image:type\" content=\"image\/jpeg\" \/>\n<meta name=\"twitter:card\" content=\"summary_large_image\" \/>\n<script type=\"application\/ld+json\" class=\"yoast-schema-graph\">{\"@context\":\"https:\\\/\\\/schema.org\",\"@graph\":[{\"@type\":\"WebPage\",\"@id\":\"https:\\\/\\\/font-romeu.fr\\\/ca\\\/allotjar-se\\\/allotjament\\\/agencia-immobiliaria\\\/\",\"url\":\"https:\\\/\\\/font-romeu.fr\\\/ca\\\/allotjar-se\\\/allotjament\\\/agencia-immobiliaria\\\/\",\"name\":\"Ag\u00e8ncia immobili\u00e0ria - Font-Romeu\",\"isPartOf\":{\"@id\":\"https:\\\/\\\/font-romeu.fr\\\/ca\\\/#website\"},\"primaryImageOfPage\":{\"@id\":\"https:\\\/\\\/font-romeu.fr\\\/ca\\\/allotjar-se\\\/allotjament\\\/agencia-immobiliaria\\\/#primaryimage\"},\"image\":{\"@id\":\"https:\\\/\\\/font-romeu.fr\\\/ca\\\/allotjar-se\\\/allotjament\\\/agencia-immobiliaria\\\/#primaryimage\"},\"thumbnailUrl\":\"https:\\\/\\\/font-romeu.fr\\\/wp-content\\\/uploads\\\/2021\\\/10\\\/agence-immobiliere.jpg\",\"datePublished\":\"2021-10-14T12:01:12+00:00\",\"dateModified\":\"2023-08-19T10:35:20+00:00\",\"breadcrumb\":{\"@id\":\"https:\\\/\\\/font-romeu.fr\\\/ca\\\/allotjar-se\\\/allotjament\\\/agencia-immobiliaria\\\/#breadcrumb\"},\"inLanguage\":\"ca\",\"potentialAction\":[{\"@type\":\"ReadAction\",\"target\":[\"https:\\\/\\\/font-romeu.fr\\\/ca\\\/allotjar-se\\\/allotjament\\\/agencia-immobiliaria\\\/\"]}]},{\"@type\":\"ImageObject\",\"inLanguage\":\"ca\",\"@id\":\"https:\\\/\\\/font-romeu.fr\\\/ca\\\/allotjar-se\\\/allotjament\\\/agencia-immobiliaria\\\/#primaryimage\",\"url\":\"https:\\\/\\\/font-romeu.fr\\\/wp-content\\\/uploads\\\/2021\\\/10\\\/agence-immobiliere.jpg\",\"contentUrl\":\"https:\\\/\\\/font-romeu.fr\\\/wp-content\\\/uploads\\\/2021\\\/10\\\/agence-immobiliere.jpg\",\"width\":1024,\"height\":653},{\"@type\":\"BreadcrumbList\",\"@id\":\"https:\\\/\\\/font-romeu.fr\\\/ca\\\/allotjar-se\\\/allotjament\\\/agencia-immobiliaria\\\/#breadcrumb\",\"itemListElement\":[{\"@type\":\"ListItem\",\"position\":1,\"name\":\"Accueil\",\"item\":\"https:\\\/\\\/font-romeu.fr\\\/ca\\\/\"},{\"@type\":\"ListItem\",\"position\":2,\"name\":\"allotjar-se\",\"item\":\"https:\\\/\\\/font-romeu.fr\\\/ca\\\/allotjar-se\\\/\"},{\"@type\":\"ListItem\",\"position\":3,\"name\":\"allotjament\",\"item\":\"https:\\\/\\\/font-romeu.fr\\\/ca\\\/sejourner\\\/hebergements\\\/\"},{\"@type\":\"ListItem\",\"position\":4,\"name\":\"Ag\u00e8ncia immobili\u00e0ria\"}]},{\"@type\":\"WebSite\",\"@id\":\"https:\\\/\\\/font-romeu.fr\\\/ca\\\/#website\",\"url\":\"https:\\\/\\\/font-romeu.fr\\\/ca\\\/\",\"name\":\"Font-romeu\",\"description\":\"Changez d&#039;altitude\",\"publisher\":{\"@id\":\"https:\\\/\\\/font-romeu.fr\\\/ca\\\/#organization\"},\"potentialAction\":[{\"@type\":\"SearchAction\",\"target\":{\"@type\":\"EntryPoint\",\"urlTemplate\":\"https:\\\/\\\/font-romeu.fr\\\/ca\\\/?s={search_term_string}\"},\"query-input\":{\"@type\":\"PropertyValueSpecification\",\"valueRequired\":true,\"valueName\":\"search_term_string\"}}],\"inLanguage\":\"ca\"},{\"@type\":\"Organization\",\"@id\":\"https:\\\/\\\/font-romeu.fr\\\/ca\\\/#organization\",\"name\":\"Office de Tourisme de Font-Romeu\",\"url\":\"https:\\\/\\\/font-romeu.fr\\\/ca\\\/\",\"logo\":{\"@type\":\"ImageObject\",\"inLanguage\":\"ca\",\"@id\":\"https:\\\/\\\/font-romeu.fr\\\/ca\\\/#\\\/schema\\\/logo\\\/image\\\/\",\"url\":\"https:\\\/\\\/font-romeu.fr\\\/wp-content\\\/uploads\\\/2021\\\/11\\\/LogoFontRomeu_orange-1.svg\",\"contentUrl\":\"https:\\\/\\\/font-romeu.fr\\\/wp-content\\\/uploads\\\/2021\\\/11\\\/LogoFontRomeu_orange-1.svg\",\"width\":1,\"height\":1,\"caption\":\"Office de Tourisme de Font-Romeu\"},\"image\":{\"@id\":\"https:\\\/\\\/font-romeu.fr\\\/ca\\\/#\\\/schema\\\/logo\\\/image\\\/\"},\"sameAs\":[\"https:\\\/\\\/www.instagram.com\\\/stationfontromeu\\\/\"]}]}<\/script>\n<!-- \/ Yoast SEO plugin. -->","yoast_head_json":{"title":"Ag\u00e8ncia immobili\u00e0ria - Font-Romeu","robots":{"index":"index","follow":"follow","max-snippet":"max-snippet:-1","max-image-preview":"max-image-preview:large","max-video-preview":"max-video-preview:-1"},"canonical":"https:\/\/font-romeu.fr\/ca\/allotjar-se\/allotjament\/agencia-immobiliaria\/","og_locale":"ca_ES","og_type":"article","og_title":"Ag\u00e8ncia immobili\u00e0ria - Font-Romeu","og_description":"Consulta les nostres ag\u00e8ncies immobili\u00e0ries per a gaudir d&#8217;una \u00e0mplia selecci\u00f3 d&#8217;apartaments i cases per a llogar (o comprar). Petites i grans superf\u00edcies, al centre del poble o en plena natura. Aquesta oferta professional et garantir\u00e0 sempre un acompanyament especialitzat i un allotjament de qualitat per a la teva estada!","og_url":"https:\/\/font-romeu.fr\/ca\/allotjar-se\/allotjament\/agencia-immobiliaria\/","og_site_name":"Font-Romeu","article_modified_time":"2023-08-19T10:35:20+00:00","og_image":[{"width":1024,"height":653,"url":"https:\/\/font-romeu.fr\/wp-content\/uploads\/2021\/10\/agence-immobiliere.jpg","type":"image\/jpeg"}],"twitter_card":"summary_large_image","schema":{"@context":"https:\/\/schema.org","@graph":[{"@type":"WebPage","@id":"https:\/\/font-romeu.fr\/ca\/allotjar-se\/allotjament\/agencia-immobiliaria\/","url":"https:\/\/font-romeu.fr\/ca\/allotjar-se\/allotjament\/agencia-immobiliaria\/","name":"Ag\u00e8ncia immobili\u00e0ria - Font-Romeu","isPartOf":{"@id":"https:\/\/font-romeu.fr\/ca\/#website"},"primaryImageOfPage":{"@id":"https:\/\/font-romeu.fr\/ca\/allotjar-se\/allotjament\/agencia-immobiliaria\/#primaryimage"},"image":{"@id":"https:\/\/font-romeu.fr\/ca\/allotjar-se\/allotjament\/agencia-immobiliaria\/#primaryimage"},"thumbnailUrl":"https:\/\/font-romeu.fr\/wp-content\/uploads\/2021\/10\/agence-immobiliere.jpg","datePublished":"2021-10-14T12:01:12+00:00","dateModified":"2023-08-19T10:35:20+00:00","breadcrumb":{"@id":"https:\/\/font-romeu.fr\/ca\/allotjar-se\/allotjament\/agencia-immobiliaria\/#breadcrumb"},"inLanguage":"ca","potentialAction":[{"@type":"ReadAction","target":["https:\/\/font-romeu.fr\/ca\/allotjar-se\/allotjament\/agencia-immobiliaria\/"]}]},{"@type":"ImageObject","inLanguage":"ca","@id":"https:\/\/font-romeu.fr\/ca\/allotjar-se\/allotjament\/agencia-immobiliaria\/#primaryimage","url":"https:\/\/font-romeu.fr\/wp-content\/uploads\/2021\/10\/agence-immobiliere.jpg","contentUrl":"https:\/\/font-romeu.fr\/wp-content\/uploads\/2021\/10\/agence-immobiliere.jpg","width":1024,"height":653},{"@type":"BreadcrumbList","@id":"https:\/\/font-romeu.fr\/ca\/allotjar-se\/allotjament\/agencia-immobiliaria\/#breadcrumb","itemListElement":[{"@type":"ListItem","position":1,"name":"Accueil","item":"https:\/\/font-romeu.fr\/ca\/"},{"@type":"ListItem","position":2,"name":"allotjar-se","item":"https:\/\/font-romeu.fr\/ca\/allotjar-se\/"},{"@type":"ListItem","position":3,"name":"allotjament","item":"https:\/\/font-romeu.fr\/ca\/sejourner\/hebergements\/"},{"@type":"ListItem","position":4,"name":"Ag\u00e8ncia immobili\u00e0ria"}]},{"@type":"WebSite","@id":"https:\/\/font-romeu.fr\/ca\/#website","url":"https:\/\/font-romeu.fr\/ca\/","name":"Font-romeu","description":"Changez d&#039;altitude","publisher":{"@id":"https:\/\/font-romeu.fr\/ca\/#organization"},"potentialAction":[{"@type":"SearchAction","target":{"@type":"EntryPoint","urlTemplate":"https:\/\/font-romeu.fr\/ca\/?s={search_term_string}"},"query-input":{"@type":"PropertyValueSpecification","valueRequired":true,"valueName":"search_term_string"}}],"inLanguage":"ca"},{"@type":"Organization","@id":"https:\/\/font-romeu.fr\/ca\/#organization","name":"Office de Tourisme de Font-Romeu","url":"https:\/\/font-romeu.fr\/ca\/","logo":{"@type":"ImageObject","inLanguage":"ca","@id":"https:\/\/font-romeu.fr\/ca\/#\/schema\/logo\/image\/","url":"https:\/\/font-romeu.fr\/wp-content\/uploads\/2021\/11\/LogoFontRomeu_orange-1.svg","contentUrl":"https:\/\/font-romeu.fr\/wp-content\/uploads\/2021\/11\/LogoFontRomeu_orange-1.svg","width":1,"height":1,"caption":"Office de Tourisme de Font-Romeu"},"image":{"@id":"https:\/\/font-romeu.fr\/ca\/#\/schema\/logo\/image\/"},"sameAs":["https:\/\/www.instagram.com\/stationfontromeu\/"]}]}},"_links":{"self":[{"href":"https:\/\/font-romeu.fr\/ca\/wp-json\/wp\/v2\/pages\/20072","targetHints":{"allow":["GET"]}}],"collection":[{"href":"https:\/\/font-romeu.fr\/ca\/wp-json\/wp\/v2\/pages"}],"about":[{"href":"https:\/\/font-romeu.fr\/ca\/wp-json\/wp\/v2\/types\/page"}],"author":[{"embeddable":true,"href":"https:\/\/font-romeu.fr\/ca\/wp-json\/wp\/v2\/users\/15"}],"replies":[{"embeddable":true,"href":"https:\/\/font-romeu.fr\/ca\/wp-json\/wp\/v2\/comments?post=20072"}],"version-history":[{"count":1,"href":"https:\/\/font-romeu.fr\/ca\/wp-json\/wp\/v2\/pages\/20072\/revisions"}],"predecessor-version":[{"id":23362,"href":"https:\/\/font-romeu.fr\/ca\/wp-json\/wp\/v2\/pages\/20072\/revisions\/23362"}],"up":[{"embeddable":true,"href":"https:\/\/font-romeu.fr\/ca\/wp-json\/wp\/v2\/pages\/20066"}],"wp:featuredmedia":[{"embeddable":true,"href":"https:\/\/font-romeu.fr\/ca\/wp-json\/wp\/v2\/media\/17833"}],"wp:attachment":[{"href":"https:\/\/font-romeu.fr\/ca\/wp-json\/wp\/v2\/media?parent=20072"}],"curies":[{"name":"wp","href":"https:\/\/api.w.org\/{rel}","templated":true}]}}