{"id":20091,"date":"2021-10-15T15:28:28","date_gmt":"2021-10-15T13:28:28","guid":{"rendered":"https:\/\/font-romeu.fr\/estacio-de-font-romeu\/"},"modified":"2023-08-19T12:48:51","modified_gmt":"2023-08-19T10:48:51","slug":"estacio-de-font-romeu","status":"publish","type":"page","link":"https:\/\/font-romeu.fr\/ca\/estacio-de-font-romeu\/","title":{"rendered":"Estaci\u00f3 de font-romeu"},"content":{"rendered":"<h2>L&#8217;Esqu\u00ed 100% seducci\u00f3<br \/>\nde manera meridional<\/h2>\n<p>En el cor del Parc Natural del Pirineu Catal\u00e0, Font-Romeu, \u00e9s en primer lloc una estaci\u00f3 d&#8217;esports d&#8217;hivern que ofereix una zona d&#8217;esqu\u00ed de les m\u00e9s modernes i atractives del mass\u00eds.<\/p>\n<p>Les pistes s&#8217;integren naturalment en l&#8217;escenari d&#8217;una naturalesa fant\u00e0stica, el blanc de la neu s&#8217;assaboreix, al ritme d&#8217;una dol\u00e7or de viure que cohabita harmoniosament amb grans espais panor\u00e0mics. \u00c9s en un ambient meridional on\u00a0 l&#8217;estaci\u00f3 combina harmoniosament instal\u00b7lacions i \u00e0rees dissenyades per a tots els gustos, Des de les zones d&#8217;aprenentatge per a nens fins a les pujades d&#8217;adrenalina en els vessants , passant per l&#8217;espectacular Snowpark per a surfistes i riders de tots els horitzons, tothom s&#8217;hi diverteix.<\/p>\n","protected":false},"excerpt":{"rendered":"<p>L&#8217;Esqu\u00ed 100% seducci\u00f3 de manera meridional En el cor del Parc Natural del Pirineu Catal\u00e0, Font-Romeu, \u00e9s en primer lloc una estaci\u00f3 d&#8217;esports d&#8217;hivern que ofereix una zona d&#8217;esqu\u00ed de les m\u00e9s modernes i atractives del mass\u00eds. Les pistes s&#8217;integren naturalment en l&#8217;escenari d&#8217;una naturalesa fant\u00e0stica, el blanc de la neu s&#8217;assaboreix, al ritme d&#8217;una [&hellip;]<\/p>\n","protected":false},"author":15,"featured_media":17849,"parent":0,"menu_order":0,"comment_status":"closed","ping_status":"closed","template":"page-listePages.php","meta":{"_acf_changed":false,"footnotes":""},"class_list":["post-20091","page","type-page","status-publish","has-post-thumbnail","hentry"],"acf":[],"yoast_head":"<!-- This site is optimized with the Yoast SEO plugin v27.3 - https:\/\/yoast.com\/product\/yoast-seo-wordpress\/ -->\n<title>Estaci\u00f3 de font-romeu - Font-Romeu<\/title>\n<meta name=\"robots\" content=\"index, follow, max-snippet:-1, max-image-preview:large, max-video-preview:-1\" \/>\n<link rel=\"canonical\" href=\"https:\/\/font-romeu.fr\/ca\/estacio-de-font-romeu\/\" \/>\n<meta property=\"og:locale\" content=\"ca_ES\" \/>\n<meta property=\"og:type\" content=\"article\" \/>\n<meta property=\"og:title\" content=\"Estaci\u00f3 de font-romeu - Font-Romeu\" \/>\n<meta property=\"og:description\" content=\"L&#8217;Esqu\u00ed 100% seducci\u00f3 de manera meridional En el cor del Parc Natural del Pirineu Catal\u00e0, Font-Romeu, \u00e9s en primer lloc una estaci\u00f3 d&#8217;esports d&#8217;hivern que ofereix una zona d&#8217;esqu\u00ed de les m\u00e9s modernes i atractives del mass\u00eds. Les pistes s&#8217;integren naturalment en l&#8217;escenari d&#8217;una naturalesa fant\u00e0stica, el blanc de la neu s&#8217;assaboreix, al ritme d&#8217;una [&hellip;]\" \/>\n<meta property=\"og:url\" content=\"https:\/\/font-romeu.fr\/ca\/estacio-de-font-romeu\/\" \/>\n<meta property=\"og:site_name\" content=\"Font-Romeu\" \/>\n<meta property=\"article:modified_time\" content=\"2023-08-19T10:48:51+00:00\" \/>\n<meta property=\"og:image\" content=\"https:\/\/font-romeu.fr\/wp-content\/uploads\/2021\/10\/header-stationfontromeu.jpg\" \/>\n\t<meta property=\"og:image:width\" content=\"1024\" \/>\n\t<meta property=\"og:image:height\" content=\"638\" \/>\n\t<meta property=\"og:image:type\" content=\"image\/jpeg\" \/>\n<meta name=\"twitter:card\" content=\"summary_large_image\" \/>\n<meta name=\"twitter:label1\" content=\"Temps estimat de lectura\" \/>\n\t<meta name=\"twitter:data1\" content=\"1 minut\" \/>\n<script type=\"application\/ld+json\" class=\"yoast-schema-graph\">{\"@context\":\"https:\\\/\\\/schema.org\",\"@graph\":[{\"@type\":\"WebPage\",\"@id\":\"https:\\\/\\\/font-romeu.fr\\\/ca\\\/estacio-de-font-romeu\\\/\",\"url\":\"https:\\\/\\\/font-romeu.fr\\\/ca\\\/estacio-de-font-romeu\\\/\",\"name\":\"Estaci\u00f3 de font-romeu - Font-Romeu\",\"isPartOf\":{\"@id\":\"https:\\\/\\\/font-romeu.fr\\\/ca\\\/#website\"},\"primaryImageOfPage\":{\"@id\":\"https:\\\/\\\/font-romeu.fr\\\/ca\\\/estacio-de-font-romeu\\\/#primaryimage\"},\"image\":{\"@id\":\"https:\\\/\\\/font-romeu.fr\\\/ca\\\/estacio-de-font-romeu\\\/#primaryimage\"},\"thumbnailUrl\":\"https:\\\/\\\/font-romeu.fr\\\/wp-content\\\/uploads\\\/2021\\\/10\\\/header-stationfontromeu.jpg\",\"datePublished\":\"2021-10-15T13:28:28+00:00\",\"dateModified\":\"2023-08-19T10:48:51+00:00\",\"breadcrumb\":{\"@id\":\"https:\\\/\\\/font-romeu.fr\\\/ca\\\/estacio-de-font-romeu\\\/#breadcrumb\"},\"inLanguage\":\"ca\",\"potentialAction\":[{\"@type\":\"ReadAction\",\"target\":[\"https:\\\/\\\/font-romeu.fr\\\/ca\\\/estacio-de-font-romeu\\\/\"]}]},{\"@type\":\"ImageObject\",\"inLanguage\":\"ca\",\"@id\":\"https:\\\/\\\/font-romeu.fr\\\/ca\\\/estacio-de-font-romeu\\\/#primaryimage\",\"url\":\"https:\\\/\\\/font-romeu.fr\\\/wp-content\\\/uploads\\\/2021\\\/10\\\/header-stationfontromeu.jpg\",\"contentUrl\":\"https:\\\/\\\/font-romeu.fr\\\/wp-content\\\/uploads\\\/2021\\\/10\\\/header-stationfontromeu.jpg\",\"width\":1024,\"height\":638,\"caption\":\"Estaci\u00f3 de Font Romeu\"},{\"@type\":\"BreadcrumbList\",\"@id\":\"https:\\\/\\\/font-romeu.fr\\\/ca\\\/estacio-de-font-romeu\\\/#breadcrumb\",\"itemListElement\":[{\"@type\":\"ListItem\",\"position\":1,\"name\":\"Accueil\",\"item\":\"https:\\\/\\\/font-romeu.fr\\\/ca\\\/\"},{\"@type\":\"ListItem\",\"position\":2,\"name\":\"Estaci\u00f3 de font-romeu\"}]},{\"@type\":\"WebSite\",\"@id\":\"https:\\\/\\\/font-romeu.fr\\\/ca\\\/#website\",\"url\":\"https:\\\/\\\/font-romeu.fr\\\/ca\\\/\",\"name\":\"Font-romeu\",\"description\":\"Changez d&#039;altitude\",\"publisher\":{\"@id\":\"https:\\\/\\\/font-romeu.fr\\\/ca\\\/#organization\"},\"potentialAction\":[{\"@type\":\"SearchAction\",\"target\":{\"@type\":\"EntryPoint\",\"urlTemplate\":\"https:\\\/\\\/font-romeu.fr\\\/ca\\\/?s={search_term_string}\"},\"query-input\":{\"@type\":\"PropertyValueSpecification\",\"valueRequired\":true,\"valueName\":\"search_term_string\"}}],\"inLanguage\":\"ca\"},{\"@type\":\"Organization\",\"@id\":\"https:\\\/\\\/font-romeu.fr\\\/ca\\\/#organization\",\"name\":\"Office de Tourisme de Font-Romeu\",\"url\":\"https:\\\/\\\/font-romeu.fr\\\/ca\\\/\",\"logo\":{\"@type\":\"ImageObject\",\"inLanguage\":\"ca\",\"@id\":\"https:\\\/\\\/font-romeu.fr\\\/ca\\\/#\\\/schema\\\/logo\\\/image\\\/\",\"url\":\"https:\\\/\\\/font-romeu.fr\\\/wp-content\\\/uploads\\\/2021\\\/11\\\/LogoFontRomeu_orange-1.svg\",\"contentUrl\":\"https:\\\/\\\/font-romeu.fr\\\/wp-content\\\/uploads\\\/2021\\\/11\\\/LogoFontRomeu_orange-1.svg\",\"width\":1,\"height\":1,\"caption\":\"Office de Tourisme de Font-Romeu\"},\"image\":{\"@id\":\"https:\\\/\\\/font-romeu.fr\\\/ca\\\/#\\\/schema\\\/logo\\\/image\\\/\"},\"sameAs\":[\"https:\\\/\\\/www.instagram.com\\\/stationfontromeu\\\/\"]}]}<\/script>\n<!-- \/ Yoast SEO plugin. -->","yoast_head_json":{"title":"Estaci\u00f3 de font-romeu - Font-Romeu","robots":{"index":"index","follow":"follow","max-snippet":"max-snippet:-1","max-image-preview":"max-image-preview:large","max-video-preview":"max-video-preview:-1"},"canonical":"https:\/\/font-romeu.fr\/ca\/estacio-de-font-romeu\/","og_locale":"ca_ES","og_type":"article","og_title":"Estaci\u00f3 de font-romeu - Font-Romeu","og_description":"L&#8217;Esqu\u00ed 100% seducci\u00f3 de manera meridional En el cor del Parc Natural del Pirineu Catal\u00e0, Font-Romeu, \u00e9s en primer lloc una estaci\u00f3 d&#8217;esports d&#8217;hivern que ofereix una zona d&#8217;esqu\u00ed de les m\u00e9s modernes i atractives del mass\u00eds. Les pistes s&#8217;integren naturalment en l&#8217;escenari d&#8217;una naturalesa fant\u00e0stica, el blanc de la neu s&#8217;assaboreix, al ritme d&#8217;una [&hellip;]","og_url":"https:\/\/font-romeu.fr\/ca\/estacio-de-font-romeu\/","og_site_name":"Font-Romeu","article_modified_time":"2023-08-19T10:48:51+00:00","og_image":[{"width":1024,"height":638,"url":"https:\/\/font-romeu.fr\/wp-content\/uploads\/2021\/10\/header-stationfontromeu.jpg","type":"image\/jpeg"}],"twitter_card":"summary_large_image","twitter_misc":{"Temps estimat de lectura":"1 minut"},"schema":{"@context":"https:\/\/schema.org","@graph":[{"@type":"WebPage","@id":"https:\/\/font-romeu.fr\/ca\/estacio-de-font-romeu\/","url":"https:\/\/font-romeu.fr\/ca\/estacio-de-font-romeu\/","name":"Estaci\u00f3 de font-romeu - Font-Romeu","isPartOf":{"@id":"https:\/\/font-romeu.fr\/ca\/#website"},"primaryImageOfPage":{"@id":"https:\/\/font-romeu.fr\/ca\/estacio-de-font-romeu\/#primaryimage"},"image":{"@id":"https:\/\/font-romeu.fr\/ca\/estacio-de-font-romeu\/#primaryimage"},"thumbnailUrl":"https:\/\/font-romeu.fr\/wp-content\/uploads\/2021\/10\/header-stationfontromeu.jpg","datePublished":"2021-10-15T13:28:28+00:00","dateModified":"2023-08-19T10:48:51+00:00","breadcrumb":{"@id":"https:\/\/font-romeu.fr\/ca\/estacio-de-font-romeu\/#breadcrumb"},"inLanguage":"ca","potentialAction":[{"@type":"ReadAction","target":["https:\/\/font-romeu.fr\/ca\/estacio-de-font-romeu\/"]}]},{"@type":"ImageObject","inLanguage":"ca","@id":"https:\/\/font-romeu.fr\/ca\/estacio-de-font-romeu\/#primaryimage","url":"https:\/\/font-romeu.fr\/wp-content\/uploads\/2021\/10\/header-stationfontromeu.jpg","contentUrl":"https:\/\/font-romeu.fr\/wp-content\/uploads\/2021\/10\/header-stationfontromeu.jpg","width":1024,"height":638,"caption":"Estaci\u00f3 de Font Romeu"},{"@type":"BreadcrumbList","@id":"https:\/\/font-romeu.fr\/ca\/estacio-de-font-romeu\/#breadcrumb","itemListElement":[{"@type":"ListItem","position":1,"name":"Accueil","item":"https:\/\/font-romeu.fr\/ca\/"},{"@type":"ListItem","position":2,"name":"Estaci\u00f3 de font-romeu"}]},{"@type":"WebSite","@id":"https:\/\/font-romeu.fr\/ca\/#website","url":"https:\/\/font-romeu.fr\/ca\/","name":"Font-romeu","description":"Changez d&#039;altitude","publisher":{"@id":"https:\/\/font-romeu.fr\/ca\/#organization"},"potentialAction":[{"@type":"SearchAction","target":{"@type":"EntryPoint","urlTemplate":"https:\/\/font-romeu.fr\/ca\/?s={search_term_string}"},"query-input":{"@type":"PropertyValueSpecification","valueRequired":true,"valueName":"search_term_string"}}],"inLanguage":"ca"},{"@type":"Organization","@id":"https:\/\/font-romeu.fr\/ca\/#organization","name":"Office de Tourisme de Font-Romeu","url":"https:\/\/font-romeu.fr\/ca\/","logo":{"@type":"ImageObject","inLanguage":"ca","@id":"https:\/\/font-romeu.fr\/ca\/#\/schema\/logo\/image\/","url":"https:\/\/font-romeu.fr\/wp-content\/uploads\/2021\/11\/LogoFontRomeu_orange-1.svg","contentUrl":"https:\/\/font-romeu.fr\/wp-content\/uploads\/2021\/11\/LogoFontRomeu_orange-1.svg","width":1,"height":1,"caption":"Office de Tourisme de Font-Romeu"},"image":{"@id":"https:\/\/font-romeu.fr\/ca\/#\/schema\/logo\/image\/"},"sameAs":["https:\/\/www.instagram.com\/stationfontromeu\/"]}]}},"_links":{"self":[{"href":"https:\/\/font-romeu.fr\/ca\/wp-json\/wp\/v2\/pages\/20091","targetHints":{"allow":["GET"]}}],"collection":[{"href":"https:\/\/font-romeu.fr\/ca\/wp-json\/wp\/v2\/pages"}],"about":[{"href":"https:\/\/font-romeu.fr\/ca\/wp-json\/wp\/v2\/types\/page"}],"author":[{"embeddable":true,"href":"https:\/\/font-romeu.fr\/ca\/wp-json\/wp\/v2\/users\/15"}],"replies":[{"embeddable":true,"href":"https:\/\/font-romeu.fr\/ca\/wp-json\/wp\/v2\/comments?post=20091"}],"version-history":[{"count":1,"href":"https:\/\/font-romeu.fr\/ca\/wp-json\/wp\/v2\/pages\/20091\/revisions"}],"predecessor-version":[{"id":23371,"href":"https:\/\/font-romeu.fr\/ca\/wp-json\/wp\/v2\/pages\/20091\/revisions\/23371"}],"wp:featuredmedia":[{"embeddable":true,"href":"https:\/\/font-romeu.fr\/ca\/wp-json\/wp\/v2\/media\/17849"}],"wp:attachment":[{"href":"https:\/\/font-romeu.fr\/ca\/wp-json\/wp\/v2\/media?parent=20091"}],"curies":[{"name":"wp","href":"https:\/\/api.w.org\/{rel}","templated":true}]}}