{"id":20096,"date":"2021-10-20T12:18:23","date_gmt":"2021-10-20T10:18:23","guid":{"rendered":"https:\/\/font-romeu.fr\/estacio-de-font-romeu\/lloguer-adquisicio-de-material\/"},"modified":"2021-10-20T12:18:23","modified_gmt":"2021-10-20T10:18:23","slug":"lloguer-adquisicio-de-material","status":"publish","type":"page","link":"https:\/\/font-romeu.fr\/ca\/estacio-de-font-romeu\/lloguer-adquisicio-de-material\/","title":{"rendered":"Lloguer\/adquisici\u00f3 de material"},"content":{"rendered":"<h2>les seves instal\u00b7lacions d&#8217;esqu\u00ed en Font-Romeu<\/h2>\n<p>Esculli el seu equip en una de les moltes botigues de lloguer d&#8217;esqu\u00eds del resort. Esqu\u00eds alpins, esqu\u00eds de fons, snowboard i fins i tot raquetes de neu, mini-esqu\u00eds, telemarcas i trineus, les botigues de Font-Romeu ofereixen una \u00e0mplia selecci\u00f3 de material t\u00e8cnic adaptat a principiants i experts.<\/p>\n<p>Els especialistes li aconsellaran\u00a0 per a la seva comoditat i rendiment!<\/p>\n","protected":false},"excerpt":{"rendered":"<p>les seves instal\u00b7lacions d&#8217;esqu\u00ed en Font-Romeu Esculli el seu equip en una de les moltes botigues de lloguer d&#8217;esqu\u00eds del resort. Esqu\u00eds alpins, esqu\u00eds de fons, snowboard i fins i tot raquetes de neu, mini-esqu\u00eds, telemarcas i trineus, les botigues de Font-Romeu ofereixen una \u00e0mplia selecci\u00f3 de material t\u00e8cnic adaptat a principiants i experts. Els [&hellip;]<\/p>\n","protected":false},"author":15,"featured_media":18045,"parent":20091,"menu_order":0,"comment_status":"closed","ping_status":"closed","template":"page-offresSimple.php","meta":{"_acf_changed":false,"footnotes":""},"class_list":["post-20096","page","type-page","status-publish","has-post-thumbnail","hentry"],"acf":[],"yoast_head":"<!-- This site is optimized with the Yoast SEO plugin v27.3 - https:\/\/yoast.com\/product\/yoast-seo-wordpress\/ -->\n<title>Lloguer\/adquisici\u00f3 de material - Font-Romeu<\/title>\n<meta name=\"robots\" content=\"index, follow, max-snippet:-1, max-image-preview:large, max-video-preview:-1\" \/>\n<link rel=\"canonical\" href=\"https:\/\/font-romeu.fr\/ca\/estacio-de-font-romeu\/lloguer-adquisicio-de-material\/\" \/>\n<meta property=\"og:locale\" content=\"ca_ES\" \/>\n<meta property=\"og:type\" content=\"article\" \/>\n<meta property=\"og:title\" content=\"Lloguer\/adquisici\u00f3 de material - Font-Romeu\" \/>\n<meta property=\"og:description\" content=\"les seves instal\u00b7lacions d&#8217;esqu\u00ed en Font-Romeu Esculli el seu equip en una de les moltes botigues de lloguer d&#8217;esqu\u00eds del resort. Esqu\u00eds alpins, esqu\u00eds de fons, snowboard i fins i tot raquetes de neu, mini-esqu\u00eds, telemarcas i trineus, les botigues de Font-Romeu ofereixen una \u00e0mplia selecci\u00f3 de material t\u00e8cnic adaptat a principiants i experts. Els [&hellip;]\" \/>\n<meta property=\"og:url\" content=\"https:\/\/font-romeu.fr\/ca\/estacio-de-font-romeu\/lloguer-adquisicio-de-material\/\" \/>\n<meta property=\"og:site_name\" content=\"Font-Romeu\" \/>\n<meta property=\"og:image\" content=\"https:\/\/font-romeu.fr\/wp-content\/uploads\/2021\/11\/FONT-ROMEU-guide-accueil-hiver-2021-2022-couv.jpg\" \/>\n\t<meta property=\"og:image:width\" content=\"1181\" \/>\n\t<meta property=\"og:image:height\" content=\"2339\" \/>\n\t<meta property=\"og:image:type\" content=\"image\/jpeg\" \/>\n<meta name=\"twitter:card\" content=\"summary_large_image\" \/>\n<script type=\"application\/ld+json\" class=\"yoast-schema-graph\">{\"@context\":\"https:\\\/\\\/schema.org\",\"@graph\":[{\"@type\":\"WebPage\",\"@id\":\"https:\\\/\\\/font-romeu.fr\\\/ca\\\/estacio-de-font-romeu\\\/lloguer-adquisicio-de-material\\\/\",\"url\":\"https:\\\/\\\/font-romeu.fr\\\/ca\\\/estacio-de-font-romeu\\\/lloguer-adquisicio-de-material\\\/\",\"name\":\"Lloguer\\\/adquisici\u00f3 de material - Font-Romeu\",\"isPartOf\":{\"@id\":\"https:\\\/\\\/font-romeu.fr\\\/ca\\\/#website\"},\"primaryImageOfPage\":{\"@id\":\"https:\\\/\\\/font-romeu.fr\\\/ca\\\/estacio-de-font-romeu\\\/lloguer-adquisicio-de-material\\\/#primaryimage\"},\"image\":{\"@id\":\"https:\\\/\\\/font-romeu.fr\\\/ca\\\/estacio-de-font-romeu\\\/lloguer-adquisicio-de-material\\\/#primaryimage\"},\"thumbnailUrl\":\"https:\\\/\\\/font-romeu.fr\\\/wp-content\\\/uploads\\\/2021\\\/11\\\/materiel-ski.jpg\",\"datePublished\":\"2021-10-20T10:18:23+00:00\",\"breadcrumb\":{\"@id\":\"https:\\\/\\\/font-romeu.fr\\\/ca\\\/estacio-de-font-romeu\\\/lloguer-adquisicio-de-material\\\/#breadcrumb\"},\"inLanguage\":\"ca\",\"potentialAction\":[{\"@type\":\"ReadAction\",\"target\":[\"https:\\\/\\\/font-romeu.fr\\\/ca\\\/estacio-de-font-romeu\\\/lloguer-adquisicio-de-material\\\/\"]}]},{\"@type\":\"ImageObject\",\"inLanguage\":\"ca\",\"@id\":\"https:\\\/\\\/font-romeu.fr\\\/ca\\\/estacio-de-font-romeu\\\/lloguer-adquisicio-de-material\\\/#primaryimage\",\"url\":\"https:\\\/\\\/font-romeu.fr\\\/wp-content\\\/uploads\\\/2021\\\/11\\\/materiel-ski.jpg\",\"contentUrl\":\"https:\\\/\\\/font-romeu.fr\\\/wp-content\\\/uploads\\\/2021\\\/11\\\/materiel-ski.jpg\",\"width\":1024,\"height\":640},{\"@type\":\"BreadcrumbList\",\"@id\":\"https:\\\/\\\/font-romeu.fr\\\/ca\\\/estacio-de-font-romeu\\\/lloguer-adquisicio-de-material\\\/#breadcrumb\",\"itemListElement\":[{\"@type\":\"ListItem\",\"position\":1,\"name\":\"Accueil\",\"item\":\"https:\\\/\\\/font-romeu.fr\\\/ca\\\/\"},{\"@type\":\"ListItem\",\"position\":2,\"name\":\"Estaci\u00f3 de font-romeu\",\"item\":\"https:\\\/\\\/font-romeu.fr\\\/ca\\\/estacio-de-font-romeu\\\/\"},{\"@type\":\"ListItem\",\"position\":3,\"name\":\"Lloguer\\\/adquisici\u00f3 de material\"}]},{\"@type\":\"WebSite\",\"@id\":\"https:\\\/\\\/font-romeu.fr\\\/ca\\\/#website\",\"url\":\"https:\\\/\\\/font-romeu.fr\\\/ca\\\/\",\"name\":\"Font-romeu\",\"description\":\"Changez d&#039;altitude\",\"publisher\":{\"@id\":\"https:\\\/\\\/font-romeu.fr\\\/ca\\\/#organization\"},\"potentialAction\":[{\"@type\":\"SearchAction\",\"target\":{\"@type\":\"EntryPoint\",\"urlTemplate\":\"https:\\\/\\\/font-romeu.fr\\\/ca\\\/?s={search_term_string}\"},\"query-input\":{\"@type\":\"PropertyValueSpecification\",\"valueRequired\":true,\"valueName\":\"search_term_string\"}}],\"inLanguage\":\"ca\"},{\"@type\":\"Organization\",\"@id\":\"https:\\\/\\\/font-romeu.fr\\\/ca\\\/#organization\",\"name\":\"Office de Tourisme de Font-Romeu\",\"url\":\"https:\\\/\\\/font-romeu.fr\\\/ca\\\/\",\"logo\":{\"@type\":\"ImageObject\",\"inLanguage\":\"ca\",\"@id\":\"https:\\\/\\\/font-romeu.fr\\\/ca\\\/#\\\/schema\\\/logo\\\/image\\\/\",\"url\":\"https:\\\/\\\/font-romeu.fr\\\/wp-content\\\/uploads\\\/2021\\\/11\\\/LogoFontRomeu_orange-1.svg\",\"contentUrl\":\"https:\\\/\\\/font-romeu.fr\\\/wp-content\\\/uploads\\\/2021\\\/11\\\/LogoFontRomeu_orange-1.svg\",\"width\":1,\"height\":1,\"caption\":\"Office de Tourisme de Font-Romeu\"},\"image\":{\"@id\":\"https:\\\/\\\/font-romeu.fr\\\/ca\\\/#\\\/schema\\\/logo\\\/image\\\/\"},\"sameAs\":[\"https:\\\/\\\/www.instagram.com\\\/stationfontromeu\\\/\"]}]}<\/script>\n<!-- \/ Yoast SEO plugin. -->","yoast_head_json":{"title":"Lloguer\/adquisici\u00f3 de material - Font-Romeu","robots":{"index":"index","follow":"follow","max-snippet":"max-snippet:-1","max-image-preview":"max-image-preview:large","max-video-preview":"max-video-preview:-1"},"canonical":"https:\/\/font-romeu.fr\/ca\/estacio-de-font-romeu\/lloguer-adquisicio-de-material\/","og_locale":"ca_ES","og_type":"article","og_title":"Lloguer\/adquisici\u00f3 de material - Font-Romeu","og_description":"les seves instal\u00b7lacions d&#8217;esqu\u00ed en Font-Romeu Esculli el seu equip en una de les moltes botigues de lloguer d&#8217;esqu\u00eds del resort. Esqu\u00eds alpins, esqu\u00eds de fons, snowboard i fins i tot raquetes de neu, mini-esqu\u00eds, telemarcas i trineus, les botigues de Font-Romeu ofereixen una \u00e0mplia selecci\u00f3 de material t\u00e8cnic adaptat a principiants i experts. Els [&hellip;]","og_url":"https:\/\/font-romeu.fr\/ca\/estacio-de-font-romeu\/lloguer-adquisicio-de-material\/","og_site_name":"Font-Romeu","og_image":[{"width":1181,"height":2339,"url":"https:\/\/font-romeu.fr\/wp-content\/uploads\/2021\/11\/FONT-ROMEU-guide-accueil-hiver-2021-2022-couv.jpg","type":"image\/jpeg"}],"twitter_card":"summary_large_image","schema":{"@context":"https:\/\/schema.org","@graph":[{"@type":"WebPage","@id":"https:\/\/font-romeu.fr\/ca\/estacio-de-font-romeu\/lloguer-adquisicio-de-material\/","url":"https:\/\/font-romeu.fr\/ca\/estacio-de-font-romeu\/lloguer-adquisicio-de-material\/","name":"Lloguer\/adquisici\u00f3 de material - Font-Romeu","isPartOf":{"@id":"https:\/\/font-romeu.fr\/ca\/#website"},"primaryImageOfPage":{"@id":"https:\/\/font-romeu.fr\/ca\/estacio-de-font-romeu\/lloguer-adquisicio-de-material\/#primaryimage"},"image":{"@id":"https:\/\/font-romeu.fr\/ca\/estacio-de-font-romeu\/lloguer-adquisicio-de-material\/#primaryimage"},"thumbnailUrl":"https:\/\/font-romeu.fr\/wp-content\/uploads\/2021\/11\/materiel-ski.jpg","datePublished":"2021-10-20T10:18:23+00:00","breadcrumb":{"@id":"https:\/\/font-romeu.fr\/ca\/estacio-de-font-romeu\/lloguer-adquisicio-de-material\/#breadcrumb"},"inLanguage":"ca","potentialAction":[{"@type":"ReadAction","target":["https:\/\/font-romeu.fr\/ca\/estacio-de-font-romeu\/lloguer-adquisicio-de-material\/"]}]},{"@type":"ImageObject","inLanguage":"ca","@id":"https:\/\/font-romeu.fr\/ca\/estacio-de-font-romeu\/lloguer-adquisicio-de-material\/#primaryimage","url":"https:\/\/font-romeu.fr\/wp-content\/uploads\/2021\/11\/materiel-ski.jpg","contentUrl":"https:\/\/font-romeu.fr\/wp-content\/uploads\/2021\/11\/materiel-ski.jpg","width":1024,"height":640},{"@type":"BreadcrumbList","@id":"https:\/\/font-romeu.fr\/ca\/estacio-de-font-romeu\/lloguer-adquisicio-de-material\/#breadcrumb","itemListElement":[{"@type":"ListItem","position":1,"name":"Accueil","item":"https:\/\/font-romeu.fr\/ca\/"},{"@type":"ListItem","position":2,"name":"Estaci\u00f3 de font-romeu","item":"https:\/\/font-romeu.fr\/ca\/estacio-de-font-romeu\/"},{"@type":"ListItem","position":3,"name":"Lloguer\/adquisici\u00f3 de material"}]},{"@type":"WebSite","@id":"https:\/\/font-romeu.fr\/ca\/#website","url":"https:\/\/font-romeu.fr\/ca\/","name":"Font-romeu","description":"Changez d&#039;altitude","publisher":{"@id":"https:\/\/font-romeu.fr\/ca\/#organization"},"potentialAction":[{"@type":"SearchAction","target":{"@type":"EntryPoint","urlTemplate":"https:\/\/font-romeu.fr\/ca\/?s={search_term_string}"},"query-input":{"@type":"PropertyValueSpecification","valueRequired":true,"valueName":"search_term_string"}}],"inLanguage":"ca"},{"@type":"Organization","@id":"https:\/\/font-romeu.fr\/ca\/#organization","name":"Office de Tourisme de Font-Romeu","url":"https:\/\/font-romeu.fr\/ca\/","logo":{"@type":"ImageObject","inLanguage":"ca","@id":"https:\/\/font-romeu.fr\/ca\/#\/schema\/logo\/image\/","url":"https:\/\/font-romeu.fr\/wp-content\/uploads\/2021\/11\/LogoFontRomeu_orange-1.svg","contentUrl":"https:\/\/font-romeu.fr\/wp-content\/uploads\/2021\/11\/LogoFontRomeu_orange-1.svg","width":1,"height":1,"caption":"Office de Tourisme de Font-Romeu"},"image":{"@id":"https:\/\/font-romeu.fr\/ca\/#\/schema\/logo\/image\/"},"sameAs":["https:\/\/www.instagram.com\/stationfontromeu\/"]}]}},"_links":{"self":[{"href":"https:\/\/font-romeu.fr\/ca\/wp-json\/wp\/v2\/pages\/20096","targetHints":{"allow":["GET"]}}],"collection":[{"href":"https:\/\/font-romeu.fr\/ca\/wp-json\/wp\/v2\/pages"}],"about":[{"href":"https:\/\/font-romeu.fr\/ca\/wp-json\/wp\/v2\/types\/page"}],"author":[{"embeddable":true,"href":"https:\/\/font-romeu.fr\/ca\/wp-json\/wp\/v2\/users\/15"}],"replies":[{"embeddable":true,"href":"https:\/\/font-romeu.fr\/ca\/wp-json\/wp\/v2\/comments?post=20096"}],"version-history":[{"count":0,"href":"https:\/\/font-romeu.fr\/ca\/wp-json\/wp\/v2\/pages\/20096\/revisions"}],"up":[{"embeddable":true,"href":"https:\/\/font-romeu.fr\/ca\/wp-json\/wp\/v2\/pages\/20091"}],"wp:featuredmedia":[{"embeddable":true,"href":"https:\/\/font-romeu.fr\/ca\/wp-json\/wp\/v2\/media\/18045"}],"wp:attachment":[{"href":"https:\/\/font-romeu.fr\/ca\/wp-json\/wp\/v2\/media?parent=20096"}],"curies":[{"name":"wp","href":"https:\/\/api.w.org\/{rel}","templated":true}]}}