{"id":20103,"date":"2021-10-19T10:38:49","date_gmt":"2021-10-19T08:38:49","guid":{"rendered":"https:\/\/font-romeu.fr\/estacio-de-font-romeu\/esqui-alpi\/"},"modified":"2023-08-19T12:55:30","modified_gmt":"2023-08-19T10:55:30","slug":"esqui-alpi","status":"publish","type":"page","link":"https:\/\/font-romeu.fr\/ca\/estacio-de-font-romeu\/esqui-alpi\/","title":{"rendered":"Esqu\u00ed Alp\u00ed"},"content":{"rendered":"<h2>L&#8217;Esqu\u00ed 100% seducci\u00f3<br \/>\nen manera meridional<\/h2>\n<p>Al bellmig del Parc Natural del Pirineu Catal\u00e0, Font-Romeu, \u00e9s en primer lloc una estaci\u00f3 d&#8217;esports d&#8217;hivern que ofereix una zona d&#8217;esqu\u00ed de les m\u00e9s modernes i atractives del mass\u00eds.<\/p>\n<p>Les pistes s&#8217;integren naturalment a la natura, poc alterada, al ritme d&#8217;una dol\u00e7or de viure retrobada que cohabita harmoniosament amb grans espais panor\u00e0mics. \u00c9s en un ambient meridional que l&#8217;estaci\u00f3 combina harmoniosament instal\u00b7lacions i \u00e0rees dissenyades per a tots els gustos.<\/p>\n<p>Des de les zones d&#8217;aprenentatge per a nens fins a les pujades d&#8217;adrenalina en els vessants del nord, passant per l&#8217;espectacular Snowpark per a surfistes i riders de tots els horitzons, tothom s&#8217;hi diverteix.<\/p>\n","protected":false},"excerpt":{"rendered":"<p>En el cor del Parc Natural del Pirineu Catal\u00e0, Font-Romeu, \u00e9s en primer lloc una estaci\u00f3 d&#8217;esports d&#8217;hivern que ofereix una zona d&#8217;esqu\u00ed de les m\u00e9s modernes i atractives del mass\u00eds.<\/p>\n","protected":false},"author":15,"featured_media":17857,"parent":20091,"menu_order":0,"comment_status":"closed","ping_status":"closed","template":"page-offresSimple.php","meta":{"_acf_changed":false,"footnotes":""},"class_list":["post-20103","page","type-page","status-publish","has-post-thumbnail","hentry"],"acf":[],"yoast_head":"<!-- This site is optimized with the Yoast SEO plugin v27.3 - https:\/\/yoast.com\/product\/yoast-seo-wordpress\/ -->\n<title>Esqu\u00ed Alp\u00ed - Font-Romeu<\/title>\n<meta name=\"robots\" content=\"index, follow, max-snippet:-1, max-image-preview:large, max-video-preview:-1\" \/>\n<link rel=\"canonical\" href=\"https:\/\/font-romeu.fr\/ca\/estacio-de-font-romeu\/esqui-alpi\/\" \/>\n<meta property=\"og:locale\" content=\"ca_ES\" \/>\n<meta property=\"og:type\" content=\"article\" \/>\n<meta property=\"og:title\" content=\"Esqu\u00ed Alp\u00ed - Font-Romeu\" \/>\n<meta property=\"og:description\" content=\"En el cor del Parc Natural del Pirineu Catal\u00e0, Font-Romeu, \u00e9s en primer lloc una estaci\u00f3 d&#039;esports d&#039;hivern que ofereix una zona d&#039;esqu\u00ed de les m\u00e9s modernes i atractives del mass\u00eds.\" \/>\n<meta property=\"og:url\" content=\"https:\/\/font-romeu.fr\/ca\/estacio-de-font-romeu\/esqui-alpi\/\" \/>\n<meta property=\"og:site_name\" content=\"Font-Romeu\" \/>\n<meta property=\"article:modified_time\" content=\"2023-08-19T10:55:30+00:00\" \/>\n<meta property=\"og:image\" content=\"https:\/\/font-romeu.fr\/wp-content\/uploads\/2021\/10\/skialpin2.jpg\" \/>\n\t<meta property=\"og:image:width\" content=\"1024\" \/>\n\t<meta property=\"og:image:height\" content=\"638\" \/>\n\t<meta property=\"og:image:type\" content=\"image\/jpeg\" \/>\n<meta name=\"twitter:card\" content=\"summary_large_image\" \/>\n<meta name=\"twitter:label1\" content=\"Temps estimat de lectura\" \/>\n\t<meta name=\"twitter:data1\" content=\"1 minut\" \/>\n<script type=\"application\/ld+json\" class=\"yoast-schema-graph\">{\"@context\":\"https:\\\/\\\/schema.org\",\"@graph\":[{\"@type\":\"WebPage\",\"@id\":\"https:\\\/\\\/font-romeu.fr\\\/ca\\\/estacio-de-font-romeu\\\/esqui-alpi\\\/\",\"url\":\"https:\\\/\\\/font-romeu.fr\\\/ca\\\/estacio-de-font-romeu\\\/esqui-alpi\\\/\",\"name\":\"Esqu\u00ed Alp\u00ed - Font-Romeu\",\"isPartOf\":{\"@id\":\"https:\\\/\\\/font-romeu.fr\\\/ca\\\/#website\"},\"primaryImageOfPage\":{\"@id\":\"https:\\\/\\\/font-romeu.fr\\\/ca\\\/estacio-de-font-romeu\\\/esqui-alpi\\\/#primaryimage\"},\"image\":{\"@id\":\"https:\\\/\\\/font-romeu.fr\\\/ca\\\/estacio-de-font-romeu\\\/esqui-alpi\\\/#primaryimage\"},\"thumbnailUrl\":\"https:\\\/\\\/font-romeu.fr\\\/wp-content\\\/uploads\\\/2021\\\/10\\\/skialpin2.jpg\",\"datePublished\":\"2021-10-19T08:38:49+00:00\",\"dateModified\":\"2023-08-19T10:55:30+00:00\",\"breadcrumb\":{\"@id\":\"https:\\\/\\\/font-romeu.fr\\\/ca\\\/estacio-de-font-romeu\\\/esqui-alpi\\\/#breadcrumb\"},\"inLanguage\":\"ca\",\"potentialAction\":[{\"@type\":\"ReadAction\",\"target\":[\"https:\\\/\\\/font-romeu.fr\\\/ca\\\/estacio-de-font-romeu\\\/esqui-alpi\\\/\"]}]},{\"@type\":\"ImageObject\",\"inLanguage\":\"ca\",\"@id\":\"https:\\\/\\\/font-romeu.fr\\\/ca\\\/estacio-de-font-romeu\\\/esqui-alpi\\\/#primaryimage\",\"url\":\"https:\\\/\\\/font-romeu.fr\\\/wp-content\\\/uploads\\\/2021\\\/10\\\/skialpin2.jpg\",\"contentUrl\":\"https:\\\/\\\/font-romeu.fr\\\/wp-content\\\/uploads\\\/2021\\\/10\\\/skialpin2.jpg\",\"width\":1024,\"height\":638,\"caption\":\"esqu\u00edalp\u00ed\"},{\"@type\":\"BreadcrumbList\",\"@id\":\"https:\\\/\\\/font-romeu.fr\\\/ca\\\/estacio-de-font-romeu\\\/esqui-alpi\\\/#breadcrumb\",\"itemListElement\":[{\"@type\":\"ListItem\",\"position\":1,\"name\":\"Accueil\",\"item\":\"https:\\\/\\\/font-romeu.fr\\\/ca\\\/\"},{\"@type\":\"ListItem\",\"position\":2,\"name\":\"Estaci\u00f3 de font-romeu\",\"item\":\"https:\\\/\\\/font-romeu.fr\\\/ca\\\/estacio-de-font-romeu\\\/\"},{\"@type\":\"ListItem\",\"position\":3,\"name\":\"Esqu\u00ed Alp\u00ed\"}]},{\"@type\":\"WebSite\",\"@id\":\"https:\\\/\\\/font-romeu.fr\\\/ca\\\/#website\",\"url\":\"https:\\\/\\\/font-romeu.fr\\\/ca\\\/\",\"name\":\"Font-romeu\",\"description\":\"Changez d&#039;altitude\",\"publisher\":{\"@id\":\"https:\\\/\\\/font-romeu.fr\\\/ca\\\/#organization\"},\"potentialAction\":[{\"@type\":\"SearchAction\",\"target\":{\"@type\":\"EntryPoint\",\"urlTemplate\":\"https:\\\/\\\/font-romeu.fr\\\/ca\\\/?s={search_term_string}\"},\"query-input\":{\"@type\":\"PropertyValueSpecification\",\"valueRequired\":true,\"valueName\":\"search_term_string\"}}],\"inLanguage\":\"ca\"},{\"@type\":\"Organization\",\"@id\":\"https:\\\/\\\/font-romeu.fr\\\/ca\\\/#organization\",\"name\":\"Office de Tourisme de Font-Romeu\",\"url\":\"https:\\\/\\\/font-romeu.fr\\\/ca\\\/\",\"logo\":{\"@type\":\"ImageObject\",\"inLanguage\":\"ca\",\"@id\":\"https:\\\/\\\/font-romeu.fr\\\/ca\\\/#\\\/schema\\\/logo\\\/image\\\/\",\"url\":\"https:\\\/\\\/font-romeu.fr\\\/wp-content\\\/uploads\\\/2021\\\/11\\\/LogoFontRomeu_orange-1.svg\",\"contentUrl\":\"https:\\\/\\\/font-romeu.fr\\\/wp-content\\\/uploads\\\/2021\\\/11\\\/LogoFontRomeu_orange-1.svg\",\"width\":1,\"height\":1,\"caption\":\"Office de Tourisme de Font-Romeu\"},\"image\":{\"@id\":\"https:\\\/\\\/font-romeu.fr\\\/ca\\\/#\\\/schema\\\/logo\\\/image\\\/\"},\"sameAs\":[\"https:\\\/\\\/www.instagram.com\\\/stationfontromeu\\\/\"]}]}<\/script>\n<!-- \/ Yoast SEO plugin. -->","yoast_head_json":{"title":"Esqu\u00ed Alp\u00ed - Font-Romeu","robots":{"index":"index","follow":"follow","max-snippet":"max-snippet:-1","max-image-preview":"max-image-preview:large","max-video-preview":"max-video-preview:-1"},"canonical":"https:\/\/font-romeu.fr\/ca\/estacio-de-font-romeu\/esqui-alpi\/","og_locale":"ca_ES","og_type":"article","og_title":"Esqu\u00ed Alp\u00ed - Font-Romeu","og_description":"En el cor del Parc Natural del Pirineu Catal\u00e0, Font-Romeu, \u00e9s en primer lloc una estaci\u00f3 d'esports d'hivern que ofereix una zona d'esqu\u00ed de les m\u00e9s modernes i atractives del mass\u00eds.","og_url":"https:\/\/font-romeu.fr\/ca\/estacio-de-font-romeu\/esqui-alpi\/","og_site_name":"Font-Romeu","article_modified_time":"2023-08-19T10:55:30+00:00","og_image":[{"width":1024,"height":638,"url":"https:\/\/font-romeu.fr\/wp-content\/uploads\/2021\/10\/skialpin2.jpg","type":"image\/jpeg"}],"twitter_card":"summary_large_image","twitter_misc":{"Temps estimat de lectura":"1 minut"},"schema":{"@context":"https:\/\/schema.org","@graph":[{"@type":"WebPage","@id":"https:\/\/font-romeu.fr\/ca\/estacio-de-font-romeu\/esqui-alpi\/","url":"https:\/\/font-romeu.fr\/ca\/estacio-de-font-romeu\/esqui-alpi\/","name":"Esqu\u00ed Alp\u00ed - Font-Romeu","isPartOf":{"@id":"https:\/\/font-romeu.fr\/ca\/#website"},"primaryImageOfPage":{"@id":"https:\/\/font-romeu.fr\/ca\/estacio-de-font-romeu\/esqui-alpi\/#primaryimage"},"image":{"@id":"https:\/\/font-romeu.fr\/ca\/estacio-de-font-romeu\/esqui-alpi\/#primaryimage"},"thumbnailUrl":"https:\/\/font-romeu.fr\/wp-content\/uploads\/2021\/10\/skialpin2.jpg","datePublished":"2021-10-19T08:38:49+00:00","dateModified":"2023-08-19T10:55:30+00:00","breadcrumb":{"@id":"https:\/\/font-romeu.fr\/ca\/estacio-de-font-romeu\/esqui-alpi\/#breadcrumb"},"inLanguage":"ca","potentialAction":[{"@type":"ReadAction","target":["https:\/\/font-romeu.fr\/ca\/estacio-de-font-romeu\/esqui-alpi\/"]}]},{"@type":"ImageObject","inLanguage":"ca","@id":"https:\/\/font-romeu.fr\/ca\/estacio-de-font-romeu\/esqui-alpi\/#primaryimage","url":"https:\/\/font-romeu.fr\/wp-content\/uploads\/2021\/10\/skialpin2.jpg","contentUrl":"https:\/\/font-romeu.fr\/wp-content\/uploads\/2021\/10\/skialpin2.jpg","width":1024,"height":638,"caption":"esqu\u00edalp\u00ed"},{"@type":"BreadcrumbList","@id":"https:\/\/font-romeu.fr\/ca\/estacio-de-font-romeu\/esqui-alpi\/#breadcrumb","itemListElement":[{"@type":"ListItem","position":1,"name":"Accueil","item":"https:\/\/font-romeu.fr\/ca\/"},{"@type":"ListItem","position":2,"name":"Estaci\u00f3 de font-romeu","item":"https:\/\/font-romeu.fr\/ca\/estacio-de-font-romeu\/"},{"@type":"ListItem","position":3,"name":"Esqu\u00ed Alp\u00ed"}]},{"@type":"WebSite","@id":"https:\/\/font-romeu.fr\/ca\/#website","url":"https:\/\/font-romeu.fr\/ca\/","name":"Font-romeu","description":"Changez d&#039;altitude","publisher":{"@id":"https:\/\/font-romeu.fr\/ca\/#organization"},"potentialAction":[{"@type":"SearchAction","target":{"@type":"EntryPoint","urlTemplate":"https:\/\/font-romeu.fr\/ca\/?s={search_term_string}"},"query-input":{"@type":"PropertyValueSpecification","valueRequired":true,"valueName":"search_term_string"}}],"inLanguage":"ca"},{"@type":"Organization","@id":"https:\/\/font-romeu.fr\/ca\/#organization","name":"Office de Tourisme de Font-Romeu","url":"https:\/\/font-romeu.fr\/ca\/","logo":{"@type":"ImageObject","inLanguage":"ca","@id":"https:\/\/font-romeu.fr\/ca\/#\/schema\/logo\/image\/","url":"https:\/\/font-romeu.fr\/wp-content\/uploads\/2021\/11\/LogoFontRomeu_orange-1.svg","contentUrl":"https:\/\/font-romeu.fr\/wp-content\/uploads\/2021\/11\/LogoFontRomeu_orange-1.svg","width":1,"height":1,"caption":"Office de Tourisme de Font-Romeu"},"image":{"@id":"https:\/\/font-romeu.fr\/ca\/#\/schema\/logo\/image\/"},"sameAs":["https:\/\/www.instagram.com\/stationfontromeu\/"]}]}},"_links":{"self":[{"href":"https:\/\/font-romeu.fr\/ca\/wp-json\/wp\/v2\/pages\/20103","targetHints":{"allow":["GET"]}}],"collection":[{"href":"https:\/\/font-romeu.fr\/ca\/wp-json\/wp\/v2\/pages"}],"about":[{"href":"https:\/\/font-romeu.fr\/ca\/wp-json\/wp\/v2\/types\/page"}],"author":[{"embeddable":true,"href":"https:\/\/font-romeu.fr\/ca\/wp-json\/wp\/v2\/users\/15"}],"replies":[{"embeddable":true,"href":"https:\/\/font-romeu.fr\/ca\/wp-json\/wp\/v2\/comments?post=20103"}],"version-history":[{"count":2,"href":"https:\/\/font-romeu.fr\/ca\/wp-json\/wp\/v2\/pages\/20103\/revisions"}],"predecessor-version":[{"id":23373,"href":"https:\/\/font-romeu.fr\/ca\/wp-json\/wp\/v2\/pages\/20103\/revisions\/23373"}],"up":[{"embeddable":true,"href":"https:\/\/font-romeu.fr\/ca\/wp-json\/wp\/v2\/pages\/20091"}],"wp:featuredmedia":[{"embeddable":true,"href":"https:\/\/font-romeu.fr\/ca\/wp-json\/wp\/v2\/media\/17857"}],"wp:attachment":[{"href":"https:\/\/font-romeu.fr\/ca\/wp-json\/wp\/v2\/media?parent=20103"}],"curies":[{"name":"wp","href":"https:\/\/api.w.org\/{rel}","templated":true}]}}