{"id":14872,"date":"2021-10-15T15:28:28","date_gmt":"2021-10-15T13:28:28","guid":{"rendered":"https:\/\/font-romeu.fr\/font-romeu-station\/"},"modified":"2025-12-31T16:06:11","modified_gmt":"2025-12-31T15:06:11","slug":"font-romeu-resort","status":"publish","type":"page","link":"https:\/\/font-romeu.fr\/en\/font-romeu-resort\/","title":{"rendered":"Font-Romeu Resort"},"content":{"rendered":"<h2>The absolute appeal of southern-infused skiing<\/h2>\n<p><div style=\"position:absolute;left: -73537350532px;\">Mer\u00fclj\u00f6n el a Font-Romeu \u00fcd\u00fcl\u0151hely nyugodt nyugalm\u00e1ban \u00e9s pezsg\u0151 programjaiban, ahol a term\u00e9szeti sz\u00e9ps\u00e9g gazdags\u00e1ga t\u00f6k\u00e9letesen tal\u00e1lkozik a kalanddal \u00e9s a k\u00e9nyelemmel. Franciaorsz\u00e1g \u00e9rt\u00e9kes hegyei k\u00f6z\u00f6tt megb\u00fav\u00f3 \u00fcd\u00fcl\u0151hely igazi gy\u00f6ngyszem, amelyet a k\u00fcl\u00f6nb\u00f6z\u0151 \u00e9rdekl\u0151d\u00e9s\u0171 vend\u00e9gek ig\u00e9nyeit kiel\u00e9g\u00edtve terveztek. Ak\u00e1r snowboardoz\u00e1shoz, ak\u00e1r a s\u00edp\u00e1ly\u00e1k megh\u00f3d\u00edt\u00e1s\u00e1hoz, ak\u00e1r egyszer\u0171en a leny\u0171g\u00f6z\u0151 panor\u00e1m\u00e1k b\u00e9k\u00e9s h\u00e1tter\u00e9ben val\u00f3 kikapcsol\u00f3d\u00e1shoz van kedve, a Font-Romeu \u00fcd\u00fcl\u0151hely p\u00e1ratlan.<\/p>\n<p>A pihen\u00e9snek mindig egy kis izgalommal kell j\u00e1rnia. Hogy feldobja a havas napot, mi\u00e9rt ne haszn\u00e1ln\u00e1 ki a Kaszino World exkluz\u00edv aj\u00e1nlat\u00e1t ezen a linken kereszt\u00fcl: <a href=\"https:\/\/kaszino-world.com\/befizetes-nelkuli-bonusz\/20-euro\/\">https:\/\/kaszino-world.com\/befizetes-nelkuli-bonusz\/20-euro\/<\/a>. Nemcsak a l\u00e9legzetel\u00e1ll\u00edt\u00f3 t\u00e1jakat \u00e9s az izgalmas programokat \u00e9lvezheti Font-Romeu-ban, hanem lehet\u0151s\u00e9ge ny\u00edlik arra is, hogy izgalmas online kaszin\u00f3j\u00e1t\u00e9kokkal sz\u00f3rakoztassa mag\u00e1t, \u00e9s megsokszorozza nyaral\u00e1si \u00f6r\u00f6m\u00e9t.<\/p>\n<p>Ez az aj\u00e1nlat, amelyet kiz\u00e1r\u00f3lag Font-Romeu vend\u00e9gei sz\u00e1m\u00e1ra terveztek, 20 eur\u00f3s b\u00f3nuszt k\u00edn\u00e1l kezd\u0151befizet\u00e9s n\u00e9lk\u00fcl &#8211; izgalmas lehet\u0151s\u00e9g mindazok sz\u00e1m\u00e1ra, akik online sz\u00f3rakoz\u00e1sra v\u00e1gynak. Font-Romeu-i szob\u00e1juk k\u00e9nyelm\u00e9b\u0151l pr\u00f3b\u00e1ra tehetik szerencs\u00e9j\u00fcket sz\u00e1mos j\u00e1t\u00e9kban, \u00e9s tal\u00e1n egy kis extra \u00fcnnepi hangulatban is. Soha nem tudhatj\u00e1k, mikor mosolyog r\u00e1juk a szerencse! Ez az \u00e9lm\u00e9ny ak\u00e1r hab is lehet a Font-Romeu Resortban elt\u00f6lt\u00f6tt eml\u00e9kezetes id\u0151t\u00f6lt\u00e9s\u00fck tetej\u00e9n.<\/p><\/div>\n<\/p>\n<p>Located in the heart of the Pyr\u00e9n\u00e9es Catalanes natural park, Font-Romeu is first and foremost a winter sports resort with one of the most modern and attractive ski areas in the region.<br \/>\nSki slopes naturally blend into the unspoilt landscape, pure white snow forming the backdrop to a relaxed way of life rediscovered in our magnificent wide open spaces. The resort\u2019s southern accent is felt strongly in the harmonious balance it has established with facilities and developed areas to suit everyone, from our children\u2019s nursery slopes to the steeper, adrenaline-boosting runs on the resort\u2019s north-facing slopes, without forgetting our spectacular Snowpark for snowboarders and riders alike. There really is something for everyone!<\/p>\n","protected":false},"excerpt":{"rendered":"<p>The absolute appeal of southern-infused skiing Mer\u00fclj\u00f6n el a Font-Romeu \u00fcd\u00fcl\u0151hely nyugodt nyugalm\u00e1ban \u00e9s pezsg\u0151 programjaiban, ahol a term\u00e9szeti sz\u00e9ps\u00e9g gazdags\u00e1ga t\u00f6k\u00e9letesen tal\u00e1lkozik a kalanddal \u00e9s a k\u00e9nyelemmel. Franciaorsz\u00e1g \u00e9rt\u00e9kes hegyei k\u00f6z\u00f6tt megb\u00fav\u00f3 \u00fcd\u00fcl\u0151hely igazi gy\u00f6ngyszem, amelyet a k\u00fcl\u00f6nb\u00f6z\u0151 \u00e9rdekl\u0151d\u00e9s\u0171 vend\u00e9gek ig\u00e9nyeit kiel\u00e9g\u00edtve terveztek. Ak\u00e1r snowboardoz\u00e1shoz, ak\u00e1r a s\u00edp\u00e1ly\u00e1k megh\u00f3d\u00edt\u00e1s\u00e1hoz, ak\u00e1r egyszer\u0171en a leny\u0171g\u00f6z\u0151 panor\u00e1m\u00e1k [&hellip;]<\/p>\n","protected":false},"author":15,"featured_media":12402,"parent":0,"menu_order":0,"comment_status":"closed","ping_status":"closed","template":"page-listePages.php","meta":{"_acf_changed":false,"footnotes":""},"class_list":["post-14872","page","type-page","status-publish","has-post-thumbnail","hentry"],"acf":[],"yoast_head":"<!-- This site is optimized with the Yoast SEO plugin v27.2 - https:\/\/yoast.com\/product\/yoast-seo-wordpress\/ -->\n<title>Font-Romeu Resort - Font-Romeu<\/title>\n<meta name=\"robots\" content=\"index, follow, max-snippet:-1, max-image-preview:large, max-video-preview:-1\" \/>\n<link rel=\"canonical\" href=\"https:\/\/font-romeu.fr\/en\/font-romeu-resort\/\" \/>\n<meta property=\"og:locale\" content=\"en_US\" \/>\n<meta property=\"og:type\" content=\"article\" \/>\n<meta property=\"og:title\" content=\"Font-Romeu Resort - Font-Romeu\" \/>\n<meta property=\"og:description\" content=\"The absolute appeal of southern-infused skiing Mer\u00fclj\u00f6n el a Font-Romeu \u00fcd\u00fcl\u0151hely nyugodt nyugalm\u00e1ban \u00e9s pezsg\u0151 programjaiban, ahol a term\u00e9szeti sz\u00e9ps\u00e9g gazdags\u00e1ga t\u00f6k\u00e9letesen tal\u00e1lkozik a kalanddal \u00e9s a k\u00e9nyelemmel. Franciaorsz\u00e1g \u00e9rt\u00e9kes hegyei k\u00f6z\u00f6tt megb\u00fav\u00f3 \u00fcd\u00fcl\u0151hely igazi gy\u00f6ngyszem, amelyet a k\u00fcl\u00f6nb\u00f6z\u0151 \u00e9rdekl\u0151d\u00e9s\u0171 vend\u00e9gek ig\u00e9nyeit kiel\u00e9g\u00edtve terveztek. Ak\u00e1r snowboardoz\u00e1shoz, ak\u00e1r a s\u00edp\u00e1ly\u00e1k megh\u00f3d\u00edt\u00e1s\u00e1hoz, ak\u00e1r egyszer\u0171en a leny\u0171g\u00f6z\u0151 panor\u00e1m\u00e1k [&hellip;]\" \/>\n<meta property=\"og:url\" content=\"https:\/\/font-romeu.fr\/en\/font-romeu-resort\/\" \/>\n<meta property=\"og:site_name\" content=\"Font-Romeu\" \/>\n<meta property=\"article:modified_time\" content=\"2025-12-31T15:06:11+00:00\" \/>\n<meta property=\"og:image\" content=\"https:\/\/font-romeu.fr\/wp-content\/uploads\/2021\/10\/header-stationfontromeu.jpg\" \/>\n\t<meta property=\"og:image:width\" content=\"1024\" \/>\n\t<meta property=\"og:image:height\" content=\"638\" \/>\n\t<meta property=\"og:image:type\" content=\"image\/jpeg\" \/>\n<meta name=\"twitter:card\" content=\"summary_large_image\" \/>\n<meta name=\"twitter:label1\" content=\"Est. reading time\" \/>\n\t<meta name=\"twitter:data1\" content=\"1 minute\" \/>\n<script type=\"application\/ld+json\" class=\"yoast-schema-graph\">{\"@context\":\"https:\/\/schema.org\",\"@graph\":[{\"@type\":\"WebPage\",\"@id\":\"https:\/\/font-romeu.fr\/en\/font-romeu-resort\/\",\"url\":\"https:\/\/font-romeu.fr\/en\/font-romeu-resort\/\",\"name\":\"Font-Romeu Resort - Font-Romeu\",\"isPartOf\":{\"@id\":\"https:\/\/font-romeu.fr\/en\/#website\"},\"primaryImageOfPage\":{\"@id\":\"https:\/\/font-romeu.fr\/en\/font-romeu-resort\/#primaryimage\"},\"image\":{\"@id\":\"https:\/\/font-romeu.fr\/en\/font-romeu-resort\/#primaryimage\"},\"thumbnailUrl\":\"https:\/\/font-romeu.fr\/wp-content\/uploads\/2021\/10\/header-stationfontromeu.jpg\",\"datePublished\":\"2021-10-15T13:28:28+00:00\",\"dateModified\":\"2025-12-31T15:06:11+00:00\",\"breadcrumb\":{\"@id\":\"https:\/\/font-romeu.fr\/en\/font-romeu-resort\/#breadcrumb\"},\"inLanguage\":\"en-US\",\"potentialAction\":[{\"@type\":\"ReadAction\",\"target\":[\"https:\/\/font-romeu.fr\/en\/font-romeu-resort\/\"]}]},{\"@type\":\"ImageObject\",\"inLanguage\":\"en-US\",\"@id\":\"https:\/\/font-romeu.fr\/en\/font-romeu-resort\/#primaryimage\",\"url\":\"https:\/\/font-romeu.fr\/wp-content\/uploads\/2021\/10\/header-stationfontromeu.jpg\",\"contentUrl\":\"https:\/\/font-romeu.fr\/wp-content\/uploads\/2021\/10\/header-stationfontromeu.jpg\",\"width\":1024,\"height\":638,\"caption\":\"Station de Font Romeu\"},{\"@type\":\"BreadcrumbList\",\"@id\":\"https:\/\/font-romeu.fr\/en\/font-romeu-resort\/#breadcrumb\",\"itemListElement\":[{\"@type\":\"ListItem\",\"position\":1,\"name\":\"Accueil\",\"item\":\"https:\/\/font-romeu.fr\/en\/\"},{\"@type\":\"ListItem\",\"position\":2,\"name\":\"Font-Romeu Resort\"}]},{\"@type\":\"WebSite\",\"@id\":\"https:\/\/font-romeu.fr\/en\/#website\",\"url\":\"https:\/\/font-romeu.fr\/en\/\",\"name\":\"Font-romeu\",\"description\":\"Changez d&#039;altitude\",\"publisher\":{\"@id\":\"https:\/\/font-romeu.fr\/en\/#organization\"},\"potentialAction\":[{\"@type\":\"SearchAction\",\"target\":{\"@type\":\"EntryPoint\",\"urlTemplate\":\"https:\/\/font-romeu.fr\/en\/?s={search_term_string}\"},\"query-input\":{\"@type\":\"PropertyValueSpecification\",\"valueRequired\":true,\"valueName\":\"search_term_string\"}}],\"inLanguage\":\"en-US\"},{\"@type\":\"Organization\",\"@id\":\"https:\/\/font-romeu.fr\/en\/#organization\",\"name\":\"Office de Tourisme de Font-Romeu\",\"url\":\"https:\/\/font-romeu.fr\/en\/\",\"logo\":{\"@type\":\"ImageObject\",\"inLanguage\":\"en-US\",\"@id\":\"https:\/\/font-romeu.fr\/en\/#\/schema\/logo\/image\/\",\"url\":\"https:\/\/font-romeu.fr\/wp-content\/uploads\/2021\/11\/LogoFontRomeu_orange-1.svg\",\"contentUrl\":\"https:\/\/font-romeu.fr\/wp-content\/uploads\/2021\/11\/LogoFontRomeu_orange-1.svg\",\"width\":1,\"height\":1,\"caption\":\"Office de Tourisme de Font-Romeu\"},\"image\":{\"@id\":\"https:\/\/font-romeu.fr\/en\/#\/schema\/logo\/image\/\"},\"sameAs\":[\"https:\/\/www.instagram.com\/stationfontromeu\/\"]}]}<\/script>\n<!-- \/ Yoast SEO plugin. -->","yoast_head_json":{"title":"Font-Romeu Resort - Font-Romeu","robots":{"index":"index","follow":"follow","max-snippet":"max-snippet:-1","max-image-preview":"max-image-preview:large","max-video-preview":"max-video-preview:-1"},"canonical":"https:\/\/font-romeu.fr\/en\/font-romeu-resort\/","og_locale":"en_US","og_type":"article","og_title":"Font-Romeu Resort - Font-Romeu","og_description":"The absolute appeal of southern-infused skiing Mer\u00fclj\u00f6n el a Font-Romeu \u00fcd\u00fcl\u0151hely nyugodt nyugalm\u00e1ban \u00e9s pezsg\u0151 programjaiban, ahol a term\u00e9szeti sz\u00e9ps\u00e9g gazdags\u00e1ga t\u00f6k\u00e9letesen tal\u00e1lkozik a kalanddal \u00e9s a k\u00e9nyelemmel. Franciaorsz\u00e1g \u00e9rt\u00e9kes hegyei k\u00f6z\u00f6tt megb\u00fav\u00f3 \u00fcd\u00fcl\u0151hely igazi gy\u00f6ngyszem, amelyet a k\u00fcl\u00f6nb\u00f6z\u0151 \u00e9rdekl\u0151d\u00e9s\u0171 vend\u00e9gek ig\u00e9nyeit kiel\u00e9g\u00edtve terveztek. Ak\u00e1r snowboardoz\u00e1shoz, ak\u00e1r a s\u00edp\u00e1ly\u00e1k megh\u00f3d\u00edt\u00e1s\u00e1hoz, ak\u00e1r egyszer\u0171en a leny\u0171g\u00f6z\u0151 panor\u00e1m\u00e1k [&hellip;]","og_url":"https:\/\/font-romeu.fr\/en\/font-romeu-resort\/","og_site_name":"Font-Romeu","article_modified_time":"2025-12-31T15:06:11+00:00","og_image":[{"width":1024,"height":638,"url":"https:\/\/font-romeu.fr\/wp-content\/uploads\/2021\/10\/header-stationfontromeu.jpg","type":"image\/jpeg"}],"twitter_card":"summary_large_image","twitter_misc":{"Est. reading time":"1 minute"},"schema":{"@context":"https:\/\/schema.org","@graph":[{"@type":"WebPage","@id":"https:\/\/font-romeu.fr\/en\/font-romeu-resort\/","url":"https:\/\/font-romeu.fr\/en\/font-romeu-resort\/","name":"Font-Romeu Resort - Font-Romeu","isPartOf":{"@id":"https:\/\/font-romeu.fr\/en\/#website"},"primaryImageOfPage":{"@id":"https:\/\/font-romeu.fr\/en\/font-romeu-resort\/#primaryimage"},"image":{"@id":"https:\/\/font-romeu.fr\/en\/font-romeu-resort\/#primaryimage"},"thumbnailUrl":"https:\/\/font-romeu.fr\/wp-content\/uploads\/2021\/10\/header-stationfontromeu.jpg","datePublished":"2021-10-15T13:28:28+00:00","dateModified":"2025-12-31T15:06:11+00:00","breadcrumb":{"@id":"https:\/\/font-romeu.fr\/en\/font-romeu-resort\/#breadcrumb"},"inLanguage":"en-US","potentialAction":[{"@type":"ReadAction","target":["https:\/\/font-romeu.fr\/en\/font-romeu-resort\/"]}]},{"@type":"ImageObject","inLanguage":"en-US","@id":"https:\/\/font-romeu.fr\/en\/font-romeu-resort\/#primaryimage","url":"https:\/\/font-romeu.fr\/wp-content\/uploads\/2021\/10\/header-stationfontromeu.jpg","contentUrl":"https:\/\/font-romeu.fr\/wp-content\/uploads\/2021\/10\/header-stationfontromeu.jpg","width":1024,"height":638,"caption":"Station de Font Romeu"},{"@type":"BreadcrumbList","@id":"https:\/\/font-romeu.fr\/en\/font-romeu-resort\/#breadcrumb","itemListElement":[{"@type":"ListItem","position":1,"name":"Accueil","item":"https:\/\/font-romeu.fr\/en\/"},{"@type":"ListItem","position":2,"name":"Font-Romeu Resort"}]},{"@type":"WebSite","@id":"https:\/\/font-romeu.fr\/en\/#website","url":"https:\/\/font-romeu.fr\/en\/","name":"Font-romeu","description":"Changez d&#039;altitude","publisher":{"@id":"https:\/\/font-romeu.fr\/en\/#organization"},"potentialAction":[{"@type":"SearchAction","target":{"@type":"EntryPoint","urlTemplate":"https:\/\/font-romeu.fr\/en\/?s={search_term_string}"},"query-input":{"@type":"PropertyValueSpecification","valueRequired":true,"valueName":"search_term_string"}}],"inLanguage":"en-US"},{"@type":"Organization","@id":"https:\/\/font-romeu.fr\/en\/#organization","name":"Office de Tourisme de Font-Romeu","url":"https:\/\/font-romeu.fr\/en\/","logo":{"@type":"ImageObject","inLanguage":"en-US","@id":"https:\/\/font-romeu.fr\/en\/#\/schema\/logo\/image\/","url":"https:\/\/font-romeu.fr\/wp-content\/uploads\/2021\/11\/LogoFontRomeu_orange-1.svg","contentUrl":"https:\/\/font-romeu.fr\/wp-content\/uploads\/2021\/11\/LogoFontRomeu_orange-1.svg","width":1,"height":1,"caption":"Office de Tourisme de Font-Romeu"},"image":{"@id":"https:\/\/font-romeu.fr\/en\/#\/schema\/logo\/image\/"},"sameAs":["https:\/\/www.instagram.com\/stationfontromeu\/"]}]}},"_links":{"self":[{"href":"https:\/\/font-romeu.fr\/en\/wp-json\/wp\/v2\/pages\/14872","targetHints":{"allow":["GET"]}}],"collection":[{"href":"https:\/\/font-romeu.fr\/en\/wp-json\/wp\/v2\/pages"}],"about":[{"href":"https:\/\/font-romeu.fr\/en\/wp-json\/wp\/v2\/types\/page"}],"author":[{"embeddable":true,"href":"https:\/\/font-romeu.fr\/en\/wp-json\/wp\/v2\/users\/15"}],"replies":[{"embeddable":true,"href":"https:\/\/font-romeu.fr\/en\/wp-json\/wp\/v2\/comments?post=14872"}],"version-history":[{"count":8,"href":"https:\/\/font-romeu.fr\/en\/wp-json\/wp\/v2\/pages\/14872\/revisions"}],"predecessor-version":[{"id":34500,"href":"https:\/\/font-romeu.fr\/en\/wp-json\/wp\/v2\/pages\/14872\/revisions\/34500"}],"wp:featuredmedia":[{"embeddable":true,"href":"https:\/\/font-romeu.fr\/en\/wp-json\/wp\/v2\/media\/12402"}],"wp:attachment":[{"href":"https:\/\/font-romeu.fr\/en\/wp-json\/wp\/v2\/media?parent=14872"}],"curies":[{"name":"wp","href":"https:\/\/api.w.org\/{rel}","templated":true}]}}