{"id":17652,"date":"2021-10-11T11:37:04","date_gmt":"2021-10-11T09:37:04","guid":{"rendered":"https:\/\/font-romeu.fr\/oficina-de-turismo\/"},"modified":"2024-07-13T10:57:00","modified_gmt":"2024-07-13T08:57:00","slug":"oficina-de-turismo","status":"publish","type":"page","link":"https:\/\/font-romeu.fr\/es\/descubrir\/oficina-de-turismo\/","title":{"rendered":"Oficina de turismo"},"content":{"rendered":"<h2>Punto Informaci\u00f3n Turismo<\/h2>\n<p>Organismo de promoci\u00f3n, acogida, animaci\u00f3n y comercializaci\u00f3n de la oferta tur\u00edstica de Font-Romeu.<\/p>\n<p>Acceso WIFI y internet limitado.<\/p>\n<p>OFICINA DE TURISMO de 1era categor\u00eda (<a href=\"https:\/\/font-romeu.fr\/decouvrir\/qualite-tourisme\/\">Calidad tur\u00edstica<\/a>).<\/p>\n<p><img decoding=\"async\" class=\"alignnone size-full wp-image-14357\" src=\"https:\/\/font-romeu.fr\/wp-content\/uploads\/2021\/11\/logo-Offices-de-Tourisme-de-France-2.jpg\" alt=\"\" width=\"60\" height=\"96\" \/><\/p>\n<p><strong>Direcci\u00f3n :<\/strong><br \/>\n43 avenue Emmanuel Brousse<br \/>\n66120 FONT-ROMEU-ODEILLO-VIA<\/p>\n<p><strong>Tel. : <\/strong>+33 4 68 30 68 30<\/p>\n<p><a class=\"btn\" href=\"https:\/\/www.google.fr\/maps\/place\/Office+de+Tourisme+de+Font-Romeu+***\/@42.505272,2.041872,3a,75y,353.84h,90t\/data=!3m5!1e1!3m3!1stMDa_5hQkMoAAAAGOpHouA!2e0!3e2!4m2!3m1!1s0x0:0x4e1f38b9c00b697e!6m1!1e1\" target=\"_blank\" rel=\"noopener\">Visita la oficina de turismo<\/a><\/p>\n","protected":false},"excerpt":{"rendered":"<p>Punto Informaci\u00f3n Turismo Organismo de promoci\u00f3n, acogida, animaci\u00f3n y comercializaci\u00f3n de la oferta tur\u00edstica de Font-Romeu. Acceso WIFI y internet limitado. OFICINA DE TURISMO de 1era categor\u00eda (Calidad tur\u00edstica). Direcci\u00f3n : 43 avenue Emmanuel Brousse 66120 FONT-ROMEU-ODEILLO-VIA Tel. : +33 4 68 30 68 30 Visita la oficina de turismo<\/p>\n","protected":false},"author":15,"featured_media":27658,"parent":19590,"menu_order":0,"comment_status":"closed","ping_status":"closed","template":"page-article.php","meta":{"_acf_changed":false,"footnotes":""},"class_list":["post-17652","page","type-page","status-publish","has-post-thumbnail","hentry"],"acf":[],"yoast_head":"<!-- This site is optimized with the Yoast SEO plugin v27.3 - https:\/\/yoast.com\/product\/yoast-seo-wordpress\/ -->\n<title>Oficina de turismo - Font-Romeu<\/title>\n<meta name=\"robots\" content=\"index, follow, max-snippet:-1, max-image-preview:large, max-video-preview:-1\" \/>\n<link rel=\"canonical\" href=\"https:\/\/font-romeu.fr\/es\/descubrir\/oficina-de-turismo\/\" \/>\n<meta property=\"og:locale\" content=\"es_ES\" \/>\n<meta property=\"og:type\" content=\"article\" \/>\n<meta property=\"og:title\" content=\"Oficina de turismo - Font-Romeu\" \/>\n<meta property=\"og:description\" content=\"Punto Informaci\u00f3n Turismo Organismo de promoci\u00f3n, acogida, animaci\u00f3n y comercializaci\u00f3n de la oferta tur\u00edstica de Font-Romeu. Acceso WIFI y internet limitado. OFICINA DE TURISMO de 1era categor\u00eda (Calidad tur\u00edstica). Direcci\u00f3n : 43 avenue Emmanuel Brousse 66120 FONT-ROMEU-ODEILLO-VIA Tel. : +33 4 68 30 68 30 Visita la oficina de turismo\" \/>\n<meta property=\"og:url\" content=\"https:\/\/font-romeu.fr\/es\/descubrir\/oficina-de-turismo\/\" \/>\n<meta property=\"og:site_name\" content=\"Font-Romeu\" \/>\n<meta property=\"article:modified_time\" content=\"2024-07-13T08:57:00+00:00\" \/>\n<meta property=\"og:image\" content=\"https:\/\/font-romeu.fr\/wp-content\/uploads\/2021\/10\/office.jpg\" \/>\n\t<meta property=\"og:image:width\" content=\"1024\" \/>\n\t<meta property=\"og:image:height\" content=\"638\" \/>\n\t<meta property=\"og:image:type\" content=\"image\/jpeg\" \/>\n<meta name=\"twitter:card\" content=\"summary_large_image\" \/>\n<script type=\"application\/ld+json\" class=\"yoast-schema-graph\">{\"@context\":\"https:\\\/\\\/schema.org\",\"@graph\":[{\"@type\":\"WebPage\",\"@id\":\"https:\\\/\\\/font-romeu.fr\\\/es\\\/descubrir\\\/oficina-de-turismo\\\/\",\"url\":\"https:\\\/\\\/font-romeu.fr\\\/es\\\/descubrir\\\/oficina-de-turismo\\\/\",\"name\":\"Oficina de turismo - Font-Romeu\",\"isPartOf\":{\"@id\":\"https:\\\/\\\/font-romeu.fr\\\/es\\\/#website\"},\"primaryImageOfPage\":{\"@id\":\"https:\\\/\\\/font-romeu.fr\\\/es\\\/descubrir\\\/oficina-de-turismo\\\/#primaryimage\"},\"image\":{\"@id\":\"https:\\\/\\\/font-romeu.fr\\\/es\\\/descubrir\\\/oficina-de-turismo\\\/#primaryimage\"},\"thumbnailUrl\":\"https:\\\/\\\/font-romeu.fr\\\/wp-content\\\/uploads\\\/2024\\\/08\\\/NOUVEL-OT-FACADE-scaled.jpg\",\"datePublished\":\"2021-10-11T09:37:04+00:00\",\"dateModified\":\"2024-07-13T08:57:00+00:00\",\"breadcrumb\":{\"@id\":\"https:\\\/\\\/font-romeu.fr\\\/es\\\/descubrir\\\/oficina-de-turismo\\\/#breadcrumb\"},\"inLanguage\":\"es\",\"potentialAction\":[{\"@type\":\"ReadAction\",\"target\":[\"https:\\\/\\\/font-romeu.fr\\\/es\\\/descubrir\\\/oficina-de-turismo\\\/\"]}]},{\"@type\":\"ImageObject\",\"inLanguage\":\"es\",\"@id\":\"https:\\\/\\\/font-romeu.fr\\\/es\\\/descubrir\\\/oficina-de-turismo\\\/#primaryimage\",\"url\":\"https:\\\/\\\/font-romeu.fr\\\/wp-content\\\/uploads\\\/2024\\\/08\\\/NOUVEL-OT-FACADE-scaled.jpg\",\"contentUrl\":\"https:\\\/\\\/font-romeu.fr\\\/wp-content\\\/uploads\\\/2024\\\/08\\\/NOUVEL-OT-FACADE-scaled.jpg\",\"width\":2560,\"height\":1920},{\"@type\":\"BreadcrumbList\",\"@id\":\"https:\\\/\\\/font-romeu.fr\\\/es\\\/descubrir\\\/oficina-de-turismo\\\/#breadcrumb\",\"itemListElement\":[{\"@type\":\"ListItem\",\"position\":1,\"name\":\"Accueil\",\"item\":\"https:\\\/\\\/font-romeu.fr\\\/es\\\/\"},{\"@type\":\"ListItem\",\"position\":2,\"name\":\"Descubrir\",\"item\":\"https:\\\/\\\/font-romeu.fr\\\/es\\\/decouvrir\\\/\"},{\"@type\":\"ListItem\",\"position\":3,\"name\":\"Oficina de turismo\"}]},{\"@type\":\"WebSite\",\"@id\":\"https:\\\/\\\/font-romeu.fr\\\/es\\\/#website\",\"url\":\"https:\\\/\\\/font-romeu.fr\\\/es\\\/\",\"name\":\"Font-romeu\",\"description\":\"Changez d&#039;altitude\",\"publisher\":{\"@id\":\"https:\\\/\\\/font-romeu.fr\\\/es\\\/#organization\"},\"potentialAction\":[{\"@type\":\"SearchAction\",\"target\":{\"@type\":\"EntryPoint\",\"urlTemplate\":\"https:\\\/\\\/font-romeu.fr\\\/es\\\/?s={search_term_string}\"},\"query-input\":{\"@type\":\"PropertyValueSpecification\",\"valueRequired\":true,\"valueName\":\"search_term_string\"}}],\"inLanguage\":\"es\"},{\"@type\":\"Organization\",\"@id\":\"https:\\\/\\\/font-romeu.fr\\\/es\\\/#organization\",\"name\":\"Office de Tourisme de Font-Romeu\",\"url\":\"https:\\\/\\\/font-romeu.fr\\\/es\\\/\",\"logo\":{\"@type\":\"ImageObject\",\"inLanguage\":\"es\",\"@id\":\"https:\\\/\\\/font-romeu.fr\\\/es\\\/#\\\/schema\\\/logo\\\/image\\\/\",\"url\":\"https:\\\/\\\/font-romeu.fr\\\/wp-content\\\/uploads\\\/2021\\\/11\\\/LogoFontRomeu_orange-1.svg\",\"contentUrl\":\"https:\\\/\\\/font-romeu.fr\\\/wp-content\\\/uploads\\\/2021\\\/11\\\/LogoFontRomeu_orange-1.svg\",\"width\":1,\"height\":1,\"caption\":\"Office de Tourisme de Font-Romeu\"},\"image\":{\"@id\":\"https:\\\/\\\/font-romeu.fr\\\/es\\\/#\\\/schema\\\/logo\\\/image\\\/\"},\"sameAs\":[\"https:\\\/\\\/www.instagram.com\\\/stationfontromeu\\\/\"]}]}<\/script>\n<!-- \/ Yoast SEO plugin. -->","yoast_head_json":{"title":"Oficina de turismo - Font-Romeu","robots":{"index":"index","follow":"follow","max-snippet":"max-snippet:-1","max-image-preview":"max-image-preview:large","max-video-preview":"max-video-preview:-1"},"canonical":"https:\/\/font-romeu.fr\/es\/descubrir\/oficina-de-turismo\/","og_locale":"es_ES","og_type":"article","og_title":"Oficina de turismo - Font-Romeu","og_description":"Punto Informaci\u00f3n Turismo Organismo de promoci\u00f3n, acogida, animaci\u00f3n y comercializaci\u00f3n de la oferta tur\u00edstica de Font-Romeu. Acceso WIFI y internet limitado. OFICINA DE TURISMO de 1era categor\u00eda (Calidad tur\u00edstica). Direcci\u00f3n : 43 avenue Emmanuel Brousse 66120 FONT-ROMEU-ODEILLO-VIA Tel. : +33 4 68 30 68 30 Visita la oficina de turismo","og_url":"https:\/\/font-romeu.fr\/es\/descubrir\/oficina-de-turismo\/","og_site_name":"Font-Romeu","article_modified_time":"2024-07-13T08:57:00+00:00","og_image":[{"width":1024,"height":638,"url":"https:\/\/font-romeu.fr\/wp-content\/uploads\/2021\/10\/office.jpg","type":"image\/jpeg"}],"twitter_card":"summary_large_image","schema":{"@context":"https:\/\/schema.org","@graph":[{"@type":"WebPage","@id":"https:\/\/font-romeu.fr\/es\/descubrir\/oficina-de-turismo\/","url":"https:\/\/font-romeu.fr\/es\/descubrir\/oficina-de-turismo\/","name":"Oficina de turismo - Font-Romeu","isPartOf":{"@id":"https:\/\/font-romeu.fr\/es\/#website"},"primaryImageOfPage":{"@id":"https:\/\/font-romeu.fr\/es\/descubrir\/oficina-de-turismo\/#primaryimage"},"image":{"@id":"https:\/\/font-romeu.fr\/es\/descubrir\/oficina-de-turismo\/#primaryimage"},"thumbnailUrl":"https:\/\/font-romeu.fr\/wp-content\/uploads\/2024\/08\/NOUVEL-OT-FACADE-scaled.jpg","datePublished":"2021-10-11T09:37:04+00:00","dateModified":"2024-07-13T08:57:00+00:00","breadcrumb":{"@id":"https:\/\/font-romeu.fr\/es\/descubrir\/oficina-de-turismo\/#breadcrumb"},"inLanguage":"es","potentialAction":[{"@type":"ReadAction","target":["https:\/\/font-romeu.fr\/es\/descubrir\/oficina-de-turismo\/"]}]},{"@type":"ImageObject","inLanguage":"es","@id":"https:\/\/font-romeu.fr\/es\/descubrir\/oficina-de-turismo\/#primaryimage","url":"https:\/\/font-romeu.fr\/wp-content\/uploads\/2024\/08\/NOUVEL-OT-FACADE-scaled.jpg","contentUrl":"https:\/\/font-romeu.fr\/wp-content\/uploads\/2024\/08\/NOUVEL-OT-FACADE-scaled.jpg","width":2560,"height":1920},{"@type":"BreadcrumbList","@id":"https:\/\/font-romeu.fr\/es\/descubrir\/oficina-de-turismo\/#breadcrumb","itemListElement":[{"@type":"ListItem","position":1,"name":"Accueil","item":"https:\/\/font-romeu.fr\/es\/"},{"@type":"ListItem","position":2,"name":"Descubrir","item":"https:\/\/font-romeu.fr\/es\/decouvrir\/"},{"@type":"ListItem","position":3,"name":"Oficina de turismo"}]},{"@type":"WebSite","@id":"https:\/\/font-romeu.fr\/es\/#website","url":"https:\/\/font-romeu.fr\/es\/","name":"Font-romeu","description":"Changez d&#039;altitude","publisher":{"@id":"https:\/\/font-romeu.fr\/es\/#organization"},"potentialAction":[{"@type":"SearchAction","target":{"@type":"EntryPoint","urlTemplate":"https:\/\/font-romeu.fr\/es\/?s={search_term_string}"},"query-input":{"@type":"PropertyValueSpecification","valueRequired":true,"valueName":"search_term_string"}}],"inLanguage":"es"},{"@type":"Organization","@id":"https:\/\/font-romeu.fr\/es\/#organization","name":"Office de Tourisme de Font-Romeu","url":"https:\/\/font-romeu.fr\/es\/","logo":{"@type":"ImageObject","inLanguage":"es","@id":"https:\/\/font-romeu.fr\/es\/#\/schema\/logo\/image\/","url":"https:\/\/font-romeu.fr\/wp-content\/uploads\/2021\/11\/LogoFontRomeu_orange-1.svg","contentUrl":"https:\/\/font-romeu.fr\/wp-content\/uploads\/2021\/11\/LogoFontRomeu_orange-1.svg","width":1,"height":1,"caption":"Office de Tourisme de Font-Romeu"},"image":{"@id":"https:\/\/font-romeu.fr\/es\/#\/schema\/logo\/image\/"},"sameAs":["https:\/\/www.instagram.com\/stationfontromeu\/"]}]}},"_links":{"self":[{"href":"https:\/\/font-romeu.fr\/es\/wp-json\/wp\/v2\/pages\/17652","targetHints":{"allow":["GET"]}}],"collection":[{"href":"https:\/\/font-romeu.fr\/es\/wp-json\/wp\/v2\/pages"}],"about":[{"href":"https:\/\/font-romeu.fr\/es\/wp-json\/wp\/v2\/types\/page"}],"author":[{"embeddable":true,"href":"https:\/\/font-romeu.fr\/es\/wp-json\/wp\/v2\/users\/15"}],"replies":[{"embeddable":true,"href":"https:\/\/font-romeu.fr\/es\/wp-json\/wp\/v2\/comments?post=17652"}],"version-history":[{"count":2,"href":"https:\/\/font-romeu.fr\/es\/wp-json\/wp\/v2\/pages\/17652\/revisions"}],"predecessor-version":[{"id":27524,"href":"https:\/\/font-romeu.fr\/es\/wp-json\/wp\/v2\/pages\/17652\/revisions\/27524"}],"up":[{"embeddable":true,"href":"https:\/\/font-romeu.fr\/es\/wp-json\/wp\/v2\/pages\/19590"}],"wp:featuredmedia":[{"embeddable":true,"href":"https:\/\/font-romeu.fr\/es\/wp-json\/wp\/v2\/media\/27658"}],"wp:attachment":[{"href":"https:\/\/font-romeu.fr\/es\/wp-json\/wp\/v2\/media?parent=17652"}],"curies":[{"name":"wp","href":"https:\/\/api.w.org\/{rel}","templated":true}]}}