{"id":19578,"date":"2022-04-05T17:17:38","date_gmt":"2022-04-05T15:17:38","guid":{"rendered":"https:\/\/font-romeu.fr\/moverse\/actividades-en-la-naturaleza\/"},"modified":"2023-06-05T08:36:36","modified_gmt":"2023-06-05T06:36:36","slug":"actividades-en-la-naturaleza","status":"publish","type":"page","link":"https:\/\/font-romeu.fr\/es\/actividades-en-la-naturaleza\/","title":{"rendered":"Actividades en la Naturaleza"},"content":{"rendered":"<h2><strong>Territorio de naturaleza, cambio de aires y grandes espacios<\/strong><\/h2>\n<h5>Font-Romeu es un destino de monta\u00f1a al alcance de todos.<\/h5>\n<p>Momentos de placer, para que tu estancia sea tambi\u00e9n un momento de descubrimiento, de relajaci\u00f3n y de experiencias compartidas.<\/p>\n<p>Ya sea en familia, entre amigos deportistas o simplemente en busca de nuevas actividades, la amplia gama de \u00abdeportes en la naturaleza\u00bb y actividades al aire libre que ofrece el territorio de Font-Romeu te seducir\u00e1.<\/p>\n<p>Prueba todos los placeres que aqu\u00ed le ofrece una naturaleza generosa de la mano de un profesional.<\/p>\n<p>Un excelente terreno de juegos donde se practican numerosas actividades de monta\u00f1a.<\/p>\n","protected":false},"excerpt":{"rendered":"<p>Territorio de naturaleza, cambio de aires y grandes espacios Font-Romeu es un destino de monta\u00f1a al alcance de todos. Momentos de placer, para que tu estancia sea tambi\u00e9n un momento de descubrimiento, de relajaci\u00f3n y de experiencias compartidas. Ya sea en familia, entre amigos deportistas o simplemente en busca de nuevas actividades, la amplia gama [&hellip;]<\/p>\n","protected":false},"author":15,"featured_media":16422,"parent":0,"menu_order":0,"comment_status":"closed","ping_status":"closed","template":"page-listePages.php","meta":{"_acf_changed":false,"footnotes":""},"class_list":["post-19578","page","type-page","status-publish","has-post-thumbnail","hentry"],"acf":[],"yoast_head":"<!-- This site is optimized with the Yoast SEO plugin v27.3 - https:\/\/yoast.com\/product\/yoast-seo-wordpress\/ -->\n<title>Actividades en la Naturaleza - Font-Romeu<\/title>\n<meta name=\"robots\" content=\"index, follow, max-snippet:-1, max-image-preview:large, max-video-preview:-1\" \/>\n<link rel=\"canonical\" href=\"https:\/\/font-romeu.fr\/es\/actividades-en-la-naturaleza\/\" \/>\n<meta property=\"og:locale\" content=\"es_ES\" \/>\n<meta property=\"og:type\" content=\"article\" \/>\n<meta property=\"og:title\" content=\"Actividades en la Naturaleza - Font-Romeu\" \/>\n<meta property=\"og:description\" content=\"Territorio de naturaleza, cambio de aires y grandes espacios Font-Romeu es un destino de monta\u00f1a al alcance de todos. Momentos de placer, para que tu estancia sea tambi\u00e9n un momento de descubrimiento, de relajaci\u00f3n y de experiencias compartidas. Ya sea en familia, entre amigos deportistas o simplemente en busca de nuevas actividades, la amplia gama [&hellip;]\" \/>\n<meta property=\"og:url\" content=\"https:\/\/font-romeu.fr\/es\/actividades-en-la-naturaleza\/\" \/>\n<meta property=\"og:site_name\" content=\"Font-Romeu\" \/>\n<meta property=\"article:modified_time\" content=\"2023-06-05T06:36:36+00:00\" \/>\n<meta property=\"og:image\" content=\"https:\/\/font-romeu.fr\/wp-content\/uploads\/2022\/04\/loisir.jpg\" \/>\n\t<meta property=\"og:image:width\" content=\"1024\" \/>\n\t<meta property=\"og:image:height\" content=\"640\" \/>\n\t<meta property=\"og:image:type\" content=\"image\/jpeg\" \/>\n<meta name=\"twitter:card\" content=\"summary_large_image\" \/>\n<meta name=\"twitter:label1\" content=\"Tiempo de lectura\" \/>\n\t<meta name=\"twitter:data1\" content=\"1 minuto\" \/>\n<script type=\"application\/ld+json\" class=\"yoast-schema-graph\">{\"@context\":\"https:\\\/\\\/schema.org\",\"@graph\":[{\"@type\":\"WebPage\",\"@id\":\"https:\\\/\\\/font-romeu.fr\\\/es\\\/actividades-en-la-naturaleza\\\/\",\"url\":\"https:\\\/\\\/font-romeu.fr\\\/es\\\/actividades-en-la-naturaleza\\\/\",\"name\":\"Actividades en la Naturaleza - Font-Romeu\",\"isPartOf\":{\"@id\":\"https:\\\/\\\/font-romeu.fr\\\/es\\\/#website\"},\"primaryImageOfPage\":{\"@id\":\"https:\\\/\\\/font-romeu.fr\\\/es\\\/actividades-en-la-naturaleza\\\/#primaryimage\"},\"image\":{\"@id\":\"https:\\\/\\\/font-romeu.fr\\\/es\\\/actividades-en-la-naturaleza\\\/#primaryimage\"},\"thumbnailUrl\":\"https:\\\/\\\/font-romeu.fr\\\/wp-content\\\/uploads\\\/2022\\\/04\\\/loisir.jpg\",\"datePublished\":\"2022-04-05T15:17:38+00:00\",\"dateModified\":\"2023-06-05T06:36:36+00:00\",\"breadcrumb\":{\"@id\":\"https:\\\/\\\/font-romeu.fr\\\/es\\\/actividades-en-la-naturaleza\\\/#breadcrumb\"},\"inLanguage\":\"es\",\"potentialAction\":[{\"@type\":\"ReadAction\",\"target\":[\"https:\\\/\\\/font-romeu.fr\\\/es\\\/actividades-en-la-naturaleza\\\/\"]}]},{\"@type\":\"ImageObject\",\"inLanguage\":\"es\",\"@id\":\"https:\\\/\\\/font-romeu.fr\\\/es\\\/actividades-en-la-naturaleza\\\/#primaryimage\",\"url\":\"https:\\\/\\\/font-romeu.fr\\\/wp-content\\\/uploads\\\/2022\\\/04\\\/loisir.jpg\",\"contentUrl\":\"https:\\\/\\\/font-romeu.fr\\\/wp-content\\\/uploads\\\/2022\\\/04\\\/loisir.jpg\",\"width\":1024,\"height\":640},{\"@type\":\"BreadcrumbList\",\"@id\":\"https:\\\/\\\/font-romeu.fr\\\/es\\\/actividades-en-la-naturaleza\\\/#breadcrumb\",\"itemListElement\":[{\"@type\":\"ListItem\",\"position\":1,\"name\":\"Accueil\",\"item\":\"https:\\\/\\\/font-romeu.fr\\\/es\\\/\"},{\"@type\":\"ListItem\",\"position\":2,\"name\":\"Actividades en la Naturaleza\"}]},{\"@type\":\"WebSite\",\"@id\":\"https:\\\/\\\/font-romeu.fr\\\/es\\\/#website\",\"url\":\"https:\\\/\\\/font-romeu.fr\\\/es\\\/\",\"name\":\"Font-romeu\",\"description\":\"Changez d&#039;altitude\",\"publisher\":{\"@id\":\"https:\\\/\\\/font-romeu.fr\\\/es\\\/#organization\"},\"potentialAction\":[{\"@type\":\"SearchAction\",\"target\":{\"@type\":\"EntryPoint\",\"urlTemplate\":\"https:\\\/\\\/font-romeu.fr\\\/es\\\/?s={search_term_string}\"},\"query-input\":{\"@type\":\"PropertyValueSpecification\",\"valueRequired\":true,\"valueName\":\"search_term_string\"}}],\"inLanguage\":\"es\"},{\"@type\":\"Organization\",\"@id\":\"https:\\\/\\\/font-romeu.fr\\\/es\\\/#organization\",\"name\":\"Office de Tourisme de Font-Romeu\",\"url\":\"https:\\\/\\\/font-romeu.fr\\\/es\\\/\",\"logo\":{\"@type\":\"ImageObject\",\"inLanguage\":\"es\",\"@id\":\"https:\\\/\\\/font-romeu.fr\\\/es\\\/#\\\/schema\\\/logo\\\/image\\\/\",\"url\":\"https:\\\/\\\/font-romeu.fr\\\/wp-content\\\/uploads\\\/2021\\\/11\\\/LogoFontRomeu_orange-1.svg\",\"contentUrl\":\"https:\\\/\\\/font-romeu.fr\\\/wp-content\\\/uploads\\\/2021\\\/11\\\/LogoFontRomeu_orange-1.svg\",\"width\":1,\"height\":1,\"caption\":\"Office de Tourisme de Font-Romeu\"},\"image\":{\"@id\":\"https:\\\/\\\/font-romeu.fr\\\/es\\\/#\\\/schema\\\/logo\\\/image\\\/\"},\"sameAs\":[\"https:\\\/\\\/www.instagram.com\\\/stationfontromeu\\\/\"]}]}<\/script>\n<!-- \/ Yoast SEO plugin. -->","yoast_head_json":{"title":"Actividades en la Naturaleza - Font-Romeu","robots":{"index":"index","follow":"follow","max-snippet":"max-snippet:-1","max-image-preview":"max-image-preview:large","max-video-preview":"max-video-preview:-1"},"canonical":"https:\/\/font-romeu.fr\/es\/actividades-en-la-naturaleza\/","og_locale":"es_ES","og_type":"article","og_title":"Actividades en la Naturaleza - Font-Romeu","og_description":"Territorio de naturaleza, cambio de aires y grandes espacios Font-Romeu es un destino de monta\u00f1a al alcance de todos. Momentos de placer, para que tu estancia sea tambi\u00e9n un momento de descubrimiento, de relajaci\u00f3n y de experiencias compartidas. Ya sea en familia, entre amigos deportistas o simplemente en busca de nuevas actividades, la amplia gama [&hellip;]","og_url":"https:\/\/font-romeu.fr\/es\/actividades-en-la-naturaleza\/","og_site_name":"Font-Romeu","article_modified_time":"2023-06-05T06:36:36+00:00","og_image":[{"width":1024,"height":640,"url":"https:\/\/font-romeu.fr\/wp-content\/uploads\/2022\/04\/loisir.jpg","type":"image\/jpeg"}],"twitter_card":"summary_large_image","twitter_misc":{"Tiempo de lectura":"1 minuto"},"schema":{"@context":"https:\/\/schema.org","@graph":[{"@type":"WebPage","@id":"https:\/\/font-romeu.fr\/es\/actividades-en-la-naturaleza\/","url":"https:\/\/font-romeu.fr\/es\/actividades-en-la-naturaleza\/","name":"Actividades en la Naturaleza - Font-Romeu","isPartOf":{"@id":"https:\/\/font-romeu.fr\/es\/#website"},"primaryImageOfPage":{"@id":"https:\/\/font-romeu.fr\/es\/actividades-en-la-naturaleza\/#primaryimage"},"image":{"@id":"https:\/\/font-romeu.fr\/es\/actividades-en-la-naturaleza\/#primaryimage"},"thumbnailUrl":"https:\/\/font-romeu.fr\/wp-content\/uploads\/2022\/04\/loisir.jpg","datePublished":"2022-04-05T15:17:38+00:00","dateModified":"2023-06-05T06:36:36+00:00","breadcrumb":{"@id":"https:\/\/font-romeu.fr\/es\/actividades-en-la-naturaleza\/#breadcrumb"},"inLanguage":"es","potentialAction":[{"@type":"ReadAction","target":["https:\/\/font-romeu.fr\/es\/actividades-en-la-naturaleza\/"]}]},{"@type":"ImageObject","inLanguage":"es","@id":"https:\/\/font-romeu.fr\/es\/actividades-en-la-naturaleza\/#primaryimage","url":"https:\/\/font-romeu.fr\/wp-content\/uploads\/2022\/04\/loisir.jpg","contentUrl":"https:\/\/font-romeu.fr\/wp-content\/uploads\/2022\/04\/loisir.jpg","width":1024,"height":640},{"@type":"BreadcrumbList","@id":"https:\/\/font-romeu.fr\/es\/actividades-en-la-naturaleza\/#breadcrumb","itemListElement":[{"@type":"ListItem","position":1,"name":"Accueil","item":"https:\/\/font-romeu.fr\/es\/"},{"@type":"ListItem","position":2,"name":"Actividades en la Naturaleza"}]},{"@type":"WebSite","@id":"https:\/\/font-romeu.fr\/es\/#website","url":"https:\/\/font-romeu.fr\/es\/","name":"Font-romeu","description":"Changez d&#039;altitude","publisher":{"@id":"https:\/\/font-romeu.fr\/es\/#organization"},"potentialAction":[{"@type":"SearchAction","target":{"@type":"EntryPoint","urlTemplate":"https:\/\/font-romeu.fr\/es\/?s={search_term_string}"},"query-input":{"@type":"PropertyValueSpecification","valueRequired":true,"valueName":"search_term_string"}}],"inLanguage":"es"},{"@type":"Organization","@id":"https:\/\/font-romeu.fr\/es\/#organization","name":"Office de Tourisme de Font-Romeu","url":"https:\/\/font-romeu.fr\/es\/","logo":{"@type":"ImageObject","inLanguage":"es","@id":"https:\/\/font-romeu.fr\/es\/#\/schema\/logo\/image\/","url":"https:\/\/font-romeu.fr\/wp-content\/uploads\/2021\/11\/LogoFontRomeu_orange-1.svg","contentUrl":"https:\/\/font-romeu.fr\/wp-content\/uploads\/2021\/11\/LogoFontRomeu_orange-1.svg","width":1,"height":1,"caption":"Office de Tourisme de Font-Romeu"},"image":{"@id":"https:\/\/font-romeu.fr\/es\/#\/schema\/logo\/image\/"},"sameAs":["https:\/\/www.instagram.com\/stationfontromeu\/"]}]}},"_links":{"self":[{"href":"https:\/\/font-romeu.fr\/es\/wp-json\/wp\/v2\/pages\/19578","targetHints":{"allow":["GET"]}}],"collection":[{"href":"https:\/\/font-romeu.fr\/es\/wp-json\/wp\/v2\/pages"}],"about":[{"href":"https:\/\/font-romeu.fr\/es\/wp-json\/wp\/v2\/types\/page"}],"author":[{"embeddable":true,"href":"https:\/\/font-romeu.fr\/es\/wp-json\/wp\/v2\/users\/15"}],"replies":[{"embeddable":true,"href":"https:\/\/font-romeu.fr\/es\/wp-json\/wp\/v2\/comments?post=19578"}],"version-history":[{"count":1,"href":"https:\/\/font-romeu.fr\/es\/wp-json\/wp\/v2\/pages\/19578\/revisions"}],"predecessor-version":[{"id":22982,"href":"https:\/\/font-romeu.fr\/es\/wp-json\/wp\/v2\/pages\/19578\/revisions\/22982"}],"wp:featuredmedia":[{"embeddable":true,"href":"https:\/\/font-romeu.fr\/es\/wp-json\/wp\/v2\/media\/16422"}],"wp:attachment":[{"href":"https:\/\/font-romeu.fr\/es\/wp-json\/wp\/v2\/media?parent=19578"}],"curies":[{"name":"wp","href":"https:\/\/api.w.org\/{rel}","templated":true}]}}