{"id":19581,"date":"2022-04-04T11:54:31","date_gmt":"2022-04-04T09:54:31","guid":{"rendered":"https:\/\/font-romeu.fr\/moverse\/oficina-de-montana\/"},"modified":"2023-06-05T08:43:31","modified_gmt":"2023-06-05T06:43:31","slug":"oficina-de-montana","status":"publish","type":"page","link":"https:\/\/font-romeu.fr\/es\/oficina-de-montana\/","title":{"rendered":"Oficina de monta\u00f1a"},"content":{"rendered":"<h2>Territorio de naturaleza y de grandes espacios para sentirte como nuevo<\/h2>\n<p>&nbsp;<\/p>\n<p><strong>Font-Romeu<\/strong> es un destino de monta\u00f1a al alcance de todos.<\/p>\n<p>Ya sea en familia, con amigos deportistas o simplemente en busca de nuevas actividades, la amplia gama de \u00abdeportes en\u00a0 la naturaleza\u00bb que ofrecen nuestros gu\u00edas y acompa\u00f1antes de monta\u00f1a te seducir\u00e1. Prueba todos los placeres que te ofrece una naturaleza generosa y un gu\u00eda profesional.<\/p>\n","protected":false},"excerpt":{"rendered":"<p>Territorio de naturaleza y de grandes espacios para sentirte como nuevo &nbsp; Font-Romeu es un destino de monta\u00f1a al alcance de todos. Ya sea en familia, con amigos deportistas o simplemente en busca de nuevas actividades, la amplia gama de \u00abdeportes en\u00a0 la naturaleza\u00bb que ofrecen nuestros gu\u00edas y acompa\u00f1antes de monta\u00f1a te seducir\u00e1. Prueba [&hellip;]<\/p>\n","protected":false},"author":15,"featured_media":13777,"parent":0,"menu_order":0,"comment_status":"closed","ping_status":"closed","template":"page-offresSimple.php","meta":{"_acf_changed":false,"footnotes":""},"class_list":["post-19581","page","type-page","status-publish","has-post-thumbnail","hentry"],"acf":[],"yoast_head":"<!-- This site is optimized with the Yoast SEO plugin v27.3 - https:\/\/yoast.com\/product\/yoast-seo-wordpress\/ -->\n<title>Oficina de monta\u00f1a - Font-Romeu<\/title>\n<meta name=\"robots\" content=\"index, follow, max-snippet:-1, max-image-preview:large, max-video-preview:-1\" \/>\n<link rel=\"canonical\" href=\"https:\/\/font-romeu.fr\/es\/oficina-de-montana\/\" \/>\n<meta property=\"og:locale\" content=\"es_ES\" \/>\n<meta property=\"og:type\" content=\"article\" \/>\n<meta property=\"og:title\" content=\"Oficina de monta\u00f1a - Font-Romeu\" \/>\n<meta property=\"og:description\" content=\"Territorio de naturaleza y de grandes espacios para sentirte como nuevo &nbsp; Font-Romeu es un destino de monta\u00f1a al alcance de todos. Ya sea en familia, con amigos deportistas o simplemente en busca de nuevas actividades, la amplia gama de \u00abdeportes en\u00a0 la naturaleza\u00bb que ofrecen nuestros gu\u00edas y acompa\u00f1antes de monta\u00f1a te seducir\u00e1. Prueba [&hellip;]\" \/>\n<meta property=\"og:url\" content=\"https:\/\/font-romeu.fr\/es\/oficina-de-montana\/\" \/>\n<meta property=\"og:site_name\" content=\"Font-Romeu\" \/>\n<meta property=\"article:modified_time\" content=\"2023-06-05T06:43:31+00:00\" \/>\n<meta property=\"og:image\" content=\"https:\/\/font-romeu.fr\/wp-content\/uploads\/2021\/11\/bureau-montagne.jpg\" \/>\n\t<meta property=\"og:image:width\" content=\"1024\" \/>\n\t<meta property=\"og:image:height\" content=\"640\" \/>\n\t<meta property=\"og:image:type\" content=\"image\/jpeg\" \/>\n<meta name=\"twitter:card\" content=\"summary_large_image\" \/>\n<script type=\"application\/ld+json\" class=\"yoast-schema-graph\">{\"@context\":\"https:\\\/\\\/schema.org\",\"@graph\":[{\"@type\":\"WebPage\",\"@id\":\"https:\\\/\\\/font-romeu.fr\\\/es\\\/oficina-de-montana\\\/\",\"url\":\"https:\\\/\\\/font-romeu.fr\\\/es\\\/oficina-de-montana\\\/\",\"name\":\"Oficina de monta\u00f1a - Font-Romeu\",\"isPartOf\":{\"@id\":\"https:\\\/\\\/font-romeu.fr\\\/es\\\/#website\"},\"primaryImageOfPage\":{\"@id\":\"https:\\\/\\\/font-romeu.fr\\\/es\\\/oficina-de-montana\\\/#primaryimage\"},\"image\":{\"@id\":\"https:\\\/\\\/font-romeu.fr\\\/es\\\/oficina-de-montana\\\/#primaryimage\"},\"thumbnailUrl\":\"https:\\\/\\\/font-romeu.fr\\\/wp-content\\\/uploads\\\/2021\\\/11\\\/bureau-montagne.jpg\",\"datePublished\":\"2022-04-04T09:54:31+00:00\",\"dateModified\":\"2023-06-05T06:43:31+00:00\",\"breadcrumb\":{\"@id\":\"https:\\\/\\\/font-romeu.fr\\\/es\\\/oficina-de-montana\\\/#breadcrumb\"},\"inLanguage\":\"es\",\"potentialAction\":[{\"@type\":\"ReadAction\",\"target\":[\"https:\\\/\\\/font-romeu.fr\\\/es\\\/oficina-de-montana\\\/\"]}]},{\"@type\":\"ImageObject\",\"inLanguage\":\"es\",\"@id\":\"https:\\\/\\\/font-romeu.fr\\\/es\\\/oficina-de-montana\\\/#primaryimage\",\"url\":\"https:\\\/\\\/font-romeu.fr\\\/wp-content\\\/uploads\\\/2021\\\/11\\\/bureau-montagne.jpg\",\"contentUrl\":\"https:\\\/\\\/font-romeu.fr\\\/wp-content\\\/uploads\\\/2021\\\/11\\\/bureau-montagne.jpg\",\"width\":1024,\"height\":640},{\"@type\":\"BreadcrumbList\",\"@id\":\"https:\\\/\\\/font-romeu.fr\\\/es\\\/oficina-de-montana\\\/#breadcrumb\",\"itemListElement\":[{\"@type\":\"ListItem\",\"position\":1,\"name\":\"Accueil\",\"item\":\"https:\\\/\\\/font-romeu.fr\\\/es\\\/\"},{\"@type\":\"ListItem\",\"position\":2,\"name\":\"Oficina de monta\u00f1a\"}]},{\"@type\":\"WebSite\",\"@id\":\"https:\\\/\\\/font-romeu.fr\\\/es\\\/#website\",\"url\":\"https:\\\/\\\/font-romeu.fr\\\/es\\\/\",\"name\":\"Font-romeu\",\"description\":\"Changez d&#039;altitude\",\"publisher\":{\"@id\":\"https:\\\/\\\/font-romeu.fr\\\/es\\\/#organization\"},\"potentialAction\":[{\"@type\":\"SearchAction\",\"target\":{\"@type\":\"EntryPoint\",\"urlTemplate\":\"https:\\\/\\\/font-romeu.fr\\\/es\\\/?s={search_term_string}\"},\"query-input\":{\"@type\":\"PropertyValueSpecification\",\"valueRequired\":true,\"valueName\":\"search_term_string\"}}],\"inLanguage\":\"es\"},{\"@type\":\"Organization\",\"@id\":\"https:\\\/\\\/font-romeu.fr\\\/es\\\/#organization\",\"name\":\"Office de Tourisme de Font-Romeu\",\"url\":\"https:\\\/\\\/font-romeu.fr\\\/es\\\/\",\"logo\":{\"@type\":\"ImageObject\",\"inLanguage\":\"es\",\"@id\":\"https:\\\/\\\/font-romeu.fr\\\/es\\\/#\\\/schema\\\/logo\\\/image\\\/\",\"url\":\"https:\\\/\\\/font-romeu.fr\\\/wp-content\\\/uploads\\\/2021\\\/11\\\/LogoFontRomeu_orange-1.svg\",\"contentUrl\":\"https:\\\/\\\/font-romeu.fr\\\/wp-content\\\/uploads\\\/2021\\\/11\\\/LogoFontRomeu_orange-1.svg\",\"width\":1,\"height\":1,\"caption\":\"Office de Tourisme de Font-Romeu\"},\"image\":{\"@id\":\"https:\\\/\\\/font-romeu.fr\\\/es\\\/#\\\/schema\\\/logo\\\/image\\\/\"},\"sameAs\":[\"https:\\\/\\\/www.instagram.com\\\/stationfontromeu\\\/\"]}]}<\/script>\n<!-- \/ Yoast SEO plugin. -->","yoast_head_json":{"title":"Oficina de monta\u00f1a - Font-Romeu","robots":{"index":"index","follow":"follow","max-snippet":"max-snippet:-1","max-image-preview":"max-image-preview:large","max-video-preview":"max-video-preview:-1"},"canonical":"https:\/\/font-romeu.fr\/es\/oficina-de-montana\/","og_locale":"es_ES","og_type":"article","og_title":"Oficina de monta\u00f1a - Font-Romeu","og_description":"Territorio de naturaleza y de grandes espacios para sentirte como nuevo &nbsp; Font-Romeu es un destino de monta\u00f1a al alcance de todos. Ya sea en familia, con amigos deportistas o simplemente en busca de nuevas actividades, la amplia gama de \u00abdeportes en\u00a0 la naturaleza\u00bb que ofrecen nuestros gu\u00edas y acompa\u00f1antes de monta\u00f1a te seducir\u00e1. Prueba [&hellip;]","og_url":"https:\/\/font-romeu.fr\/es\/oficina-de-montana\/","og_site_name":"Font-Romeu","article_modified_time":"2023-06-05T06:43:31+00:00","og_image":[{"width":1024,"height":640,"url":"https:\/\/font-romeu.fr\/wp-content\/uploads\/2021\/11\/bureau-montagne.jpg","type":"image\/jpeg"}],"twitter_card":"summary_large_image","schema":{"@context":"https:\/\/schema.org","@graph":[{"@type":"WebPage","@id":"https:\/\/font-romeu.fr\/es\/oficina-de-montana\/","url":"https:\/\/font-romeu.fr\/es\/oficina-de-montana\/","name":"Oficina de monta\u00f1a - Font-Romeu","isPartOf":{"@id":"https:\/\/font-romeu.fr\/es\/#website"},"primaryImageOfPage":{"@id":"https:\/\/font-romeu.fr\/es\/oficina-de-montana\/#primaryimage"},"image":{"@id":"https:\/\/font-romeu.fr\/es\/oficina-de-montana\/#primaryimage"},"thumbnailUrl":"https:\/\/font-romeu.fr\/wp-content\/uploads\/2021\/11\/bureau-montagne.jpg","datePublished":"2022-04-04T09:54:31+00:00","dateModified":"2023-06-05T06:43:31+00:00","breadcrumb":{"@id":"https:\/\/font-romeu.fr\/es\/oficina-de-montana\/#breadcrumb"},"inLanguage":"es","potentialAction":[{"@type":"ReadAction","target":["https:\/\/font-romeu.fr\/es\/oficina-de-montana\/"]}]},{"@type":"ImageObject","inLanguage":"es","@id":"https:\/\/font-romeu.fr\/es\/oficina-de-montana\/#primaryimage","url":"https:\/\/font-romeu.fr\/wp-content\/uploads\/2021\/11\/bureau-montagne.jpg","contentUrl":"https:\/\/font-romeu.fr\/wp-content\/uploads\/2021\/11\/bureau-montagne.jpg","width":1024,"height":640},{"@type":"BreadcrumbList","@id":"https:\/\/font-romeu.fr\/es\/oficina-de-montana\/#breadcrumb","itemListElement":[{"@type":"ListItem","position":1,"name":"Accueil","item":"https:\/\/font-romeu.fr\/es\/"},{"@type":"ListItem","position":2,"name":"Oficina de monta\u00f1a"}]},{"@type":"WebSite","@id":"https:\/\/font-romeu.fr\/es\/#website","url":"https:\/\/font-romeu.fr\/es\/","name":"Font-romeu","description":"Changez d&#039;altitude","publisher":{"@id":"https:\/\/font-romeu.fr\/es\/#organization"},"potentialAction":[{"@type":"SearchAction","target":{"@type":"EntryPoint","urlTemplate":"https:\/\/font-romeu.fr\/es\/?s={search_term_string}"},"query-input":{"@type":"PropertyValueSpecification","valueRequired":true,"valueName":"search_term_string"}}],"inLanguage":"es"},{"@type":"Organization","@id":"https:\/\/font-romeu.fr\/es\/#organization","name":"Office de Tourisme de Font-Romeu","url":"https:\/\/font-romeu.fr\/es\/","logo":{"@type":"ImageObject","inLanguage":"es","@id":"https:\/\/font-romeu.fr\/es\/#\/schema\/logo\/image\/","url":"https:\/\/font-romeu.fr\/wp-content\/uploads\/2021\/11\/LogoFontRomeu_orange-1.svg","contentUrl":"https:\/\/font-romeu.fr\/wp-content\/uploads\/2021\/11\/LogoFontRomeu_orange-1.svg","width":1,"height":1,"caption":"Office de Tourisme de Font-Romeu"},"image":{"@id":"https:\/\/font-romeu.fr\/es\/#\/schema\/logo\/image\/"},"sameAs":["https:\/\/www.instagram.com\/stationfontromeu\/"]}]}},"_links":{"self":[{"href":"https:\/\/font-romeu.fr\/es\/wp-json\/wp\/v2\/pages\/19581","targetHints":{"allow":["GET"]}}],"collection":[{"href":"https:\/\/font-romeu.fr\/es\/wp-json\/wp\/v2\/pages"}],"about":[{"href":"https:\/\/font-romeu.fr\/es\/wp-json\/wp\/v2\/types\/page"}],"author":[{"embeddable":true,"href":"https:\/\/font-romeu.fr\/es\/wp-json\/wp\/v2\/users\/15"}],"replies":[{"embeddable":true,"href":"https:\/\/font-romeu.fr\/es\/wp-json\/wp\/v2\/comments?post=19581"}],"version-history":[{"count":1,"href":"https:\/\/font-romeu.fr\/es\/wp-json\/wp\/v2\/pages\/19581\/revisions"}],"predecessor-version":[{"id":22984,"href":"https:\/\/font-romeu.fr\/es\/wp-json\/wp\/v2\/pages\/19581\/revisions\/22984"}],"wp:featuredmedia":[{"embeddable":true,"href":"https:\/\/font-romeu.fr\/es\/wp-json\/wp\/v2\/media\/13777"}],"wp:attachment":[{"href":"https:\/\/font-romeu.fr\/es\/wp-json\/wp\/v2\/media?parent=19581"}],"curies":[{"name":"wp","href":"https:\/\/api.w.org\/{rel}","templated":true}]}}