{"id":19585,"date":"2022-04-04T10:41:55","date_gmt":"2022-04-04T08:41:55","guid":{"rendered":"https:\/\/font-romeu.fr\/moverse\/trail\/"},"modified":"2024-07-24T09:48:54","modified_gmt":"2024-07-24T07:48:54","slug":"trail","status":"publish","type":"page","link":"https:\/\/font-romeu.fr\/es\/trail\/","title":{"rendered":"Trail"},"content":{"rendered":"<p>\u00a1Aprovecha tu estancia para recorrer rutas de trail en un lugar maravillosamente preservado, ba\u00f1ado de aire puro, el Pirineo Catal\u00e1n!<\/p>\n<p>La estaci\u00f3n de Font-Romeu ofrece recorridos permanentes para los amantes del trail y la naturaleza. Cartografiados y se\u00f1alizados en los campos de entrenamiento de nuestro embajador internacional Kilian Jornet, son un terreno de entrenamiento ideal.<\/p>\n<p>Encontrar\u00e1s informaci\u00f3n y recorridos en un mapa, as\u00ed como circuitos directamente descargables en el punto de informaci\u00f3n de Monta\u00f1a de la Oficina de Turismo. Los guias especializados tambi\u00e9n te proponen salidas colectivas para iniciarte o perfeccionarte en esta nueva disciplina.<\/p>\n<p>&nbsp;<\/p>\n","protected":false},"excerpt":{"rendered":"<p>\u00a1Aprovecha tu estancia para recorrer rutas de trail en un lugar maravillosamente preservado, ba\u00f1ado de aire puro, en el Pirineo Catal\u00e1n!<\/p>\n","protected":false},"author":15,"featured_media":16394,"parent":0,"menu_order":0,"comment_status":"closed","ping_status":"closed","template":"page-offresSimple.php","meta":{"_acf_changed":false,"footnotes":""},"class_list":["post-19585","page","type-page","status-publish","has-post-thumbnail","hentry"],"acf":[],"yoast_head":"<!-- This site is optimized with the Yoast SEO plugin v27.3 - https:\/\/yoast.com\/product\/yoast-seo-wordpress\/ -->\n<title>Trail - Font-Romeu<\/title>\n<meta name=\"robots\" content=\"index, follow, max-snippet:-1, max-image-preview:large, max-video-preview:-1\" \/>\n<link rel=\"canonical\" href=\"https:\/\/font-romeu.fr\/es\/trail\/\" \/>\n<meta property=\"og:locale\" content=\"es_ES\" \/>\n<meta property=\"og:type\" content=\"article\" \/>\n<meta property=\"og:title\" content=\"Trail - Font-Romeu\" \/>\n<meta property=\"og:description\" content=\"\u00a1Aprovecha tu estancia para recorrer rutas de trail en un lugar maravillosamente preservado, ba\u00f1ado de aire puro, en el Pirineo Catal\u00e1n!\" \/>\n<meta property=\"og:url\" content=\"https:\/\/font-romeu.fr\/es\/trail\/\" \/>\n<meta property=\"og:site_name\" content=\"Font-Romeu\" \/>\n<meta property=\"article:modified_time\" content=\"2024-07-24T07:48:54+00:00\" \/>\n<meta property=\"og:image\" content=\"https:\/\/font-romeu.fr\/wp-content\/uploads\/2022\/04\/trail.jpg\" \/>\n\t<meta property=\"og:image:width\" content=\"1024\" \/>\n\t<meta property=\"og:image:height\" content=\"640\" \/>\n\t<meta property=\"og:image:type\" content=\"image\/jpeg\" \/>\n<meta name=\"twitter:card\" content=\"summary_large_image\" \/>\n<meta name=\"twitter:label1\" content=\"Tiempo de lectura\" \/>\n\t<meta name=\"twitter:data1\" content=\"1 minuto\" \/>\n<script type=\"application\/ld+json\" class=\"yoast-schema-graph\">{\"@context\":\"https:\\\/\\\/schema.org\",\"@graph\":[{\"@type\":\"WebPage\",\"@id\":\"https:\\\/\\\/font-romeu.fr\\\/es\\\/trail\\\/\",\"url\":\"https:\\\/\\\/font-romeu.fr\\\/es\\\/trail\\\/\",\"name\":\"Trail - Font-Romeu\",\"isPartOf\":{\"@id\":\"https:\\\/\\\/font-romeu.fr\\\/es\\\/#website\"},\"primaryImageOfPage\":{\"@id\":\"https:\\\/\\\/font-romeu.fr\\\/es\\\/trail\\\/#primaryimage\"},\"image\":{\"@id\":\"https:\\\/\\\/font-romeu.fr\\\/es\\\/trail\\\/#primaryimage\"},\"thumbnailUrl\":\"https:\\\/\\\/font-romeu.fr\\\/wp-content\\\/uploads\\\/2022\\\/04\\\/trail.jpg\",\"datePublished\":\"2022-04-04T08:41:55+00:00\",\"dateModified\":\"2024-07-24T07:48:54+00:00\",\"breadcrumb\":{\"@id\":\"https:\\\/\\\/font-romeu.fr\\\/es\\\/trail\\\/#breadcrumb\"},\"inLanguage\":\"es\",\"potentialAction\":[{\"@type\":\"ReadAction\",\"target\":[\"https:\\\/\\\/font-romeu.fr\\\/es\\\/trail\\\/\"]}]},{\"@type\":\"ImageObject\",\"inLanguage\":\"es\",\"@id\":\"https:\\\/\\\/font-romeu.fr\\\/es\\\/trail\\\/#primaryimage\",\"url\":\"https:\\\/\\\/font-romeu.fr\\\/wp-content\\\/uploads\\\/2022\\\/04\\\/trail.jpg\",\"contentUrl\":\"https:\\\/\\\/font-romeu.fr\\\/wp-content\\\/uploads\\\/2022\\\/04\\\/trail.jpg\",\"width\":1024,\"height\":640},{\"@type\":\"BreadcrumbList\",\"@id\":\"https:\\\/\\\/font-romeu.fr\\\/es\\\/trail\\\/#breadcrumb\",\"itemListElement\":[{\"@type\":\"ListItem\",\"position\":1,\"name\":\"Accueil\",\"item\":\"https:\\\/\\\/font-romeu.fr\\\/es\\\/\"},{\"@type\":\"ListItem\",\"position\":2,\"name\":\"Trail\"}]},{\"@type\":\"WebSite\",\"@id\":\"https:\\\/\\\/font-romeu.fr\\\/es\\\/#website\",\"url\":\"https:\\\/\\\/font-romeu.fr\\\/es\\\/\",\"name\":\"Font-romeu\",\"description\":\"Changez d&#039;altitude\",\"publisher\":{\"@id\":\"https:\\\/\\\/font-romeu.fr\\\/es\\\/#organization\"},\"potentialAction\":[{\"@type\":\"SearchAction\",\"target\":{\"@type\":\"EntryPoint\",\"urlTemplate\":\"https:\\\/\\\/font-romeu.fr\\\/es\\\/?s={search_term_string}\"},\"query-input\":{\"@type\":\"PropertyValueSpecification\",\"valueRequired\":true,\"valueName\":\"search_term_string\"}}],\"inLanguage\":\"es\"},{\"@type\":\"Organization\",\"@id\":\"https:\\\/\\\/font-romeu.fr\\\/es\\\/#organization\",\"name\":\"Office de Tourisme de Font-Romeu\",\"url\":\"https:\\\/\\\/font-romeu.fr\\\/es\\\/\",\"logo\":{\"@type\":\"ImageObject\",\"inLanguage\":\"es\",\"@id\":\"https:\\\/\\\/font-romeu.fr\\\/es\\\/#\\\/schema\\\/logo\\\/image\\\/\",\"url\":\"https:\\\/\\\/font-romeu.fr\\\/wp-content\\\/uploads\\\/2021\\\/11\\\/LogoFontRomeu_orange-1.svg\",\"contentUrl\":\"https:\\\/\\\/font-romeu.fr\\\/wp-content\\\/uploads\\\/2021\\\/11\\\/LogoFontRomeu_orange-1.svg\",\"width\":1,\"height\":1,\"caption\":\"Office de Tourisme de Font-Romeu\"},\"image\":{\"@id\":\"https:\\\/\\\/font-romeu.fr\\\/es\\\/#\\\/schema\\\/logo\\\/image\\\/\"},\"sameAs\":[\"https:\\\/\\\/www.instagram.com\\\/stationfontromeu\\\/\"]}]}<\/script>\n<!-- \/ Yoast SEO plugin. -->","yoast_head_json":{"title":"Trail - Font-Romeu","robots":{"index":"index","follow":"follow","max-snippet":"max-snippet:-1","max-image-preview":"max-image-preview:large","max-video-preview":"max-video-preview:-1"},"canonical":"https:\/\/font-romeu.fr\/es\/trail\/","og_locale":"es_ES","og_type":"article","og_title":"Trail - Font-Romeu","og_description":"\u00a1Aprovecha tu estancia para recorrer rutas de trail en un lugar maravillosamente preservado, ba\u00f1ado de aire puro, en el Pirineo Catal\u00e1n!","og_url":"https:\/\/font-romeu.fr\/es\/trail\/","og_site_name":"Font-Romeu","article_modified_time":"2024-07-24T07:48:54+00:00","og_image":[{"width":1024,"height":640,"url":"https:\/\/font-romeu.fr\/wp-content\/uploads\/2022\/04\/trail.jpg","type":"image\/jpeg"}],"twitter_card":"summary_large_image","twitter_misc":{"Tiempo de lectura":"1 minuto"},"schema":{"@context":"https:\/\/schema.org","@graph":[{"@type":"WebPage","@id":"https:\/\/font-romeu.fr\/es\/trail\/","url":"https:\/\/font-romeu.fr\/es\/trail\/","name":"Trail - Font-Romeu","isPartOf":{"@id":"https:\/\/font-romeu.fr\/es\/#website"},"primaryImageOfPage":{"@id":"https:\/\/font-romeu.fr\/es\/trail\/#primaryimage"},"image":{"@id":"https:\/\/font-romeu.fr\/es\/trail\/#primaryimage"},"thumbnailUrl":"https:\/\/font-romeu.fr\/wp-content\/uploads\/2022\/04\/trail.jpg","datePublished":"2022-04-04T08:41:55+00:00","dateModified":"2024-07-24T07:48:54+00:00","breadcrumb":{"@id":"https:\/\/font-romeu.fr\/es\/trail\/#breadcrumb"},"inLanguage":"es","potentialAction":[{"@type":"ReadAction","target":["https:\/\/font-romeu.fr\/es\/trail\/"]}]},{"@type":"ImageObject","inLanguage":"es","@id":"https:\/\/font-romeu.fr\/es\/trail\/#primaryimage","url":"https:\/\/font-romeu.fr\/wp-content\/uploads\/2022\/04\/trail.jpg","contentUrl":"https:\/\/font-romeu.fr\/wp-content\/uploads\/2022\/04\/trail.jpg","width":1024,"height":640},{"@type":"BreadcrumbList","@id":"https:\/\/font-romeu.fr\/es\/trail\/#breadcrumb","itemListElement":[{"@type":"ListItem","position":1,"name":"Accueil","item":"https:\/\/font-romeu.fr\/es\/"},{"@type":"ListItem","position":2,"name":"Trail"}]},{"@type":"WebSite","@id":"https:\/\/font-romeu.fr\/es\/#website","url":"https:\/\/font-romeu.fr\/es\/","name":"Font-romeu","description":"Changez d&#039;altitude","publisher":{"@id":"https:\/\/font-romeu.fr\/es\/#organization"},"potentialAction":[{"@type":"SearchAction","target":{"@type":"EntryPoint","urlTemplate":"https:\/\/font-romeu.fr\/es\/?s={search_term_string}"},"query-input":{"@type":"PropertyValueSpecification","valueRequired":true,"valueName":"search_term_string"}}],"inLanguage":"es"},{"@type":"Organization","@id":"https:\/\/font-romeu.fr\/es\/#organization","name":"Office de Tourisme de Font-Romeu","url":"https:\/\/font-romeu.fr\/es\/","logo":{"@type":"ImageObject","inLanguage":"es","@id":"https:\/\/font-romeu.fr\/es\/#\/schema\/logo\/image\/","url":"https:\/\/font-romeu.fr\/wp-content\/uploads\/2021\/11\/LogoFontRomeu_orange-1.svg","contentUrl":"https:\/\/font-romeu.fr\/wp-content\/uploads\/2021\/11\/LogoFontRomeu_orange-1.svg","width":1,"height":1,"caption":"Office de Tourisme de Font-Romeu"},"image":{"@id":"https:\/\/font-romeu.fr\/es\/#\/schema\/logo\/image\/"},"sameAs":["https:\/\/www.instagram.com\/stationfontromeu\/"]}]}},"_links":{"self":[{"href":"https:\/\/font-romeu.fr\/es\/wp-json\/wp\/v2\/pages\/19585","targetHints":{"allow":["GET"]}}],"collection":[{"href":"https:\/\/font-romeu.fr\/es\/wp-json\/wp\/v2\/pages"}],"about":[{"href":"https:\/\/font-romeu.fr\/es\/wp-json\/wp\/v2\/types\/page"}],"author":[{"embeddable":true,"href":"https:\/\/font-romeu.fr\/es\/wp-json\/wp\/v2\/users\/15"}],"replies":[{"embeddable":true,"href":"https:\/\/font-romeu.fr\/es\/wp-json\/wp\/v2\/comments?post=19585"}],"version-history":[{"count":2,"href":"https:\/\/font-romeu.fr\/es\/wp-json\/wp\/v2\/pages\/19585\/revisions"}],"predecessor-version":[{"id":27601,"href":"https:\/\/font-romeu.fr\/es\/wp-json\/wp\/v2\/pages\/19585\/revisions\/27601"}],"wp:featuredmedia":[{"embeddable":true,"href":"https:\/\/font-romeu.fr\/es\/wp-json\/wp\/v2\/media\/16394"}],"wp:attachment":[{"href":"https:\/\/font-romeu.fr\/es\/wp-json\/wp\/v2\/media?parent=19585"}],"curies":[{"name":"wp","href":"https:\/\/api.w.org\/{rel}","templated":true}]}}