{"id":19631,"date":"2021-10-11T11:37:34","date_gmt":"2021-10-11T09:37:34","guid":{"rendered":"https:\/\/font-romeu.fr\/descubrir\/contacto\/"},"modified":"2024-07-13T11:03:13","modified_gmt":"2024-07-13T09:03:13","slug":"contacto","status":"publish","type":"page","link":"https:\/\/font-romeu.fr\/es\/descubrir\/contacto\/","title":{"rendered":"Contacto"},"content":{"rendered":"<p>Para cualquier consulta, necesidad de informaci\u00f3n adicional, sugerencias o comentarios, no dude en utilizar el siguiente formulario. Responderemos lo antes posible. El equipo de la Oficina de Turismo de Font-Romeu.<\/p>\n<p>Oficina de Turismo de Font-Romeu (1\u00aa categor\u00eda)<br \/>\n43 avenida Emmanuel Brousse<br \/>\n66120 Font-Romeu<\/p>\n<p>Tel: +33 (0)4 68 30 68 30<br \/>\nWeb: www.font-romeu.fr<br \/>\noficina@font-romeu.fr<\/p>\n<p>Abierto todos los d\u00edas de 9 a 12 horas y de 14 a 18 horas.<br \/>\nVacaciones escolares de verano de 9 a 12:30 horas y de 14 a 19 horas.<br \/>\nCierre excepcional los domingos fuera de las vacaciones escolares.<br \/>\nCoordenadas GPS: 42.505074, 2.041135<\/p>\n","protected":false},"excerpt":{"rendered":"<p>Para cualquier consulta, necesidad de informaci\u00f3n adicional, sugerencias o comentarios, no dude en utilizar el siguiente formulario. Responderemos lo antes posible. El equipo de la Oficina de Turismo de Font-Romeu. Oficina de Turismo de Font-Romeu (1\u00aa categor\u00eda) 43 avenida Emmanuel Brousse 66120 Font-Romeu Tel: +33 (0)4 68 30 68 30 Web: www.font-romeu.fr oficina@font-romeu.fr Abierto todos [&hellip;]<\/p>\n","protected":false},"author":15,"featured_media":25315,"parent":19590,"menu_order":0,"comment_status":"closed","ping_status":"closed","template":"page-article.php","meta":{"_acf_changed":false,"footnotes":""},"class_list":["post-19631","page","type-page","status-publish","has-post-thumbnail","hentry"],"acf":[],"yoast_head":"<!-- This site is optimized with the Yoast SEO plugin v27.3 - https:\/\/yoast.com\/product\/yoast-seo-wordpress\/ -->\n<title>Contacto - Font-Romeu<\/title>\n<meta name=\"description\" content=\"Si tiene alguna pregunta, necesita m\u00e1s informaci\u00f3n, sugerencia u observaci\u00f3n, no dude en utilizar el siguiente formulario.\" \/>\n<meta name=\"robots\" content=\"index, follow, max-snippet:-1, max-image-preview:large, max-video-preview:-1\" \/>\n<link rel=\"canonical\" href=\"https:\/\/font-romeu.fr\/es\/descubrir\/contacto\/\" \/>\n<meta property=\"og:locale\" content=\"es_ES\" \/>\n<meta property=\"og:type\" content=\"article\" \/>\n<meta property=\"og:title\" content=\"Contacto - Font-Romeu\" \/>\n<meta property=\"og:description\" content=\"Si tiene alguna pregunta, necesita m\u00e1s informaci\u00f3n, sugerencia u observaci\u00f3n, no dude en utilizar el siguiente formulario.\" \/>\n<meta property=\"og:url\" content=\"https:\/\/font-romeu.fr\/es\/descubrir\/contacto\/\" \/>\n<meta property=\"og:site_name\" content=\"Font-Romeu\" \/>\n<meta property=\"article:modified_time\" content=\"2024-07-13T09:03:13+00:00\" \/>\n<meta property=\"og:image\" content=\"https:\/\/font-romeu.fr\/wp-content\/uploads\/2021\/11\/FONT-ROMEU-guide-accueil-hiver-2021-2022-couv.jpg\" \/>\n\t<meta property=\"og:image:width\" content=\"1181\" \/>\n\t<meta property=\"og:image:height\" content=\"2339\" \/>\n\t<meta property=\"og:image:type\" content=\"image\/jpeg\" \/>\n<meta name=\"twitter:card\" content=\"summary_large_image\" \/>\n<script type=\"application\/ld+json\" class=\"yoast-schema-graph\">{\"@context\":\"https:\\\/\\\/schema.org\",\"@graph\":[{\"@type\":\"WebPage\",\"@id\":\"https:\\\/\\\/font-romeu.fr\\\/es\\\/descubrir\\\/contacto\\\/\",\"url\":\"https:\\\/\\\/font-romeu.fr\\\/es\\\/descubrir\\\/contacto\\\/\",\"name\":\"Contacto - Font-Romeu\",\"isPartOf\":{\"@id\":\"https:\\\/\\\/font-romeu.fr\\\/es\\\/#website\"},\"primaryImageOfPage\":{\"@id\":\"https:\\\/\\\/font-romeu.fr\\\/es\\\/descubrir\\\/contacto\\\/#primaryimage\"},\"image\":{\"@id\":\"https:\\\/\\\/font-romeu.fr\\\/es\\\/descubrir\\\/contacto\\\/#primaryimage\"},\"thumbnailUrl\":\"https:\\\/\\\/font-romeu.fr\\\/wp-content\\\/uploads\\\/2023\\\/09\\\/contact.jpeg\",\"datePublished\":\"2021-10-11T09:37:34+00:00\",\"dateModified\":\"2024-07-13T09:03:13+00:00\",\"description\":\"Si tiene alguna pregunta, necesita m\u00e1s informaci\u00f3n, sugerencia u observaci\u00f3n, no dude en utilizar el siguiente formulario.\",\"breadcrumb\":{\"@id\":\"https:\\\/\\\/font-romeu.fr\\\/es\\\/descubrir\\\/contacto\\\/#breadcrumb\"},\"inLanguage\":\"es\",\"potentialAction\":[{\"@type\":\"ReadAction\",\"target\":[\"https:\\\/\\\/font-romeu.fr\\\/es\\\/descubrir\\\/contacto\\\/\"]}]},{\"@type\":\"ImageObject\",\"inLanguage\":\"es\",\"@id\":\"https:\\\/\\\/font-romeu.fr\\\/es\\\/descubrir\\\/contacto\\\/#primaryimage\",\"url\":\"https:\\\/\\\/font-romeu.fr\\\/wp-content\\\/uploads\\\/2023\\\/09\\\/contact.jpeg\",\"contentUrl\":\"https:\\\/\\\/font-romeu.fr\\\/wp-content\\\/uploads\\\/2023\\\/09\\\/contact.jpeg\",\"width\":1200,\"height\":750,\"caption\":\"Hand putting wooden block cube symbol telephone, email, address. Website page contact us or e-mail marketing concept\"},{\"@type\":\"BreadcrumbList\",\"@id\":\"https:\\\/\\\/font-romeu.fr\\\/es\\\/descubrir\\\/contacto\\\/#breadcrumb\",\"itemListElement\":[{\"@type\":\"ListItem\",\"position\":1,\"name\":\"Accueil\",\"item\":\"https:\\\/\\\/font-romeu.fr\\\/es\\\/\"},{\"@type\":\"ListItem\",\"position\":2,\"name\":\"Descubrir\",\"item\":\"https:\\\/\\\/font-romeu.fr\\\/es\\\/decouvrir\\\/\"},{\"@type\":\"ListItem\",\"position\":3,\"name\":\"Contacto\"}]},{\"@type\":\"WebSite\",\"@id\":\"https:\\\/\\\/font-romeu.fr\\\/es\\\/#website\",\"url\":\"https:\\\/\\\/font-romeu.fr\\\/es\\\/\",\"name\":\"Font-romeu\",\"description\":\"Changez d&#039;altitude\",\"publisher\":{\"@id\":\"https:\\\/\\\/font-romeu.fr\\\/es\\\/#organization\"},\"potentialAction\":[{\"@type\":\"SearchAction\",\"target\":{\"@type\":\"EntryPoint\",\"urlTemplate\":\"https:\\\/\\\/font-romeu.fr\\\/es\\\/?s={search_term_string}\"},\"query-input\":{\"@type\":\"PropertyValueSpecification\",\"valueRequired\":true,\"valueName\":\"search_term_string\"}}],\"inLanguage\":\"es\"},{\"@type\":\"Organization\",\"@id\":\"https:\\\/\\\/font-romeu.fr\\\/es\\\/#organization\",\"name\":\"Office de Tourisme de Font-Romeu\",\"url\":\"https:\\\/\\\/font-romeu.fr\\\/es\\\/\",\"logo\":{\"@type\":\"ImageObject\",\"inLanguage\":\"es\",\"@id\":\"https:\\\/\\\/font-romeu.fr\\\/es\\\/#\\\/schema\\\/logo\\\/image\\\/\",\"url\":\"https:\\\/\\\/font-romeu.fr\\\/wp-content\\\/uploads\\\/2021\\\/11\\\/LogoFontRomeu_orange-1.svg\",\"contentUrl\":\"https:\\\/\\\/font-romeu.fr\\\/wp-content\\\/uploads\\\/2021\\\/11\\\/LogoFontRomeu_orange-1.svg\",\"width\":1,\"height\":1,\"caption\":\"Office de Tourisme de Font-Romeu\"},\"image\":{\"@id\":\"https:\\\/\\\/font-romeu.fr\\\/es\\\/#\\\/schema\\\/logo\\\/image\\\/\"},\"sameAs\":[\"https:\\\/\\\/www.instagram.com\\\/stationfontromeu\\\/\"]}]}<\/script>\n<!-- \/ Yoast SEO plugin. -->","yoast_head_json":{"title":"Contacto - Font-Romeu","description":"Si tiene alguna pregunta, necesita m\u00e1s informaci\u00f3n, sugerencia u observaci\u00f3n, no dude en utilizar el siguiente formulario.","robots":{"index":"index","follow":"follow","max-snippet":"max-snippet:-1","max-image-preview":"max-image-preview:large","max-video-preview":"max-video-preview:-1"},"canonical":"https:\/\/font-romeu.fr\/es\/descubrir\/contacto\/","og_locale":"es_ES","og_type":"article","og_title":"Contacto - Font-Romeu","og_description":"Si tiene alguna pregunta, necesita m\u00e1s informaci\u00f3n, sugerencia u observaci\u00f3n, no dude en utilizar el siguiente formulario.","og_url":"https:\/\/font-romeu.fr\/es\/descubrir\/contacto\/","og_site_name":"Font-Romeu","article_modified_time":"2024-07-13T09:03:13+00:00","og_image":[{"width":1181,"height":2339,"url":"https:\/\/font-romeu.fr\/wp-content\/uploads\/2021\/11\/FONT-ROMEU-guide-accueil-hiver-2021-2022-couv.jpg","type":"image\/jpeg"}],"twitter_card":"summary_large_image","schema":{"@context":"https:\/\/schema.org","@graph":[{"@type":"WebPage","@id":"https:\/\/font-romeu.fr\/es\/descubrir\/contacto\/","url":"https:\/\/font-romeu.fr\/es\/descubrir\/contacto\/","name":"Contacto - Font-Romeu","isPartOf":{"@id":"https:\/\/font-romeu.fr\/es\/#website"},"primaryImageOfPage":{"@id":"https:\/\/font-romeu.fr\/es\/descubrir\/contacto\/#primaryimage"},"image":{"@id":"https:\/\/font-romeu.fr\/es\/descubrir\/contacto\/#primaryimage"},"thumbnailUrl":"https:\/\/font-romeu.fr\/wp-content\/uploads\/2023\/09\/contact.jpeg","datePublished":"2021-10-11T09:37:34+00:00","dateModified":"2024-07-13T09:03:13+00:00","description":"Si tiene alguna pregunta, necesita m\u00e1s informaci\u00f3n, sugerencia u observaci\u00f3n, no dude en utilizar el siguiente formulario.","breadcrumb":{"@id":"https:\/\/font-romeu.fr\/es\/descubrir\/contacto\/#breadcrumb"},"inLanguage":"es","potentialAction":[{"@type":"ReadAction","target":["https:\/\/font-romeu.fr\/es\/descubrir\/contacto\/"]}]},{"@type":"ImageObject","inLanguage":"es","@id":"https:\/\/font-romeu.fr\/es\/descubrir\/contacto\/#primaryimage","url":"https:\/\/font-romeu.fr\/wp-content\/uploads\/2023\/09\/contact.jpeg","contentUrl":"https:\/\/font-romeu.fr\/wp-content\/uploads\/2023\/09\/contact.jpeg","width":1200,"height":750,"caption":"Hand putting wooden block cube symbol telephone, email, address. Website page contact us or e-mail marketing concept"},{"@type":"BreadcrumbList","@id":"https:\/\/font-romeu.fr\/es\/descubrir\/contacto\/#breadcrumb","itemListElement":[{"@type":"ListItem","position":1,"name":"Accueil","item":"https:\/\/font-romeu.fr\/es\/"},{"@type":"ListItem","position":2,"name":"Descubrir","item":"https:\/\/font-romeu.fr\/es\/decouvrir\/"},{"@type":"ListItem","position":3,"name":"Contacto"}]},{"@type":"WebSite","@id":"https:\/\/font-romeu.fr\/es\/#website","url":"https:\/\/font-romeu.fr\/es\/","name":"Font-romeu","description":"Changez d&#039;altitude","publisher":{"@id":"https:\/\/font-romeu.fr\/es\/#organization"},"potentialAction":[{"@type":"SearchAction","target":{"@type":"EntryPoint","urlTemplate":"https:\/\/font-romeu.fr\/es\/?s={search_term_string}"},"query-input":{"@type":"PropertyValueSpecification","valueRequired":true,"valueName":"search_term_string"}}],"inLanguage":"es"},{"@type":"Organization","@id":"https:\/\/font-romeu.fr\/es\/#organization","name":"Office de Tourisme de Font-Romeu","url":"https:\/\/font-romeu.fr\/es\/","logo":{"@type":"ImageObject","inLanguage":"es","@id":"https:\/\/font-romeu.fr\/es\/#\/schema\/logo\/image\/","url":"https:\/\/font-romeu.fr\/wp-content\/uploads\/2021\/11\/LogoFontRomeu_orange-1.svg","contentUrl":"https:\/\/font-romeu.fr\/wp-content\/uploads\/2021\/11\/LogoFontRomeu_orange-1.svg","width":1,"height":1,"caption":"Office de Tourisme de Font-Romeu"},"image":{"@id":"https:\/\/font-romeu.fr\/es\/#\/schema\/logo\/image\/"},"sameAs":["https:\/\/www.instagram.com\/stationfontromeu\/"]}]}},"_links":{"self":[{"href":"https:\/\/font-romeu.fr\/es\/wp-json\/wp\/v2\/pages\/19631","targetHints":{"allow":["GET"]}}],"collection":[{"href":"https:\/\/font-romeu.fr\/es\/wp-json\/wp\/v2\/pages"}],"about":[{"href":"https:\/\/font-romeu.fr\/es\/wp-json\/wp\/v2\/types\/page"}],"author":[{"embeddable":true,"href":"https:\/\/font-romeu.fr\/es\/wp-json\/wp\/v2\/users\/15"}],"replies":[{"embeddable":true,"href":"https:\/\/font-romeu.fr\/es\/wp-json\/wp\/v2\/comments?post=19631"}],"version-history":[{"count":1,"href":"https:\/\/font-romeu.fr\/es\/wp-json\/wp\/v2\/pages\/19631\/revisions"}],"predecessor-version":[{"id":27528,"href":"https:\/\/font-romeu.fr\/es\/wp-json\/wp\/v2\/pages\/19631\/revisions\/27528"}],"up":[{"embeddable":true,"href":"https:\/\/font-romeu.fr\/es\/wp-json\/wp\/v2\/pages\/19590"}],"wp:featuredmedia":[{"embeddable":true,"href":"https:\/\/font-romeu.fr\/es\/wp-json\/wp\/v2\/media\/25315"}],"wp:attachment":[{"href":"https:\/\/font-romeu.fr\/es\/wp-json\/wp\/v2\/media?parent=19631"}],"curies":[{"name":"wp","href":"https:\/\/api.w.org\/{rel}","templated":true}]}}