{"id":19769,"date":"2021-10-20T12:24:57","date_gmt":"2021-10-20T10:24:57","guid":{"rendered":"https:\/\/font-romeu.fr\/en-familia\/familia-plus\/"},"modified":"2024-07-24T12:02:58","modified_gmt":"2024-07-24T10:02:58","slug":"familia-plus","status":"publish","type":"page","link":"https:\/\/font-romeu.fr\/es\/en-familia\/familia-plus\/","title":{"rendered":"Familia Plus"},"content":{"rendered":"<h2>FONT-ROMEU, STATION \u00abFAMILY PLUS \u00bb PARA UNAS VACACIONES EN FAMILIA DE \u00c9XITO!<\/h2>\n<p>6 compromisos para la acogida de peque\u00f1os y grandes:<\/p>\n<ul>\n<li>Una atenci\u00f3n personalizada para las familias<\/li>\n<li>Animaciones adaptadas a todas las edades<\/li>\n<li>Del m\u00e1s peque\u00f1o al m\u00e1s grande: a cada uno su tarifa<\/li>\n<li>Actividades para ni\u00f1os y adultos, para vivir juntos o separados<\/li>\n<li>Todos los comercios y servicios a mano<\/li>\n<li>Ni\u00f1os mimados por nuestros profesionales<\/li>\n<\/ul>\n<p>&nbsp;<\/p>\n<p>El sello Familia Plus garantiza la mejor acogida para su familia y una acogida adaptada a la de sus hijos. M\u00e1s informaci\u00f3n sobre: <a href=\"https:\/\/www.familleplus.fr\/\" target=\"_blank\" rel=\"noopener\">www.familleplus.fr\/fr\/font-romeu<\/a><\/p>\n<p>Le invitamos a descargar <a href=\"https:\/\/font-romeu.fr\/en-famille\/documents-a-telecharger\/\">nuestro folleto destino familia<\/a>,, con nuestras recomendaciones de actividades para los m\u00e1s j\u00f3venes.<\/p>\n<p>\u00bfQuieres disfrutar de diferentes actividades cada uno de su lado pero no sabes d\u00f3nde podr\u00edais uniros todos despu\u00e9s? La Oficina de Turismo es SU Punto de Encuentro Familiar Plus. Situado en el coraz\u00f3n de la estaci\u00f3n, cerca de todas las tiendas y actividades, es el lugar ideal para que todos se encuentran f\u00e1cilmente al final del d\u00eda.<\/p>\n<p>En la estaci\u00f3n de esqu\u00ed, su punto de encuentro Family Plus se encuentra frente a la oficina de Altiservice aux Airelles, frente a la caba\u00f1a de la ESF.<\/p>\n<p><strong>Le coin enf<\/strong><strong>ants<\/strong><\/p>\n<p><strong>El rinc\u00f3n de los ni\u00f1os<\/strong><\/p>\n<p>Mientras los adultos recogen toda la informaci\u00f3n necesaria para su estancia, los ni\u00f1os pueden relajarse y jugar en su espacio equipado con libros, colorear, juguetes, mesa y bancos de madera. Los dibujos animados se transmiten por televisi\u00f3n.<\/p>\n<p>En caso de mal tiempo, se organizan concursos para colorear.<\/p>\n<p>Nos interesa su opini\u00f3n, \u00a1no dude en responder a nuestro <a href=\"https:\/\/docs.google.com\/forms\/d\/e\/1FAIpQLScMORJ7HFxdkJaSh0GW-qJNQk8XOUPtjaJTWPyeeS8cao1Frg\/viewform?fbclid=IwZXh0bgNhZW0CMTAAAR1fmagMoV4SjJ-0Ssnl_WMhl43_D9T2DgBE9iDNg9Xo6e8Uh2tMlIFGyi4_aem_Ls83zZJ5MrzdKZsKiFKkMQ\">cuestionario de satisfacci\u00f3n<\/a>\u00a0!<\/p>\n","protected":false},"excerpt":{"rendered":"<p>FONT-ROMEU, STATION \u00abFAMILY PLUS \u00bb PARA UNAS VACACIONES EN FAMILIA DE \u00c9XITO! 6 compromisos para la acogida de peque\u00f1os y grandes: Una atenci\u00f3n personalizada para las familias Animaciones adaptadas a todas las edades Del m\u00e1s peque\u00f1o al m\u00e1s grande: a cada uno su tarifa Actividades para ni\u00f1os y adultos, para vivir juntos o separados Todos [&hellip;]<\/p>\n","protected":false},"author":15,"featured_media":13917,"parent":19764,"menu_order":0,"comment_status":"closed","ping_status":"closed","template":"page-famillePlus.php","meta":{"_acf_changed":false,"footnotes":""},"class_list":["post-19769","page","type-page","status-publish","has-post-thumbnail","hentry"],"acf":[],"yoast_head":"<!-- This site is optimized with the Yoast SEO plugin v27.3 - https:\/\/yoast.com\/product\/yoast-seo-wordpress\/ -->\n<title>Familia Plus - Font-Romeu<\/title>\n<meta name=\"robots\" content=\"index, follow, max-snippet:-1, max-image-preview:large, max-video-preview:-1\" \/>\n<link rel=\"canonical\" href=\"https:\/\/font-romeu.fr\/es\/en-familia\/familia-plus\/\" \/>\n<meta property=\"og:locale\" content=\"es_ES\" \/>\n<meta property=\"og:type\" content=\"article\" \/>\n<meta property=\"og:title\" content=\"Familia Plus - Font-Romeu\" \/>\n<meta property=\"og:description\" content=\"FONT-ROMEU, STATION \u00abFAMILY PLUS \u00bb PARA UNAS VACACIONES EN FAMILIA DE \u00c9XITO! 6 compromisos para la acogida de peque\u00f1os y grandes: Una atenci\u00f3n personalizada para las familias Animaciones adaptadas a todas las edades Del m\u00e1s peque\u00f1o al m\u00e1s grande: a cada uno su tarifa Actividades para ni\u00f1os y adultos, para vivir juntos o separados Todos [&hellip;]\" \/>\n<meta property=\"og:url\" content=\"https:\/\/font-romeu.fr\/es\/en-familia\/familia-plus\/\" \/>\n<meta property=\"og:site_name\" content=\"Font-Romeu\" \/>\n<meta property=\"article:modified_time\" content=\"2024-07-24T10:02:58+00:00\" \/>\n<meta property=\"og:image\" content=\"https:\/\/font-romeu.fr\/wp-content\/uploads\/2021\/11\/label-famille-plus.jpg\" \/>\n\t<meta property=\"og:image:width\" content=\"1025\" \/>\n\t<meta property=\"og:image:height\" content=\"640\" \/>\n\t<meta property=\"og:image:type\" content=\"image\/jpeg\" \/>\n<meta name=\"twitter:card\" content=\"summary_large_image\" \/>\n<meta name=\"twitter:label1\" content=\"Tiempo de lectura\" \/>\n\t<meta name=\"twitter:data1\" content=\"1 minuto\" \/>\n<script type=\"application\/ld+json\" class=\"yoast-schema-graph\">{\"@context\":\"https:\\\/\\\/schema.org\",\"@graph\":[{\"@type\":\"WebPage\",\"@id\":\"https:\\\/\\\/font-romeu.fr\\\/es\\\/en-familia\\\/familia-plus\\\/\",\"url\":\"https:\\\/\\\/font-romeu.fr\\\/es\\\/en-familia\\\/familia-plus\\\/\",\"name\":\"Familia Plus - Font-Romeu\",\"isPartOf\":{\"@id\":\"https:\\\/\\\/font-romeu.fr\\\/es\\\/#website\"},\"primaryImageOfPage\":{\"@id\":\"https:\\\/\\\/font-romeu.fr\\\/es\\\/en-familia\\\/familia-plus\\\/#primaryimage\"},\"image\":{\"@id\":\"https:\\\/\\\/font-romeu.fr\\\/es\\\/en-familia\\\/familia-plus\\\/#primaryimage\"},\"thumbnailUrl\":\"https:\\\/\\\/font-romeu.fr\\\/wp-content\\\/uploads\\\/2021\\\/11\\\/label-famille-plus.jpg\",\"datePublished\":\"2021-10-20T10:24:57+00:00\",\"dateModified\":\"2024-07-24T10:02:58+00:00\",\"breadcrumb\":{\"@id\":\"https:\\\/\\\/font-romeu.fr\\\/es\\\/en-familia\\\/familia-plus\\\/#breadcrumb\"},\"inLanguage\":\"es\",\"potentialAction\":[{\"@type\":\"ReadAction\",\"target\":[\"https:\\\/\\\/font-romeu.fr\\\/es\\\/en-familia\\\/familia-plus\\\/\"]}]},{\"@type\":\"ImageObject\",\"inLanguage\":\"es\",\"@id\":\"https:\\\/\\\/font-romeu.fr\\\/es\\\/en-familia\\\/familia-plus\\\/#primaryimage\",\"url\":\"https:\\\/\\\/font-romeu.fr\\\/wp-content\\\/uploads\\\/2021\\\/11\\\/label-famille-plus.jpg\",\"contentUrl\":\"https:\\\/\\\/font-romeu.fr\\\/wp-content\\\/uploads\\\/2021\\\/11\\\/label-famille-plus.jpg\",\"width\":1025,\"height\":640},{\"@type\":\"BreadcrumbList\",\"@id\":\"https:\\\/\\\/font-romeu.fr\\\/es\\\/en-familia\\\/familia-plus\\\/#breadcrumb\",\"itemListElement\":[{\"@type\":\"ListItem\",\"position\":1,\"name\":\"Accueil\",\"item\":\"https:\\\/\\\/font-romeu.fr\\\/es\\\/\"},{\"@type\":\"ListItem\",\"position\":2,\"name\":\"En familia\",\"item\":\"https:\\\/\\\/font-romeu.fr\\\/es\\\/en-familia\\\/\"},{\"@type\":\"ListItem\",\"position\":3,\"name\":\"Familia Plus\"}]},{\"@type\":\"WebSite\",\"@id\":\"https:\\\/\\\/font-romeu.fr\\\/es\\\/#website\",\"url\":\"https:\\\/\\\/font-romeu.fr\\\/es\\\/\",\"name\":\"Font-romeu\",\"description\":\"Changez d&#039;altitude\",\"publisher\":{\"@id\":\"https:\\\/\\\/font-romeu.fr\\\/es\\\/#organization\"},\"potentialAction\":[{\"@type\":\"SearchAction\",\"target\":{\"@type\":\"EntryPoint\",\"urlTemplate\":\"https:\\\/\\\/font-romeu.fr\\\/es\\\/?s={search_term_string}\"},\"query-input\":{\"@type\":\"PropertyValueSpecification\",\"valueRequired\":true,\"valueName\":\"search_term_string\"}}],\"inLanguage\":\"es\"},{\"@type\":\"Organization\",\"@id\":\"https:\\\/\\\/font-romeu.fr\\\/es\\\/#organization\",\"name\":\"Office de Tourisme de Font-Romeu\",\"url\":\"https:\\\/\\\/font-romeu.fr\\\/es\\\/\",\"logo\":{\"@type\":\"ImageObject\",\"inLanguage\":\"es\",\"@id\":\"https:\\\/\\\/font-romeu.fr\\\/es\\\/#\\\/schema\\\/logo\\\/image\\\/\",\"url\":\"https:\\\/\\\/font-romeu.fr\\\/wp-content\\\/uploads\\\/2021\\\/11\\\/LogoFontRomeu_orange-1.svg\",\"contentUrl\":\"https:\\\/\\\/font-romeu.fr\\\/wp-content\\\/uploads\\\/2021\\\/11\\\/LogoFontRomeu_orange-1.svg\",\"width\":1,\"height\":1,\"caption\":\"Office de Tourisme de Font-Romeu\"},\"image\":{\"@id\":\"https:\\\/\\\/font-romeu.fr\\\/es\\\/#\\\/schema\\\/logo\\\/image\\\/\"},\"sameAs\":[\"https:\\\/\\\/www.instagram.com\\\/stationfontromeu\\\/\"]}]}<\/script>\n<!-- \/ Yoast SEO plugin. -->","yoast_head_json":{"title":"Familia Plus - Font-Romeu","robots":{"index":"index","follow":"follow","max-snippet":"max-snippet:-1","max-image-preview":"max-image-preview:large","max-video-preview":"max-video-preview:-1"},"canonical":"https:\/\/font-romeu.fr\/es\/en-familia\/familia-plus\/","og_locale":"es_ES","og_type":"article","og_title":"Familia Plus - Font-Romeu","og_description":"FONT-ROMEU, STATION \u00abFAMILY PLUS \u00bb PARA UNAS VACACIONES EN FAMILIA DE \u00c9XITO! 6 compromisos para la acogida de peque\u00f1os y grandes: Una atenci\u00f3n personalizada para las familias Animaciones adaptadas a todas las edades Del m\u00e1s peque\u00f1o al m\u00e1s grande: a cada uno su tarifa Actividades para ni\u00f1os y adultos, para vivir juntos o separados Todos [&hellip;]","og_url":"https:\/\/font-romeu.fr\/es\/en-familia\/familia-plus\/","og_site_name":"Font-Romeu","article_modified_time":"2024-07-24T10:02:58+00:00","og_image":[{"width":1025,"height":640,"url":"https:\/\/font-romeu.fr\/wp-content\/uploads\/2021\/11\/label-famille-plus.jpg","type":"image\/jpeg"}],"twitter_card":"summary_large_image","twitter_misc":{"Tiempo de lectura":"1 minuto"},"schema":{"@context":"https:\/\/schema.org","@graph":[{"@type":"WebPage","@id":"https:\/\/font-romeu.fr\/es\/en-familia\/familia-plus\/","url":"https:\/\/font-romeu.fr\/es\/en-familia\/familia-plus\/","name":"Familia Plus - Font-Romeu","isPartOf":{"@id":"https:\/\/font-romeu.fr\/es\/#website"},"primaryImageOfPage":{"@id":"https:\/\/font-romeu.fr\/es\/en-familia\/familia-plus\/#primaryimage"},"image":{"@id":"https:\/\/font-romeu.fr\/es\/en-familia\/familia-plus\/#primaryimage"},"thumbnailUrl":"https:\/\/font-romeu.fr\/wp-content\/uploads\/2021\/11\/label-famille-plus.jpg","datePublished":"2021-10-20T10:24:57+00:00","dateModified":"2024-07-24T10:02:58+00:00","breadcrumb":{"@id":"https:\/\/font-romeu.fr\/es\/en-familia\/familia-plus\/#breadcrumb"},"inLanguage":"es","potentialAction":[{"@type":"ReadAction","target":["https:\/\/font-romeu.fr\/es\/en-familia\/familia-plus\/"]}]},{"@type":"ImageObject","inLanguage":"es","@id":"https:\/\/font-romeu.fr\/es\/en-familia\/familia-plus\/#primaryimage","url":"https:\/\/font-romeu.fr\/wp-content\/uploads\/2021\/11\/label-famille-plus.jpg","contentUrl":"https:\/\/font-romeu.fr\/wp-content\/uploads\/2021\/11\/label-famille-plus.jpg","width":1025,"height":640},{"@type":"BreadcrumbList","@id":"https:\/\/font-romeu.fr\/es\/en-familia\/familia-plus\/#breadcrumb","itemListElement":[{"@type":"ListItem","position":1,"name":"Accueil","item":"https:\/\/font-romeu.fr\/es\/"},{"@type":"ListItem","position":2,"name":"En familia","item":"https:\/\/font-romeu.fr\/es\/en-familia\/"},{"@type":"ListItem","position":3,"name":"Familia Plus"}]},{"@type":"WebSite","@id":"https:\/\/font-romeu.fr\/es\/#website","url":"https:\/\/font-romeu.fr\/es\/","name":"Font-romeu","description":"Changez d&#039;altitude","publisher":{"@id":"https:\/\/font-romeu.fr\/es\/#organization"},"potentialAction":[{"@type":"SearchAction","target":{"@type":"EntryPoint","urlTemplate":"https:\/\/font-romeu.fr\/es\/?s={search_term_string}"},"query-input":{"@type":"PropertyValueSpecification","valueRequired":true,"valueName":"search_term_string"}}],"inLanguage":"es"},{"@type":"Organization","@id":"https:\/\/font-romeu.fr\/es\/#organization","name":"Office de Tourisme de Font-Romeu","url":"https:\/\/font-romeu.fr\/es\/","logo":{"@type":"ImageObject","inLanguage":"es","@id":"https:\/\/font-romeu.fr\/es\/#\/schema\/logo\/image\/","url":"https:\/\/font-romeu.fr\/wp-content\/uploads\/2021\/11\/LogoFontRomeu_orange-1.svg","contentUrl":"https:\/\/font-romeu.fr\/wp-content\/uploads\/2021\/11\/LogoFontRomeu_orange-1.svg","width":1,"height":1,"caption":"Office de Tourisme de Font-Romeu"},"image":{"@id":"https:\/\/font-romeu.fr\/es\/#\/schema\/logo\/image\/"},"sameAs":["https:\/\/www.instagram.com\/stationfontromeu\/"]}]}},"_links":{"self":[{"href":"https:\/\/font-romeu.fr\/es\/wp-json\/wp\/v2\/pages\/19769","targetHints":{"allow":["GET"]}}],"collection":[{"href":"https:\/\/font-romeu.fr\/es\/wp-json\/wp\/v2\/pages"}],"about":[{"href":"https:\/\/font-romeu.fr\/es\/wp-json\/wp\/v2\/types\/page"}],"author":[{"embeddable":true,"href":"https:\/\/font-romeu.fr\/es\/wp-json\/wp\/v2\/users\/15"}],"replies":[{"embeddable":true,"href":"https:\/\/font-romeu.fr\/es\/wp-json\/wp\/v2\/comments?post=19769"}],"version-history":[{"count":1,"href":"https:\/\/font-romeu.fr\/es\/wp-json\/wp\/v2\/pages\/19769\/revisions"}],"predecessor-version":[{"id":27605,"href":"https:\/\/font-romeu.fr\/es\/wp-json\/wp\/v2\/pages\/19769\/revisions\/27605"}],"up":[{"embeddable":true,"href":"https:\/\/font-romeu.fr\/es\/wp-json\/wp\/v2\/pages\/19764"}],"wp:featuredmedia":[{"embeddable":true,"href":"https:\/\/font-romeu.fr\/es\/wp-json\/wp\/v2\/media\/13917"}],"wp:attachment":[{"href":"https:\/\/font-romeu.fr\/es\/wp-json\/wp\/v2\/media?parent=19769"}],"curies":[{"name":"wp","href":"https:\/\/api.w.org\/{rel}","templated":true}]}}