{"id":19898,"date":"2021-10-20T12:23:56","date_gmt":"2021-10-20T10:23:56","guid":{"rendered":"https:\/\/font-romeu.fr\/en-familia\/deslizar-en-familia\/"},"modified":"2023-02-23T12:01:05","modified_gmt":"2023-02-23T11:01:05","slug":"deslizar-en-familia","status":"publish","type":"page","link":"https:\/\/font-romeu.fr\/es\/en-familia\/deslizar-en-familia\/","title":{"rendered":"Deslizar en familia"},"content":{"rendered":"<h2>\u00a1\u00danico en los Pirineos Orientales!<\/h2>\n<p>Descubre los primeros placeres del deslizamiento (esqu\u00ed o snowboard) en las 6 pistas verdes\u00a0 del espacio l\u00fadico y divi\u00e9rtete en familia o con amigos en el doble slalom y el boarder cross. Los \u00abpeques\u00bb y sus padres apreciar\u00e1n las pistas verdes y la naturaleza. Venga tambi\u00e9n a descubrir la fauna de los Pirineos gracias al Chalet de las Huellas. En el Espacio L\u00fadico o en el desv\u00edo de una pista, podr\u00e1s conocer a SNOOTI, el drag\u00f3n de las Nieves. \u00a1Est\u00e1 lleno de sorpresas y recuerdos inolvidables!<br \/>\nAccesibles a los esquiadores y acompa\u00f1antes previa presentaci\u00f3n de un t\u00edtulo de transporte gratuito disponible en las taquillas: \u00abcoeur de station\u00bb y \u00abAirelles\u00bb.<\/p>\n","protected":false},"excerpt":{"rendered":"<p>\u00a1\u00danico en los Pirineos Orientales! Descubre los primeros placeres del deslizamiento (esqu\u00ed o snowboard) en las 6 pistas verdes\u00a0 del espacio l\u00fadico y divi\u00e9rtete en familia o con amigos en el doble slalom y el boarder cross. Los \u00abpeques\u00bb y sus padres apreciar\u00e1n las pistas verdes y la naturaleza. Venga tambi\u00e9n a descubrir la fauna [&hellip;]<\/p>\n","protected":false},"author":15,"featured_media":12759,"parent":19764,"menu_order":0,"comment_status":"closed","ping_status":"closed","template":"page-offresSimple.php","meta":{"_acf_changed":false,"footnotes":""},"class_list":["post-19898","page","type-page","status-publish","has-post-thumbnail","hentry"],"acf":[],"yoast_head":"<!-- This site is optimized with the Yoast SEO plugin v27.3 - https:\/\/yoast.com\/product\/yoast-seo-wordpress\/ -->\n<title>Deslizar en familia - Font-Romeu<\/title>\n<meta name=\"robots\" content=\"index, follow, max-snippet:-1, max-image-preview:large, max-video-preview:-1\" \/>\n<link rel=\"canonical\" href=\"https:\/\/font-romeu.fr\/es\/en-familia\/deslizar-en-familia\/\" \/>\n<meta property=\"og:locale\" content=\"es_ES\" \/>\n<meta property=\"og:type\" content=\"article\" \/>\n<meta property=\"og:title\" content=\"Deslizar en familia - Font-Romeu\" \/>\n<meta property=\"og:description\" content=\"\u00a1\u00danico en los Pirineos Orientales! Descubre los primeros placeres del deslizamiento (esqu\u00ed o snowboard) en las 6 pistas verdes\u00a0 del espacio l\u00fadico y divi\u00e9rtete en familia o con amigos en el doble slalom y el boarder cross. Los \u00abpeques\u00bb y sus padres apreciar\u00e1n las pistas verdes y la naturaleza. Venga tambi\u00e9n a descubrir la fauna [&hellip;]\" \/>\n<meta property=\"og:url\" content=\"https:\/\/font-romeu.fr\/es\/en-familia\/deslizar-en-familia\/\" \/>\n<meta property=\"og:site_name\" content=\"Font-Romeu\" \/>\n<meta property=\"article:modified_time\" content=\"2023-02-23T11:01:05+00:00\" \/>\n<meta property=\"og:image\" content=\"https:\/\/font-romeu.fr\/wp-content\/uploads\/2021\/10\/SNAKE-GLISS-LES-ANGLES-15-sur-28.jpg\" \/>\n\t<meta property=\"og:image:width\" content=\"1024\" \/>\n\t<meta property=\"og:image:height\" content=\"655\" \/>\n\t<meta property=\"og:image:type\" content=\"image\/jpeg\" \/>\n<meta name=\"twitter:card\" content=\"summary_large_image\" \/>\n<meta name=\"twitter:label1\" content=\"Tiempo de lectura\" \/>\n\t<meta name=\"twitter:data1\" content=\"1 minuto\" \/>\n<script type=\"application\/ld+json\" class=\"yoast-schema-graph\">{\"@context\":\"https:\\\/\\\/schema.org\",\"@graph\":[{\"@type\":\"WebPage\",\"@id\":\"https:\\\/\\\/font-romeu.fr\\\/es\\\/en-familia\\\/deslizar-en-familia\\\/\",\"url\":\"https:\\\/\\\/font-romeu.fr\\\/es\\\/en-familia\\\/deslizar-en-familia\\\/\",\"name\":\"Deslizar en familia - Font-Romeu\",\"isPartOf\":{\"@id\":\"https:\\\/\\\/font-romeu.fr\\\/es\\\/#website\"},\"primaryImageOfPage\":{\"@id\":\"https:\\\/\\\/font-romeu.fr\\\/es\\\/en-familia\\\/deslizar-en-familia\\\/#primaryimage\"},\"image\":{\"@id\":\"https:\\\/\\\/font-romeu.fr\\\/es\\\/en-familia\\\/deslizar-en-familia\\\/#primaryimage\"},\"thumbnailUrl\":\"https:\\\/\\\/font-romeu.fr\\\/wp-content\\\/uploads\\\/2021\\\/10\\\/SNAKE-GLISS-LES-ANGLES-15-sur-28.jpg\",\"datePublished\":\"2021-10-20T10:23:56+00:00\",\"dateModified\":\"2023-02-23T11:01:05+00:00\",\"breadcrumb\":{\"@id\":\"https:\\\/\\\/font-romeu.fr\\\/es\\\/en-familia\\\/deslizar-en-familia\\\/#breadcrumb\"},\"inLanguage\":\"es\",\"potentialAction\":[{\"@type\":\"ReadAction\",\"target\":[\"https:\\\/\\\/font-romeu.fr\\\/es\\\/en-familia\\\/deslizar-en-familia\\\/\"]}]},{\"@type\":\"ImageObject\",\"inLanguage\":\"es\",\"@id\":\"https:\\\/\\\/font-romeu.fr\\\/es\\\/en-familia\\\/deslizar-en-familia\\\/#primaryimage\",\"url\":\"https:\\\/\\\/font-romeu.fr\\\/wp-content\\\/uploads\\\/2021\\\/10\\\/SNAKE-GLISS-LES-ANGLES-15-sur-28.jpg\",\"contentUrl\":\"https:\\\/\\\/font-romeu.fr\\\/wp-content\\\/uploads\\\/2021\\\/10\\\/SNAKE-GLISS-LES-ANGLES-15-sur-28.jpg\",\"width\":1024,\"height\":655},{\"@type\":\"BreadcrumbList\",\"@id\":\"https:\\\/\\\/font-romeu.fr\\\/es\\\/en-familia\\\/deslizar-en-familia\\\/#breadcrumb\",\"itemListElement\":[{\"@type\":\"ListItem\",\"position\":1,\"name\":\"Accueil\",\"item\":\"https:\\\/\\\/font-romeu.fr\\\/es\\\/\"},{\"@type\":\"ListItem\",\"position\":2,\"name\":\"En familia\",\"item\":\"https:\\\/\\\/font-romeu.fr\\\/es\\\/en-familia\\\/\"},{\"@type\":\"ListItem\",\"position\":3,\"name\":\"Deslizar en familia\"}]},{\"@type\":\"WebSite\",\"@id\":\"https:\\\/\\\/font-romeu.fr\\\/es\\\/#website\",\"url\":\"https:\\\/\\\/font-romeu.fr\\\/es\\\/\",\"name\":\"Font-romeu\",\"description\":\"Changez d&#039;altitude\",\"publisher\":{\"@id\":\"https:\\\/\\\/font-romeu.fr\\\/es\\\/#organization\"},\"potentialAction\":[{\"@type\":\"SearchAction\",\"target\":{\"@type\":\"EntryPoint\",\"urlTemplate\":\"https:\\\/\\\/font-romeu.fr\\\/es\\\/?s={search_term_string}\"},\"query-input\":{\"@type\":\"PropertyValueSpecification\",\"valueRequired\":true,\"valueName\":\"search_term_string\"}}],\"inLanguage\":\"es\"},{\"@type\":\"Organization\",\"@id\":\"https:\\\/\\\/font-romeu.fr\\\/es\\\/#organization\",\"name\":\"Office de Tourisme de Font-Romeu\",\"url\":\"https:\\\/\\\/font-romeu.fr\\\/es\\\/\",\"logo\":{\"@type\":\"ImageObject\",\"inLanguage\":\"es\",\"@id\":\"https:\\\/\\\/font-romeu.fr\\\/es\\\/#\\\/schema\\\/logo\\\/image\\\/\",\"url\":\"https:\\\/\\\/font-romeu.fr\\\/wp-content\\\/uploads\\\/2021\\\/11\\\/LogoFontRomeu_orange-1.svg\",\"contentUrl\":\"https:\\\/\\\/font-romeu.fr\\\/wp-content\\\/uploads\\\/2021\\\/11\\\/LogoFontRomeu_orange-1.svg\",\"width\":1,\"height\":1,\"caption\":\"Office de Tourisme de Font-Romeu\"},\"image\":{\"@id\":\"https:\\\/\\\/font-romeu.fr\\\/es\\\/#\\\/schema\\\/logo\\\/image\\\/\"},\"sameAs\":[\"https:\\\/\\\/www.instagram.com\\\/stationfontromeu\\\/\"]}]}<\/script>\n<!-- \/ Yoast SEO plugin. -->","yoast_head_json":{"title":"Deslizar en familia - Font-Romeu","robots":{"index":"index","follow":"follow","max-snippet":"max-snippet:-1","max-image-preview":"max-image-preview:large","max-video-preview":"max-video-preview:-1"},"canonical":"https:\/\/font-romeu.fr\/es\/en-familia\/deslizar-en-familia\/","og_locale":"es_ES","og_type":"article","og_title":"Deslizar en familia - Font-Romeu","og_description":"\u00a1\u00danico en los Pirineos Orientales! Descubre los primeros placeres del deslizamiento (esqu\u00ed o snowboard) en las 6 pistas verdes\u00a0 del espacio l\u00fadico y divi\u00e9rtete en familia o con amigos en el doble slalom y el boarder cross. Los \u00abpeques\u00bb y sus padres apreciar\u00e1n las pistas verdes y la naturaleza. Venga tambi\u00e9n a descubrir la fauna [&hellip;]","og_url":"https:\/\/font-romeu.fr\/es\/en-familia\/deslizar-en-familia\/","og_site_name":"Font-Romeu","article_modified_time":"2023-02-23T11:01:05+00:00","og_image":[{"width":1024,"height":655,"url":"https:\/\/font-romeu.fr\/wp-content\/uploads\/2021\/10\/SNAKE-GLISS-LES-ANGLES-15-sur-28.jpg","type":"image\/jpeg"}],"twitter_card":"summary_large_image","twitter_misc":{"Tiempo de lectura":"1 minuto"},"schema":{"@context":"https:\/\/schema.org","@graph":[{"@type":"WebPage","@id":"https:\/\/font-romeu.fr\/es\/en-familia\/deslizar-en-familia\/","url":"https:\/\/font-romeu.fr\/es\/en-familia\/deslizar-en-familia\/","name":"Deslizar en familia - Font-Romeu","isPartOf":{"@id":"https:\/\/font-romeu.fr\/es\/#website"},"primaryImageOfPage":{"@id":"https:\/\/font-romeu.fr\/es\/en-familia\/deslizar-en-familia\/#primaryimage"},"image":{"@id":"https:\/\/font-romeu.fr\/es\/en-familia\/deslizar-en-familia\/#primaryimage"},"thumbnailUrl":"https:\/\/font-romeu.fr\/wp-content\/uploads\/2021\/10\/SNAKE-GLISS-LES-ANGLES-15-sur-28.jpg","datePublished":"2021-10-20T10:23:56+00:00","dateModified":"2023-02-23T11:01:05+00:00","breadcrumb":{"@id":"https:\/\/font-romeu.fr\/es\/en-familia\/deslizar-en-familia\/#breadcrumb"},"inLanguage":"es","potentialAction":[{"@type":"ReadAction","target":["https:\/\/font-romeu.fr\/es\/en-familia\/deslizar-en-familia\/"]}]},{"@type":"ImageObject","inLanguage":"es","@id":"https:\/\/font-romeu.fr\/es\/en-familia\/deslizar-en-familia\/#primaryimage","url":"https:\/\/font-romeu.fr\/wp-content\/uploads\/2021\/10\/SNAKE-GLISS-LES-ANGLES-15-sur-28.jpg","contentUrl":"https:\/\/font-romeu.fr\/wp-content\/uploads\/2021\/10\/SNAKE-GLISS-LES-ANGLES-15-sur-28.jpg","width":1024,"height":655},{"@type":"BreadcrumbList","@id":"https:\/\/font-romeu.fr\/es\/en-familia\/deslizar-en-familia\/#breadcrumb","itemListElement":[{"@type":"ListItem","position":1,"name":"Accueil","item":"https:\/\/font-romeu.fr\/es\/"},{"@type":"ListItem","position":2,"name":"En familia","item":"https:\/\/font-romeu.fr\/es\/en-familia\/"},{"@type":"ListItem","position":3,"name":"Deslizar en familia"}]},{"@type":"WebSite","@id":"https:\/\/font-romeu.fr\/es\/#website","url":"https:\/\/font-romeu.fr\/es\/","name":"Font-romeu","description":"Changez d&#039;altitude","publisher":{"@id":"https:\/\/font-romeu.fr\/es\/#organization"},"potentialAction":[{"@type":"SearchAction","target":{"@type":"EntryPoint","urlTemplate":"https:\/\/font-romeu.fr\/es\/?s={search_term_string}"},"query-input":{"@type":"PropertyValueSpecification","valueRequired":true,"valueName":"search_term_string"}}],"inLanguage":"es"},{"@type":"Organization","@id":"https:\/\/font-romeu.fr\/es\/#organization","name":"Office de Tourisme de Font-Romeu","url":"https:\/\/font-romeu.fr\/es\/","logo":{"@type":"ImageObject","inLanguage":"es","@id":"https:\/\/font-romeu.fr\/es\/#\/schema\/logo\/image\/","url":"https:\/\/font-romeu.fr\/wp-content\/uploads\/2021\/11\/LogoFontRomeu_orange-1.svg","contentUrl":"https:\/\/font-romeu.fr\/wp-content\/uploads\/2021\/11\/LogoFontRomeu_orange-1.svg","width":1,"height":1,"caption":"Office de Tourisme de Font-Romeu"},"image":{"@id":"https:\/\/font-romeu.fr\/es\/#\/schema\/logo\/image\/"},"sameAs":["https:\/\/www.instagram.com\/stationfontromeu\/"]}]}},"_links":{"self":[{"href":"https:\/\/font-romeu.fr\/es\/wp-json\/wp\/v2\/pages\/19898","targetHints":{"allow":["GET"]}}],"collection":[{"href":"https:\/\/font-romeu.fr\/es\/wp-json\/wp\/v2\/pages"}],"about":[{"href":"https:\/\/font-romeu.fr\/es\/wp-json\/wp\/v2\/types\/page"}],"author":[{"embeddable":true,"href":"https:\/\/font-romeu.fr\/es\/wp-json\/wp\/v2\/users\/15"}],"replies":[{"embeddable":true,"href":"https:\/\/font-romeu.fr\/es\/wp-json\/wp\/v2\/comments?post=19898"}],"version-history":[{"count":1,"href":"https:\/\/font-romeu.fr\/es\/wp-json\/wp\/v2\/pages\/19898\/revisions"}],"predecessor-version":[{"id":22683,"href":"https:\/\/font-romeu.fr\/es\/wp-json\/wp\/v2\/pages\/19898\/revisions\/22683"}],"up":[{"embeddable":true,"href":"https:\/\/font-romeu.fr\/es\/wp-json\/wp\/v2\/pages\/19764"}],"wp:featuredmedia":[{"embeddable":true,"href":"https:\/\/font-romeu.fr\/es\/wp-json\/wp\/v2\/media\/12759"}],"wp:attachment":[{"href":"https:\/\/font-romeu.fr\/es\/wp-json\/wp\/v2\/media?parent=19898"}],"curies":[{"name":"wp","href":"https:\/\/api.w.org\/{rel}","templated":true}]}}