{"id":19902,"date":"2021-10-20T12:24:16","date_gmt":"2021-10-20T10:24:16","guid":{"rendered":"https:\/\/font-romeu.fr\/en-familia\/senderos-y-picnic\/"},"modified":"2021-10-20T12:24:16","modified_gmt":"2021-10-20T10:24:16","slug":"senderos-y-picnic","status":"publish","type":"page","link":"https:\/\/font-romeu.fr\/es\/en-familia\/senderos-y-picnic\/","title":{"rendered":"Senderos y picnic"},"content":{"rendered":"<h2>Senderos con cochecito<\/h2>\n<p>\u00bfEst\u00e1s de vacaciones en familia con ni\u00f1os peque\u00f1os?<\/p>\n<p>Tambi\u00e9n pensamos en usted y le ofrecemos <strong>3 circuitos sombreados accesibles en cochecitos<\/strong> (todo terreno o de ruedas anchas).<\/p>\n<p>&nbsp;<\/p>\n<ul>\n<li>El sendero de Farneils (<strong>Mapa del pueblo: M2<\/strong>). Con una longitud de 2 km ida\/vuelta, este sendero forestal propone a su salida, una zona de picnic.<\/li>\n<li>el Camino de Uteau (<strong>Mapa del pueblo: L7<\/strong>). Con una longitud de 2,4 km ida\/vuelta, este sendero forestal le permite llegar al pueblo de Bolqu\u00e8re Pyr\u00e9n\u00e9es 2000.<\/li>\n<li>El Museo Sin Muros ( <strong>Mapa del pueblo: H7<\/strong>). Con una longitud de 2,5 km ida\/vuelta, este sendero forestal le har\u00e1 descubrir numerosas obras de arte de artistas locales. Atenci\u00f3n, peque\u00f1a subida antes de llegar a la pista multi-actividades!<\/li>\n<\/ul>\n","protected":false},"excerpt":{"rendered":"<p>Senderos con cochecito \u00bfEst\u00e1s de vacaciones en familia con ni\u00f1os peque\u00f1os? Tambi\u00e9n pensamos en usted y le ofrecemos 3 circuitos sombreados accesibles en cochecitos (todo terreno o de ruedas anchas). &nbsp; El sendero de Farneils (Mapa del pueblo: M2). Con una longitud de 2 km ida\/vuelta, este sendero forestal propone a su salida, una zona [&hellip;]<\/p>\n","protected":false},"author":15,"featured_media":34709,"parent":19764,"menu_order":0,"comment_status":"closed","ping_status":"closed","template":"page-offresSimple.php","meta":{"_acf_changed":false,"footnotes":""},"class_list":["post-19902","page","type-page","status-publish","has-post-thumbnail","hentry"],"acf":[],"yoast_head":"<!-- This site is optimized with the Yoast SEO plugin v27.3 - https:\/\/yoast.com\/product\/yoast-seo-wordpress\/ -->\n<title>Senderos y picnic - Font-Romeu<\/title>\n<meta name=\"robots\" content=\"index, follow, max-snippet:-1, max-image-preview:large, max-video-preview:-1\" \/>\n<link rel=\"canonical\" href=\"https:\/\/font-romeu.fr\/es\/en-familia\/senderos-y-picnic\/\" \/>\n<meta property=\"og:locale\" content=\"es_ES\" \/>\n<meta property=\"og:type\" content=\"article\" \/>\n<meta property=\"og:title\" content=\"Senderos y picnic - Font-Romeu\" \/>\n<meta property=\"og:description\" content=\"Senderos con cochecito \u00bfEst\u00e1s de vacaciones en familia con ni\u00f1os peque\u00f1os? Tambi\u00e9n pensamos en usted y le ofrecemos 3 circuitos sombreados accesibles en cochecitos (todo terreno o de ruedas anchas). &nbsp; El sendero de Farneils (Mapa del pueblo: M2). Con una longitud de 2 km ida\/vuelta, este sendero forestal propone a su salida, una zona [&hellip;]\" \/>\n<meta property=\"og:url\" content=\"https:\/\/font-romeu.fr\/es\/en-familia\/senderos-y-picnic\/\" \/>\n<meta property=\"og:site_name\" content=\"Font-Romeu\" \/>\n<meta property=\"og:image\" content=\"https:\/\/font-romeu.fr\/wp-content\/uploads\/2021\/11\/FONT-ROMEU-guide-accueil-hiver-2021-2022-couv.jpg\" \/>\n\t<meta property=\"og:image:width\" content=\"1181\" \/>\n\t<meta property=\"og:image:height\" content=\"2339\" \/>\n\t<meta property=\"og:image:type\" content=\"image\/jpeg\" \/>\n<meta name=\"twitter:card\" content=\"summary_large_image\" \/>\n<meta name=\"twitter:label1\" content=\"Tiempo de lectura\" \/>\n\t<meta name=\"twitter:data1\" content=\"1 minuto\" \/>\n<script type=\"application\/ld+json\" class=\"yoast-schema-graph\">{\"@context\":\"https:\\\/\\\/schema.org\",\"@graph\":[{\"@type\":\"WebPage\",\"@id\":\"https:\\\/\\\/font-romeu.fr\\\/es\\\/en-familia\\\/senderos-y-picnic\\\/\",\"url\":\"https:\\\/\\\/font-romeu.fr\\\/es\\\/en-familia\\\/senderos-y-picnic\\\/\",\"name\":\"Senderos y picnic - Font-Romeu\",\"isPartOf\":{\"@id\":\"https:\\\/\\\/font-romeu.fr\\\/es\\\/#website\"},\"primaryImageOfPage\":{\"@id\":\"https:\\\/\\\/font-romeu.fr\\\/es\\\/en-familia\\\/senderos-y-picnic\\\/#primaryimage\"},\"image\":{\"@id\":\"https:\\\/\\\/font-romeu.fr\\\/es\\\/en-familia\\\/senderos-y-picnic\\\/#primaryimage\"},\"thumbnailUrl\":\"https:\\\/\\\/font-romeu.fr\\\/wp-content\\\/uploads\\\/2026\\\/02\\\/1C9A1848-scaled.jpg\",\"datePublished\":\"2021-10-20T10:24:16+00:00\",\"breadcrumb\":{\"@id\":\"https:\\\/\\\/font-romeu.fr\\\/es\\\/en-familia\\\/senderos-y-picnic\\\/#breadcrumb\"},\"inLanguage\":\"es\",\"potentialAction\":[{\"@type\":\"ReadAction\",\"target\":[\"https:\\\/\\\/font-romeu.fr\\\/es\\\/en-familia\\\/senderos-y-picnic\\\/\"]}]},{\"@type\":\"ImageObject\",\"inLanguage\":\"es\",\"@id\":\"https:\\\/\\\/font-romeu.fr\\\/es\\\/en-familia\\\/senderos-y-picnic\\\/#primaryimage\",\"url\":\"https:\\\/\\\/font-romeu.fr\\\/wp-content\\\/uploads\\\/2026\\\/02\\\/1C9A1848-scaled.jpg\",\"contentUrl\":\"https:\\\/\\\/font-romeu.fr\\\/wp-content\\\/uploads\\\/2026\\\/02\\\/1C9A1848-scaled.jpg\",\"width\":1707,\"height\":2560},{\"@type\":\"BreadcrumbList\",\"@id\":\"https:\\\/\\\/font-romeu.fr\\\/es\\\/en-familia\\\/senderos-y-picnic\\\/#breadcrumb\",\"itemListElement\":[{\"@type\":\"ListItem\",\"position\":1,\"name\":\"Accueil\",\"item\":\"https:\\\/\\\/font-romeu.fr\\\/es\\\/\"},{\"@type\":\"ListItem\",\"position\":2,\"name\":\"En familia\",\"item\":\"https:\\\/\\\/font-romeu.fr\\\/es\\\/en-familia\\\/\"},{\"@type\":\"ListItem\",\"position\":3,\"name\":\"Senderos y picnic\"}]},{\"@type\":\"WebSite\",\"@id\":\"https:\\\/\\\/font-romeu.fr\\\/es\\\/#website\",\"url\":\"https:\\\/\\\/font-romeu.fr\\\/es\\\/\",\"name\":\"Font-romeu\",\"description\":\"Changez d&#039;altitude\",\"publisher\":{\"@id\":\"https:\\\/\\\/font-romeu.fr\\\/es\\\/#organization\"},\"potentialAction\":[{\"@type\":\"SearchAction\",\"target\":{\"@type\":\"EntryPoint\",\"urlTemplate\":\"https:\\\/\\\/font-romeu.fr\\\/es\\\/?s={search_term_string}\"},\"query-input\":{\"@type\":\"PropertyValueSpecification\",\"valueRequired\":true,\"valueName\":\"search_term_string\"}}],\"inLanguage\":\"es\"},{\"@type\":\"Organization\",\"@id\":\"https:\\\/\\\/font-romeu.fr\\\/es\\\/#organization\",\"name\":\"Office de Tourisme de Font-Romeu\",\"url\":\"https:\\\/\\\/font-romeu.fr\\\/es\\\/\",\"logo\":{\"@type\":\"ImageObject\",\"inLanguage\":\"es\",\"@id\":\"https:\\\/\\\/font-romeu.fr\\\/es\\\/#\\\/schema\\\/logo\\\/image\\\/\",\"url\":\"https:\\\/\\\/font-romeu.fr\\\/wp-content\\\/uploads\\\/2021\\\/11\\\/LogoFontRomeu_orange-1.svg\",\"contentUrl\":\"https:\\\/\\\/font-romeu.fr\\\/wp-content\\\/uploads\\\/2021\\\/11\\\/LogoFontRomeu_orange-1.svg\",\"width\":1,\"height\":1,\"caption\":\"Office de Tourisme de Font-Romeu\"},\"image\":{\"@id\":\"https:\\\/\\\/font-romeu.fr\\\/es\\\/#\\\/schema\\\/logo\\\/image\\\/\"},\"sameAs\":[\"https:\\\/\\\/www.instagram.com\\\/stationfontromeu\\\/\"]}]}<\/script>\n<!-- \/ Yoast SEO plugin. -->","yoast_head_json":{"title":"Senderos y picnic - Font-Romeu","robots":{"index":"index","follow":"follow","max-snippet":"max-snippet:-1","max-image-preview":"max-image-preview:large","max-video-preview":"max-video-preview:-1"},"canonical":"https:\/\/font-romeu.fr\/es\/en-familia\/senderos-y-picnic\/","og_locale":"es_ES","og_type":"article","og_title":"Senderos y picnic - Font-Romeu","og_description":"Senderos con cochecito \u00bfEst\u00e1s de vacaciones en familia con ni\u00f1os peque\u00f1os? Tambi\u00e9n pensamos en usted y le ofrecemos 3 circuitos sombreados accesibles en cochecitos (todo terreno o de ruedas anchas). &nbsp; El sendero de Farneils (Mapa del pueblo: M2). Con una longitud de 2 km ida\/vuelta, este sendero forestal propone a su salida, una zona [&hellip;]","og_url":"https:\/\/font-romeu.fr\/es\/en-familia\/senderos-y-picnic\/","og_site_name":"Font-Romeu","og_image":[{"width":1181,"height":2339,"url":"https:\/\/font-romeu.fr\/wp-content\/uploads\/2021\/11\/FONT-ROMEU-guide-accueil-hiver-2021-2022-couv.jpg","type":"image\/jpeg"}],"twitter_card":"summary_large_image","twitter_misc":{"Tiempo de lectura":"1 minuto"},"schema":{"@context":"https:\/\/schema.org","@graph":[{"@type":"WebPage","@id":"https:\/\/font-romeu.fr\/es\/en-familia\/senderos-y-picnic\/","url":"https:\/\/font-romeu.fr\/es\/en-familia\/senderos-y-picnic\/","name":"Senderos y picnic - Font-Romeu","isPartOf":{"@id":"https:\/\/font-romeu.fr\/es\/#website"},"primaryImageOfPage":{"@id":"https:\/\/font-romeu.fr\/es\/en-familia\/senderos-y-picnic\/#primaryimage"},"image":{"@id":"https:\/\/font-romeu.fr\/es\/en-familia\/senderos-y-picnic\/#primaryimage"},"thumbnailUrl":"https:\/\/font-romeu.fr\/wp-content\/uploads\/2026\/02\/1C9A1848-scaled.jpg","datePublished":"2021-10-20T10:24:16+00:00","breadcrumb":{"@id":"https:\/\/font-romeu.fr\/es\/en-familia\/senderos-y-picnic\/#breadcrumb"},"inLanguage":"es","potentialAction":[{"@type":"ReadAction","target":["https:\/\/font-romeu.fr\/es\/en-familia\/senderos-y-picnic\/"]}]},{"@type":"ImageObject","inLanguage":"es","@id":"https:\/\/font-romeu.fr\/es\/en-familia\/senderos-y-picnic\/#primaryimage","url":"https:\/\/font-romeu.fr\/wp-content\/uploads\/2026\/02\/1C9A1848-scaled.jpg","contentUrl":"https:\/\/font-romeu.fr\/wp-content\/uploads\/2026\/02\/1C9A1848-scaled.jpg","width":1707,"height":2560},{"@type":"BreadcrumbList","@id":"https:\/\/font-romeu.fr\/es\/en-familia\/senderos-y-picnic\/#breadcrumb","itemListElement":[{"@type":"ListItem","position":1,"name":"Accueil","item":"https:\/\/font-romeu.fr\/es\/"},{"@type":"ListItem","position":2,"name":"En familia","item":"https:\/\/font-romeu.fr\/es\/en-familia\/"},{"@type":"ListItem","position":3,"name":"Senderos y picnic"}]},{"@type":"WebSite","@id":"https:\/\/font-romeu.fr\/es\/#website","url":"https:\/\/font-romeu.fr\/es\/","name":"Font-romeu","description":"Changez d&#039;altitude","publisher":{"@id":"https:\/\/font-romeu.fr\/es\/#organization"},"potentialAction":[{"@type":"SearchAction","target":{"@type":"EntryPoint","urlTemplate":"https:\/\/font-romeu.fr\/es\/?s={search_term_string}"},"query-input":{"@type":"PropertyValueSpecification","valueRequired":true,"valueName":"search_term_string"}}],"inLanguage":"es"},{"@type":"Organization","@id":"https:\/\/font-romeu.fr\/es\/#organization","name":"Office de Tourisme de Font-Romeu","url":"https:\/\/font-romeu.fr\/es\/","logo":{"@type":"ImageObject","inLanguage":"es","@id":"https:\/\/font-romeu.fr\/es\/#\/schema\/logo\/image\/","url":"https:\/\/font-romeu.fr\/wp-content\/uploads\/2021\/11\/LogoFontRomeu_orange-1.svg","contentUrl":"https:\/\/font-romeu.fr\/wp-content\/uploads\/2021\/11\/LogoFontRomeu_orange-1.svg","width":1,"height":1,"caption":"Office de Tourisme de Font-Romeu"},"image":{"@id":"https:\/\/font-romeu.fr\/es\/#\/schema\/logo\/image\/"},"sameAs":["https:\/\/www.instagram.com\/stationfontromeu\/"]}]}},"_links":{"self":[{"href":"https:\/\/font-romeu.fr\/es\/wp-json\/wp\/v2\/pages\/19902","targetHints":{"allow":["GET"]}}],"collection":[{"href":"https:\/\/font-romeu.fr\/es\/wp-json\/wp\/v2\/pages"}],"about":[{"href":"https:\/\/font-romeu.fr\/es\/wp-json\/wp\/v2\/types\/page"}],"author":[{"embeddable":true,"href":"https:\/\/font-romeu.fr\/es\/wp-json\/wp\/v2\/users\/15"}],"replies":[{"embeddable":true,"href":"https:\/\/font-romeu.fr\/es\/wp-json\/wp\/v2\/comments?post=19902"}],"version-history":[{"count":0,"href":"https:\/\/font-romeu.fr\/es\/wp-json\/wp\/v2\/pages\/19902\/revisions"}],"up":[{"embeddable":true,"href":"https:\/\/font-romeu.fr\/es\/wp-json\/wp\/v2\/pages\/19764"}],"wp:featuredmedia":[{"embeddable":true,"href":"https:\/\/font-romeu.fr\/es\/wp-json\/wp\/v2\/media\/34709"}],"wp:attachment":[{"href":"https:\/\/font-romeu.fr\/es\/wp-json\/wp\/v2\/media?parent=19902"}],"curies":[{"name":"wp","href":"https:\/\/api.w.org\/{rel}","templated":true}]}}