{"id":20007,"date":"2021-11-04T10:33:25","date_gmt":"2021-11-04T09:33:25","guid":{"rendered":"https:\/\/font-romeu.fr\/escape-game\/"},"modified":"2021-11-04T10:33:25","modified_gmt":"2021-11-04T09:33:25","slug":"escape-game","status":"publish","type":"page","link":"https:\/\/font-romeu.fr\/es\/escape-game\/","title":{"rendered":"Escape Game"},"content":{"rendered":"<h2>Vive la experiencia Escape Game en familia o con amigos en el coraz\u00f3n del antiguo pueblo de Odeillo<\/h2>\n<p>La Oficina de Turismo de Font-Romeu le propone 2 nuevos juegos permanentes de Escape Game en el coraz\u00f3n del antiguo pueblo de Odeillo que ofrecen rompecabezas l\u00fadicos y cerebrales para todas las edades.<\/p>\n<p>Una aventura en inmersi\u00f3n total con un recorrido familiar \u00abLa leyenda del Pr\u00edncipe y de la Pastora de Odeillo\u00bb ( ni\u00f1os de 6 a 14 a\u00f1os) y un recorrido Adulto ( a partir de 14 a\u00f1os) \u00abEl Tesoro Maldito del Conquistador perdido\u00bb.<\/p>\n<p>En ambos casos, su b\u00fasqueda terminar\u00e1 en la Oficina de Turismo para intentar, con la combinaci\u00f3n correcta, abrir los cofres que esconden estos tesoros perdidos y obtener as\u00ed su certificaci\u00f3n de aventurero experimentado! Estos juegos est\u00e1n disponibles en la App Font-Romeu<\/p>\n","protected":false},"excerpt":{"rendered":"<p>Vive la experiencia Escape Game en familia o con amigos en el coraz\u00f3n del antiguo pueblo de Odeillo La Oficina de Turismo de Font-Romeu le propone 2 nuevos juegos permanentes de Escape Game en el coraz\u00f3n del antiguo pueblo de Odeillo que ofrecen rompecabezas l\u00fadicos y cerebrales para todas las edades. Una aventura en inmersi\u00f3n [&hellip;]<\/p>\n","protected":false},"author":15,"featured_media":13757,"parent":0,"menu_order":0,"comment_status":"closed","ping_status":"closed","template":"page-offresSimple.php","meta":{"_acf_changed":false,"footnotes":""},"class_list":["post-20007","page","type-page","status-publish","has-post-thumbnail","hentry"],"acf":[],"yoast_head":"<!-- This site is optimized with the Yoast SEO plugin v27.3 - https:\/\/yoast.com\/product\/yoast-seo-wordpress\/ -->\n<title>Escape Game - Font-Romeu<\/title>\n<meta name=\"robots\" content=\"index, follow, max-snippet:-1, max-image-preview:large, max-video-preview:-1\" \/>\n<link rel=\"canonical\" href=\"https:\/\/font-romeu.fr\/es\/escape-game\/\" \/>\n<meta property=\"og:locale\" content=\"es_ES\" \/>\n<meta property=\"og:type\" content=\"article\" \/>\n<meta property=\"og:title\" content=\"Escape Game - Font-Romeu\" \/>\n<meta property=\"og:description\" content=\"Vive la experiencia Escape Game en familia o con amigos en el coraz\u00f3n del antiguo pueblo de Odeillo La Oficina de Turismo de Font-Romeu le propone 2 nuevos juegos permanentes de Escape Game en el coraz\u00f3n del antiguo pueblo de Odeillo que ofrecen rompecabezas l\u00fadicos y cerebrales para todas las edades. Una aventura en inmersi\u00f3n [&hellip;]\" \/>\n<meta property=\"og:url\" content=\"https:\/\/font-romeu.fr\/es\/escape-game\/\" \/>\n<meta property=\"og:site_name\" content=\"Font-Romeu\" \/>\n<meta property=\"og:image\" content=\"https:\/\/font-romeu.fr\/wp-content\/uploads\/2021\/11\/FONT-ROMEU-guide-accueil-hiver-2021-2022-couv.jpg\" \/>\n\t<meta property=\"og:image:width\" content=\"1181\" \/>\n\t<meta property=\"og:image:height\" content=\"2339\" \/>\n\t<meta property=\"og:image:type\" content=\"image\/jpeg\" \/>\n<meta name=\"twitter:card\" content=\"summary_large_image\" \/>\n<meta name=\"twitter:label1\" content=\"Tiempo de lectura\" \/>\n\t<meta name=\"twitter:data1\" content=\"1 minuto\" \/>\n<script type=\"application\/ld+json\" class=\"yoast-schema-graph\">{\"@context\":\"https:\\\/\\\/schema.org\",\"@graph\":[{\"@type\":\"WebPage\",\"@id\":\"https:\\\/\\\/font-romeu.fr\\\/es\\\/escape-game\\\/\",\"url\":\"https:\\\/\\\/font-romeu.fr\\\/es\\\/escape-game\\\/\",\"name\":\"Escape Game - Font-Romeu\",\"isPartOf\":{\"@id\":\"https:\\\/\\\/font-romeu.fr\\\/es\\\/#website\"},\"primaryImageOfPage\":{\"@id\":\"https:\\\/\\\/font-romeu.fr\\\/es\\\/escape-game\\\/#primaryimage\"},\"image\":{\"@id\":\"https:\\\/\\\/font-romeu.fr\\\/es\\\/escape-game\\\/#primaryimage\"},\"thumbnailUrl\":\"https:\\\/\\\/font-romeu.fr\\\/wp-content\\\/uploads\\\/2021\\\/11\\\/listjeux.jpg\",\"datePublished\":\"2021-11-04T09:33:25+00:00\",\"breadcrumb\":{\"@id\":\"https:\\\/\\\/font-romeu.fr\\\/es\\\/escape-game\\\/#breadcrumb\"},\"inLanguage\":\"es\",\"potentialAction\":[{\"@type\":\"ReadAction\",\"target\":[\"https:\\\/\\\/font-romeu.fr\\\/es\\\/escape-game\\\/\"]}]},{\"@type\":\"ImageObject\",\"inLanguage\":\"es\",\"@id\":\"https:\\\/\\\/font-romeu.fr\\\/es\\\/escape-game\\\/#primaryimage\",\"url\":\"https:\\\/\\\/font-romeu.fr\\\/wp-content\\\/uploads\\\/2021\\\/11\\\/listjeux.jpg\",\"contentUrl\":\"https:\\\/\\\/font-romeu.fr\\\/wp-content\\\/uploads\\\/2021\\\/11\\\/listjeux.jpg\",\"width\":768,\"height\":492,\"caption\":\"escape game font romeu\"},{\"@type\":\"BreadcrumbList\",\"@id\":\"https:\\\/\\\/font-romeu.fr\\\/es\\\/escape-game\\\/#breadcrumb\",\"itemListElement\":[{\"@type\":\"ListItem\",\"position\":1,\"name\":\"Accueil\",\"item\":\"https:\\\/\\\/font-romeu.fr\\\/es\\\/\"},{\"@type\":\"ListItem\",\"position\":2,\"name\":\"Escape Game\"}]},{\"@type\":\"WebSite\",\"@id\":\"https:\\\/\\\/font-romeu.fr\\\/es\\\/#website\",\"url\":\"https:\\\/\\\/font-romeu.fr\\\/es\\\/\",\"name\":\"Font-romeu\",\"description\":\"Changez d&#039;altitude\",\"publisher\":{\"@id\":\"https:\\\/\\\/font-romeu.fr\\\/es\\\/#organization\"},\"potentialAction\":[{\"@type\":\"SearchAction\",\"target\":{\"@type\":\"EntryPoint\",\"urlTemplate\":\"https:\\\/\\\/font-romeu.fr\\\/es\\\/?s={search_term_string}\"},\"query-input\":{\"@type\":\"PropertyValueSpecification\",\"valueRequired\":true,\"valueName\":\"search_term_string\"}}],\"inLanguage\":\"es\"},{\"@type\":\"Organization\",\"@id\":\"https:\\\/\\\/font-romeu.fr\\\/es\\\/#organization\",\"name\":\"Office de Tourisme de Font-Romeu\",\"url\":\"https:\\\/\\\/font-romeu.fr\\\/es\\\/\",\"logo\":{\"@type\":\"ImageObject\",\"inLanguage\":\"es\",\"@id\":\"https:\\\/\\\/font-romeu.fr\\\/es\\\/#\\\/schema\\\/logo\\\/image\\\/\",\"url\":\"https:\\\/\\\/font-romeu.fr\\\/wp-content\\\/uploads\\\/2021\\\/11\\\/LogoFontRomeu_orange-1.svg\",\"contentUrl\":\"https:\\\/\\\/font-romeu.fr\\\/wp-content\\\/uploads\\\/2021\\\/11\\\/LogoFontRomeu_orange-1.svg\",\"width\":1,\"height\":1,\"caption\":\"Office de Tourisme de Font-Romeu\"},\"image\":{\"@id\":\"https:\\\/\\\/font-romeu.fr\\\/es\\\/#\\\/schema\\\/logo\\\/image\\\/\"},\"sameAs\":[\"https:\\\/\\\/www.instagram.com\\\/stationfontromeu\\\/\"]}]}<\/script>\n<!-- \/ Yoast SEO plugin. -->","yoast_head_json":{"title":"Escape Game - Font-Romeu","robots":{"index":"index","follow":"follow","max-snippet":"max-snippet:-1","max-image-preview":"max-image-preview:large","max-video-preview":"max-video-preview:-1"},"canonical":"https:\/\/font-romeu.fr\/es\/escape-game\/","og_locale":"es_ES","og_type":"article","og_title":"Escape Game - Font-Romeu","og_description":"Vive la experiencia Escape Game en familia o con amigos en el coraz\u00f3n del antiguo pueblo de Odeillo La Oficina de Turismo de Font-Romeu le propone 2 nuevos juegos permanentes de Escape Game en el coraz\u00f3n del antiguo pueblo de Odeillo que ofrecen rompecabezas l\u00fadicos y cerebrales para todas las edades. Una aventura en inmersi\u00f3n [&hellip;]","og_url":"https:\/\/font-romeu.fr\/es\/escape-game\/","og_site_name":"Font-Romeu","og_image":[{"width":1181,"height":2339,"url":"https:\/\/font-romeu.fr\/wp-content\/uploads\/2021\/11\/FONT-ROMEU-guide-accueil-hiver-2021-2022-couv.jpg","type":"image\/jpeg"}],"twitter_card":"summary_large_image","twitter_misc":{"Tiempo de lectura":"1 minuto"},"schema":{"@context":"https:\/\/schema.org","@graph":[{"@type":"WebPage","@id":"https:\/\/font-romeu.fr\/es\/escape-game\/","url":"https:\/\/font-romeu.fr\/es\/escape-game\/","name":"Escape Game - Font-Romeu","isPartOf":{"@id":"https:\/\/font-romeu.fr\/es\/#website"},"primaryImageOfPage":{"@id":"https:\/\/font-romeu.fr\/es\/escape-game\/#primaryimage"},"image":{"@id":"https:\/\/font-romeu.fr\/es\/escape-game\/#primaryimage"},"thumbnailUrl":"https:\/\/font-romeu.fr\/wp-content\/uploads\/2021\/11\/listjeux.jpg","datePublished":"2021-11-04T09:33:25+00:00","breadcrumb":{"@id":"https:\/\/font-romeu.fr\/es\/escape-game\/#breadcrumb"},"inLanguage":"es","potentialAction":[{"@type":"ReadAction","target":["https:\/\/font-romeu.fr\/es\/escape-game\/"]}]},{"@type":"ImageObject","inLanguage":"es","@id":"https:\/\/font-romeu.fr\/es\/escape-game\/#primaryimage","url":"https:\/\/font-romeu.fr\/wp-content\/uploads\/2021\/11\/listjeux.jpg","contentUrl":"https:\/\/font-romeu.fr\/wp-content\/uploads\/2021\/11\/listjeux.jpg","width":768,"height":492,"caption":"escape game font romeu"},{"@type":"BreadcrumbList","@id":"https:\/\/font-romeu.fr\/es\/escape-game\/#breadcrumb","itemListElement":[{"@type":"ListItem","position":1,"name":"Accueil","item":"https:\/\/font-romeu.fr\/es\/"},{"@type":"ListItem","position":2,"name":"Escape Game"}]},{"@type":"WebSite","@id":"https:\/\/font-romeu.fr\/es\/#website","url":"https:\/\/font-romeu.fr\/es\/","name":"Font-romeu","description":"Changez d&#039;altitude","publisher":{"@id":"https:\/\/font-romeu.fr\/es\/#organization"},"potentialAction":[{"@type":"SearchAction","target":{"@type":"EntryPoint","urlTemplate":"https:\/\/font-romeu.fr\/es\/?s={search_term_string}"},"query-input":{"@type":"PropertyValueSpecification","valueRequired":true,"valueName":"search_term_string"}}],"inLanguage":"es"},{"@type":"Organization","@id":"https:\/\/font-romeu.fr\/es\/#organization","name":"Office de Tourisme de Font-Romeu","url":"https:\/\/font-romeu.fr\/es\/","logo":{"@type":"ImageObject","inLanguage":"es","@id":"https:\/\/font-romeu.fr\/es\/#\/schema\/logo\/image\/","url":"https:\/\/font-romeu.fr\/wp-content\/uploads\/2021\/11\/LogoFontRomeu_orange-1.svg","contentUrl":"https:\/\/font-romeu.fr\/wp-content\/uploads\/2021\/11\/LogoFontRomeu_orange-1.svg","width":1,"height":1,"caption":"Office de Tourisme de Font-Romeu"},"image":{"@id":"https:\/\/font-romeu.fr\/es\/#\/schema\/logo\/image\/"},"sameAs":["https:\/\/www.instagram.com\/stationfontromeu\/"]}]}},"_links":{"self":[{"href":"https:\/\/font-romeu.fr\/es\/wp-json\/wp\/v2\/pages\/20007","targetHints":{"allow":["GET"]}}],"collection":[{"href":"https:\/\/font-romeu.fr\/es\/wp-json\/wp\/v2\/pages"}],"about":[{"href":"https:\/\/font-romeu.fr\/es\/wp-json\/wp\/v2\/types\/page"}],"author":[{"embeddable":true,"href":"https:\/\/font-romeu.fr\/es\/wp-json\/wp\/v2\/users\/15"}],"replies":[{"embeddable":true,"href":"https:\/\/font-romeu.fr\/es\/wp-json\/wp\/v2\/comments?post=20007"}],"version-history":[{"count":0,"href":"https:\/\/font-romeu.fr\/es\/wp-json\/wp\/v2\/pages\/20007\/revisions"}],"wp:featuredmedia":[{"embeddable":true,"href":"https:\/\/font-romeu.fr\/es\/wp-json\/wp\/v2\/media\/13757"}],"wp:attachment":[{"href":"https:\/\/font-romeu.fr\/es\/wp-json\/wp\/v2\/media?parent=20007"}],"curies":[{"name":"wp","href":"https:\/\/api.w.org\/{rel}","templated":true}]}}