{"id":20012,"date":"2019-05-17T10:42:44","date_gmt":"2019-05-17T08:42:44","guid":{"rendered":"https:\/\/font-romeu.fr\/menciones-legales\/"},"modified":"2023-07-30T09:32:33","modified_gmt":"2023-07-30T07:32:33","slug":"menciones-legales","status":"publish","type":"page","link":"https:\/\/font-romeu.fr\/es\/menciones-legales\/","title":{"rendered":"Menciones legales"},"content":{"rendered":"<h2>DERECHOS DE AUTOR<\/h2>\n<p>El sitio web <a href=\"http:\/\/www.font-romeu.fr\/\">http:\/\/www.font-romeu.fr<\/a> es propiedad de la Oficina de Turismo de Font Romeu<\/p>\n<p>De acuerdo con el C\u00f3digo de Propiedad Intelectual, cualquier explotaci\u00f3n (representaci\u00f3n o reproducci\u00f3n) de todo o parte del sitio web est\u00e1 estrictamente prohibida sin la autorizaci\u00f3n previa y expresa de la Oficina de Turismo de Font Romeu.<\/p>\n<p>&nbsp;<\/p>\n<h2>RESPETO POR LA PRIVACIDAD Y LA NO RECOPILACI\u00d3N DE DATOS DE APLICACIONES M\u00d3VILES<\/h2>\n<p>La aplicaci\u00f3n m\u00f3vil Font Romeu distribuida en Google Playstore no almacena la siguiente informaci\u00f3n: :<\/p>\n<p>\u2013 los datos privados del usuario, ya sea su correo electr\u00f3nico, apellidos, nombre, direcci\u00f3n o n\u00famero de tel\u00e9fono.<br \/>\n\u2013 Coordenadas de localizaci\u00f3n GPS o cualquier informaci\u00f3n recuperada a trav\u00e9s de los componentes nativos del tel\u00e9fono (c\u00e1mara, sensor, giroscopio..)<br \/>\n\u2013 La informaci\u00f3n como el nombre del equipo y el tiempo de finalizaci\u00f3n se almacena en el almacenamiento de su dispositivo con el \u00fanico prop\u00f3sito de clasificar y no se utiliza para ning\u00fan otro prop\u00f3sito.<\/p>\n<p>La aplicaci\u00f3n solo almacena los resultados del juego de escape cuyo nombre de equipo (y solo el nombre) se completa en el lanzamiento del juego. Ning\u00fan otro dato est\u00e1 afiliado a este resultado.<\/p>\n<p>&nbsp;<\/p>\n<h2>ADVERTENCIA<\/h2>\n<p>Los datos, no exhaustivos, presentados en la p\u00e1gina web de la Oficina de Turismo de Font Romeu se facilitan a t\u00edtulo informativo. Se recogen varios meses antes de su publicaci\u00f3n. Por lo tanto, la Oficina de Turismo de Font Romeu no se hace responsable de los cambios que puedan producirse durante el a\u00f1o. Es su responsabilidad verificar la exactitud de la informaci\u00f3n con nuestros proveedores de servicios.<\/p>\n<p>&nbsp;<\/p>\n<h2>ENLACES DE HIPERTEXTO<\/h2>\n<p>La Oficina de Turismo de Font Romeu declina toda responsabilidad por los sitios web accesibles desde su propio sitio.<\/p>\n<p>Un enlace dirigiendo al sitio web <a href=\"http:\/\/www.font-romeu.fr\/\">http:\/\/www.font-romeu.fr<\/a> s\u00f3lo puede crearse previa autorizaci\u00f3n expresa de Manche Tourisme.<\/p>\n<p>&nbsp;<\/p>\n<h2>TECNOLOG\u00cdA DE LA INFORMACI\u00d3N Y LIBERTADES<\/h2>\n<p>La web de la Oficina de Turismo de Font Romeu ha sido declarada a la Comisi\u00f3n Nacional de Inform\u00e1tica y Libertades (CNIL).<\/p>\n<p>Tiene derecho a acceder, modificar, rectificar y eliminar los datos que le conciernen (art. 34 de la ley \u00abInformatique et Libert\u00e9s\u00bb del 6 de enero de 1978). Para cualquier solicitud, p\u00f3ngase en contacto con :<\/p>\n<p><strong>Oficina de Turismo de Font Romeu<\/strong><br \/>\n43 avenue Emmanuel Brousse<br \/>\nB.P. 55 \u2013 66122 Font-Romeu Cedex<br \/>\nTelf. (0)4.68.30.68.30 \u2013 Fax (0)4.68.30.29.70<\/p>\n<p>&nbsp;<\/p>\n<h2>CR\u00c9DITO DE LA FOTO<\/h2>\n<p>Cr\u00e9dito de la foto.<\/p>\n<p>&nbsp;<\/p>\n<h2>INFORMACI\u00d3N LEGAL<\/h2>\n<h3>Director de publicaci\u00f3n :<\/h3>\n<p>Christian Sarran, Director<\/p>\n<h3>Dise\u00f1o, producci\u00f3n y alojamiento del sitio web :<\/h3>\n<p><strong>Agence Hookipa<\/strong><br \/>\n3 rue des Arts 31000 Toulouse<br \/>\nTelf : 05 61 20 91 80<\/p>\n<p>Sitio Web : <a href=\"https:\/\/agence-hookipa.com\/\" target=\"_blank\" rel=\"noopener\">agence-hookipa.com<\/a><\/p>\n","protected":false},"excerpt":{"rendered":"<p>DERECHOS DE AUTOR El sitio web http:\/\/www.font-romeu.fr es propiedad de la Oficina de Turismo de Font Romeu De acuerdo con el C\u00f3digo de Propiedad Intelectual, cualquier explotaci\u00f3n (representaci\u00f3n o reproducci\u00f3n) de todo o parte del sitio web est\u00e1 estrictamente prohibida sin la autorizaci\u00f3n previa y expresa de la Oficina de Turismo de Font Romeu. &nbsp; [&hellip;]<\/p>\n","protected":false},"author":15,"featured_media":0,"parent":0,"menu_order":0,"comment_status":"closed","ping_status":"closed","template":"","meta":{"_acf_changed":false,"footnotes":""},"class_list":["post-20012","page","type-page","status-publish","hentry"],"acf":[],"yoast_head":"<!-- This site is optimized with the Yoast SEO plugin v27.3 - https:\/\/yoast.com\/product\/yoast-seo-wordpress\/ -->\n<title>Menciones legales - Font-Romeu<\/title>\n<meta name=\"robots\" content=\"index, follow, max-snippet:-1, max-image-preview:large, max-video-preview:-1\" \/>\n<link rel=\"canonical\" href=\"https:\/\/font-romeu.fr\/es\/menciones-legales\/\" \/>\n<meta property=\"og:locale\" content=\"es_ES\" \/>\n<meta property=\"og:type\" content=\"article\" \/>\n<meta property=\"og:title\" content=\"Menciones legales - Font-Romeu\" \/>\n<meta property=\"og:description\" content=\"DERECHOS DE AUTOR El sitio web http:\/\/www.font-romeu.fr es propiedad de la Oficina de Turismo de Font Romeu De acuerdo con el C\u00f3digo de Propiedad Intelectual, cualquier explotaci\u00f3n (representaci\u00f3n o reproducci\u00f3n) de todo o parte del sitio web est\u00e1 estrictamente prohibida sin la autorizaci\u00f3n previa y expresa de la Oficina de Turismo de Font Romeu. &nbsp; [&hellip;]\" \/>\n<meta property=\"og:url\" content=\"https:\/\/font-romeu.fr\/es\/menciones-legales\/\" \/>\n<meta property=\"og:site_name\" content=\"Font-Romeu\" \/>\n<meta property=\"article:modified_time\" content=\"2023-07-30T07:32:33+00:00\" \/>\n<meta property=\"og:image\" content=\"https:\/\/font-romeu.fr\/wp-content\/uploads\/2021\/11\/FONT-ROMEU-guide-accueil-hiver-2021-2022-couv.jpg\" \/>\n\t<meta property=\"og:image:width\" content=\"1181\" \/>\n\t<meta property=\"og:image:height\" content=\"2339\" \/>\n\t<meta property=\"og:image:type\" content=\"image\/jpeg\" \/>\n<meta name=\"twitter:card\" content=\"summary_large_image\" \/>\n<meta name=\"twitter:label1\" content=\"Tiempo de lectura\" \/>\n\t<meta name=\"twitter:data1\" content=\"2 minutos\" \/>\n<script type=\"application\/ld+json\" class=\"yoast-schema-graph\">{\"@context\":\"https:\\\/\\\/schema.org\",\"@graph\":[{\"@type\":\"WebPage\",\"@id\":\"https:\\\/\\\/font-romeu.fr\\\/es\\\/menciones-legales\\\/\",\"url\":\"https:\\\/\\\/font-romeu.fr\\\/es\\\/menciones-legales\\\/\",\"name\":\"Menciones legales - Font-Romeu\",\"isPartOf\":{\"@id\":\"https:\\\/\\\/font-romeu.fr\\\/es\\\/#website\"},\"datePublished\":\"2019-05-17T08:42:44+00:00\",\"dateModified\":\"2023-07-30T07:32:33+00:00\",\"breadcrumb\":{\"@id\":\"https:\\\/\\\/font-romeu.fr\\\/es\\\/menciones-legales\\\/#breadcrumb\"},\"inLanguage\":\"es\",\"potentialAction\":[{\"@type\":\"ReadAction\",\"target\":[\"https:\\\/\\\/font-romeu.fr\\\/es\\\/menciones-legales\\\/\"]}]},{\"@type\":\"BreadcrumbList\",\"@id\":\"https:\\\/\\\/font-romeu.fr\\\/es\\\/menciones-legales\\\/#breadcrumb\",\"itemListElement\":[{\"@type\":\"ListItem\",\"position\":1,\"name\":\"Accueil\",\"item\":\"https:\\\/\\\/font-romeu.fr\\\/es\\\/\"},{\"@type\":\"ListItem\",\"position\":2,\"name\":\"Menciones legales\"}]},{\"@type\":\"WebSite\",\"@id\":\"https:\\\/\\\/font-romeu.fr\\\/es\\\/#website\",\"url\":\"https:\\\/\\\/font-romeu.fr\\\/es\\\/\",\"name\":\"Font-romeu\",\"description\":\"Changez d&#039;altitude\",\"publisher\":{\"@id\":\"https:\\\/\\\/font-romeu.fr\\\/es\\\/#organization\"},\"potentialAction\":[{\"@type\":\"SearchAction\",\"target\":{\"@type\":\"EntryPoint\",\"urlTemplate\":\"https:\\\/\\\/font-romeu.fr\\\/es\\\/?s={search_term_string}\"},\"query-input\":{\"@type\":\"PropertyValueSpecification\",\"valueRequired\":true,\"valueName\":\"search_term_string\"}}],\"inLanguage\":\"es\"},{\"@type\":\"Organization\",\"@id\":\"https:\\\/\\\/font-romeu.fr\\\/es\\\/#organization\",\"name\":\"Office de Tourisme de Font-Romeu\",\"url\":\"https:\\\/\\\/font-romeu.fr\\\/es\\\/\",\"logo\":{\"@type\":\"ImageObject\",\"inLanguage\":\"es\",\"@id\":\"https:\\\/\\\/font-romeu.fr\\\/es\\\/#\\\/schema\\\/logo\\\/image\\\/\",\"url\":\"https:\\\/\\\/font-romeu.fr\\\/wp-content\\\/uploads\\\/2021\\\/11\\\/LogoFontRomeu_orange-1.svg\",\"contentUrl\":\"https:\\\/\\\/font-romeu.fr\\\/wp-content\\\/uploads\\\/2021\\\/11\\\/LogoFontRomeu_orange-1.svg\",\"width\":1,\"height\":1,\"caption\":\"Office de Tourisme de Font-Romeu\"},\"image\":{\"@id\":\"https:\\\/\\\/font-romeu.fr\\\/es\\\/#\\\/schema\\\/logo\\\/image\\\/\"},\"sameAs\":[\"https:\\\/\\\/www.instagram.com\\\/stationfontromeu\\\/\"]}]}<\/script>\n<!-- \/ Yoast SEO plugin. -->","yoast_head_json":{"title":"Menciones legales - Font-Romeu","robots":{"index":"index","follow":"follow","max-snippet":"max-snippet:-1","max-image-preview":"max-image-preview:large","max-video-preview":"max-video-preview:-1"},"canonical":"https:\/\/font-romeu.fr\/es\/menciones-legales\/","og_locale":"es_ES","og_type":"article","og_title":"Menciones legales - Font-Romeu","og_description":"DERECHOS DE AUTOR El sitio web http:\/\/www.font-romeu.fr es propiedad de la Oficina de Turismo de Font Romeu De acuerdo con el C\u00f3digo de Propiedad Intelectual, cualquier explotaci\u00f3n (representaci\u00f3n o reproducci\u00f3n) de todo o parte del sitio web est\u00e1 estrictamente prohibida sin la autorizaci\u00f3n previa y expresa de la Oficina de Turismo de Font Romeu. &nbsp; [&hellip;]","og_url":"https:\/\/font-romeu.fr\/es\/menciones-legales\/","og_site_name":"Font-Romeu","article_modified_time":"2023-07-30T07:32:33+00:00","og_image":[{"width":1181,"height":2339,"url":"https:\/\/font-romeu.fr\/wp-content\/uploads\/2021\/11\/FONT-ROMEU-guide-accueil-hiver-2021-2022-couv.jpg","type":"image\/jpeg"}],"twitter_card":"summary_large_image","twitter_misc":{"Tiempo de lectura":"2 minutos"},"schema":{"@context":"https:\/\/schema.org","@graph":[{"@type":"WebPage","@id":"https:\/\/font-romeu.fr\/es\/menciones-legales\/","url":"https:\/\/font-romeu.fr\/es\/menciones-legales\/","name":"Menciones legales - Font-Romeu","isPartOf":{"@id":"https:\/\/font-romeu.fr\/es\/#website"},"datePublished":"2019-05-17T08:42:44+00:00","dateModified":"2023-07-30T07:32:33+00:00","breadcrumb":{"@id":"https:\/\/font-romeu.fr\/es\/menciones-legales\/#breadcrumb"},"inLanguage":"es","potentialAction":[{"@type":"ReadAction","target":["https:\/\/font-romeu.fr\/es\/menciones-legales\/"]}]},{"@type":"BreadcrumbList","@id":"https:\/\/font-romeu.fr\/es\/menciones-legales\/#breadcrumb","itemListElement":[{"@type":"ListItem","position":1,"name":"Accueil","item":"https:\/\/font-romeu.fr\/es\/"},{"@type":"ListItem","position":2,"name":"Menciones legales"}]},{"@type":"WebSite","@id":"https:\/\/font-romeu.fr\/es\/#website","url":"https:\/\/font-romeu.fr\/es\/","name":"Font-romeu","description":"Changez d&#039;altitude","publisher":{"@id":"https:\/\/font-romeu.fr\/es\/#organization"},"potentialAction":[{"@type":"SearchAction","target":{"@type":"EntryPoint","urlTemplate":"https:\/\/font-romeu.fr\/es\/?s={search_term_string}"},"query-input":{"@type":"PropertyValueSpecification","valueRequired":true,"valueName":"search_term_string"}}],"inLanguage":"es"},{"@type":"Organization","@id":"https:\/\/font-romeu.fr\/es\/#organization","name":"Office de Tourisme de Font-Romeu","url":"https:\/\/font-romeu.fr\/es\/","logo":{"@type":"ImageObject","inLanguage":"es","@id":"https:\/\/font-romeu.fr\/es\/#\/schema\/logo\/image\/","url":"https:\/\/font-romeu.fr\/wp-content\/uploads\/2021\/11\/LogoFontRomeu_orange-1.svg","contentUrl":"https:\/\/font-romeu.fr\/wp-content\/uploads\/2021\/11\/LogoFontRomeu_orange-1.svg","width":1,"height":1,"caption":"Office de Tourisme de Font-Romeu"},"image":{"@id":"https:\/\/font-romeu.fr\/es\/#\/schema\/logo\/image\/"},"sameAs":["https:\/\/www.instagram.com\/stationfontromeu\/"]}]}},"_links":{"self":[{"href":"https:\/\/font-romeu.fr\/es\/wp-json\/wp\/v2\/pages\/20012","targetHints":{"allow":["GET"]}}],"collection":[{"href":"https:\/\/font-romeu.fr\/es\/wp-json\/wp\/v2\/pages"}],"about":[{"href":"https:\/\/font-romeu.fr\/es\/wp-json\/wp\/v2\/types\/page"}],"author":[{"embeddable":true,"href":"https:\/\/font-romeu.fr\/es\/wp-json\/wp\/v2\/users\/15"}],"replies":[{"embeddable":true,"href":"https:\/\/font-romeu.fr\/es\/wp-json\/wp\/v2\/comments?post=20012"}],"version-history":[{"count":2,"href":"https:\/\/font-romeu.fr\/es\/wp-json\/wp\/v2\/pages\/20012\/revisions"}],"predecessor-version":[{"id":24274,"href":"https:\/\/font-romeu.fr\/es\/wp-json\/wp\/v2\/pages\/20012\/revisions\/24274"}],"wp:attachment":[{"href":"https:\/\/font-romeu.fr\/es\/wp-json\/wp\/v2\/media?parent=20012"}],"curies":[{"name":"wp","href":"https:\/\/api.w.org\/{rel}","templated":true}]}}