{"id":20049,"date":"2021-10-20T12:15:49","date_gmt":"2021-10-20T10:15:49","guid":{"rendered":"https:\/\/font-romeu.fr\/diverstirse\/visitas-y-artesania\/"},"modified":"2022-09-25T22:48:09","modified_gmt":"2022-09-25T20:48:09","slug":"visitas-y-artesania","status":"publish","type":"page","link":"https:\/\/font-romeu.fr\/es\/diverstirse\/visitas-y-artesania\/","title":{"rendered":"Visitas y artesan\u00eda"},"content":{"rendered":"<h2>Los artesanos creadores de nuestras monta\u00f1as<\/h2>\n<p>Proponen sus producciones y os inician en su arte con f\u00f3rmulas de iniciaci\u00f3n adaptadas, se redescubren tambi\u00e9n las pr\u00e1cticas agr\u00edcolas locales con degustaciones de sus suntuosos productos, sus queser\u00edas familiares, sus charcuterias y sus visitas l\u00fadicas y pedag\u00f3gicas para ni\u00f1os y adultos.<\/p>\n<p><strong>\u00a1Visitas imprescindibles durante su estancia en Font-Romeu!<\/strong><\/p>\n","protected":false},"excerpt":{"rendered":"<p>Los artesanos creadores de nuestras monta\u00f1as Proponen sus producciones y os inician en su arte con f\u00f3rmulas de iniciaci\u00f3n adaptadas, se redescubren tambi\u00e9n las pr\u00e1cticas agr\u00edcolas locales con degustaciones de sus suntuosos productos, sus queser\u00edas familiares, sus charcuterias y sus visitas l\u00fadicas y pedag\u00f3gicas para ni\u00f1os y adultos. \u00a1Visitas imprescindibles durante su estancia en Font-Romeu!<\/p>\n","protected":false},"author":15,"featured_media":12795,"parent":20030,"menu_order":0,"comment_status":"closed","ping_status":"closed","template":"page-offresSimple.php","meta":{"_acf_changed":false,"footnotes":""},"class_list":["post-20049","page","type-page","status-publish","has-post-thumbnail","hentry"],"acf":[],"yoast_head":"<!-- This site is optimized with the Yoast SEO plugin v27.3 - https:\/\/yoast.com\/product\/yoast-seo-wordpress\/ -->\n<title>Visitas y artesan\u00eda - Font-Romeu<\/title>\n<meta name=\"robots\" content=\"index, follow, max-snippet:-1, max-image-preview:large, max-video-preview:-1\" \/>\n<link rel=\"canonical\" href=\"https:\/\/font-romeu.fr\/es\/diverstirse\/visitas-y-artesania\/\" \/>\n<meta property=\"og:locale\" content=\"es_ES\" \/>\n<meta property=\"og:type\" content=\"article\" \/>\n<meta property=\"og:title\" content=\"Visitas y artesan\u00eda - Font-Romeu\" \/>\n<meta property=\"og:description\" content=\"Los artesanos creadores de nuestras monta\u00f1as Proponen sus producciones y os inician en su arte con f\u00f3rmulas de iniciaci\u00f3n adaptadas, se redescubren tambi\u00e9n las pr\u00e1cticas agr\u00edcolas locales con degustaciones de sus suntuosos productos, sus queser\u00edas familiares, sus charcuterias y sus visitas l\u00fadicas y pedag\u00f3gicas para ni\u00f1os y adultos. \u00a1Visitas imprescindibles durante su estancia en Font-Romeu!\" \/>\n<meta property=\"og:url\" content=\"https:\/\/font-romeu.fr\/es\/diverstirse\/visitas-y-artesania\/\" \/>\n<meta property=\"og:site_name\" content=\"Font-Romeu\" \/>\n<meta property=\"article:modified_time\" content=\"2022-09-25T20:48:09+00:00\" \/>\n<meta property=\"og:image\" content=\"https:\/\/font-romeu.fr\/wp-content\/uploads\/2021\/11\/poterie.png\" \/>\n\t<meta property=\"og:image:width\" content=\"1024\" \/>\n\t<meta property=\"og:image:height\" content=\"640\" \/>\n\t<meta property=\"og:image:type\" content=\"image\/png\" \/>\n<meta name=\"twitter:card\" content=\"summary_large_image\" \/>\n<script type=\"application\/ld+json\" class=\"yoast-schema-graph\">{\"@context\":\"https:\\\/\\\/schema.org\",\"@graph\":[{\"@type\":\"WebPage\",\"@id\":\"https:\\\/\\\/font-romeu.fr\\\/es\\\/diverstirse\\\/visitas-y-artesania\\\/\",\"url\":\"https:\\\/\\\/font-romeu.fr\\\/es\\\/diverstirse\\\/visitas-y-artesania\\\/\",\"name\":\"Visitas y artesan\u00eda - Font-Romeu\",\"isPartOf\":{\"@id\":\"https:\\\/\\\/font-romeu.fr\\\/es\\\/#website\"},\"primaryImageOfPage\":{\"@id\":\"https:\\\/\\\/font-romeu.fr\\\/es\\\/diverstirse\\\/visitas-y-artesania\\\/#primaryimage\"},\"image\":{\"@id\":\"https:\\\/\\\/font-romeu.fr\\\/es\\\/diverstirse\\\/visitas-y-artesania\\\/#primaryimage\"},\"thumbnailUrl\":\"https:\\\/\\\/font-romeu.fr\\\/wp-content\\\/uploads\\\/2021\\\/11\\\/poterie.png\",\"datePublished\":\"2021-10-20T10:15:49+00:00\",\"dateModified\":\"2022-09-25T20:48:09+00:00\",\"breadcrumb\":{\"@id\":\"https:\\\/\\\/font-romeu.fr\\\/es\\\/diverstirse\\\/visitas-y-artesania\\\/#breadcrumb\"},\"inLanguage\":\"es\",\"potentialAction\":[{\"@type\":\"ReadAction\",\"target\":[\"https:\\\/\\\/font-romeu.fr\\\/es\\\/diverstirse\\\/visitas-y-artesania\\\/\"]}]},{\"@type\":\"ImageObject\",\"inLanguage\":\"es\",\"@id\":\"https:\\\/\\\/font-romeu.fr\\\/es\\\/diverstirse\\\/visitas-y-artesania\\\/#primaryimage\",\"url\":\"https:\\\/\\\/font-romeu.fr\\\/wp-content\\\/uploads\\\/2021\\\/11\\\/poterie.png\",\"contentUrl\":\"https:\\\/\\\/font-romeu.fr\\\/wp-content\\\/uploads\\\/2021\\\/11\\\/poterie.png\",\"width\":1024,\"height\":640},{\"@type\":\"BreadcrumbList\",\"@id\":\"https:\\\/\\\/font-romeu.fr\\\/es\\\/diverstirse\\\/visitas-y-artesania\\\/#breadcrumb\",\"itemListElement\":[{\"@type\":\"ListItem\",\"position\":1,\"name\":\"Accueil\",\"item\":\"https:\\\/\\\/font-romeu.fr\\\/es\\\/\"},{\"@type\":\"ListItem\",\"position\":2,\"name\":\"Diverstirse\",\"item\":\"https:\\\/\\\/font-romeu.fr\\\/es\\\/diverstirse\\\/\"},{\"@type\":\"ListItem\",\"position\":3,\"name\":\"Visitas y artesan\u00eda\"}]},{\"@type\":\"WebSite\",\"@id\":\"https:\\\/\\\/font-romeu.fr\\\/es\\\/#website\",\"url\":\"https:\\\/\\\/font-romeu.fr\\\/es\\\/\",\"name\":\"Font-romeu\",\"description\":\"Changez d&#039;altitude\",\"publisher\":{\"@id\":\"https:\\\/\\\/font-romeu.fr\\\/es\\\/#organization\"},\"potentialAction\":[{\"@type\":\"SearchAction\",\"target\":{\"@type\":\"EntryPoint\",\"urlTemplate\":\"https:\\\/\\\/font-romeu.fr\\\/es\\\/?s={search_term_string}\"},\"query-input\":{\"@type\":\"PropertyValueSpecification\",\"valueRequired\":true,\"valueName\":\"search_term_string\"}}],\"inLanguage\":\"es\"},{\"@type\":\"Organization\",\"@id\":\"https:\\\/\\\/font-romeu.fr\\\/es\\\/#organization\",\"name\":\"Office de Tourisme de Font-Romeu\",\"url\":\"https:\\\/\\\/font-romeu.fr\\\/es\\\/\",\"logo\":{\"@type\":\"ImageObject\",\"inLanguage\":\"es\",\"@id\":\"https:\\\/\\\/font-romeu.fr\\\/es\\\/#\\\/schema\\\/logo\\\/image\\\/\",\"url\":\"https:\\\/\\\/font-romeu.fr\\\/wp-content\\\/uploads\\\/2021\\\/11\\\/LogoFontRomeu_orange-1.svg\",\"contentUrl\":\"https:\\\/\\\/font-romeu.fr\\\/wp-content\\\/uploads\\\/2021\\\/11\\\/LogoFontRomeu_orange-1.svg\",\"width\":1,\"height\":1,\"caption\":\"Office de Tourisme de Font-Romeu\"},\"image\":{\"@id\":\"https:\\\/\\\/font-romeu.fr\\\/es\\\/#\\\/schema\\\/logo\\\/image\\\/\"},\"sameAs\":[\"https:\\\/\\\/www.instagram.com\\\/stationfontromeu\\\/\"]}]}<\/script>\n<!-- \/ Yoast SEO plugin. -->","yoast_head_json":{"title":"Visitas y artesan\u00eda - Font-Romeu","robots":{"index":"index","follow":"follow","max-snippet":"max-snippet:-1","max-image-preview":"max-image-preview:large","max-video-preview":"max-video-preview:-1"},"canonical":"https:\/\/font-romeu.fr\/es\/diverstirse\/visitas-y-artesania\/","og_locale":"es_ES","og_type":"article","og_title":"Visitas y artesan\u00eda - Font-Romeu","og_description":"Los artesanos creadores de nuestras monta\u00f1as Proponen sus producciones y os inician en su arte con f\u00f3rmulas de iniciaci\u00f3n adaptadas, se redescubren tambi\u00e9n las pr\u00e1cticas agr\u00edcolas locales con degustaciones de sus suntuosos productos, sus queser\u00edas familiares, sus charcuterias y sus visitas l\u00fadicas y pedag\u00f3gicas para ni\u00f1os y adultos. \u00a1Visitas imprescindibles durante su estancia en Font-Romeu!","og_url":"https:\/\/font-romeu.fr\/es\/diverstirse\/visitas-y-artesania\/","og_site_name":"Font-Romeu","article_modified_time":"2022-09-25T20:48:09+00:00","og_image":[{"width":1024,"height":640,"url":"https:\/\/font-romeu.fr\/wp-content\/uploads\/2021\/11\/poterie.png","type":"image\/png"}],"twitter_card":"summary_large_image","schema":{"@context":"https:\/\/schema.org","@graph":[{"@type":"WebPage","@id":"https:\/\/font-romeu.fr\/es\/diverstirse\/visitas-y-artesania\/","url":"https:\/\/font-romeu.fr\/es\/diverstirse\/visitas-y-artesania\/","name":"Visitas y artesan\u00eda - Font-Romeu","isPartOf":{"@id":"https:\/\/font-romeu.fr\/es\/#website"},"primaryImageOfPage":{"@id":"https:\/\/font-romeu.fr\/es\/diverstirse\/visitas-y-artesania\/#primaryimage"},"image":{"@id":"https:\/\/font-romeu.fr\/es\/diverstirse\/visitas-y-artesania\/#primaryimage"},"thumbnailUrl":"https:\/\/font-romeu.fr\/wp-content\/uploads\/2021\/11\/poterie.png","datePublished":"2021-10-20T10:15:49+00:00","dateModified":"2022-09-25T20:48:09+00:00","breadcrumb":{"@id":"https:\/\/font-romeu.fr\/es\/diverstirse\/visitas-y-artesania\/#breadcrumb"},"inLanguage":"es","potentialAction":[{"@type":"ReadAction","target":["https:\/\/font-romeu.fr\/es\/diverstirse\/visitas-y-artesania\/"]}]},{"@type":"ImageObject","inLanguage":"es","@id":"https:\/\/font-romeu.fr\/es\/diverstirse\/visitas-y-artesania\/#primaryimage","url":"https:\/\/font-romeu.fr\/wp-content\/uploads\/2021\/11\/poterie.png","contentUrl":"https:\/\/font-romeu.fr\/wp-content\/uploads\/2021\/11\/poterie.png","width":1024,"height":640},{"@type":"BreadcrumbList","@id":"https:\/\/font-romeu.fr\/es\/diverstirse\/visitas-y-artesania\/#breadcrumb","itemListElement":[{"@type":"ListItem","position":1,"name":"Accueil","item":"https:\/\/font-romeu.fr\/es\/"},{"@type":"ListItem","position":2,"name":"Diverstirse","item":"https:\/\/font-romeu.fr\/es\/diverstirse\/"},{"@type":"ListItem","position":3,"name":"Visitas y artesan\u00eda"}]},{"@type":"WebSite","@id":"https:\/\/font-romeu.fr\/es\/#website","url":"https:\/\/font-romeu.fr\/es\/","name":"Font-romeu","description":"Changez d&#039;altitude","publisher":{"@id":"https:\/\/font-romeu.fr\/es\/#organization"},"potentialAction":[{"@type":"SearchAction","target":{"@type":"EntryPoint","urlTemplate":"https:\/\/font-romeu.fr\/es\/?s={search_term_string}"},"query-input":{"@type":"PropertyValueSpecification","valueRequired":true,"valueName":"search_term_string"}}],"inLanguage":"es"},{"@type":"Organization","@id":"https:\/\/font-romeu.fr\/es\/#organization","name":"Office de Tourisme de Font-Romeu","url":"https:\/\/font-romeu.fr\/es\/","logo":{"@type":"ImageObject","inLanguage":"es","@id":"https:\/\/font-romeu.fr\/es\/#\/schema\/logo\/image\/","url":"https:\/\/font-romeu.fr\/wp-content\/uploads\/2021\/11\/LogoFontRomeu_orange-1.svg","contentUrl":"https:\/\/font-romeu.fr\/wp-content\/uploads\/2021\/11\/LogoFontRomeu_orange-1.svg","width":1,"height":1,"caption":"Office de Tourisme de Font-Romeu"},"image":{"@id":"https:\/\/font-romeu.fr\/es\/#\/schema\/logo\/image\/"},"sameAs":["https:\/\/www.instagram.com\/stationfontromeu\/"]}]}},"_links":{"self":[{"href":"https:\/\/font-romeu.fr\/es\/wp-json\/wp\/v2\/pages\/20049","targetHints":{"allow":["GET"]}}],"collection":[{"href":"https:\/\/font-romeu.fr\/es\/wp-json\/wp\/v2\/pages"}],"about":[{"href":"https:\/\/font-romeu.fr\/es\/wp-json\/wp\/v2\/types\/page"}],"author":[{"embeddable":true,"href":"https:\/\/font-romeu.fr\/es\/wp-json\/wp\/v2\/users\/15"}],"replies":[{"embeddable":true,"href":"https:\/\/font-romeu.fr\/es\/wp-json\/wp\/v2\/comments?post=20049"}],"version-history":[{"count":1,"href":"https:\/\/font-romeu.fr\/es\/wp-json\/wp\/v2\/pages\/20049\/revisions"}],"predecessor-version":[{"id":20051,"href":"https:\/\/font-romeu.fr\/es\/wp-json\/wp\/v2\/pages\/20049\/revisions\/20051"}],"up":[{"embeddable":true,"href":"https:\/\/font-romeu.fr\/es\/wp-json\/wp\/v2\/pages\/20030"}],"wp:featuredmedia":[{"embeddable":true,"href":"https:\/\/font-romeu.fr\/es\/wp-json\/wp\/v2\/media\/12795"}],"wp:attachment":[{"href":"https:\/\/font-romeu.fr\/es\/wp-json\/wp\/v2\/media?parent=20049"}],"curies":[{"name":"wp","href":"https:\/\/api.w.org\/{rel}","templated":true}]}}