{"id":20078,"date":"2021-10-14T12:15:32","date_gmt":"2021-10-14T10:15:32","guid":{"rendered":"https:\/\/font-romeu.fr\/alojarse\/alojamiento\/gites-chambres-dhotes\/"},"modified":"2021-10-14T12:15:32","modified_gmt":"2021-10-14T10:15:32","slug":"gites-chambres-dhotes","status":"publish","type":"page","link":"https:\/\/font-romeu.fr\/es\/alojarse\/alojamiento\/gites-chambres-dhotes\/","title":{"rendered":"G\u00eetes, Chambres d&#8217;h\u00f4tes"},"content":{"rendered":"<p>En el lado del pueblo o el lado del complejo es siempre el Encanto y la Autenticidad que caracterizan a estas f\u00f3rmulas de estancia, sino tambi\u00e9n una bienvenida personalizada y c\u00e1lida que no se desarrollar\u00e1 alrededor de su mesa de invitados<\/p>\n","protected":false},"excerpt":{"rendered":"<p>En el lado del pueblo o el lado del complejo es siempre el Encanto y la Autenticidad que caracterizan a estas f\u00f3rmulas de estancia, sino tambi\u00e9n una bienvenida personalizada y c\u00e1lida que no se desarrollar\u00e1 alrededor de su mesa de invitados<\/p>\n","protected":false},"author":15,"featured_media":16574,"parent":20067,"menu_order":0,"comment_status":"closed","ping_status":"closed","template":"page-annuaire.php","meta":{"_acf_changed":false,"footnotes":""},"class_list":["post-20078","page","type-page","status-publish","has-post-thumbnail","hentry"],"acf":[],"yoast_head":"<!-- This site is optimized with the Yoast SEO plugin v27.3 - https:\/\/yoast.com\/product\/yoast-seo-wordpress\/ -->\n<title>G\u00eetes, Chambres d&#039;h\u00f4tes - Font-Romeu<\/title>\n<meta name=\"robots\" content=\"index, follow, max-snippet:-1, max-image-preview:large, max-video-preview:-1\" \/>\n<link rel=\"canonical\" href=\"https:\/\/font-romeu.fr\/es\/alojarse\/alojamiento\/gites-chambres-dhotes\/\" \/>\n<meta property=\"og:locale\" content=\"es_ES\" \/>\n<meta property=\"og:type\" content=\"article\" \/>\n<meta property=\"og:title\" content=\"G\u00eetes, Chambres d&#039;h\u00f4tes - Font-Romeu\" \/>\n<meta property=\"og:description\" content=\"En el lado del pueblo o el lado del complejo es siempre el Encanto y la Autenticidad que caracterizan a estas f\u00f3rmulas de estancia, sino tambi\u00e9n una bienvenida personalizada y c\u00e1lida que no se desarrollar\u00e1 alrededor de su mesa de invitados\" \/>\n<meta property=\"og:url\" content=\"https:\/\/font-romeu.fr\/es\/alojarse\/alojamiento\/gites-chambres-dhotes\/\" \/>\n<meta property=\"og:site_name\" content=\"Font-Romeu\" \/>\n<meta property=\"og:image\" content=\"https:\/\/font-romeu.fr\/wp-content\/uploads\/2021\/11\/FONT-ROMEU-guide-accueil-hiver-2021-2022-couv.jpg\" \/>\n\t<meta property=\"og:image:width\" content=\"1181\" \/>\n\t<meta property=\"og:image:height\" content=\"2339\" \/>\n\t<meta property=\"og:image:type\" content=\"image\/jpeg\" \/>\n<meta name=\"twitter:card\" content=\"summary_large_image\" \/>\n<script type=\"application\/ld+json\" class=\"yoast-schema-graph\">{\"@context\":\"https:\\\/\\\/schema.org\",\"@graph\":[{\"@type\":\"WebPage\",\"@id\":\"https:\\\/\\\/font-romeu.fr\\\/es\\\/alojarse\\\/alojamiento\\\/gites-chambres-dhotes\\\/\",\"url\":\"https:\\\/\\\/font-romeu.fr\\\/es\\\/alojarse\\\/alojamiento\\\/gites-chambres-dhotes\\\/\",\"name\":\"G\u00eetes, Chambres d'h\u00f4tes - Font-Romeu\",\"isPartOf\":{\"@id\":\"https:\\\/\\\/font-romeu.fr\\\/es\\\/#website\"},\"primaryImageOfPage\":{\"@id\":\"https:\\\/\\\/font-romeu.fr\\\/es\\\/alojarse\\\/alojamiento\\\/gites-chambres-dhotes\\\/#primaryimage\"},\"image\":{\"@id\":\"https:\\\/\\\/font-romeu.fr\\\/es\\\/alojarse\\\/alojamiento\\\/gites-chambres-dhotes\\\/#primaryimage\"},\"thumbnailUrl\":\"https:\\\/\\\/font-romeu.fr\\\/wp-content\\\/uploads\\\/2022\\\/04\\\/gite.jpg\",\"datePublished\":\"2021-10-14T10:15:32+00:00\",\"breadcrumb\":{\"@id\":\"https:\\\/\\\/font-romeu.fr\\\/es\\\/alojarse\\\/alojamiento\\\/gites-chambres-dhotes\\\/#breadcrumb\"},\"inLanguage\":\"es\",\"potentialAction\":[{\"@type\":\"ReadAction\",\"target\":[\"https:\\\/\\\/font-romeu.fr\\\/es\\\/alojarse\\\/alojamiento\\\/gites-chambres-dhotes\\\/\"]}]},{\"@type\":\"ImageObject\",\"inLanguage\":\"es\",\"@id\":\"https:\\\/\\\/font-romeu.fr\\\/es\\\/alojarse\\\/alojamiento\\\/gites-chambres-dhotes\\\/#primaryimage\",\"url\":\"https:\\\/\\\/font-romeu.fr\\\/wp-content\\\/uploads\\\/2022\\\/04\\\/gite.jpg\",\"contentUrl\":\"https:\\\/\\\/font-romeu.fr\\\/wp-content\\\/uploads\\\/2022\\\/04\\\/gite.jpg\",\"width\":1024,\"height\":640},{\"@type\":\"BreadcrumbList\",\"@id\":\"https:\\\/\\\/font-romeu.fr\\\/es\\\/alojarse\\\/alojamiento\\\/gites-chambres-dhotes\\\/#breadcrumb\",\"itemListElement\":[{\"@type\":\"ListItem\",\"position\":1,\"name\":\"Accueil\",\"item\":\"https:\\\/\\\/font-romeu.fr\\\/es\\\/\"},{\"@type\":\"ListItem\",\"position\":2,\"name\":\"Alojarse\",\"item\":\"https:\\\/\\\/font-romeu.fr\\\/es\\\/alojarse\\\/\"},{\"@type\":\"ListItem\",\"position\":3,\"name\":\"alojamiento\",\"item\":\"https:\\\/\\\/font-romeu.fr\\\/es\\\/sejourner\\\/hebergements\\\/\"},{\"@type\":\"ListItem\",\"position\":4,\"name\":\"G\u00eetes, Chambres d&#8217;h\u00f4tes\"}]},{\"@type\":\"WebSite\",\"@id\":\"https:\\\/\\\/font-romeu.fr\\\/es\\\/#website\",\"url\":\"https:\\\/\\\/font-romeu.fr\\\/es\\\/\",\"name\":\"Font-romeu\",\"description\":\"Changez d&#039;altitude\",\"publisher\":{\"@id\":\"https:\\\/\\\/font-romeu.fr\\\/es\\\/#organization\"},\"potentialAction\":[{\"@type\":\"SearchAction\",\"target\":{\"@type\":\"EntryPoint\",\"urlTemplate\":\"https:\\\/\\\/font-romeu.fr\\\/es\\\/?s={search_term_string}\"},\"query-input\":{\"@type\":\"PropertyValueSpecification\",\"valueRequired\":true,\"valueName\":\"search_term_string\"}}],\"inLanguage\":\"es\"},{\"@type\":\"Organization\",\"@id\":\"https:\\\/\\\/font-romeu.fr\\\/es\\\/#organization\",\"name\":\"Office de Tourisme de Font-Romeu\",\"url\":\"https:\\\/\\\/font-romeu.fr\\\/es\\\/\",\"logo\":{\"@type\":\"ImageObject\",\"inLanguage\":\"es\",\"@id\":\"https:\\\/\\\/font-romeu.fr\\\/es\\\/#\\\/schema\\\/logo\\\/image\\\/\",\"url\":\"https:\\\/\\\/font-romeu.fr\\\/wp-content\\\/uploads\\\/2021\\\/11\\\/LogoFontRomeu_orange-1.svg\",\"contentUrl\":\"https:\\\/\\\/font-romeu.fr\\\/wp-content\\\/uploads\\\/2021\\\/11\\\/LogoFontRomeu_orange-1.svg\",\"width\":1,\"height\":1,\"caption\":\"Office de Tourisme de Font-Romeu\"},\"image\":{\"@id\":\"https:\\\/\\\/font-romeu.fr\\\/es\\\/#\\\/schema\\\/logo\\\/image\\\/\"},\"sameAs\":[\"https:\\\/\\\/www.instagram.com\\\/stationfontromeu\\\/\"]}]}<\/script>\n<!-- \/ Yoast SEO plugin. -->","yoast_head_json":{"title":"G\u00eetes, Chambres d'h\u00f4tes - Font-Romeu","robots":{"index":"index","follow":"follow","max-snippet":"max-snippet:-1","max-image-preview":"max-image-preview:large","max-video-preview":"max-video-preview:-1"},"canonical":"https:\/\/font-romeu.fr\/es\/alojarse\/alojamiento\/gites-chambres-dhotes\/","og_locale":"es_ES","og_type":"article","og_title":"G\u00eetes, Chambres d'h\u00f4tes - Font-Romeu","og_description":"En el lado del pueblo o el lado del complejo es siempre el Encanto y la Autenticidad que caracterizan a estas f\u00f3rmulas de estancia, sino tambi\u00e9n una bienvenida personalizada y c\u00e1lida que no se desarrollar\u00e1 alrededor de su mesa de invitados","og_url":"https:\/\/font-romeu.fr\/es\/alojarse\/alojamiento\/gites-chambres-dhotes\/","og_site_name":"Font-Romeu","og_image":[{"width":1181,"height":2339,"url":"https:\/\/font-romeu.fr\/wp-content\/uploads\/2021\/11\/FONT-ROMEU-guide-accueil-hiver-2021-2022-couv.jpg","type":"image\/jpeg"}],"twitter_card":"summary_large_image","schema":{"@context":"https:\/\/schema.org","@graph":[{"@type":"WebPage","@id":"https:\/\/font-romeu.fr\/es\/alojarse\/alojamiento\/gites-chambres-dhotes\/","url":"https:\/\/font-romeu.fr\/es\/alojarse\/alojamiento\/gites-chambres-dhotes\/","name":"G\u00eetes, Chambres d'h\u00f4tes - Font-Romeu","isPartOf":{"@id":"https:\/\/font-romeu.fr\/es\/#website"},"primaryImageOfPage":{"@id":"https:\/\/font-romeu.fr\/es\/alojarse\/alojamiento\/gites-chambres-dhotes\/#primaryimage"},"image":{"@id":"https:\/\/font-romeu.fr\/es\/alojarse\/alojamiento\/gites-chambres-dhotes\/#primaryimage"},"thumbnailUrl":"https:\/\/font-romeu.fr\/wp-content\/uploads\/2022\/04\/gite.jpg","datePublished":"2021-10-14T10:15:32+00:00","breadcrumb":{"@id":"https:\/\/font-romeu.fr\/es\/alojarse\/alojamiento\/gites-chambres-dhotes\/#breadcrumb"},"inLanguage":"es","potentialAction":[{"@type":"ReadAction","target":["https:\/\/font-romeu.fr\/es\/alojarse\/alojamiento\/gites-chambres-dhotes\/"]}]},{"@type":"ImageObject","inLanguage":"es","@id":"https:\/\/font-romeu.fr\/es\/alojarse\/alojamiento\/gites-chambres-dhotes\/#primaryimage","url":"https:\/\/font-romeu.fr\/wp-content\/uploads\/2022\/04\/gite.jpg","contentUrl":"https:\/\/font-romeu.fr\/wp-content\/uploads\/2022\/04\/gite.jpg","width":1024,"height":640},{"@type":"BreadcrumbList","@id":"https:\/\/font-romeu.fr\/es\/alojarse\/alojamiento\/gites-chambres-dhotes\/#breadcrumb","itemListElement":[{"@type":"ListItem","position":1,"name":"Accueil","item":"https:\/\/font-romeu.fr\/es\/"},{"@type":"ListItem","position":2,"name":"Alojarse","item":"https:\/\/font-romeu.fr\/es\/alojarse\/"},{"@type":"ListItem","position":3,"name":"alojamiento","item":"https:\/\/font-romeu.fr\/es\/sejourner\/hebergements\/"},{"@type":"ListItem","position":4,"name":"G\u00eetes, Chambres d&#8217;h\u00f4tes"}]},{"@type":"WebSite","@id":"https:\/\/font-romeu.fr\/es\/#website","url":"https:\/\/font-romeu.fr\/es\/","name":"Font-romeu","description":"Changez d&#039;altitude","publisher":{"@id":"https:\/\/font-romeu.fr\/es\/#organization"},"potentialAction":[{"@type":"SearchAction","target":{"@type":"EntryPoint","urlTemplate":"https:\/\/font-romeu.fr\/es\/?s={search_term_string}"},"query-input":{"@type":"PropertyValueSpecification","valueRequired":true,"valueName":"search_term_string"}}],"inLanguage":"es"},{"@type":"Organization","@id":"https:\/\/font-romeu.fr\/es\/#organization","name":"Office de Tourisme de Font-Romeu","url":"https:\/\/font-romeu.fr\/es\/","logo":{"@type":"ImageObject","inLanguage":"es","@id":"https:\/\/font-romeu.fr\/es\/#\/schema\/logo\/image\/","url":"https:\/\/font-romeu.fr\/wp-content\/uploads\/2021\/11\/LogoFontRomeu_orange-1.svg","contentUrl":"https:\/\/font-romeu.fr\/wp-content\/uploads\/2021\/11\/LogoFontRomeu_orange-1.svg","width":1,"height":1,"caption":"Office de Tourisme de Font-Romeu"},"image":{"@id":"https:\/\/font-romeu.fr\/es\/#\/schema\/logo\/image\/"},"sameAs":["https:\/\/www.instagram.com\/stationfontromeu\/"]}]}},"_links":{"self":[{"href":"https:\/\/font-romeu.fr\/es\/wp-json\/wp\/v2\/pages\/20078","targetHints":{"allow":["GET"]}}],"collection":[{"href":"https:\/\/font-romeu.fr\/es\/wp-json\/wp\/v2\/pages"}],"about":[{"href":"https:\/\/font-romeu.fr\/es\/wp-json\/wp\/v2\/types\/page"}],"author":[{"embeddable":true,"href":"https:\/\/font-romeu.fr\/es\/wp-json\/wp\/v2\/users\/15"}],"replies":[{"embeddable":true,"href":"https:\/\/font-romeu.fr\/es\/wp-json\/wp\/v2\/comments?post=20078"}],"version-history":[{"count":0,"href":"https:\/\/font-romeu.fr\/es\/wp-json\/wp\/v2\/pages\/20078\/revisions"}],"up":[{"embeddable":true,"href":"https:\/\/font-romeu.fr\/es\/wp-json\/wp\/v2\/pages\/20067"}],"wp:featuredmedia":[{"embeddable":true,"href":"https:\/\/font-romeu.fr\/es\/wp-json\/wp\/v2\/media\/16574"}],"wp:attachment":[{"href":"https:\/\/font-romeu.fr\/es\/wp-json\/wp\/v2\/media?parent=20078"}],"curies":[{"name":"wp","href":"https:\/\/api.w.org\/{rel}","templated":true}]}}