{"id":20082,"date":"2021-10-14T12:22:14","date_gmt":"2021-10-14T10:22:14","guid":{"rendered":"https:\/\/font-romeu.fr\/alojarse\/alojamiento\/alquileres-particulares\/"},"modified":"2024-07-13T09:41:59","modified_gmt":"2024-07-13T07:41:59","slug":"alquileres-particulares","status":"publish","type":"page","link":"https:\/\/font-romeu.fr\/es\/alojarse\/alojamiento\/alquileres-particulares\/","title":{"rendered":"Alquileres Particulares"},"content":{"rendered":"<h2>Alojarse en\u00a0 Font-Romeu<\/h2>\n<p>Un abanico de m\u00e1s de 100 ofertas de alquiler variadas y c\u00f3modas para tener las buenas claves de sus vacaciones.<\/p>\n<p>Empresas de alquiler privadas te proporcionan chalets, casas y apartamentos seg\u00fan tus gustos. Familias, grupos, parejas o solos, elige tu alojamiento en el coraz\u00f3n del resort o rodeado de naturaleza, cerca de tus actividades.<\/p>\n<div id=\"KnM9nf\" class=\"PZPZlf\" data-attrid=\"tw-sourceArea\" data-entityname=\"Google Translate\">\n<div><\/div>\n<div id=\"tw-smenu\" class=\"tw-menu\"><strong><span style=\"font-family: Consolas, Monaco, monospace;\">NUEVO: La Oficina de Turismo est\u00e1 autorizada a clasificar los alojamientos tur\u00edsticos amueblados. Para cualquier informaci\u00f3n, no dude en contactarnos al +33 (0)4.68.30.68.30 o classementmeubles@font-romeu.fr.<\/span><\/strong><\/div>\n<\/div>\n<p>&nbsp;<\/p>\n","protected":false},"excerpt":{"rendered":"<p>Alojarse en\u00a0 Font-Romeu Un abanico de m\u00e1s de 100 ofertas de alquiler variadas y c\u00f3modas para tener las buenas claves de sus vacaciones. Empresas de alquiler privadas te proporcionan chalets, casas y apartamentos seg\u00fan tus gustos. Familias, grupos, parejas o solos, elige tu alojamiento en el coraz\u00f3n del resort o rodeado de naturaleza, cerca de [&hellip;]<\/p>\n","protected":false},"author":15,"featured_media":12367,"parent":20067,"menu_order":0,"comment_status":"closed","ping_status":"closed","template":"page-loueurs.php","meta":{"_acf_changed":false,"footnotes":""},"class_list":["post-20082","page","type-page","status-publish","has-post-thumbnail","hentry"],"acf":[],"yoast_head":"<!-- This site is optimized with the Yoast SEO plugin v27.3 - https:\/\/yoast.com\/product\/yoast-seo-wordpress\/ -->\n<title>Alquileres Particulares - Font-Romeu<\/title>\n<meta name=\"robots\" content=\"index, follow, max-snippet:-1, max-image-preview:large, max-video-preview:-1\" \/>\n<link rel=\"canonical\" href=\"https:\/\/font-romeu.fr\/es\/alojarse\/alojamiento\/alquileres-particulares\/\" \/>\n<meta property=\"og:locale\" content=\"es_ES\" \/>\n<meta property=\"og:type\" content=\"article\" \/>\n<meta property=\"og:title\" content=\"Alquileres Particulares - Font-Romeu\" \/>\n<meta property=\"og:description\" content=\"Alojarse en\u00a0 Font-Romeu Un abanico de m\u00e1s de 100 ofertas de alquiler variadas y c\u00f3modas para tener las buenas claves de sus vacaciones. Empresas de alquiler privadas te proporcionan chalets, casas y apartamentos seg\u00fan tus gustos. Familias, grupos, parejas o solos, elige tu alojamiento en el coraz\u00f3n del resort o rodeado de naturaleza, cerca de [&hellip;]\" \/>\n<meta property=\"og:url\" content=\"https:\/\/font-romeu.fr\/es\/alojarse\/alojamiento\/alquileres-particulares\/\" \/>\n<meta property=\"og:site_name\" content=\"Font-Romeu\" \/>\n<meta property=\"article:modified_time\" content=\"2024-07-13T07:41:59+00:00\" \/>\n<meta property=\"og:image\" content=\"https:\/\/font-romeu.fr\/wp-content\/uploads\/2021\/10\/loueurs-particuliers.jpg\" \/>\n\t<meta property=\"og:image:width\" content=\"1024\" \/>\n\t<meta property=\"og:image:height\" content=\"640\" \/>\n\t<meta property=\"og:image:type\" content=\"image\/jpeg\" \/>\n<meta name=\"twitter:card\" content=\"summary_large_image\" \/>\n<script type=\"application\/ld+json\" class=\"yoast-schema-graph\">{\"@context\":\"https:\\\/\\\/schema.org\",\"@graph\":[{\"@type\":\"WebPage\",\"@id\":\"https:\\\/\\\/font-romeu.fr\\\/es\\\/alojarse\\\/alojamiento\\\/alquileres-particulares\\\/\",\"url\":\"https:\\\/\\\/font-romeu.fr\\\/es\\\/alojarse\\\/alojamiento\\\/alquileres-particulares\\\/\",\"name\":\"Alquileres Particulares - Font-Romeu\",\"isPartOf\":{\"@id\":\"https:\\\/\\\/font-romeu.fr\\\/es\\\/#website\"},\"primaryImageOfPage\":{\"@id\":\"https:\\\/\\\/font-romeu.fr\\\/es\\\/alojarse\\\/alojamiento\\\/alquileres-particulares\\\/#primaryimage\"},\"image\":{\"@id\":\"https:\\\/\\\/font-romeu.fr\\\/es\\\/alojarse\\\/alojamiento\\\/alquileres-particulares\\\/#primaryimage\"},\"thumbnailUrl\":\"https:\\\/\\\/font-romeu.fr\\\/wp-content\\\/uploads\\\/2021\\\/10\\\/loueurs-particuliers.jpg\",\"datePublished\":\"2021-10-14T10:22:14+00:00\",\"dateModified\":\"2024-07-13T07:41:59+00:00\",\"breadcrumb\":{\"@id\":\"https:\\\/\\\/font-romeu.fr\\\/es\\\/alojarse\\\/alojamiento\\\/alquileres-particulares\\\/#breadcrumb\"},\"inLanguage\":\"es\",\"potentialAction\":[{\"@type\":\"ReadAction\",\"target\":[\"https:\\\/\\\/font-romeu.fr\\\/es\\\/alojarse\\\/alojamiento\\\/alquileres-particulares\\\/\"]}]},{\"@type\":\"ImageObject\",\"inLanguage\":\"es\",\"@id\":\"https:\\\/\\\/font-romeu.fr\\\/es\\\/alojarse\\\/alojamiento\\\/alquileres-particulares\\\/#primaryimage\",\"url\":\"https:\\\/\\\/font-romeu.fr\\\/wp-content\\\/uploads\\\/2021\\\/10\\\/loueurs-particuliers.jpg\",\"contentUrl\":\"https:\\\/\\\/font-romeu.fr\\\/wp-content\\\/uploads\\\/2021\\\/10\\\/loueurs-particuliers.jpg\",\"width\":1024,\"height\":640},{\"@type\":\"BreadcrumbList\",\"@id\":\"https:\\\/\\\/font-romeu.fr\\\/es\\\/alojarse\\\/alojamiento\\\/alquileres-particulares\\\/#breadcrumb\",\"itemListElement\":[{\"@type\":\"ListItem\",\"position\":1,\"name\":\"Accueil\",\"item\":\"https:\\\/\\\/font-romeu.fr\\\/es\\\/\"},{\"@type\":\"ListItem\",\"position\":2,\"name\":\"Alojarse\",\"item\":\"https:\\\/\\\/font-romeu.fr\\\/es\\\/alojarse\\\/\"},{\"@type\":\"ListItem\",\"position\":3,\"name\":\"alojamiento\",\"item\":\"https:\\\/\\\/font-romeu.fr\\\/es\\\/sejourner\\\/hebergements\\\/\"},{\"@type\":\"ListItem\",\"position\":4,\"name\":\"Alquileres Particulares\"}]},{\"@type\":\"WebSite\",\"@id\":\"https:\\\/\\\/font-romeu.fr\\\/es\\\/#website\",\"url\":\"https:\\\/\\\/font-romeu.fr\\\/es\\\/\",\"name\":\"Font-romeu\",\"description\":\"Changez d&#039;altitude\",\"publisher\":{\"@id\":\"https:\\\/\\\/font-romeu.fr\\\/es\\\/#organization\"},\"potentialAction\":[{\"@type\":\"SearchAction\",\"target\":{\"@type\":\"EntryPoint\",\"urlTemplate\":\"https:\\\/\\\/font-romeu.fr\\\/es\\\/?s={search_term_string}\"},\"query-input\":{\"@type\":\"PropertyValueSpecification\",\"valueRequired\":true,\"valueName\":\"search_term_string\"}}],\"inLanguage\":\"es\"},{\"@type\":\"Organization\",\"@id\":\"https:\\\/\\\/font-romeu.fr\\\/es\\\/#organization\",\"name\":\"Office de Tourisme de Font-Romeu\",\"url\":\"https:\\\/\\\/font-romeu.fr\\\/es\\\/\",\"logo\":{\"@type\":\"ImageObject\",\"inLanguage\":\"es\",\"@id\":\"https:\\\/\\\/font-romeu.fr\\\/es\\\/#\\\/schema\\\/logo\\\/image\\\/\",\"url\":\"https:\\\/\\\/font-romeu.fr\\\/wp-content\\\/uploads\\\/2021\\\/11\\\/LogoFontRomeu_orange-1.svg\",\"contentUrl\":\"https:\\\/\\\/font-romeu.fr\\\/wp-content\\\/uploads\\\/2021\\\/11\\\/LogoFontRomeu_orange-1.svg\",\"width\":1,\"height\":1,\"caption\":\"Office de Tourisme de Font-Romeu\"},\"image\":{\"@id\":\"https:\\\/\\\/font-romeu.fr\\\/es\\\/#\\\/schema\\\/logo\\\/image\\\/\"},\"sameAs\":[\"https:\\\/\\\/www.instagram.com\\\/stationfontromeu\\\/\"]}]}<\/script>\n<!-- \/ Yoast SEO plugin. -->","yoast_head_json":{"title":"Alquileres Particulares - Font-Romeu","robots":{"index":"index","follow":"follow","max-snippet":"max-snippet:-1","max-image-preview":"max-image-preview:large","max-video-preview":"max-video-preview:-1"},"canonical":"https:\/\/font-romeu.fr\/es\/alojarse\/alojamiento\/alquileres-particulares\/","og_locale":"es_ES","og_type":"article","og_title":"Alquileres Particulares - Font-Romeu","og_description":"Alojarse en\u00a0 Font-Romeu Un abanico de m\u00e1s de 100 ofertas de alquiler variadas y c\u00f3modas para tener las buenas claves de sus vacaciones. Empresas de alquiler privadas te proporcionan chalets, casas y apartamentos seg\u00fan tus gustos. Familias, grupos, parejas o solos, elige tu alojamiento en el coraz\u00f3n del resort o rodeado de naturaleza, cerca de [&hellip;]","og_url":"https:\/\/font-romeu.fr\/es\/alojarse\/alojamiento\/alquileres-particulares\/","og_site_name":"Font-Romeu","article_modified_time":"2024-07-13T07:41:59+00:00","og_image":[{"width":1024,"height":640,"url":"https:\/\/font-romeu.fr\/wp-content\/uploads\/2021\/10\/loueurs-particuliers.jpg","type":"image\/jpeg"}],"twitter_card":"summary_large_image","schema":{"@context":"https:\/\/schema.org","@graph":[{"@type":"WebPage","@id":"https:\/\/font-romeu.fr\/es\/alojarse\/alojamiento\/alquileres-particulares\/","url":"https:\/\/font-romeu.fr\/es\/alojarse\/alojamiento\/alquileres-particulares\/","name":"Alquileres Particulares - Font-Romeu","isPartOf":{"@id":"https:\/\/font-romeu.fr\/es\/#website"},"primaryImageOfPage":{"@id":"https:\/\/font-romeu.fr\/es\/alojarse\/alojamiento\/alquileres-particulares\/#primaryimage"},"image":{"@id":"https:\/\/font-romeu.fr\/es\/alojarse\/alojamiento\/alquileres-particulares\/#primaryimage"},"thumbnailUrl":"https:\/\/font-romeu.fr\/wp-content\/uploads\/2021\/10\/loueurs-particuliers.jpg","datePublished":"2021-10-14T10:22:14+00:00","dateModified":"2024-07-13T07:41:59+00:00","breadcrumb":{"@id":"https:\/\/font-romeu.fr\/es\/alojarse\/alojamiento\/alquileres-particulares\/#breadcrumb"},"inLanguage":"es","potentialAction":[{"@type":"ReadAction","target":["https:\/\/font-romeu.fr\/es\/alojarse\/alojamiento\/alquileres-particulares\/"]}]},{"@type":"ImageObject","inLanguage":"es","@id":"https:\/\/font-romeu.fr\/es\/alojarse\/alojamiento\/alquileres-particulares\/#primaryimage","url":"https:\/\/font-romeu.fr\/wp-content\/uploads\/2021\/10\/loueurs-particuliers.jpg","contentUrl":"https:\/\/font-romeu.fr\/wp-content\/uploads\/2021\/10\/loueurs-particuliers.jpg","width":1024,"height":640},{"@type":"BreadcrumbList","@id":"https:\/\/font-romeu.fr\/es\/alojarse\/alojamiento\/alquileres-particulares\/#breadcrumb","itemListElement":[{"@type":"ListItem","position":1,"name":"Accueil","item":"https:\/\/font-romeu.fr\/es\/"},{"@type":"ListItem","position":2,"name":"Alojarse","item":"https:\/\/font-romeu.fr\/es\/alojarse\/"},{"@type":"ListItem","position":3,"name":"alojamiento","item":"https:\/\/font-romeu.fr\/es\/sejourner\/hebergements\/"},{"@type":"ListItem","position":4,"name":"Alquileres Particulares"}]},{"@type":"WebSite","@id":"https:\/\/font-romeu.fr\/es\/#website","url":"https:\/\/font-romeu.fr\/es\/","name":"Font-romeu","description":"Changez d&#039;altitude","publisher":{"@id":"https:\/\/font-romeu.fr\/es\/#organization"},"potentialAction":[{"@type":"SearchAction","target":{"@type":"EntryPoint","urlTemplate":"https:\/\/font-romeu.fr\/es\/?s={search_term_string}"},"query-input":{"@type":"PropertyValueSpecification","valueRequired":true,"valueName":"search_term_string"}}],"inLanguage":"es"},{"@type":"Organization","@id":"https:\/\/font-romeu.fr\/es\/#organization","name":"Office de Tourisme de Font-Romeu","url":"https:\/\/font-romeu.fr\/es\/","logo":{"@type":"ImageObject","inLanguage":"es","@id":"https:\/\/font-romeu.fr\/es\/#\/schema\/logo\/image\/","url":"https:\/\/font-romeu.fr\/wp-content\/uploads\/2021\/11\/LogoFontRomeu_orange-1.svg","contentUrl":"https:\/\/font-romeu.fr\/wp-content\/uploads\/2021\/11\/LogoFontRomeu_orange-1.svg","width":1,"height":1,"caption":"Office de Tourisme de Font-Romeu"},"image":{"@id":"https:\/\/font-romeu.fr\/es\/#\/schema\/logo\/image\/"},"sameAs":["https:\/\/www.instagram.com\/stationfontromeu\/"]}]}},"_links":{"self":[{"href":"https:\/\/font-romeu.fr\/es\/wp-json\/wp\/v2\/pages\/20082","targetHints":{"allow":["GET"]}}],"collection":[{"href":"https:\/\/font-romeu.fr\/es\/wp-json\/wp\/v2\/pages"}],"about":[{"href":"https:\/\/font-romeu.fr\/es\/wp-json\/wp\/v2\/types\/page"}],"author":[{"embeddable":true,"href":"https:\/\/font-romeu.fr\/es\/wp-json\/wp\/v2\/users\/15"}],"replies":[{"embeddable":true,"href":"https:\/\/font-romeu.fr\/es\/wp-json\/wp\/v2\/comments?post=20082"}],"version-history":[{"count":2,"href":"https:\/\/font-romeu.fr\/es\/wp-json\/wp\/v2\/pages\/20082\/revisions"}],"predecessor-version":[{"id":27518,"href":"https:\/\/font-romeu.fr\/es\/wp-json\/wp\/v2\/pages\/20082\/revisions\/27518"}],"up":[{"embeddable":true,"href":"https:\/\/font-romeu.fr\/es\/wp-json\/wp\/v2\/pages\/20067"}],"wp:featuredmedia":[{"embeddable":true,"href":"https:\/\/font-romeu.fr\/es\/wp-json\/wp\/v2\/media\/12367"}],"wp:attachment":[{"href":"https:\/\/font-romeu.fr\/es\/wp-json\/wp\/v2\/media?parent=20082"}],"curies":[{"name":"wp","href":"https:\/\/api.w.org\/{rel}","templated":true}]}}