{"id":20089,"date":"2021-10-11T14:34:34","date_gmt":"2021-10-11T12:34:34","guid":{"rendered":"https:\/\/font-romeu.fr\/alojarse\/restauracion\/"},"modified":"2021-10-11T14:34:34","modified_gmt":"2021-10-11T12:34:34","slug":"restauracion","status":"publish","type":"page","link":"https:\/\/font-romeu.fr\/es\/alojarse\/restauracion\/","title":{"rendered":"restauraci\u00f3n"},"content":{"rendered":"<h2>Verdadera tierra de festejos, la regi\u00f3n de Font-Romeu est\u00e1 llena de productos maravillosos y singulares.<\/h2>\n<p>Una tradici\u00f3n hospitalaria bien arraigada y una cocina regional generosa siempre deleitan las papilas gustativas de peque\u00f1os y grandes. Terrazas orientadas al sur de los restaurantes de altitud o\u00a0 la relajaci\u00f3n se comparten con peque\u00f1os platos<\/p>\n<p>Font-Romeu se inscribe en la tradici\u00f3n catalana y meridional. La Cerda\u00f1a es un lugar destacado de la cocina catalana, rica en numerosas especialidades tradicionales o platos innovadores para saborear en encantadores restaurantes.<\/p>\n","protected":false},"excerpt":{"rendered":"<p>Verdadera tierra de festejos, la regi\u00f3n de Font-Romeu est\u00e1 llena de productos maravillosos y singulares. Una tradici\u00f3n hospitalaria bien arraigada y una cocina regional generosa siempre deleitan las papilas gustativas de peque\u00f1os y grandes. Terrazas orientadas al sur de los restaurantes de altitud o\u00a0 la relajaci\u00f3n se comparten con peque\u00f1os platos Font-Romeu se inscribe en [&hellip;]<\/p>\n","protected":false},"author":15,"featured_media":12379,"parent":20052,"menu_order":0,"comment_status":"closed","ping_status":"closed","template":"page-annuaire.php","meta":{"_acf_changed":false,"footnotes":""},"class_list":["post-20089","page","type-page","status-publish","has-post-thumbnail","hentry"],"acf":[],"yoast_head":"<!-- This site is optimized with the Yoast SEO plugin v27.3 - https:\/\/yoast.com\/product\/yoast-seo-wordpress\/ -->\n<title>restauraci\u00f3n - Font-Romeu<\/title>\n<meta name=\"robots\" content=\"index, follow, max-snippet:-1, max-image-preview:large, max-video-preview:-1\" \/>\n<link rel=\"canonical\" href=\"https:\/\/font-romeu.fr\/es\/alojarse\/restauracion\/\" \/>\n<meta property=\"og:locale\" content=\"es_ES\" \/>\n<meta property=\"og:type\" content=\"article\" \/>\n<meta property=\"og:title\" content=\"restauraci\u00f3n - Font-Romeu\" \/>\n<meta property=\"og:description\" content=\"Verdadera tierra de festejos, la regi\u00f3n de Font-Romeu est\u00e1 llena de productos maravillosos y singulares. Una tradici\u00f3n hospitalaria bien arraigada y una cocina regional generosa siempre deleitan las papilas gustativas de peque\u00f1os y grandes. Terrazas orientadas al sur de los restaurantes de altitud o\u00a0 la relajaci\u00f3n se comparten con peque\u00f1os platos Font-Romeu se inscribe en [&hellip;]\" \/>\n<meta property=\"og:url\" content=\"https:\/\/font-romeu.fr\/es\/alojarse\/restauracion\/\" \/>\n<meta property=\"og:site_name\" content=\"Font-Romeu\" \/>\n<meta property=\"og:image\" content=\"https:\/\/font-romeu.fr\/wp-content\/uploads\/2021\/11\/FONT-ROMEU-guide-accueil-hiver-2021-2022-couv.jpg\" \/>\n\t<meta property=\"og:image:width\" content=\"1181\" \/>\n\t<meta property=\"og:image:height\" content=\"2339\" \/>\n\t<meta property=\"og:image:type\" content=\"image\/jpeg\" \/>\n<meta name=\"twitter:card\" content=\"summary_large_image\" \/>\n<script type=\"application\/ld+json\" class=\"yoast-schema-graph\">{\"@context\":\"https:\\\/\\\/schema.org\",\"@graph\":[{\"@type\":\"WebPage\",\"@id\":\"https:\\\/\\\/font-romeu.fr\\\/es\\\/alojarse\\\/restauracion\\\/\",\"url\":\"https:\\\/\\\/font-romeu.fr\\\/es\\\/alojarse\\\/restauracion\\\/\",\"name\":\"restauraci\u00f3n - Font-Romeu\",\"isPartOf\":{\"@id\":\"https:\\\/\\\/font-romeu.fr\\\/es\\\/#website\"},\"primaryImageOfPage\":{\"@id\":\"https:\\\/\\\/font-romeu.fr\\\/es\\\/alojarse\\\/restauracion\\\/#primaryimage\"},\"image\":{\"@id\":\"https:\\\/\\\/font-romeu.fr\\\/es\\\/alojarse\\\/restauracion\\\/#primaryimage\"},\"thumbnailUrl\":\"https:\\\/\\\/font-romeu.fr\\\/wp-content\\\/uploads\\\/2021\\\/10\\\/Shooting-2013-95-scaled.jpg\",\"datePublished\":\"2021-10-11T12:34:34+00:00\",\"breadcrumb\":{\"@id\":\"https:\\\/\\\/font-romeu.fr\\\/es\\\/alojarse\\\/restauracion\\\/#breadcrumb\"},\"inLanguage\":\"es\",\"potentialAction\":[{\"@type\":\"ReadAction\",\"target\":[\"https:\\\/\\\/font-romeu.fr\\\/es\\\/alojarse\\\/restauracion\\\/\"]}]},{\"@type\":\"ImageObject\",\"inLanguage\":\"es\",\"@id\":\"https:\\\/\\\/font-romeu.fr\\\/es\\\/alojarse\\\/restauracion\\\/#primaryimage\",\"url\":\"https:\\\/\\\/font-romeu.fr\\\/wp-content\\\/uploads\\\/2021\\\/10\\\/Shooting-2013-95-scaled.jpg\",\"contentUrl\":\"https:\\\/\\\/font-romeu.fr\\\/wp-content\\\/uploads\\\/2021\\\/10\\\/Shooting-2013-95-scaled.jpg\",\"width\":2560,\"height\":1707,\"caption\":\"couple au restaurant\"},{\"@type\":\"BreadcrumbList\",\"@id\":\"https:\\\/\\\/font-romeu.fr\\\/es\\\/alojarse\\\/restauracion\\\/#breadcrumb\",\"itemListElement\":[{\"@type\":\"ListItem\",\"position\":1,\"name\":\"Accueil\",\"item\":\"https:\\\/\\\/font-romeu.fr\\\/es\\\/\"},{\"@type\":\"ListItem\",\"position\":2,\"name\":\"Alojarse\",\"item\":\"https:\\\/\\\/font-romeu.fr\\\/es\\\/alojarse\\\/\"},{\"@type\":\"ListItem\",\"position\":3,\"name\":\"restauraci\u00f3n\"}]},{\"@type\":\"WebSite\",\"@id\":\"https:\\\/\\\/font-romeu.fr\\\/es\\\/#website\",\"url\":\"https:\\\/\\\/font-romeu.fr\\\/es\\\/\",\"name\":\"Font-romeu\",\"description\":\"Changez d&#039;altitude\",\"publisher\":{\"@id\":\"https:\\\/\\\/font-romeu.fr\\\/es\\\/#organization\"},\"potentialAction\":[{\"@type\":\"SearchAction\",\"target\":{\"@type\":\"EntryPoint\",\"urlTemplate\":\"https:\\\/\\\/font-romeu.fr\\\/es\\\/?s={search_term_string}\"},\"query-input\":{\"@type\":\"PropertyValueSpecification\",\"valueRequired\":true,\"valueName\":\"search_term_string\"}}],\"inLanguage\":\"es\"},{\"@type\":\"Organization\",\"@id\":\"https:\\\/\\\/font-romeu.fr\\\/es\\\/#organization\",\"name\":\"Office de Tourisme de Font-Romeu\",\"url\":\"https:\\\/\\\/font-romeu.fr\\\/es\\\/\",\"logo\":{\"@type\":\"ImageObject\",\"inLanguage\":\"es\",\"@id\":\"https:\\\/\\\/font-romeu.fr\\\/es\\\/#\\\/schema\\\/logo\\\/image\\\/\",\"url\":\"https:\\\/\\\/font-romeu.fr\\\/wp-content\\\/uploads\\\/2021\\\/11\\\/LogoFontRomeu_orange-1.svg\",\"contentUrl\":\"https:\\\/\\\/font-romeu.fr\\\/wp-content\\\/uploads\\\/2021\\\/11\\\/LogoFontRomeu_orange-1.svg\",\"width\":1,\"height\":1,\"caption\":\"Office de Tourisme de Font-Romeu\"},\"image\":{\"@id\":\"https:\\\/\\\/font-romeu.fr\\\/es\\\/#\\\/schema\\\/logo\\\/image\\\/\"},\"sameAs\":[\"https:\\\/\\\/www.instagram.com\\\/stationfontromeu\\\/\"]}]}<\/script>\n<!-- \/ Yoast SEO plugin. -->","yoast_head_json":{"title":"restauraci\u00f3n - Font-Romeu","robots":{"index":"index","follow":"follow","max-snippet":"max-snippet:-1","max-image-preview":"max-image-preview:large","max-video-preview":"max-video-preview:-1"},"canonical":"https:\/\/font-romeu.fr\/es\/alojarse\/restauracion\/","og_locale":"es_ES","og_type":"article","og_title":"restauraci\u00f3n - Font-Romeu","og_description":"Verdadera tierra de festejos, la regi\u00f3n de Font-Romeu est\u00e1 llena de productos maravillosos y singulares. Una tradici\u00f3n hospitalaria bien arraigada y una cocina regional generosa siempre deleitan las papilas gustativas de peque\u00f1os y grandes. Terrazas orientadas al sur de los restaurantes de altitud o\u00a0 la relajaci\u00f3n se comparten con peque\u00f1os platos Font-Romeu se inscribe en [&hellip;]","og_url":"https:\/\/font-romeu.fr\/es\/alojarse\/restauracion\/","og_site_name":"Font-Romeu","og_image":[{"width":1181,"height":2339,"url":"https:\/\/font-romeu.fr\/wp-content\/uploads\/2021\/11\/FONT-ROMEU-guide-accueil-hiver-2021-2022-couv.jpg","type":"image\/jpeg"}],"twitter_card":"summary_large_image","schema":{"@context":"https:\/\/schema.org","@graph":[{"@type":"WebPage","@id":"https:\/\/font-romeu.fr\/es\/alojarse\/restauracion\/","url":"https:\/\/font-romeu.fr\/es\/alojarse\/restauracion\/","name":"restauraci\u00f3n - Font-Romeu","isPartOf":{"@id":"https:\/\/font-romeu.fr\/es\/#website"},"primaryImageOfPage":{"@id":"https:\/\/font-romeu.fr\/es\/alojarse\/restauracion\/#primaryimage"},"image":{"@id":"https:\/\/font-romeu.fr\/es\/alojarse\/restauracion\/#primaryimage"},"thumbnailUrl":"https:\/\/font-romeu.fr\/wp-content\/uploads\/2021\/10\/Shooting-2013-95-scaled.jpg","datePublished":"2021-10-11T12:34:34+00:00","breadcrumb":{"@id":"https:\/\/font-romeu.fr\/es\/alojarse\/restauracion\/#breadcrumb"},"inLanguage":"es","potentialAction":[{"@type":"ReadAction","target":["https:\/\/font-romeu.fr\/es\/alojarse\/restauracion\/"]}]},{"@type":"ImageObject","inLanguage":"es","@id":"https:\/\/font-romeu.fr\/es\/alojarse\/restauracion\/#primaryimage","url":"https:\/\/font-romeu.fr\/wp-content\/uploads\/2021\/10\/Shooting-2013-95-scaled.jpg","contentUrl":"https:\/\/font-romeu.fr\/wp-content\/uploads\/2021\/10\/Shooting-2013-95-scaled.jpg","width":2560,"height":1707,"caption":"couple au restaurant"},{"@type":"BreadcrumbList","@id":"https:\/\/font-romeu.fr\/es\/alojarse\/restauracion\/#breadcrumb","itemListElement":[{"@type":"ListItem","position":1,"name":"Accueil","item":"https:\/\/font-romeu.fr\/es\/"},{"@type":"ListItem","position":2,"name":"Alojarse","item":"https:\/\/font-romeu.fr\/es\/alojarse\/"},{"@type":"ListItem","position":3,"name":"restauraci\u00f3n"}]},{"@type":"WebSite","@id":"https:\/\/font-romeu.fr\/es\/#website","url":"https:\/\/font-romeu.fr\/es\/","name":"Font-romeu","description":"Changez d&#039;altitude","publisher":{"@id":"https:\/\/font-romeu.fr\/es\/#organization"},"potentialAction":[{"@type":"SearchAction","target":{"@type":"EntryPoint","urlTemplate":"https:\/\/font-romeu.fr\/es\/?s={search_term_string}"},"query-input":{"@type":"PropertyValueSpecification","valueRequired":true,"valueName":"search_term_string"}}],"inLanguage":"es"},{"@type":"Organization","@id":"https:\/\/font-romeu.fr\/es\/#organization","name":"Office de Tourisme de Font-Romeu","url":"https:\/\/font-romeu.fr\/es\/","logo":{"@type":"ImageObject","inLanguage":"es","@id":"https:\/\/font-romeu.fr\/es\/#\/schema\/logo\/image\/","url":"https:\/\/font-romeu.fr\/wp-content\/uploads\/2021\/11\/LogoFontRomeu_orange-1.svg","contentUrl":"https:\/\/font-romeu.fr\/wp-content\/uploads\/2021\/11\/LogoFontRomeu_orange-1.svg","width":1,"height":1,"caption":"Office de Tourisme de Font-Romeu"},"image":{"@id":"https:\/\/font-romeu.fr\/es\/#\/schema\/logo\/image\/"},"sameAs":["https:\/\/www.instagram.com\/stationfontromeu\/"]}]}},"_links":{"self":[{"href":"https:\/\/font-romeu.fr\/es\/wp-json\/wp\/v2\/pages\/20089","targetHints":{"allow":["GET"]}}],"collection":[{"href":"https:\/\/font-romeu.fr\/es\/wp-json\/wp\/v2\/pages"}],"about":[{"href":"https:\/\/font-romeu.fr\/es\/wp-json\/wp\/v2\/types\/page"}],"author":[{"embeddable":true,"href":"https:\/\/font-romeu.fr\/es\/wp-json\/wp\/v2\/users\/15"}],"replies":[{"embeddable":true,"href":"https:\/\/font-romeu.fr\/es\/wp-json\/wp\/v2\/comments?post=20089"}],"version-history":[{"count":0,"href":"https:\/\/font-romeu.fr\/es\/wp-json\/wp\/v2\/pages\/20089\/revisions"}],"up":[{"embeddable":true,"href":"https:\/\/font-romeu.fr\/es\/wp-json\/wp\/v2\/pages\/20052"}],"wp:featuredmedia":[{"embeddable":true,"href":"https:\/\/font-romeu.fr\/es\/wp-json\/wp\/v2\/media\/12379"}],"wp:attachment":[{"href":"https:\/\/font-romeu.fr\/es\/wp-json\/wp\/v2\/media?parent=20089"}],"curies":[{"name":"wp","href":"https:\/\/api.w.org\/{rel}","templated":true}]}}