{"id":20097,"date":"2021-10-15T15:30:37","date_gmt":"2021-10-15T13:30:37","guid":{"rendered":"https:\/\/font-romeu.fr\/estacion-de-font-romeu\/mapa-de-pistas\/"},"modified":"2023-02-23T10:24:17","modified_gmt":"2023-02-23T09:24:17","slug":"mapa-de-pistas","status":"publish","type":"page","link":"https:\/\/font-romeu.fr\/es\/estacion-de-font-romeu\/mapa-de-pistas\/","title":{"rendered":"mapa de pistas"},"content":{"rendered":"<p>El mapa de las pistas le ofrece una visi\u00f3n global y completa del dominio esquiable, de las pistas y de los remontes mec\u00e1nicos de Font-Romeu\/ Pyr\u00e9n\u00e9es 2000.<\/p>\n<ul>\n<li><a href=\"https:\/\/www.altiservice.com\/font-romeu-pyrenees-2000\/info-pistes\">Descargar el mapa de pistas de ski alpino<\/a><\/li>\n<li><a href=\"https:\/\/www.altiservice.com\/font-romeu-pyrenees-2000\/activites\/ski-nordique\">Descargar el mapa de pistas de\u00a0 ski nordico<\/a><\/li>\n<\/ul>\n<p>El 80% de la zona de esqu\u00ed est\u00e1 cubierto por ca\u00f1ones de nieve. \u00a1Un esqu\u00ed de calidad durante toda la temporada en un paisaje variado y boscoso de 1650 m a 2250 m de altitud!<br \/>\nLa gran variedad de pistas satisface tanto a principiantes como a expertos.<\/p>\n<p>Consulte el mapa interactivo para conocer en tiempo real las pistas y remontes abiertos:<\/p>\n<p><a class=\"btn\" href=\"https:\/\/www.altiservice.com\/font-romeu-pyrenees-2000\/plan-pistes-interactif\" target=\"_blank\" rel=\"noopener\">Ver el mapa de pistas<\/a><\/p>\n","protected":false},"excerpt":{"rendered":"<p>El mapa de las pistas le ofrece una visi\u00f3n global y completa del dominio esquiable, de las pistas y de los remontes mec\u00e1nicos de Font-Romeu\/ Pyr\u00e9n\u00e9es 2000. Descargar el mapa de pistas de ski alpino Descargar el mapa de pistas de\u00a0 ski nordico El 80% de la zona de esqu\u00ed est\u00e1 cubierto por ca\u00f1ones de [&hellip;]<\/p>\n","protected":false},"author":15,"featured_media":12435,"parent":20090,"menu_order":0,"comment_status":"closed","ping_status":"closed","template":"page-article.php","meta":{"_acf_changed":false,"footnotes":""},"class_list":["post-20097","page","type-page","status-publish","has-post-thumbnail","hentry"],"acf":[],"yoast_head":"<!-- This site is optimized with the Yoast SEO plugin v27.3 - https:\/\/yoast.com\/product\/yoast-seo-wordpress\/ -->\n<title>mapa de pistas - Font-Romeu<\/title>\n<meta name=\"robots\" content=\"index, follow, max-snippet:-1, max-image-preview:large, max-video-preview:-1\" \/>\n<link rel=\"canonical\" href=\"https:\/\/font-romeu.fr\/es\/estacion-de-font-romeu\/mapa-de-pistas\/\" \/>\n<meta property=\"og:locale\" content=\"es_ES\" \/>\n<meta property=\"og:type\" content=\"article\" \/>\n<meta property=\"og:title\" content=\"mapa de pistas - Font-Romeu\" \/>\n<meta property=\"og:description\" content=\"El mapa de las pistas le ofrece una visi\u00f3n global y completa del dominio esquiable, de las pistas y de los remontes mec\u00e1nicos de Font-Romeu\/ Pyr\u00e9n\u00e9es 2000. Descargar el mapa de pistas de ski alpino Descargar el mapa de pistas de\u00a0 ski nordico El 80% de la zona de esqu\u00ed est\u00e1 cubierto por ca\u00f1ones de [&hellip;]\" \/>\n<meta property=\"og:url\" content=\"https:\/\/font-romeu.fr\/es\/estacion-de-font-romeu\/mapa-de-pistas\/\" \/>\n<meta property=\"og:site_name\" content=\"Font-Romeu\" \/>\n<meta property=\"article:modified_time\" content=\"2023-02-23T09:24:17+00:00\" \/>\n<meta property=\"og:image\" content=\"https:\/\/font-romeu.fr\/wp-content\/uploads\/2021\/10\/iStock-1214833682.jpg\" \/>\n\t<meta property=\"og:image:width\" content=\"1024\" \/>\n\t<meta property=\"og:image:height\" content=\"638\" \/>\n\t<meta property=\"og:image:type\" content=\"image\/jpeg\" \/>\n<meta name=\"twitter:card\" content=\"summary_large_image\" \/>\n<meta name=\"twitter:label1\" content=\"Tiempo de lectura\" \/>\n\t<meta name=\"twitter:data1\" content=\"1 minuto\" \/>\n<script type=\"application\/ld+json\" class=\"yoast-schema-graph\">{\"@context\":\"https:\\\/\\\/schema.org\",\"@graph\":[{\"@type\":\"WebPage\",\"@id\":\"https:\\\/\\\/font-romeu.fr\\\/es\\\/estacion-de-font-romeu\\\/mapa-de-pistas\\\/\",\"url\":\"https:\\\/\\\/font-romeu.fr\\\/es\\\/estacion-de-font-romeu\\\/mapa-de-pistas\\\/\",\"name\":\"mapa de pistas - Font-Romeu\",\"isPartOf\":{\"@id\":\"https:\\\/\\\/font-romeu.fr\\\/es\\\/#website\"},\"primaryImageOfPage\":{\"@id\":\"https:\\\/\\\/font-romeu.fr\\\/es\\\/estacion-de-font-romeu\\\/mapa-de-pistas\\\/#primaryimage\"},\"image\":{\"@id\":\"https:\\\/\\\/font-romeu.fr\\\/es\\\/estacion-de-font-romeu\\\/mapa-de-pistas\\\/#primaryimage\"},\"thumbnailUrl\":\"https:\\\/\\\/font-romeu.fr\\\/wp-content\\\/uploads\\\/2021\\\/10\\\/iStock-1214833682.jpg\",\"datePublished\":\"2021-10-15T13:30:37+00:00\",\"dateModified\":\"2023-02-23T09:24:17+00:00\",\"breadcrumb\":{\"@id\":\"https:\\\/\\\/font-romeu.fr\\\/es\\\/estacion-de-font-romeu\\\/mapa-de-pistas\\\/#breadcrumb\"},\"inLanguage\":\"es\",\"potentialAction\":[{\"@type\":\"ReadAction\",\"target\":[\"https:\\\/\\\/font-romeu.fr\\\/es\\\/estacion-de-font-romeu\\\/mapa-de-pistas\\\/\"]}]},{\"@type\":\"ImageObject\",\"inLanguage\":\"es\",\"@id\":\"https:\\\/\\\/font-romeu.fr\\\/es\\\/estacion-de-font-romeu\\\/mapa-de-pistas\\\/#primaryimage\",\"url\":\"https:\\\/\\\/font-romeu.fr\\\/wp-content\\\/uploads\\\/2021\\\/10\\\/iStock-1214833682.jpg\",\"contentUrl\":\"https:\\\/\\\/font-romeu.fr\\\/wp-content\\\/uploads\\\/2021\\\/10\\\/iStock-1214833682.jpg\",\"width\":1024,\"height\":638,\"caption\":\"piste de ski\"},{\"@type\":\"BreadcrumbList\",\"@id\":\"https:\\\/\\\/font-romeu.fr\\\/es\\\/estacion-de-font-romeu\\\/mapa-de-pistas\\\/#breadcrumb\",\"itemListElement\":[{\"@type\":\"ListItem\",\"position\":1,\"name\":\"Accueil\",\"item\":\"https:\\\/\\\/font-romeu.fr\\\/es\\\/\"},{\"@type\":\"ListItem\",\"position\":2,\"name\":\"Estaci\u00f3n de Font- romeu\",\"item\":\"https:\\\/\\\/font-romeu.fr\\\/es\\\/estacion-de-font-romeu\\\/\"},{\"@type\":\"ListItem\",\"position\":3,\"name\":\"mapa de pistas\"}]},{\"@type\":\"WebSite\",\"@id\":\"https:\\\/\\\/font-romeu.fr\\\/es\\\/#website\",\"url\":\"https:\\\/\\\/font-romeu.fr\\\/es\\\/\",\"name\":\"Font-romeu\",\"description\":\"Changez d&#039;altitude\",\"publisher\":{\"@id\":\"https:\\\/\\\/font-romeu.fr\\\/es\\\/#organization\"},\"potentialAction\":[{\"@type\":\"SearchAction\",\"target\":{\"@type\":\"EntryPoint\",\"urlTemplate\":\"https:\\\/\\\/font-romeu.fr\\\/es\\\/?s={search_term_string}\"},\"query-input\":{\"@type\":\"PropertyValueSpecification\",\"valueRequired\":true,\"valueName\":\"search_term_string\"}}],\"inLanguage\":\"es\"},{\"@type\":\"Organization\",\"@id\":\"https:\\\/\\\/font-romeu.fr\\\/es\\\/#organization\",\"name\":\"Office de Tourisme de Font-Romeu\",\"url\":\"https:\\\/\\\/font-romeu.fr\\\/es\\\/\",\"logo\":{\"@type\":\"ImageObject\",\"inLanguage\":\"es\",\"@id\":\"https:\\\/\\\/font-romeu.fr\\\/es\\\/#\\\/schema\\\/logo\\\/image\\\/\",\"url\":\"https:\\\/\\\/font-romeu.fr\\\/wp-content\\\/uploads\\\/2021\\\/11\\\/LogoFontRomeu_orange-1.svg\",\"contentUrl\":\"https:\\\/\\\/font-romeu.fr\\\/wp-content\\\/uploads\\\/2021\\\/11\\\/LogoFontRomeu_orange-1.svg\",\"width\":1,\"height\":1,\"caption\":\"Office de Tourisme de Font-Romeu\"},\"image\":{\"@id\":\"https:\\\/\\\/font-romeu.fr\\\/es\\\/#\\\/schema\\\/logo\\\/image\\\/\"},\"sameAs\":[\"https:\\\/\\\/www.instagram.com\\\/stationfontromeu\\\/\"]}]}<\/script>\n<!-- \/ Yoast SEO plugin. -->","yoast_head_json":{"title":"mapa de pistas - Font-Romeu","robots":{"index":"index","follow":"follow","max-snippet":"max-snippet:-1","max-image-preview":"max-image-preview:large","max-video-preview":"max-video-preview:-1"},"canonical":"https:\/\/font-romeu.fr\/es\/estacion-de-font-romeu\/mapa-de-pistas\/","og_locale":"es_ES","og_type":"article","og_title":"mapa de pistas - Font-Romeu","og_description":"El mapa de las pistas le ofrece una visi\u00f3n global y completa del dominio esquiable, de las pistas y de los remontes mec\u00e1nicos de Font-Romeu\/ Pyr\u00e9n\u00e9es 2000. Descargar el mapa de pistas de ski alpino Descargar el mapa de pistas de\u00a0 ski nordico El 80% de la zona de esqu\u00ed est\u00e1 cubierto por ca\u00f1ones de [&hellip;]","og_url":"https:\/\/font-romeu.fr\/es\/estacion-de-font-romeu\/mapa-de-pistas\/","og_site_name":"Font-Romeu","article_modified_time":"2023-02-23T09:24:17+00:00","og_image":[{"width":1024,"height":638,"url":"https:\/\/font-romeu.fr\/wp-content\/uploads\/2021\/10\/iStock-1214833682.jpg","type":"image\/jpeg"}],"twitter_card":"summary_large_image","twitter_misc":{"Tiempo de lectura":"1 minuto"},"schema":{"@context":"https:\/\/schema.org","@graph":[{"@type":"WebPage","@id":"https:\/\/font-romeu.fr\/es\/estacion-de-font-romeu\/mapa-de-pistas\/","url":"https:\/\/font-romeu.fr\/es\/estacion-de-font-romeu\/mapa-de-pistas\/","name":"mapa de pistas - Font-Romeu","isPartOf":{"@id":"https:\/\/font-romeu.fr\/es\/#website"},"primaryImageOfPage":{"@id":"https:\/\/font-romeu.fr\/es\/estacion-de-font-romeu\/mapa-de-pistas\/#primaryimage"},"image":{"@id":"https:\/\/font-romeu.fr\/es\/estacion-de-font-romeu\/mapa-de-pistas\/#primaryimage"},"thumbnailUrl":"https:\/\/font-romeu.fr\/wp-content\/uploads\/2021\/10\/iStock-1214833682.jpg","datePublished":"2021-10-15T13:30:37+00:00","dateModified":"2023-02-23T09:24:17+00:00","breadcrumb":{"@id":"https:\/\/font-romeu.fr\/es\/estacion-de-font-romeu\/mapa-de-pistas\/#breadcrumb"},"inLanguage":"es","potentialAction":[{"@type":"ReadAction","target":["https:\/\/font-romeu.fr\/es\/estacion-de-font-romeu\/mapa-de-pistas\/"]}]},{"@type":"ImageObject","inLanguage":"es","@id":"https:\/\/font-romeu.fr\/es\/estacion-de-font-romeu\/mapa-de-pistas\/#primaryimage","url":"https:\/\/font-romeu.fr\/wp-content\/uploads\/2021\/10\/iStock-1214833682.jpg","contentUrl":"https:\/\/font-romeu.fr\/wp-content\/uploads\/2021\/10\/iStock-1214833682.jpg","width":1024,"height":638,"caption":"piste de ski"},{"@type":"BreadcrumbList","@id":"https:\/\/font-romeu.fr\/es\/estacion-de-font-romeu\/mapa-de-pistas\/#breadcrumb","itemListElement":[{"@type":"ListItem","position":1,"name":"Accueil","item":"https:\/\/font-romeu.fr\/es\/"},{"@type":"ListItem","position":2,"name":"Estaci\u00f3n de Font- romeu","item":"https:\/\/font-romeu.fr\/es\/estacion-de-font-romeu\/"},{"@type":"ListItem","position":3,"name":"mapa de pistas"}]},{"@type":"WebSite","@id":"https:\/\/font-romeu.fr\/es\/#website","url":"https:\/\/font-romeu.fr\/es\/","name":"Font-romeu","description":"Changez d&#039;altitude","publisher":{"@id":"https:\/\/font-romeu.fr\/es\/#organization"},"potentialAction":[{"@type":"SearchAction","target":{"@type":"EntryPoint","urlTemplate":"https:\/\/font-romeu.fr\/es\/?s={search_term_string}"},"query-input":{"@type":"PropertyValueSpecification","valueRequired":true,"valueName":"search_term_string"}}],"inLanguage":"es"},{"@type":"Organization","@id":"https:\/\/font-romeu.fr\/es\/#organization","name":"Office de Tourisme de Font-Romeu","url":"https:\/\/font-romeu.fr\/es\/","logo":{"@type":"ImageObject","inLanguage":"es","@id":"https:\/\/font-romeu.fr\/es\/#\/schema\/logo\/image\/","url":"https:\/\/font-romeu.fr\/wp-content\/uploads\/2021\/11\/LogoFontRomeu_orange-1.svg","contentUrl":"https:\/\/font-romeu.fr\/wp-content\/uploads\/2021\/11\/LogoFontRomeu_orange-1.svg","width":1,"height":1,"caption":"Office de Tourisme de Font-Romeu"},"image":{"@id":"https:\/\/font-romeu.fr\/es\/#\/schema\/logo\/image\/"},"sameAs":["https:\/\/www.instagram.com\/stationfontromeu\/"]}]}},"_links":{"self":[{"href":"https:\/\/font-romeu.fr\/es\/wp-json\/wp\/v2\/pages\/20097","targetHints":{"allow":["GET"]}}],"collection":[{"href":"https:\/\/font-romeu.fr\/es\/wp-json\/wp\/v2\/pages"}],"about":[{"href":"https:\/\/font-romeu.fr\/es\/wp-json\/wp\/v2\/types\/page"}],"author":[{"embeddable":true,"href":"https:\/\/font-romeu.fr\/es\/wp-json\/wp\/v2\/users\/15"}],"replies":[{"embeddable":true,"href":"https:\/\/font-romeu.fr\/es\/wp-json\/wp\/v2\/comments?post=20097"}],"version-history":[{"count":3,"href":"https:\/\/font-romeu.fr\/es\/wp-json\/wp\/v2\/pages\/20097\/revisions"}],"predecessor-version":[{"id":22677,"href":"https:\/\/font-romeu.fr\/es\/wp-json\/wp\/v2\/pages\/20097\/revisions\/22677"}],"up":[{"embeddable":true,"href":"https:\/\/font-romeu.fr\/es\/wp-json\/wp\/v2\/pages\/20090"}],"wp:featuredmedia":[{"embeddable":true,"href":"https:\/\/font-romeu.fr\/es\/wp-json\/wp\/v2\/media\/12435"}],"wp:attachment":[{"href":"https:\/\/font-romeu.fr\/es\/wp-json\/wp\/v2\/media?parent=20097"}],"curies":[{"name":"wp","href":"https:\/\/api.w.org\/{rel}","templated":true}]}}