{"id":20102,"date":"2021-10-19T10:38:49","date_gmt":"2021-10-19T08:38:49","guid":{"rendered":"https:\/\/font-romeu.fr\/estacion-de-font-romeu\/esqui-alpino\/"},"modified":"2023-02-23T10:37:05","modified_gmt":"2023-02-23T09:37:05","slug":"esqui-alpino","status":"publish","type":"page","link":"https:\/\/font-romeu.fr\/es\/estacion-de-font-romeu\/esqui-alpino\/","title":{"rendered":"Esqu\u00ed Alpino"},"content":{"rendered":"<h2>El Esqu\u00ed 100% seducci\u00f3n<br \/>\nen modo sure\u00f1o<\/h2>\n<p>&nbsp;<\/p>\n<p>En el coraz\u00f3n del Parque Natural del Pirineo Catal\u00e1n, Font-Romeu, es en primer lugar una estaci\u00f3n de deportes de invierno que ofrece una zona de esqu\u00ed de los m\u00e1s modernos y atractivos del macizo.<\/p>\n<p>Las pistas se funden naturalmente en el escenario de una naturaleza perdonada, al ritmo de una dulzura de vivir reencontrada que cohabita armoniosamente con grandes espacios panor\u00e1micos. Es en un ambiente sure\u00f1o que la estaci\u00f3n combina armoniosamente instalaciones y \u00e1reas dise\u00f1adas para todos los gustos, Desde las zonas de aprendizaje para ni\u00f1os hasta las subidas de adrenalina en las laderas del norte, pasando por el espectacular Snowpark para surfistas y riders de todos los horizontes, todo el mundo se divierte aqu\u00ed.<\/p>\n","protected":false},"excerpt":{"rendered":"<p>En el coraz\u00f3n del Parque Natural del Pirineo Catal\u00e1n, Font-Romeu, es en primer lugar una estaci\u00f3n de deportes de invierno que ofrece una zona de esqu\u00ed de los m\u00e1s modernos y atractivos del macizo.<\/p>\n","protected":false},"author":15,"featured_media":12417,"parent":20090,"menu_order":0,"comment_status":"closed","ping_status":"closed","template":"page-offresSimple.php","meta":{"_acf_changed":false,"footnotes":""},"class_list":["post-20102","page","type-page","status-publish","has-post-thumbnail","hentry"],"acf":[],"yoast_head":"<!-- This site is optimized with the Yoast SEO plugin v27.3 - https:\/\/yoast.com\/product\/yoast-seo-wordpress\/ -->\n<title>Esqu\u00ed Alpino - Font-Romeu<\/title>\n<meta name=\"robots\" content=\"index, follow, max-snippet:-1, max-image-preview:large, max-video-preview:-1\" \/>\n<link rel=\"canonical\" href=\"https:\/\/font-romeu.fr\/es\/estacion-de-font-romeu\/esqui-alpino\/\" \/>\n<meta property=\"og:locale\" content=\"es_ES\" \/>\n<meta property=\"og:type\" content=\"article\" \/>\n<meta property=\"og:title\" content=\"Esqu\u00ed Alpino - Font-Romeu\" \/>\n<meta property=\"og:description\" content=\"En el coraz\u00f3n del Parque Natural del Pirineo Catal\u00e1n, Font-Romeu, es en primer lugar una estaci\u00f3n de deportes de invierno que ofrece una zona de esqu\u00ed de los m\u00e1s modernos y atractivos del macizo.\" \/>\n<meta property=\"og:url\" content=\"https:\/\/font-romeu.fr\/es\/estacion-de-font-romeu\/esqui-alpino\/\" \/>\n<meta property=\"og:site_name\" content=\"Font-Romeu\" \/>\n<meta property=\"article:modified_time\" content=\"2023-02-23T09:37:05+00:00\" \/>\n<meta property=\"og:image\" content=\"https:\/\/font-romeu.fr\/wp-content\/uploads\/2021\/10\/skialpin2.jpg\" \/>\n\t<meta property=\"og:image:width\" content=\"1024\" \/>\n\t<meta property=\"og:image:height\" content=\"638\" \/>\n\t<meta property=\"og:image:type\" content=\"image\/jpeg\" \/>\n<meta name=\"twitter:card\" content=\"summary_large_image\" \/>\n<meta name=\"twitter:label1\" content=\"Tiempo de lectura\" \/>\n\t<meta name=\"twitter:data1\" content=\"1 minuto\" \/>\n<script type=\"application\/ld+json\" class=\"yoast-schema-graph\">{\"@context\":\"https:\\\/\\\/schema.org\",\"@graph\":[{\"@type\":\"WebPage\",\"@id\":\"https:\\\/\\\/font-romeu.fr\\\/es\\\/estacion-de-font-romeu\\\/esqui-alpino\\\/\",\"url\":\"https:\\\/\\\/font-romeu.fr\\\/es\\\/estacion-de-font-romeu\\\/esqui-alpino\\\/\",\"name\":\"Esqu\u00ed Alpino - Font-Romeu\",\"isPartOf\":{\"@id\":\"https:\\\/\\\/font-romeu.fr\\\/es\\\/#website\"},\"primaryImageOfPage\":{\"@id\":\"https:\\\/\\\/font-romeu.fr\\\/es\\\/estacion-de-font-romeu\\\/esqui-alpino\\\/#primaryimage\"},\"image\":{\"@id\":\"https:\\\/\\\/font-romeu.fr\\\/es\\\/estacion-de-font-romeu\\\/esqui-alpino\\\/#primaryimage\"},\"thumbnailUrl\":\"https:\\\/\\\/font-romeu.fr\\\/wp-content\\\/uploads\\\/2021\\\/10\\\/skialpin2.jpg\",\"datePublished\":\"2021-10-19T08:38:49+00:00\",\"dateModified\":\"2023-02-23T09:37:05+00:00\",\"breadcrumb\":{\"@id\":\"https:\\\/\\\/font-romeu.fr\\\/es\\\/estacion-de-font-romeu\\\/esqui-alpino\\\/#breadcrumb\"},\"inLanguage\":\"es\",\"potentialAction\":[{\"@type\":\"ReadAction\",\"target\":[\"https:\\\/\\\/font-romeu.fr\\\/es\\\/estacion-de-font-romeu\\\/esqui-alpino\\\/\"]}]},{\"@type\":\"ImageObject\",\"inLanguage\":\"es\",\"@id\":\"https:\\\/\\\/font-romeu.fr\\\/es\\\/estacion-de-font-romeu\\\/esqui-alpino\\\/#primaryimage\",\"url\":\"https:\\\/\\\/font-romeu.fr\\\/wp-content\\\/uploads\\\/2021\\\/10\\\/skialpin2.jpg\",\"contentUrl\":\"https:\\\/\\\/font-romeu.fr\\\/wp-content\\\/uploads\\\/2021\\\/10\\\/skialpin2.jpg\",\"width\":1024,\"height\":638,\"caption\":\"ski alpin\"},{\"@type\":\"BreadcrumbList\",\"@id\":\"https:\\\/\\\/font-romeu.fr\\\/es\\\/estacion-de-font-romeu\\\/esqui-alpino\\\/#breadcrumb\",\"itemListElement\":[{\"@type\":\"ListItem\",\"position\":1,\"name\":\"Accueil\",\"item\":\"https:\\\/\\\/font-romeu.fr\\\/es\\\/\"},{\"@type\":\"ListItem\",\"position\":2,\"name\":\"Estaci\u00f3n de Font- romeu\",\"item\":\"https:\\\/\\\/font-romeu.fr\\\/es\\\/estacion-de-font-romeu\\\/\"},{\"@type\":\"ListItem\",\"position\":3,\"name\":\"Esqu\u00ed Alpino\"}]},{\"@type\":\"WebSite\",\"@id\":\"https:\\\/\\\/font-romeu.fr\\\/es\\\/#website\",\"url\":\"https:\\\/\\\/font-romeu.fr\\\/es\\\/\",\"name\":\"Font-romeu\",\"description\":\"Changez d&#039;altitude\",\"publisher\":{\"@id\":\"https:\\\/\\\/font-romeu.fr\\\/es\\\/#organization\"},\"potentialAction\":[{\"@type\":\"SearchAction\",\"target\":{\"@type\":\"EntryPoint\",\"urlTemplate\":\"https:\\\/\\\/font-romeu.fr\\\/es\\\/?s={search_term_string}\"},\"query-input\":{\"@type\":\"PropertyValueSpecification\",\"valueRequired\":true,\"valueName\":\"search_term_string\"}}],\"inLanguage\":\"es\"},{\"@type\":\"Organization\",\"@id\":\"https:\\\/\\\/font-romeu.fr\\\/es\\\/#organization\",\"name\":\"Office de Tourisme de Font-Romeu\",\"url\":\"https:\\\/\\\/font-romeu.fr\\\/es\\\/\",\"logo\":{\"@type\":\"ImageObject\",\"inLanguage\":\"es\",\"@id\":\"https:\\\/\\\/font-romeu.fr\\\/es\\\/#\\\/schema\\\/logo\\\/image\\\/\",\"url\":\"https:\\\/\\\/font-romeu.fr\\\/wp-content\\\/uploads\\\/2021\\\/11\\\/LogoFontRomeu_orange-1.svg\",\"contentUrl\":\"https:\\\/\\\/font-romeu.fr\\\/wp-content\\\/uploads\\\/2021\\\/11\\\/LogoFontRomeu_orange-1.svg\",\"width\":1,\"height\":1,\"caption\":\"Office de Tourisme de Font-Romeu\"},\"image\":{\"@id\":\"https:\\\/\\\/font-romeu.fr\\\/es\\\/#\\\/schema\\\/logo\\\/image\\\/\"},\"sameAs\":[\"https:\\\/\\\/www.instagram.com\\\/stationfontromeu\\\/\"]}]}<\/script>\n<!-- \/ Yoast SEO plugin. -->","yoast_head_json":{"title":"Esqu\u00ed Alpino - Font-Romeu","robots":{"index":"index","follow":"follow","max-snippet":"max-snippet:-1","max-image-preview":"max-image-preview:large","max-video-preview":"max-video-preview:-1"},"canonical":"https:\/\/font-romeu.fr\/es\/estacion-de-font-romeu\/esqui-alpino\/","og_locale":"es_ES","og_type":"article","og_title":"Esqu\u00ed Alpino - Font-Romeu","og_description":"En el coraz\u00f3n del Parque Natural del Pirineo Catal\u00e1n, Font-Romeu, es en primer lugar una estaci\u00f3n de deportes de invierno que ofrece una zona de esqu\u00ed de los m\u00e1s modernos y atractivos del macizo.","og_url":"https:\/\/font-romeu.fr\/es\/estacion-de-font-romeu\/esqui-alpino\/","og_site_name":"Font-Romeu","article_modified_time":"2023-02-23T09:37:05+00:00","og_image":[{"width":1024,"height":638,"url":"https:\/\/font-romeu.fr\/wp-content\/uploads\/2021\/10\/skialpin2.jpg","type":"image\/jpeg"}],"twitter_card":"summary_large_image","twitter_misc":{"Tiempo de lectura":"1 minuto"},"schema":{"@context":"https:\/\/schema.org","@graph":[{"@type":"WebPage","@id":"https:\/\/font-romeu.fr\/es\/estacion-de-font-romeu\/esqui-alpino\/","url":"https:\/\/font-romeu.fr\/es\/estacion-de-font-romeu\/esqui-alpino\/","name":"Esqu\u00ed Alpino - Font-Romeu","isPartOf":{"@id":"https:\/\/font-romeu.fr\/es\/#website"},"primaryImageOfPage":{"@id":"https:\/\/font-romeu.fr\/es\/estacion-de-font-romeu\/esqui-alpino\/#primaryimage"},"image":{"@id":"https:\/\/font-romeu.fr\/es\/estacion-de-font-romeu\/esqui-alpino\/#primaryimage"},"thumbnailUrl":"https:\/\/font-romeu.fr\/wp-content\/uploads\/2021\/10\/skialpin2.jpg","datePublished":"2021-10-19T08:38:49+00:00","dateModified":"2023-02-23T09:37:05+00:00","breadcrumb":{"@id":"https:\/\/font-romeu.fr\/es\/estacion-de-font-romeu\/esqui-alpino\/#breadcrumb"},"inLanguage":"es","potentialAction":[{"@type":"ReadAction","target":["https:\/\/font-romeu.fr\/es\/estacion-de-font-romeu\/esqui-alpino\/"]}]},{"@type":"ImageObject","inLanguage":"es","@id":"https:\/\/font-romeu.fr\/es\/estacion-de-font-romeu\/esqui-alpino\/#primaryimage","url":"https:\/\/font-romeu.fr\/wp-content\/uploads\/2021\/10\/skialpin2.jpg","contentUrl":"https:\/\/font-romeu.fr\/wp-content\/uploads\/2021\/10\/skialpin2.jpg","width":1024,"height":638,"caption":"ski alpin"},{"@type":"BreadcrumbList","@id":"https:\/\/font-romeu.fr\/es\/estacion-de-font-romeu\/esqui-alpino\/#breadcrumb","itemListElement":[{"@type":"ListItem","position":1,"name":"Accueil","item":"https:\/\/font-romeu.fr\/es\/"},{"@type":"ListItem","position":2,"name":"Estaci\u00f3n de Font- romeu","item":"https:\/\/font-romeu.fr\/es\/estacion-de-font-romeu\/"},{"@type":"ListItem","position":3,"name":"Esqu\u00ed Alpino"}]},{"@type":"WebSite","@id":"https:\/\/font-romeu.fr\/es\/#website","url":"https:\/\/font-romeu.fr\/es\/","name":"Font-romeu","description":"Changez d&#039;altitude","publisher":{"@id":"https:\/\/font-romeu.fr\/es\/#organization"},"potentialAction":[{"@type":"SearchAction","target":{"@type":"EntryPoint","urlTemplate":"https:\/\/font-romeu.fr\/es\/?s={search_term_string}"},"query-input":{"@type":"PropertyValueSpecification","valueRequired":true,"valueName":"search_term_string"}}],"inLanguage":"es"},{"@type":"Organization","@id":"https:\/\/font-romeu.fr\/es\/#organization","name":"Office de Tourisme de Font-Romeu","url":"https:\/\/font-romeu.fr\/es\/","logo":{"@type":"ImageObject","inLanguage":"es","@id":"https:\/\/font-romeu.fr\/es\/#\/schema\/logo\/image\/","url":"https:\/\/font-romeu.fr\/wp-content\/uploads\/2021\/11\/LogoFontRomeu_orange-1.svg","contentUrl":"https:\/\/font-romeu.fr\/wp-content\/uploads\/2021\/11\/LogoFontRomeu_orange-1.svg","width":1,"height":1,"caption":"Office de Tourisme de Font-Romeu"},"image":{"@id":"https:\/\/font-romeu.fr\/es\/#\/schema\/logo\/image\/"},"sameAs":["https:\/\/www.instagram.com\/stationfontromeu\/"]}]}},"_links":{"self":[{"href":"https:\/\/font-romeu.fr\/es\/wp-json\/wp\/v2\/pages\/20102","targetHints":{"allow":["GET"]}}],"collection":[{"href":"https:\/\/font-romeu.fr\/es\/wp-json\/wp\/v2\/pages"}],"about":[{"href":"https:\/\/font-romeu.fr\/es\/wp-json\/wp\/v2\/types\/page"}],"author":[{"embeddable":true,"href":"https:\/\/font-romeu.fr\/es\/wp-json\/wp\/v2\/users\/15"}],"replies":[{"embeddable":true,"href":"https:\/\/font-romeu.fr\/es\/wp-json\/wp\/v2\/comments?post=20102"}],"version-history":[{"count":1,"href":"https:\/\/font-romeu.fr\/es\/wp-json\/wp\/v2\/pages\/20102\/revisions"}],"predecessor-version":[{"id":22680,"href":"https:\/\/font-romeu.fr\/es\/wp-json\/wp\/v2\/pages\/20102\/revisions\/22680"}],"up":[{"embeddable":true,"href":"https:\/\/font-romeu.fr\/es\/wp-json\/wp\/v2\/pages\/20090"}],"wp:featuredmedia":[{"embeddable":true,"href":"https:\/\/font-romeu.fr\/es\/wp-json\/wp\/v2\/media\/12417"}],"wp:attachment":[{"href":"https:\/\/font-romeu.fr\/es\/wp-json\/wp\/v2\/media?parent=20102"}],"curies":[{"name":"wp","href":"https:\/\/api.w.org\/{rel}","templated":true}]}}