{"id":20104,"date":"2021-10-20T12:17:30","date_gmt":"2021-10-20T10:17:30","guid":{"rendered":"https:\/\/font-romeu.fr\/estacion-de-font-romeu\/esqui-nordico\/"},"modified":"2023-02-23T15:23:41","modified_gmt":"2023-02-23T14:23:41","slug":"esqui-nordico","status":"publish","type":"page","link":"https:\/\/font-romeu.fr\/es\/estacion-de-font-romeu\/esqui-nordico\/","title":{"rendered":"Esqu\u00ed N\u00f3rdico"},"content":{"rendered":"<ul>\n<li>111 km de pistas y senderos trazados y se\u00f1alizados.<\/li>\n<li>22 bucles (7 verdes, 10 azules y 5 rojos) entre la vasta meseta de \u00abLa Calme\u00bb y el bosque de los \u00abEstanyols\u00bb.&nbsp;\n<p>&nbsp;<\/p>\n<p>Esc\u00e1pese por nuestros senderos deportivos, l\u00fadicos y principiantes y d\u00e9jese seducir por este espect\u00e1culo invernal y por la autenticidad de estos lugares.<\/p>\n<p>&nbsp;<\/p>\n<p>Pista de esqu\u00ed n\u00f3rdica en nieve artificial en el sector de la Calma Sur, asociada con bucles anexos. Esta pista azul, bautizada \u00abMartin Fourcade\u00bb en honor al\u00a0 campe\u00f3n local de Biathl\u00f3n y de una distancia de 2,4 km, se adorna a su salida con un espacio de aprendizaje.<\/li>\n<\/ul>\n<p>&nbsp;<\/p>\n<p><a class=\"btn\" href=\"https:\/\/www.altiservice.com\/images\/alti-hiver-2020-2021\/20-21\/FRP2\/plan-ok-21-Depliant-2020-2021-par-planche-002.pdf\" target=\"_blank\" rel=\"noopener\"> Descarga el mapa de pistas<\/a><\/p>\n","protected":false},"excerpt":{"rendered":"<p>Esc\u00e1pese por nuestros senderos deportivos, l\u00fadicos y principiantes y d\u00e9jese seducir por este espect\u00e1culo invernal y por la autenticidad de estos lugares.<\/p>\n","protected":false},"author":15,"featured_media":12427,"parent":20090,"menu_order":0,"comment_status":"closed","ping_status":"closed","template":"page-offresSimple.php","meta":{"_acf_changed":false,"footnotes":""},"class_list":["post-20104","page","type-page","status-publish","has-post-thumbnail","hentry"],"acf":[],"yoast_head":"<!-- This site is optimized with the Yoast SEO plugin v27.3 - https:\/\/yoast.com\/product\/yoast-seo-wordpress\/ -->\n<title>Esqu\u00ed N\u00f3rdico - Font-Romeu<\/title>\n<meta name=\"robots\" content=\"index, follow, max-snippet:-1, max-image-preview:large, max-video-preview:-1\" \/>\n<link rel=\"canonical\" href=\"https:\/\/font-romeu.fr\/es\/estacion-de-font-romeu\/esqui-nordico\/\" \/>\n<meta property=\"og:locale\" content=\"es_ES\" \/>\n<meta property=\"og:type\" content=\"article\" \/>\n<meta property=\"og:title\" content=\"Esqu\u00ed N\u00f3rdico - Font-Romeu\" \/>\n<meta property=\"og:description\" content=\"Esc\u00e1pese por nuestros senderos deportivos, l\u00fadicos y principiantes y d\u00e9jese seducir por este espect\u00e1culo invernal y por la autenticidad de estos lugares.\" \/>\n<meta property=\"og:url\" content=\"https:\/\/font-romeu.fr\/es\/estacion-de-font-romeu\/esqui-nordico\/\" \/>\n<meta property=\"og:site_name\" content=\"Font-Romeu\" \/>\n<meta property=\"article:modified_time\" content=\"2023-02-23T14:23:41+00:00\" \/>\n<meta property=\"og:image\" content=\"https:\/\/font-romeu.fr\/wp-content\/uploads\/2021\/10\/iStock-1194234344.jpg\" \/>\n\t<meta property=\"og:image:width\" content=\"1024\" \/>\n\t<meta property=\"og:image:height\" content=\"638\" \/>\n\t<meta property=\"og:image:type\" content=\"image\/jpeg\" \/>\n<meta name=\"twitter:card\" content=\"summary_large_image\" \/>\n<meta name=\"twitter:label1\" content=\"Tiempo de lectura\" \/>\n\t<meta name=\"twitter:data1\" content=\"1 minuto\" \/>\n<script type=\"application\/ld+json\" class=\"yoast-schema-graph\">{\"@context\":\"https:\\\/\\\/schema.org\",\"@graph\":[{\"@type\":\"WebPage\",\"@id\":\"https:\\\/\\\/font-romeu.fr\\\/es\\\/estacion-de-font-romeu\\\/esqui-nordico\\\/\",\"url\":\"https:\\\/\\\/font-romeu.fr\\\/es\\\/estacion-de-font-romeu\\\/esqui-nordico\\\/\",\"name\":\"Esqu\u00ed N\u00f3rdico - Font-Romeu\",\"isPartOf\":{\"@id\":\"https:\\\/\\\/font-romeu.fr\\\/es\\\/#website\"},\"primaryImageOfPage\":{\"@id\":\"https:\\\/\\\/font-romeu.fr\\\/es\\\/estacion-de-font-romeu\\\/esqui-nordico\\\/#primaryimage\"},\"image\":{\"@id\":\"https:\\\/\\\/font-romeu.fr\\\/es\\\/estacion-de-font-romeu\\\/esqui-nordico\\\/#primaryimage\"},\"thumbnailUrl\":\"https:\\\/\\\/font-romeu.fr\\\/wp-content\\\/uploads\\\/2021\\\/10\\\/iStock-1194234344.jpg\",\"datePublished\":\"2021-10-20T10:17:30+00:00\",\"dateModified\":\"2023-02-23T14:23:41+00:00\",\"breadcrumb\":{\"@id\":\"https:\\\/\\\/font-romeu.fr\\\/es\\\/estacion-de-font-romeu\\\/esqui-nordico\\\/#breadcrumb\"},\"inLanguage\":\"es\",\"potentialAction\":[{\"@type\":\"ReadAction\",\"target\":[\"https:\\\/\\\/font-romeu.fr\\\/es\\\/estacion-de-font-romeu\\\/esqui-nordico\\\/\"]}]},{\"@type\":\"ImageObject\",\"inLanguage\":\"es\",\"@id\":\"https:\\\/\\\/font-romeu.fr\\\/es\\\/estacion-de-font-romeu\\\/esqui-nordico\\\/#primaryimage\",\"url\":\"https:\\\/\\\/font-romeu.fr\\\/wp-content\\\/uploads\\\/2021\\\/10\\\/iStock-1194234344.jpg\",\"contentUrl\":\"https:\\\/\\\/font-romeu.fr\\\/wp-content\\\/uploads\\\/2021\\\/10\\\/iStock-1194234344.jpg\",\"width\":1024,\"height\":638},{\"@type\":\"BreadcrumbList\",\"@id\":\"https:\\\/\\\/font-romeu.fr\\\/es\\\/estacion-de-font-romeu\\\/esqui-nordico\\\/#breadcrumb\",\"itemListElement\":[{\"@type\":\"ListItem\",\"position\":1,\"name\":\"Accueil\",\"item\":\"https:\\\/\\\/font-romeu.fr\\\/es\\\/\"},{\"@type\":\"ListItem\",\"position\":2,\"name\":\"Estaci\u00f3n de Font- romeu\",\"item\":\"https:\\\/\\\/font-romeu.fr\\\/es\\\/estacion-de-font-romeu\\\/\"},{\"@type\":\"ListItem\",\"position\":3,\"name\":\"Esqu\u00ed N\u00f3rdico\"}]},{\"@type\":\"WebSite\",\"@id\":\"https:\\\/\\\/font-romeu.fr\\\/es\\\/#website\",\"url\":\"https:\\\/\\\/font-romeu.fr\\\/es\\\/\",\"name\":\"Font-romeu\",\"description\":\"Changez d&#039;altitude\",\"publisher\":{\"@id\":\"https:\\\/\\\/font-romeu.fr\\\/es\\\/#organization\"},\"potentialAction\":[{\"@type\":\"SearchAction\",\"target\":{\"@type\":\"EntryPoint\",\"urlTemplate\":\"https:\\\/\\\/font-romeu.fr\\\/es\\\/?s={search_term_string}\"},\"query-input\":{\"@type\":\"PropertyValueSpecification\",\"valueRequired\":true,\"valueName\":\"search_term_string\"}}],\"inLanguage\":\"es\"},{\"@type\":\"Organization\",\"@id\":\"https:\\\/\\\/font-romeu.fr\\\/es\\\/#organization\",\"name\":\"Office de Tourisme de Font-Romeu\",\"url\":\"https:\\\/\\\/font-romeu.fr\\\/es\\\/\",\"logo\":{\"@type\":\"ImageObject\",\"inLanguage\":\"es\",\"@id\":\"https:\\\/\\\/font-romeu.fr\\\/es\\\/#\\\/schema\\\/logo\\\/image\\\/\",\"url\":\"https:\\\/\\\/font-romeu.fr\\\/wp-content\\\/uploads\\\/2021\\\/11\\\/LogoFontRomeu_orange-1.svg\",\"contentUrl\":\"https:\\\/\\\/font-romeu.fr\\\/wp-content\\\/uploads\\\/2021\\\/11\\\/LogoFontRomeu_orange-1.svg\",\"width\":1,\"height\":1,\"caption\":\"Office de Tourisme de Font-Romeu\"},\"image\":{\"@id\":\"https:\\\/\\\/font-romeu.fr\\\/es\\\/#\\\/schema\\\/logo\\\/image\\\/\"},\"sameAs\":[\"https:\\\/\\\/www.instagram.com\\\/stationfontromeu\\\/\"]}]}<\/script>\n<!-- \/ Yoast SEO plugin. -->","yoast_head_json":{"title":"Esqu\u00ed N\u00f3rdico - Font-Romeu","robots":{"index":"index","follow":"follow","max-snippet":"max-snippet:-1","max-image-preview":"max-image-preview:large","max-video-preview":"max-video-preview:-1"},"canonical":"https:\/\/font-romeu.fr\/es\/estacion-de-font-romeu\/esqui-nordico\/","og_locale":"es_ES","og_type":"article","og_title":"Esqu\u00ed N\u00f3rdico - Font-Romeu","og_description":"Esc\u00e1pese por nuestros senderos deportivos, l\u00fadicos y principiantes y d\u00e9jese seducir por este espect\u00e1culo invernal y por la autenticidad de estos lugares.","og_url":"https:\/\/font-romeu.fr\/es\/estacion-de-font-romeu\/esqui-nordico\/","og_site_name":"Font-Romeu","article_modified_time":"2023-02-23T14:23:41+00:00","og_image":[{"width":1024,"height":638,"url":"https:\/\/font-romeu.fr\/wp-content\/uploads\/2021\/10\/iStock-1194234344.jpg","type":"image\/jpeg"}],"twitter_card":"summary_large_image","twitter_misc":{"Tiempo de lectura":"1 minuto"},"schema":{"@context":"https:\/\/schema.org","@graph":[{"@type":"WebPage","@id":"https:\/\/font-romeu.fr\/es\/estacion-de-font-romeu\/esqui-nordico\/","url":"https:\/\/font-romeu.fr\/es\/estacion-de-font-romeu\/esqui-nordico\/","name":"Esqu\u00ed N\u00f3rdico - Font-Romeu","isPartOf":{"@id":"https:\/\/font-romeu.fr\/es\/#website"},"primaryImageOfPage":{"@id":"https:\/\/font-romeu.fr\/es\/estacion-de-font-romeu\/esqui-nordico\/#primaryimage"},"image":{"@id":"https:\/\/font-romeu.fr\/es\/estacion-de-font-romeu\/esqui-nordico\/#primaryimage"},"thumbnailUrl":"https:\/\/font-romeu.fr\/wp-content\/uploads\/2021\/10\/iStock-1194234344.jpg","datePublished":"2021-10-20T10:17:30+00:00","dateModified":"2023-02-23T14:23:41+00:00","breadcrumb":{"@id":"https:\/\/font-romeu.fr\/es\/estacion-de-font-romeu\/esqui-nordico\/#breadcrumb"},"inLanguage":"es","potentialAction":[{"@type":"ReadAction","target":["https:\/\/font-romeu.fr\/es\/estacion-de-font-romeu\/esqui-nordico\/"]}]},{"@type":"ImageObject","inLanguage":"es","@id":"https:\/\/font-romeu.fr\/es\/estacion-de-font-romeu\/esqui-nordico\/#primaryimage","url":"https:\/\/font-romeu.fr\/wp-content\/uploads\/2021\/10\/iStock-1194234344.jpg","contentUrl":"https:\/\/font-romeu.fr\/wp-content\/uploads\/2021\/10\/iStock-1194234344.jpg","width":1024,"height":638},{"@type":"BreadcrumbList","@id":"https:\/\/font-romeu.fr\/es\/estacion-de-font-romeu\/esqui-nordico\/#breadcrumb","itemListElement":[{"@type":"ListItem","position":1,"name":"Accueil","item":"https:\/\/font-romeu.fr\/es\/"},{"@type":"ListItem","position":2,"name":"Estaci\u00f3n de Font- romeu","item":"https:\/\/font-romeu.fr\/es\/estacion-de-font-romeu\/"},{"@type":"ListItem","position":3,"name":"Esqu\u00ed N\u00f3rdico"}]},{"@type":"WebSite","@id":"https:\/\/font-romeu.fr\/es\/#website","url":"https:\/\/font-romeu.fr\/es\/","name":"Font-romeu","description":"Changez d&#039;altitude","publisher":{"@id":"https:\/\/font-romeu.fr\/es\/#organization"},"potentialAction":[{"@type":"SearchAction","target":{"@type":"EntryPoint","urlTemplate":"https:\/\/font-romeu.fr\/es\/?s={search_term_string}"},"query-input":{"@type":"PropertyValueSpecification","valueRequired":true,"valueName":"search_term_string"}}],"inLanguage":"es"},{"@type":"Organization","@id":"https:\/\/font-romeu.fr\/es\/#organization","name":"Office de Tourisme de Font-Romeu","url":"https:\/\/font-romeu.fr\/es\/","logo":{"@type":"ImageObject","inLanguage":"es","@id":"https:\/\/font-romeu.fr\/es\/#\/schema\/logo\/image\/","url":"https:\/\/font-romeu.fr\/wp-content\/uploads\/2021\/11\/LogoFontRomeu_orange-1.svg","contentUrl":"https:\/\/font-romeu.fr\/wp-content\/uploads\/2021\/11\/LogoFontRomeu_orange-1.svg","width":1,"height":1,"caption":"Office de Tourisme de Font-Romeu"},"image":{"@id":"https:\/\/font-romeu.fr\/es\/#\/schema\/logo\/image\/"},"sameAs":["https:\/\/www.instagram.com\/stationfontromeu\/"]}]}},"_links":{"self":[{"href":"https:\/\/font-romeu.fr\/es\/wp-json\/wp\/v2\/pages\/20104","targetHints":{"allow":["GET"]}}],"collection":[{"href":"https:\/\/font-romeu.fr\/es\/wp-json\/wp\/v2\/pages"}],"about":[{"href":"https:\/\/font-romeu.fr\/es\/wp-json\/wp\/v2\/types\/page"}],"author":[{"embeddable":true,"href":"https:\/\/font-romeu.fr\/es\/wp-json\/wp\/v2\/users\/15"}],"replies":[{"embeddable":true,"href":"https:\/\/font-romeu.fr\/es\/wp-json\/wp\/v2\/comments?post=20104"}],"version-history":[{"count":2,"href":"https:\/\/font-romeu.fr\/es\/wp-json\/wp\/v2\/pages\/20104\/revisions"}],"predecessor-version":[{"id":22735,"href":"https:\/\/font-romeu.fr\/es\/wp-json\/wp\/v2\/pages\/20104\/revisions\/22735"}],"up":[{"embeddable":true,"href":"https:\/\/font-romeu.fr\/es\/wp-json\/wp\/v2\/pages\/20090"}],"wp:featuredmedia":[{"embeddable":true,"href":"https:\/\/font-romeu.fr\/es\/wp-json\/wp\/v2\/media\/12427"}],"wp:attachment":[{"href":"https:\/\/font-romeu.fr\/es\/wp-json\/wp\/v2\/media?parent=20104"}],"curies":[{"name":"wp","href":"https:\/\/api.w.org\/{rel}","templated":true}]}}