{"id":20107,"date":"2021-10-20T12:17:47","date_gmt":"2021-10-20T10:17:47","guid":{"rendered":"https:\/\/font-romeu.fr\/estacion-de-font-romeu\/snowboard-freestyle\/"},"modified":"2023-07-30T09:34:50","modified_gmt":"2023-07-30T07:34:50","slug":"snowboard-freestyle","status":"publish","type":"page","link":"https:\/\/font-romeu.fr\/es\/estacion-de-font-romeu\/snowboard-freestyle\/","title":{"rendered":"Snowboard &#038; Freestyle"},"content":{"rendered":"<p>El SNOWPARK de Font Romeu Pyr\u00e9n\u00e9es 2000 la mejor elecci\u00f3n a toda costa! La cita ineludible de los riders experimentados o principiantes, en el punto\u00a0 de la Calme.<\/p>\n<p>La garant\u00eda de divertirse en el Espacio \u00abFreestyle\u00bb (esqu\u00ed y snowboard) seguro, accesible y adaptado a todos los niveles. Expresa tu libertad sobre los baches (3 Recorridos de progresi\u00f3n) y sobre los diferentes m\u00f3dulos (Rampas de slide, Kick, Box) mientras te diviertes, \u00a1sensaciones aseguradas para todos!<\/p>\n<p>Venga tambi\u00e9n a compartir todos los grandes momentos del invierno y participar o ver las incre\u00edbles demostraciones Freestyle (concurso, demostraci\u00f3n).<\/p>\n","protected":false},"excerpt":{"rendered":"<p>\u00a1El SNOWPARK de Font Romeu Pyr\u00e9n\u00e9es 2000 para elegir a toda costa! La cita ineludible de los riders experimentados o principiantes, en el sitio de la Calme.<br \/>\nLa garant\u00eda de divertirse en el Espacio \u00abFreestyle\u00bb (esqu\u00ed y snowboard) seguro, accesible y adaptado a todos los niveles.<\/p>\n","protected":false},"author":15,"featured_media":13815,"parent":20090,"menu_order":0,"comment_status":"closed","ping_status":"closed","template":"page-article.php","meta":{"_acf_changed":false,"footnotes":""},"class_list":["post-20107","page","type-page","status-publish","has-post-thumbnail","hentry"],"acf":[],"yoast_head":"<!-- This site is optimized with the Yoast SEO plugin v27.3 - https:\/\/yoast.com\/product\/yoast-seo-wordpress\/ -->\n<title>Snowboard &amp; Freestyle - Font-Romeu<\/title>\n<meta name=\"robots\" content=\"index, follow, max-snippet:-1, max-image-preview:large, max-video-preview:-1\" \/>\n<link rel=\"canonical\" href=\"https:\/\/font-romeu.fr\/es\/estacion-de-font-romeu\/snowboard-freestyle\/\" \/>\n<meta property=\"og:locale\" content=\"es_ES\" \/>\n<meta property=\"og:type\" content=\"article\" \/>\n<meta property=\"og:title\" content=\"Snowboard &amp; Freestyle - Font-Romeu\" \/>\n<meta property=\"og:description\" content=\"\u00a1El SNOWPARK de Font Romeu Pyr\u00e9n\u00e9es 2000 para elegir a toda costa! La cita ineludible de los riders experimentados o principiantes, en el sitio de la Calme. La garant\u00eda de divertirse en el Espacio \u00abFreestyle\u00bb (esqu\u00ed y snowboard) seguro, accesible y adaptado a todos los niveles.\" \/>\n<meta property=\"og:url\" content=\"https:\/\/font-romeu.fr\/es\/estacion-de-font-romeu\/snowboard-freestyle\/\" \/>\n<meta property=\"og:site_name\" content=\"Font-Romeu\" \/>\n<meta property=\"article:modified_time\" content=\"2023-07-30T07:34:50+00:00\" \/>\n<meta property=\"og:image\" content=\"https:\/\/font-romeu.fr\/wp-content\/uploads\/2021\/11\/snowpark.jpg\" \/>\n\t<meta property=\"og:image:width\" content=\"1024\" \/>\n\t<meta property=\"og:image:height\" content=\"640\" \/>\n\t<meta property=\"og:image:type\" content=\"image\/jpeg\" \/>\n<meta name=\"twitter:card\" content=\"summary_large_image\" \/>\n<meta name=\"twitter:label1\" content=\"Tiempo de lectura\" \/>\n\t<meta name=\"twitter:data1\" content=\"1 minuto\" \/>\n<script type=\"application\/ld+json\" class=\"yoast-schema-graph\">{\"@context\":\"https:\\\/\\\/schema.org\",\"@graph\":[{\"@type\":\"WebPage\",\"@id\":\"https:\\\/\\\/font-romeu.fr\\\/es\\\/estacion-de-font-romeu\\\/snowboard-freestyle\\\/\",\"url\":\"https:\\\/\\\/font-romeu.fr\\\/es\\\/estacion-de-font-romeu\\\/snowboard-freestyle\\\/\",\"name\":\"Snowboard & Freestyle - Font-Romeu\",\"isPartOf\":{\"@id\":\"https:\\\/\\\/font-romeu.fr\\\/es\\\/#website\"},\"primaryImageOfPage\":{\"@id\":\"https:\\\/\\\/font-romeu.fr\\\/es\\\/estacion-de-font-romeu\\\/snowboard-freestyle\\\/#primaryimage\"},\"image\":{\"@id\":\"https:\\\/\\\/font-romeu.fr\\\/es\\\/estacion-de-font-romeu\\\/snowboard-freestyle\\\/#primaryimage\"},\"thumbnailUrl\":\"https:\\\/\\\/font-romeu.fr\\\/wp-content\\\/uploads\\\/2021\\\/11\\\/snowpark.jpg\",\"datePublished\":\"2021-10-20T10:17:47+00:00\",\"dateModified\":\"2023-07-30T07:34:50+00:00\",\"breadcrumb\":{\"@id\":\"https:\\\/\\\/font-romeu.fr\\\/es\\\/estacion-de-font-romeu\\\/snowboard-freestyle\\\/#breadcrumb\"},\"inLanguage\":\"es\",\"potentialAction\":[{\"@type\":\"ReadAction\",\"target\":[\"https:\\\/\\\/font-romeu.fr\\\/es\\\/estacion-de-font-romeu\\\/snowboard-freestyle\\\/\"]}]},{\"@type\":\"ImageObject\",\"inLanguage\":\"es\",\"@id\":\"https:\\\/\\\/font-romeu.fr\\\/es\\\/estacion-de-font-romeu\\\/snowboard-freestyle\\\/#primaryimage\",\"url\":\"https:\\\/\\\/font-romeu.fr\\\/wp-content\\\/uploads\\\/2021\\\/11\\\/snowpark.jpg\",\"contentUrl\":\"https:\\\/\\\/font-romeu.fr\\\/wp-content\\\/uploads\\\/2021\\\/11\\\/snowpark.jpg\",\"width\":1024,\"height\":640},{\"@type\":\"BreadcrumbList\",\"@id\":\"https:\\\/\\\/font-romeu.fr\\\/es\\\/estacion-de-font-romeu\\\/snowboard-freestyle\\\/#breadcrumb\",\"itemListElement\":[{\"@type\":\"ListItem\",\"position\":1,\"name\":\"Accueil\",\"item\":\"https:\\\/\\\/font-romeu.fr\\\/es\\\/\"},{\"@type\":\"ListItem\",\"position\":2,\"name\":\"Estaci\u00f3n de Font- romeu\",\"item\":\"https:\\\/\\\/font-romeu.fr\\\/es\\\/estacion-de-font-romeu\\\/\"},{\"@type\":\"ListItem\",\"position\":3,\"name\":\"Snowboard &#038; Freestyle\"}]},{\"@type\":\"WebSite\",\"@id\":\"https:\\\/\\\/font-romeu.fr\\\/es\\\/#website\",\"url\":\"https:\\\/\\\/font-romeu.fr\\\/es\\\/\",\"name\":\"Font-romeu\",\"description\":\"Changez d&#039;altitude\",\"publisher\":{\"@id\":\"https:\\\/\\\/font-romeu.fr\\\/es\\\/#organization\"},\"potentialAction\":[{\"@type\":\"SearchAction\",\"target\":{\"@type\":\"EntryPoint\",\"urlTemplate\":\"https:\\\/\\\/font-romeu.fr\\\/es\\\/?s={search_term_string}\"},\"query-input\":{\"@type\":\"PropertyValueSpecification\",\"valueRequired\":true,\"valueName\":\"search_term_string\"}}],\"inLanguage\":\"es\"},{\"@type\":\"Organization\",\"@id\":\"https:\\\/\\\/font-romeu.fr\\\/es\\\/#organization\",\"name\":\"Office de Tourisme de Font-Romeu\",\"url\":\"https:\\\/\\\/font-romeu.fr\\\/es\\\/\",\"logo\":{\"@type\":\"ImageObject\",\"inLanguage\":\"es\",\"@id\":\"https:\\\/\\\/font-romeu.fr\\\/es\\\/#\\\/schema\\\/logo\\\/image\\\/\",\"url\":\"https:\\\/\\\/font-romeu.fr\\\/wp-content\\\/uploads\\\/2021\\\/11\\\/LogoFontRomeu_orange-1.svg\",\"contentUrl\":\"https:\\\/\\\/font-romeu.fr\\\/wp-content\\\/uploads\\\/2021\\\/11\\\/LogoFontRomeu_orange-1.svg\",\"width\":1,\"height\":1,\"caption\":\"Office de Tourisme de Font-Romeu\"},\"image\":{\"@id\":\"https:\\\/\\\/font-romeu.fr\\\/es\\\/#\\\/schema\\\/logo\\\/image\\\/\"},\"sameAs\":[\"https:\\\/\\\/www.instagram.com\\\/stationfontromeu\\\/\"]}]}<\/script>\n<!-- \/ Yoast SEO plugin. -->","yoast_head_json":{"title":"Snowboard & Freestyle - Font-Romeu","robots":{"index":"index","follow":"follow","max-snippet":"max-snippet:-1","max-image-preview":"max-image-preview:large","max-video-preview":"max-video-preview:-1"},"canonical":"https:\/\/font-romeu.fr\/es\/estacion-de-font-romeu\/snowboard-freestyle\/","og_locale":"es_ES","og_type":"article","og_title":"Snowboard & Freestyle - Font-Romeu","og_description":"\u00a1El SNOWPARK de Font Romeu Pyr\u00e9n\u00e9es 2000 para elegir a toda costa! La cita ineludible de los riders experimentados o principiantes, en el sitio de la Calme. La garant\u00eda de divertirse en el Espacio \u00abFreestyle\u00bb (esqu\u00ed y snowboard) seguro, accesible y adaptado a todos los niveles.","og_url":"https:\/\/font-romeu.fr\/es\/estacion-de-font-romeu\/snowboard-freestyle\/","og_site_name":"Font-Romeu","article_modified_time":"2023-07-30T07:34:50+00:00","og_image":[{"width":1024,"height":640,"url":"https:\/\/font-romeu.fr\/wp-content\/uploads\/2021\/11\/snowpark.jpg","type":"image\/jpeg"}],"twitter_card":"summary_large_image","twitter_misc":{"Tiempo de lectura":"1 minuto"},"schema":{"@context":"https:\/\/schema.org","@graph":[{"@type":"WebPage","@id":"https:\/\/font-romeu.fr\/es\/estacion-de-font-romeu\/snowboard-freestyle\/","url":"https:\/\/font-romeu.fr\/es\/estacion-de-font-romeu\/snowboard-freestyle\/","name":"Snowboard & Freestyle - Font-Romeu","isPartOf":{"@id":"https:\/\/font-romeu.fr\/es\/#website"},"primaryImageOfPage":{"@id":"https:\/\/font-romeu.fr\/es\/estacion-de-font-romeu\/snowboard-freestyle\/#primaryimage"},"image":{"@id":"https:\/\/font-romeu.fr\/es\/estacion-de-font-romeu\/snowboard-freestyle\/#primaryimage"},"thumbnailUrl":"https:\/\/font-romeu.fr\/wp-content\/uploads\/2021\/11\/snowpark.jpg","datePublished":"2021-10-20T10:17:47+00:00","dateModified":"2023-07-30T07:34:50+00:00","breadcrumb":{"@id":"https:\/\/font-romeu.fr\/es\/estacion-de-font-romeu\/snowboard-freestyle\/#breadcrumb"},"inLanguage":"es","potentialAction":[{"@type":"ReadAction","target":["https:\/\/font-romeu.fr\/es\/estacion-de-font-romeu\/snowboard-freestyle\/"]}]},{"@type":"ImageObject","inLanguage":"es","@id":"https:\/\/font-romeu.fr\/es\/estacion-de-font-romeu\/snowboard-freestyle\/#primaryimage","url":"https:\/\/font-romeu.fr\/wp-content\/uploads\/2021\/11\/snowpark.jpg","contentUrl":"https:\/\/font-romeu.fr\/wp-content\/uploads\/2021\/11\/snowpark.jpg","width":1024,"height":640},{"@type":"BreadcrumbList","@id":"https:\/\/font-romeu.fr\/es\/estacion-de-font-romeu\/snowboard-freestyle\/#breadcrumb","itemListElement":[{"@type":"ListItem","position":1,"name":"Accueil","item":"https:\/\/font-romeu.fr\/es\/"},{"@type":"ListItem","position":2,"name":"Estaci\u00f3n de Font- romeu","item":"https:\/\/font-romeu.fr\/es\/estacion-de-font-romeu\/"},{"@type":"ListItem","position":3,"name":"Snowboard &#038; Freestyle"}]},{"@type":"WebSite","@id":"https:\/\/font-romeu.fr\/es\/#website","url":"https:\/\/font-romeu.fr\/es\/","name":"Font-romeu","description":"Changez d&#039;altitude","publisher":{"@id":"https:\/\/font-romeu.fr\/es\/#organization"},"potentialAction":[{"@type":"SearchAction","target":{"@type":"EntryPoint","urlTemplate":"https:\/\/font-romeu.fr\/es\/?s={search_term_string}"},"query-input":{"@type":"PropertyValueSpecification","valueRequired":true,"valueName":"search_term_string"}}],"inLanguage":"es"},{"@type":"Organization","@id":"https:\/\/font-romeu.fr\/es\/#organization","name":"Office de Tourisme de Font-Romeu","url":"https:\/\/font-romeu.fr\/es\/","logo":{"@type":"ImageObject","inLanguage":"es","@id":"https:\/\/font-romeu.fr\/es\/#\/schema\/logo\/image\/","url":"https:\/\/font-romeu.fr\/wp-content\/uploads\/2021\/11\/LogoFontRomeu_orange-1.svg","contentUrl":"https:\/\/font-romeu.fr\/wp-content\/uploads\/2021\/11\/LogoFontRomeu_orange-1.svg","width":1,"height":1,"caption":"Office de Tourisme de Font-Romeu"},"image":{"@id":"https:\/\/font-romeu.fr\/es\/#\/schema\/logo\/image\/"},"sameAs":["https:\/\/www.instagram.com\/stationfontromeu\/"]}]}},"_links":{"self":[{"href":"https:\/\/font-romeu.fr\/es\/wp-json\/wp\/v2\/pages\/20107","targetHints":{"allow":["GET"]}}],"collection":[{"href":"https:\/\/font-romeu.fr\/es\/wp-json\/wp\/v2\/pages"}],"about":[{"href":"https:\/\/font-romeu.fr\/es\/wp-json\/wp\/v2\/types\/page"}],"author":[{"embeddable":true,"href":"https:\/\/font-romeu.fr\/es\/wp-json\/wp\/v2\/users\/15"}],"replies":[{"embeddable":true,"href":"https:\/\/font-romeu.fr\/es\/wp-json\/wp\/v2\/comments?post=20107"}],"version-history":[{"count":2,"href":"https:\/\/font-romeu.fr\/es\/wp-json\/wp\/v2\/pages\/20107\/revisions"}],"predecessor-version":[{"id":22739,"href":"https:\/\/font-romeu.fr\/es\/wp-json\/wp\/v2\/pages\/20107\/revisions\/22739"}],"up":[{"embeddable":true,"href":"https:\/\/font-romeu.fr\/es\/wp-json\/wp\/v2\/pages\/20090"}],"wp:featuredmedia":[{"embeddable":true,"href":"https:\/\/font-romeu.fr\/es\/wp-json\/wp\/v2\/media\/13815"}],"wp:attachment":[{"href":"https:\/\/font-romeu.fr\/es\/wp-json\/wp\/v2\/media?parent=20107"}],"curies":[{"name":"wp","href":"https:\/\/api.w.org\/{rel}","templated":true}]}}